{"id":111765,"date":"2026-02-26T17:31:41","date_gmt":"2026-02-26T17:31:41","guid":{"rendered":"https:\/\/arcticas.fi\/fi\/?post_type=product&#038;p=111765"},"modified":"2026-03-01T13:09:44","modified_gmt":"2026-03-01T13:09:44","slug":"brynje-brynje-winter-3-pack-705400","status":"publish","type":"product","link":"https:\/\/arcticas.fi\/fi\/product\/brynje-brynje-winter-3-pack-705400\/","title":{"rendered":"BRYNJE BRYNJE Winter, 3-pack 705400"},"content":{"rendered":"<p>Kest\u00e4v\u00e4 villa-\/puuvillasukka, joka pit\u00e4\u00e4 jalan l\u00e4mpim\u00e4n\u00e4<a href=\"https:\/\/arcticas.fi\/fi\/product\/brynje-brynje-winter-3-pack-705400\/\" target=\"_blank\" rel=\"noopener\">.<\/a> Sukan joustava varsi takaa hyv\u00e4n istuvuuden, muotoutuu jalan mukaan ja s\u00e4ilytt\u00e4\u00e4 muotonsa. Pese enint\u00e4\u00e4n 40 \u00b0C:ssa. Materiaali: 40 % puuvillaa, 32 % polyamidia, 27 % villaa ja 1 % elastaania.<\/p>\n<hr \/>\n<h3>BRYNJE BRYNJE Ominaisuudet<\/h3>\n<p><strong>Koot:<\/strong> 36\u201339, 40\u201343, 44\u201347<\/p>\n","protected":false},"excerpt":{"rendered":"<p>DUNLOP BRYNJE on kest\u00e4v\u00e4 villa\u2013puuvillasukka, joka pit\u00e4\u00e4 jalat l\u00e4mpimin\u00e4 arjessa ja ulkoillessa. Joustava varsi ja jalan mukaan muotoutuva rakenne takaavat napakan istuvuuden sek\u00e4 muodon s\u00e4ilymisen k\u00e4yt\u00f6ss\u00e4. Materiaaliseos (puuvilla, villa, polyamidi ja elastaani) yhdist\u00e4\u00e4 l\u00e4mm\u00f6n, hengitt\u00e4vyyden ja kulutuskest\u00e4vyyden. Pesu enint\u00e4\u00e4n 40 \u00b0C. Koot 36\u201347.<\/p>\n","protected":false},"featured_media":111917,"comment_status":"closed","ping_status":"closed","template":"","meta":[],"product_brand":[],"product_cat":[1014],"product_tag":[1011],"class_list":{"0":"post-111765","1":"product","2":"type-product","3":"status-publish","4":"has-post-thumbnail","6":"product_cat-brynje","7":"product_tag-sikaff","8":"pa_brand-brynje","9":"pa_color-svart","10":"pa_size-36-39","11":"pa_size-40-43","12":"pa_size-44-47","14":"first","15":"instock","16":"shipping-taxable","17":"purchasable","18":"product-type-variable"},"_links":{"self":[{"href":"https:\/\/arcticas.fi\/fi\/wp-json\/wp\/v2\/product\/111765","targetHints":{"allow":["GET"]}}],"collection":[{"href":"https:\/\/arcticas.fi\/fi\/wp-json\/wp\/v2\/product"}],"about":[{"href":"https:\/\/arcticas.fi\/fi\/wp-json\/wp\/v2\/types\/product"}],"replies":[{"embeddable":true,"href":"https:\/\/arcticas.fi\/fi\/wp-json\/wp\/v2\/comments?post=111765"}],"wp:featuredmedia":[{"embeddable":true,"href":"https:\/\/arcticas.fi\/fi\/wp-json\/wp\/v2\/media\/111917"}],"wp:attachment":[{"href":"https:\/\/arcticas.fi\/fi\/wp-json\/wp\/v2\/media?parent=111765"}],"wp:term":[{"taxonomy":"product_brand","embeddable":true,"href":"https:\/\/arcticas.fi\/fi\/wp-json\/wp\/v2\/product_brand?post=111765"},{"taxonomy":"product_cat","embeddable":true,"href":"https:\/\/arcticas.fi\/fi\/wp-json\/wp\/v2\/product_cat?post=111765"},{"taxonomy":"product_tag","embeddable":true,"href":"https:\/\/arcticas.fi\/fi\/wp-json\/wp\/v2\/product_tag?post=111765"}],"curies":[{"name":"wp","href":"https:\/\/api.w.org\/{rel}","templated":true}]}}