{"id":111745,"date":"2026-02-26T17:31:08","date_gmt":"2026-02-26T17:31:08","guid":{"rendered":"https:\/\/arcticas.fi\/fi\/?post_type=product&#038;p=111745"},"modified":"2026-03-01T13:16:24","modified_gmt":"2026-03-01T13:16:24","slug":"brynje-all-year-3-pack-705200","status":"publish","type":"product","link":"https:\/\/arcticas.fi\/fi\/product\/brynje-all-year-3-pack-705200\/","title":{"rendered":"BRYNJE All Year, 3-pack 705200"},"content":{"rendered":"<p>Kevyet ja hengitt\u00e4v\u00e4t sukat p\u00e4ivitt\u00e4iseen k\u00e4ytt\u00f6\u00f6n, erinomaisilla kosteutta siirt\u00e4vill\u00e4 ominaisuuksilla, jotka pit\u00e4v\u00e4t jalat kuivina. Sukassa on joustava varsi, se muotoutuu jalan mukaan ja s\u00e4ilytt\u00e4\u00e4 istuvuutensa. Pese enint\u00e4\u00e4n 40 \u00b0C:ssa<a href=\"https:\/\/arcticas.fi\/fi\/product\/brynje-all-year-3-pack-705200\/\" target=\"_blank\" rel=\"noopener\">.<\/a> Valmistettu 39 % Coolmaxista, 32 % polyamidista, 27 % puuvillasta ja 2 % elastaanista.<\/p>\n","protected":false},"excerpt":{"rendered":"<p>BRYNJE All Year -sukat ovat kevyet ja hengitt\u00e4v\u00e4t arjen luottosukat, jotka siirt\u00e4v\u00e4t kosteuden tehokkaasti ja auttavat pit\u00e4m\u00e4\u00e4n jalat kuivina koko p\u00e4iv\u00e4n. Joustava varsi ja napakka istuvuus muotoutuvat jalan mukaan ja s\u00e4ilyv\u00e4t pesusta toiseen. Materiaaliseos Coolmax\u2013polyamidi\u2013puuvilla tuo mukavuutta, kest\u00e4vyytt\u00e4 ja hyv\u00e4n tuntuman. Pesu enint\u00e4\u00e4n 40 \u00b0C.<\/p>\n","protected":false},"featured_media":111916,"comment_status":"closed","ping_status":"closed","template":"","meta":[],"product_brand":[],"product_cat":[1014],"product_tag":[1011],"class_list":{"0":"post-111745","1":"product","2":"type-product","3":"status-publish","4":"has-post-thumbnail","6":"product_cat-brynje","7":"product_tag-sikaff","8":"pa_brand-brynje","9":"pa_color-svart","10":"pa_size-36-39","11":"pa_size-40-43","12":"pa_size-44-47","14":"first","15":"instock","16":"shipping-taxable","17":"purchasable","18":"product-type-variable"},"_links":{"self":[{"href":"https:\/\/arcticas.fi\/fi\/wp-json\/wp\/v2\/product\/111745","targetHints":{"allow":["GET"]}}],"collection":[{"href":"https:\/\/arcticas.fi\/fi\/wp-json\/wp\/v2\/product"}],"about":[{"href":"https:\/\/arcticas.fi\/fi\/wp-json\/wp\/v2\/types\/product"}],"replies":[{"embeddable":true,"href":"https:\/\/arcticas.fi\/fi\/wp-json\/wp\/v2\/comments?post=111745"}],"wp:featuredmedia":[{"embeddable":true,"href":"https:\/\/arcticas.fi\/fi\/wp-json\/wp\/v2\/media\/111916"}],"wp:attachment":[{"href":"https:\/\/arcticas.fi\/fi\/wp-json\/wp\/v2\/media?parent=111745"}],"wp:term":[{"taxonomy":"product_brand","embeddable":true,"href":"https:\/\/arcticas.fi\/fi\/wp-json\/wp\/v2\/product_brand?post=111745"},{"taxonomy":"product_cat","embeddable":true,"href":"https:\/\/arcticas.fi\/fi\/wp-json\/wp\/v2\/product_cat?post=111745"},{"taxonomy":"product_tag","embeddable":true,"href":"https:\/\/arcticas.fi\/fi\/wp-json\/wp\/v2\/product_tag?post=111745"}],"curies":[{"name":"wp","href":"https:\/\/api.w.org\/{rel}","templated":true}]}}