{"id":111744,"date":"2026-02-26T17:31:08","date_gmt":"2026-02-26T17:31:08","guid":{"rendered":"https:\/\/arcticas.fi\/fi\/?post_type=product&#038;p=111744"},"modified":"2026-03-02T08:54:16","modified_gmt":"2026-03-02T08:54:16","slug":"brynje-brynje-basic-6-pack-705100","status":"publish","type":"product","link":"https:\/\/arcticas.fi\/fi\/product\/brynje-brynje-basic-6-pack-705100\/","title":{"rendered":"BRYNJE BRYNJE Basic, 6-pack 705100"},"content":{"rendered":"<p>Pese enint\u00e4\u00e4n 40 \u00b0C:ssa. Valmistettu 69 % puuvillasta<a href=\"https:\/\/arcticas.fi\/fi\/product\/brynje-brynje-basic-6-pack-705100\/\" target=\"_blank\" rel=\"noopener\">,<\/a> 29 % polyamidista ja 2 % elastaanista.<\/p>\n<hr \/>\n<h3>BRYNJE Basic Ominaisuudet<\/h3>\n<p><strong data-start=\"129\" data-end=\"138\">Koot:<\/strong> 36\u201339, 40\u201343, 44\u201347<\/p>\n","protected":false},"excerpt":{"rendered":"<p>BRYNJE Basic -perussukat ovat mukavat ja kest\u00e4v\u00e4t sukat p\u00e4ivitt\u00e4iseen k\u00e4ytt\u00f6\u00f6n. Pehme\u00e4 puuvillasekoite (69 % puuvilla, 29 % polyamidi, 2 % elastaani) takaa hyv\u00e4n hengitt\u00e4vyyden, joustavuuden ja istuvuuden koko p\u00e4iv\u00e4ksi. Sopivat arkeen, ty\u00f6h\u00f6n ja vapaa-aikaan. Helppohoitoiset sukat pest\u00e4\u00e4n 40 \u00b0C:ssa. Saatavilla useissa kokoluokissa. Valitse luotettava ja ajaton BRYNJE Basic -laatu jokap\u00e4iv\u00e4iseen k\u00e4ytt\u00f6\u00f6n.<\/p>\n","protected":false},"featured_media":111911,"comment_status":"closed","ping_status":"closed","template":"","meta":[],"product_brand":[],"product_cat":[1014],"product_tag":[1011],"class_list":{"0":"post-111744","1":"product","2":"type-product","3":"status-publish","4":"has-post-thumbnail","6":"product_cat-brynje","7":"product_tag-sikaff","8":"pa_brand-brynje","9":"pa_color-svart","10":"pa_size-36-39","11":"pa_size-40-43","12":"pa_size-44-47","14":"first","15":"instock","16":"shipping-taxable","17":"purchasable","18":"product-type-variable"},"_links":{"self":[{"href":"https:\/\/arcticas.fi\/fi\/wp-json\/wp\/v2\/product\/111744","targetHints":{"allow":["GET"]}}],"collection":[{"href":"https:\/\/arcticas.fi\/fi\/wp-json\/wp\/v2\/product"}],"about":[{"href":"https:\/\/arcticas.fi\/fi\/wp-json\/wp\/v2\/types\/product"}],"replies":[{"embeddable":true,"href":"https:\/\/arcticas.fi\/fi\/wp-json\/wp\/v2\/comments?post=111744"}],"wp:featuredmedia":[{"embeddable":true,"href":"https:\/\/arcticas.fi\/fi\/wp-json\/wp\/v2\/media\/111911"}],"wp:attachment":[{"href":"https:\/\/arcticas.fi\/fi\/wp-json\/wp\/v2\/media?parent=111744"}],"wp:term":[{"taxonomy":"product_brand","embeddable":true,"href":"https:\/\/arcticas.fi\/fi\/wp-json\/wp\/v2\/product_brand?post=111744"},{"taxonomy":"product_cat","embeddable":true,"href":"https:\/\/arcticas.fi\/fi\/wp-json\/wp\/v2\/product_cat?post=111744"},{"taxonomy":"product_tag","embeddable":true,"href":"https:\/\/arcticas.fi\/fi\/wp-json\/wp\/v2\/product_tag?post=111744"}],"curies":[{"name":"wp","href":"https:\/\/api.w.org\/{rel}","templated":true}]}}