{"id":111743,"date":"2026-02-26T17:31:07","date_gmt":"2026-02-26T17:31:07","guid":{"rendered":"https:\/\/arcticas.fi\/fi\/?post_type=product&#038;p=111743"},"modified":"2026-03-08T09:09:10","modified_gmt":"2026-03-08T09:09:10","slug":"brynje-sorbotan-inlay-pohjallinen-68210","status":"publish","type":"product","link":"https:\/\/arcticas.fi\/fi\/product\/brynje-sorbotan-inlay-pohjallinen-68210\/","title":{"rendered":"BRYNJE Sorbotan Inlay Pohjallinen 68210"},"content":{"rendered":"<p>Antistaattinen, pehme\u00e4 ja iskunvaimentava pohjallinen. Pohjallinen on suunniteltu optimaaliseen mukavuuteen ja se on valmistettu pehme\u00e4st\u00e4<a href=\"https:\/\/arcticas.fi\/fi\/product\/brynje-sorbotan-inlay-sole-68210\/\" target=\"_blank\" rel=\"noopener\">,<\/a> kosteutta siirt\u00e4v\u00e4st\u00e4 EVA-materiaalista, joka muotoutuu jalan mukaan ja antaa kevyen tuen jalkaholvin ja kantap\u00e4\u00e4n ymp\u00e4rille. Koko askelpinnan alueella on kerros memory foam -vaahtoa, ja lis\u00e4ksi sek\u00e4 kantap\u00e4\u00e4ss\u00e4 ett\u00e4 p\u00e4ki\u00e4ss\u00e4 on ylim\u00e4\u00e4r\u00e4inen iskunvaimennus PU-vaahtoa. Pohjallisen voi leikata sopimaan kenk\u00e4\u00e4n. Parhaan istuvuuden saat k\u00e4ytt\u00e4m\u00e4ll\u00e4 leikkuulinjoja tai hy\u00f6dynt\u00e4m\u00e4ll\u00e4 olemassa olevaa pohjallista mallina.<\/p>\n","protected":false},"excerpt":{"rendered":"<p>BRYNJE Sorbotan -pohjallinen parantaa mukavuutta ja vaimentaa iskuja tehokkaasti arjessa ja ty\u00f6ss\u00e4. Antistaattinen rakenne sek\u00e4 kosteutta siirt\u00e4v\u00e4 EVA muotoutuvat jalkaan ja tukevat kevyesti holvia ja kantap\u00e4\u00e4t\u00e4. Memory foam -kerros lis\u00e4\u00e4 pehmeytt\u00e4, ja PU-vaahto kantap\u00e4\u00e4ss\u00e4 sek\u00e4 p\u00e4ki\u00e4ss\u00e4 v\u00e4hent\u00e4\u00e4 rasitusta. Leikattavissa sopimaan useimpiin kenkiin.<\/p>\n","protected":false},"featured_media":111910,"comment_status":"closed","ping_status":"closed","template":"","meta":[],"product_brand":[],"product_cat":[1014],"product_tag":[1011],"class_list":{"0":"post-111743","1":"product","2":"type-product","3":"status-publish","4":"has-post-thumbnail","6":"product_cat-brynje","7":"product_tag-sikaff","8":"pa_brand-brynje","9":"pa_color-svart","10":"pa_size-35-37","11":"pa_size-702","12":"pa_size-39-40","13":"pa_size-41-43","14":"pa_size-44-45","15":"pa_size-46-48-2","17":"first","18":"instock","19":"shipping-taxable","20":"purchasable","21":"product-type-variable"},"_links":{"self":[{"href":"https:\/\/arcticas.fi\/fi\/wp-json\/wp\/v2\/product\/111743","targetHints":{"allow":["GET"]}}],"collection":[{"href":"https:\/\/arcticas.fi\/fi\/wp-json\/wp\/v2\/product"}],"about":[{"href":"https:\/\/arcticas.fi\/fi\/wp-json\/wp\/v2\/types\/product"}],"replies":[{"embeddable":true,"href":"https:\/\/arcticas.fi\/fi\/wp-json\/wp\/v2\/comments?post=111743"}],"wp:featuredmedia":[{"embeddable":true,"href":"https:\/\/arcticas.fi\/fi\/wp-json\/wp\/v2\/media\/111910"}],"wp:attachment":[{"href":"https:\/\/arcticas.fi\/fi\/wp-json\/wp\/v2\/media?parent=111743"}],"wp:term":[{"taxonomy":"product_brand","embeddable":true,"href":"https:\/\/arcticas.fi\/fi\/wp-json\/wp\/v2\/product_brand?post=111743"},{"taxonomy":"product_cat","embeddable":true,"href":"https:\/\/arcticas.fi\/fi\/wp-json\/wp\/v2\/product_cat?post=111743"},{"taxonomy":"product_tag","embeddable":true,"href":"https:\/\/arcticas.fi\/fi\/wp-json\/wp\/v2\/product_tag?post=111743"}],"curies":[{"name":"wp","href":"https:\/\/api.w.org\/{rel}","templated":true}]}}