{"id":111724,"date":"2026-02-26T17:30:37","date_gmt":"2026-02-26T17:30:37","guid":{"rendered":"https:\/\/arcticas.fi\/fi\/?post_type=product&#038;p=111724"},"modified":"2026-03-01T13:35:32","modified_gmt":"2026-03-01T13:35:32","slug":"brynje-ultimate-footfit-high-68203","status":"publish","type":"product","link":"https:\/\/arcticas.fi\/fi\/product\/brynje-ultimate-footfit-high-68203\/","title":{"rendered":"BRYNJE Ultimate FootFit &#8211; high 68203"},"content":{"rendered":"<p>Eksklusiivinen holvikaarta tukeva pohjallinen, joka on suunniteltu tarjoamaan optimaalista tukea ja mukavuutta korkean holvikaaren jaloille. Pohjallinen on muotoiltua TPU:ta, joka vakauttaa jalkaa ja antaa lis\u00e4tukea holvikaaren ja kantap\u00e4\u00e4n ymp\u00e4rille<a href=\"https:\/\/arcticas.fi\/fi\/product\/brynje-ultimate-footfit-high-68203\/\" target=\"_blank\" rel=\"noopener\">.<\/a> Pohjallinen on valmistettu pehme\u00e4st\u00e4, iskuja vaimentavasta ja hengitt\u00e4v\u00e4st\u00e4 EVA\/PU-vaahtomateriaalista, ja pohjan ymp\u00e4rille on muotoiltu polyesteri\u00e4 parhaan kest\u00e4vyyden varmistamiseksi. Kantap\u00e4\u00e4n alle on lis\u00e4tty 3 mm Poron-kerros poikkeuksellista iskunvaimennusta varten. Pohjallinen on antistaattinen ja ESD-yhteensopiva. Voidaan leikata sopimaan kenk\u00e4\u00e4n. K\u00e4yt\u00e4 olemassa olevaa pohjallista mallina parhaan istuvuuden saavuttamiseksi.<\/p>\n<hr \/>\n<h3>BRYNJE Ultimate FootFit Ominaisuudet<\/h3>\n<div data-target=\"#collapse-PROD1741-00\"><strong>Koot:<\/strong> 35\u201337, 38\u201339, 40\u201341, 42\u201343, 44\u201345, 46\u201347, 48\u201350<\/div>\n","protected":false},"excerpt":{"rendered":"<div class=\"flex flex-col text-sm pb-25\">\n<article class=\"text-token-text-primary w-full focus:outline-none [--shadow-height:45px] has-data-writing-block:pointer-events-none has-data-writing-block:-mt-(--shadow-height) has-data-writing-block:pt-(--shadow-height) [&amp;:has([data-writing-block])&gt;*]:pointer-events-auto scroll-mt-[calc(var(--header-height)+min(200px,max(70px,20svh)))]\" dir=\"auto\" tabindex=\"-1\" data-turn-id=\"request-WEB:7f73f4e9-061b-4bbb-905c-27c634229d23-27\" data-testid=\"conversation-turn-2\" data-scroll-anchor=\"true\" data-turn=\"assistant\">\n<div class=\"text-base my-auto mx-auto pb-10 [--thread-content-margin:--spacing(4)] @w-sm\/main:[--thread-content-margin:--spacing(6)] @w-lg\/main:[--thread-content-margin:--spacing(16)] px-(--thread-content-margin)\">\n<div class=\"[--thread-content-max-width:40rem] @w-lg\/main:[--thread-content-max-width:48rem] mx-auto max-w-(--thread-content-max-width) flex-1 group\/turn-messages focus-visible:outline-hidden relative flex w-full min-w-0 flex-col agent-turn\" tabindex=\"-1\">\n<div class=\"flex max-w-full flex-col grow\">\n<div class=\"min-h-8 text-message relative flex w-full flex-col items-end gap-2 text-start break-words whitespace-normal [.text-message+&amp;]:mt-1\" dir=\"auto\" data-message-author-role=\"assistant\" data-message-id=\"4a8bf92d-ef1c-48d3-b737-e702d103f11e\" data-message-model-slug=\"gpt-5-2-thinking\">\n<div class=\"flex w-full flex-col gap-1 empty:hidden first:pt-[1px]\">\n<div class=\"markdown prose dark:prose-invert w-full wrap-break-word light markdown-new-styling\">\n<p data-start=\"844\" data-end=\"1236\" data-is-last-node=\"\" data-is-only-node=\"\">BRYNJE Ultimate FootFit -pohjallinen tarjoaa tehokkaan holvikaarituen ja erinomaisen mukavuuden korkealle holvikaarelle. Muotoiltu TPU vakauttaa jalan ja tukee holvikaarta sek\u00e4 kantap\u00e4\u00e4t\u00e4, kun taas hengitt\u00e4v\u00e4 EVA\/PU-vaahto ja 3 mm Poron-kantap\u00e4\u00e4kerros vaimentavat iskuja tehokkaasti. Antistaattinen ja ESD-yhteensopiva pohjallinen voidaan leikata sopivaksi \u2013 k\u00e4yt\u00e4 vanhaa pohjallista mallina.<\/p>\n<\/div>\n<\/div>\n<\/div>\n<\/div>\n<\/div>\n<\/div>\n<\/article>\n<\/div>\n","protected":false},"featured_media":111908,"comment_status":"closed","ping_status":"closed","template":"","meta":[],"product_brand":[],"product_cat":[1014],"product_tag":[1011],"class_list":{"0":"post-111724","1":"product","2":"type-product","3":"status-publish","4":"has-post-thumbnail","6":"product_cat-brynje","7":"product_tag-sikaff","8":"pa_brand-brynje","9":"pa_color-svart","10":"pa_size-35-37","11":"pa_size-38-39","12":"pa_size-40-41","13":"pa_size-42-43","14":"pa_size-44-45","15":"pa_size-46-47","16":"pa_size-48-50","18":"first","19":"instock","20":"shipping-taxable","21":"purchasable","22":"product-type-variable"},"_links":{"self":[{"href":"https:\/\/arcticas.fi\/fi\/wp-json\/wp\/v2\/product\/111724","targetHints":{"allow":["GET"]}}],"collection":[{"href":"https:\/\/arcticas.fi\/fi\/wp-json\/wp\/v2\/product"}],"about":[{"href":"https:\/\/arcticas.fi\/fi\/wp-json\/wp\/v2\/types\/product"}],"replies":[{"embeddable":true,"href":"https:\/\/arcticas.fi\/fi\/wp-json\/wp\/v2\/comments?post=111724"}],"wp:featuredmedia":[{"embeddable":true,"href":"https:\/\/arcticas.fi\/fi\/wp-json\/wp\/v2\/media\/111908"}],"wp:attachment":[{"href":"https:\/\/arcticas.fi\/fi\/wp-json\/wp\/v2\/media?parent=111724"}],"wp:term":[{"taxonomy":"product_brand","embeddable":true,"href":"https:\/\/arcticas.fi\/fi\/wp-json\/wp\/v2\/product_brand?post=111724"},{"taxonomy":"product_cat","embeddable":true,"href":"https:\/\/arcticas.fi\/fi\/wp-json\/wp\/v2\/product_cat?post=111724"},{"taxonomy":"product_tag","embeddable":true,"href":"https:\/\/arcticas.fi\/fi\/wp-json\/wp\/v2\/product_tag?post=111724"}],"curies":[{"name":"wp","href":"https:\/\/api.w.org\/{rel}","templated":true}]}}