{"id":111723,"date":"2026-02-26T17:30:37","date_gmt":"2026-02-26T17:30:37","guid":{"rendered":"https:\/\/arcticas.fi\/fi\/?post_type=product&#038;p=111723"},"modified":"2026-03-01T13:31:35","modified_gmt":"2026-03-01T13:31:35","slug":"brynje-ultimate-footfit-medium-68202","status":"publish","type":"product","link":"https:\/\/arcticas.fi\/fi\/product\/brynje-ultimate-footfit-medium-68202\/","title":{"rendered":"BRYNJE Ultimate FootFit &#8211; medium 68202"},"content":{"rendered":"<p>Eksklusiivinen holvikaaren tukea tarjoava pohjallinen, joka on suunniteltu optimaaliseen tukeen ja mukavuuteen keskikorkealle holvikaarelle. Pohjallinen on muotoiltua TPU:ta<a href=\"https:\/\/arcticas.fi\/fi\/product\/brynje-ultimate-footfit-medium-68202\/\" target=\"_blank\" rel=\"noopener\">,<\/a> joka vakauttaa jalkater\u00e4\u00e4 ja antaa lis\u00e4tukea holvikaaren ja kantap\u00e4\u00e4n alueelle. Pohjallinen on valmistettu pehme\u00e4st\u00e4, iskunvaimentavasta ja hengitt\u00e4v\u00e4st\u00e4 EVA\/PU-vaahtomuovista, ja sen ymp\u00e4rill\u00e4 on polyesterimuotoilu, joka parantaa kest\u00e4vyytt\u00e4. Kantap\u00e4\u00e4n alle on lis\u00e4tty 3 mm Poron-kerros poikkeuksellisen iskunvaimennuksen takaamiseksi. Pohjallinen on antistaattinen ja ESD-yhteensopiva. Voidaan leikata keng\u00e4n mukaan sopivaksi. K\u00e4yt\u00e4 olemassa olevaa pohjallista mallina parhaan istuvuuden saavuttamiseksi.<\/p>\n<hr \/>\n<h3>BRYNJE Ultimate FootFit Ominaisuudet<\/h3>\n<p><strong>Koot:<\/strong> 35\u201337, 38\u201339, 40\u201341, 42\u201343, 44\u201345, 46\u201347, 48\u201350<\/p>\n","protected":false},"excerpt":{"rendered":"<p>BRYNJE Ultimate FootFit -pohjallinen tarjoaa tehokkaan holvituen ja miellytt\u00e4v\u00e4n iskunvaimennuksen keskikorkealle holvikaarelle. Muotoiltu TPU stabiloi jalkater\u00e4n ja tukee kantap\u00e4\u00e4t\u00e4, kun taas hengitt\u00e4v\u00e4 EVA\/PU-vaahto lis\u00e4\u00e4 k\u00e4ytt\u00f6mukavuutta. Kantap\u00e4\u00e4n 3 mm Poron-kerros vaimentaa iskuja erinomaisesti. Antistaattinen ja ESD-yhteensopiva pohjallinen on helppo leikata keng\u00e4n mukaan.<\/p>\n","protected":false},"featured_media":111906,"comment_status":"closed","ping_status":"closed","template":"","meta":[],"product_brand":[],"product_cat":[1014],"product_tag":[1011],"class_list":{"0":"post-111723","1":"product","2":"type-product","3":"status-publish","4":"has-post-thumbnail","6":"product_cat-brynje","7":"product_tag-sikaff","8":"pa_brand-brynje","9":"pa_color-svart","10":"pa_size-35-37","11":"pa_size-38-39","12":"pa_size-40-41","13":"pa_size-42-43","14":"pa_size-44-45","15":"pa_size-46-47","16":"pa_size-48-50","18":"first","19":"instock","20":"shipping-taxable","21":"purchasable","22":"product-type-variable"},"_links":{"self":[{"href":"https:\/\/arcticas.fi\/fi\/wp-json\/wp\/v2\/product\/111723","targetHints":{"allow":["GET"]}}],"collection":[{"href":"https:\/\/arcticas.fi\/fi\/wp-json\/wp\/v2\/product"}],"about":[{"href":"https:\/\/arcticas.fi\/fi\/wp-json\/wp\/v2\/types\/product"}],"replies":[{"embeddable":true,"href":"https:\/\/arcticas.fi\/fi\/wp-json\/wp\/v2\/comments?post=111723"}],"wp:featuredmedia":[{"embeddable":true,"href":"https:\/\/arcticas.fi\/fi\/wp-json\/wp\/v2\/media\/111906"}],"wp:attachment":[{"href":"https:\/\/arcticas.fi\/fi\/wp-json\/wp\/v2\/media?parent=111723"}],"wp:term":[{"taxonomy":"product_brand","embeddable":true,"href":"https:\/\/arcticas.fi\/fi\/wp-json\/wp\/v2\/product_brand?post=111723"},{"taxonomy":"product_cat","embeddable":true,"href":"https:\/\/arcticas.fi\/fi\/wp-json\/wp\/v2\/product_cat?post=111723"},{"taxonomy":"product_tag","embeddable":true,"href":"https:\/\/arcticas.fi\/fi\/wp-json\/wp\/v2\/product_tag?post=111723"}],"curies":[{"name":"wp","href":"https:\/\/api.w.org\/{rel}","templated":true}]}}