{"id":111708,"date":"2026-02-26T17:30:12","date_gmt":"2026-02-26T17:30:12","guid":{"rendered":"https:\/\/arcticas.fi\/fi\/?post_type=product&#038;p=111708"},"modified":"2026-03-01T13:40:30","modified_gmt":"2026-03-01T13:40:30","slug":"brynje-ultimate-footfit-low-68201","status":"publish","type":"product","link":"https:\/\/arcticas.fi\/fi\/product\/brynje-ultimate-footfit-low-68201\/","title":{"rendered":"BRYNJE Ultimate FootFit &#8211; low 68201"},"content":{"rendered":"<div class=\"e-product-text-container\">\n<div class=\"e-product-text\">Eksklusiivinen holvia tukeva pohjallinen, joka on suunniteltu tarjoamaan optimaalista tukea ja k\u00e4ytt\u00f6mukavuutta matalakaarisille jaloille. Pohjallinen on valmistettu pehme\u00e4st\u00e4, iskuja vaimentavasta ja hengitt\u00e4v\u00e4st\u00e4 EVA\/PU-vaahtomuovista<a href=\"https:\/\/arcticas.fi\/fi\/product\/brynje-ultimate-footfit-low-68201\/\" target=\"_blank\" rel=\"noopener\">,<\/a> ja sen ymp\u00e4rille on muotoiltu polyesteri\u00e4 parhaan kest\u00e4vyyden varmistamiseksi. Kantap\u00e4\u00e4n alle on lis\u00e4tty 3 mm Poron-kerros poikkeuksellisen iskunvaimennuksen saavuttamiseksi. Pohjallinen on antistaattinen ja ESD-yhteensopiva. Voidaan leikata keng\u00e4n mukaan. K\u00e4yt\u00e4 olemassa olevaa pohjallista mallina parhaan istuvuuden varmistamiseksi.<\/div>\n<div>\n<hr \/>\n<h3 class=\"h2 m-a-0 mb-0 text-center\" style=\"text-align: center;\"><\/h3>\n<\/div>\n<\/div>\n<h3>BRYNJE Ultimate FootFit Ominaisuudet<\/h3>\n<p><strong>Koot:<\/strong> 35\u201337, 38\u201339, 40\u201341, 42\u201343, 44\u201345, 46\u201347, 48\u201350<\/p>\n","protected":false},"excerpt":{"rendered":"<div class=\"e-product-text-container\">\n<div class=\"e-product-text\">\n<div class=\"flex flex-col text-sm pb-25\">\n<article class=\"text-token-text-primary w-full focus:outline-none [--shadow-height:45px] has-data-writing-block:pointer-events-none has-data-writing-block:-mt-(--shadow-height) has-data-writing-block:pt-(--shadow-height) [&amp;:has([data-writing-block])&gt;*]:pointer-events-auto scroll-mt-[calc(var(--header-height)+min(200px,max(70px,20svh)))]\" dir=\"auto\" tabindex=\"-1\" data-turn-id=\"request-WEB:05e4abef-7191-4933-b6f4-fd35c2e5df70-29\" data-testid=\"conversation-turn-2\" data-scroll-anchor=\"true\" data-turn=\"assistant\">\n<div class=\"text-base my-auto mx-auto pb-10 [--thread-content-margin:--spacing(4)] @w-sm\/main:[--thread-content-margin:--spacing(6)] @w-lg\/main:[--thread-content-margin:--spacing(16)] px-(--thread-content-margin)\">\n<div class=\"[--thread-content-max-width:40rem] @w-lg\/main:[--thread-content-max-width:48rem] mx-auto max-w-(--thread-content-max-width) flex-1 group\/turn-messages focus-visible:outline-hidden relative flex w-full min-w-0 flex-col agent-turn\" tabindex=\"-1\">\n<div class=\"flex max-w-full flex-col grow\">\n<div class=\"min-h-8 text-message relative flex w-full flex-col items-end gap-2 text-start break-words whitespace-normal [.text-message+&amp;]:mt-1\" dir=\"auto\" data-message-author-role=\"assistant\" data-message-id=\"08d6a405-b346-41d4-b43f-44c13fccaf54\" data-message-model-slug=\"gpt-5-2-thinking\">\n<div class=\"flex w-full flex-col gap-1 empty:hidden first:pt-[1px]\">\n<div class=\"markdown prose dark:prose-invert w-full wrap-break-word light markdown-new-styling\">\n<p data-start=\"751\" data-end=\"1138\" data-is-last-node=\"\" data-is-only-node=\"\">BRYNJE Ultimate FootFit on holvia tukeva pohjallinen matalakaarisille jaloille, kun haluat lis\u00e4\u00e4 mukavuutta ja tukea ty\u00f6- tai arkip\u00e4iv\u00e4n kenkiin. Hengitt\u00e4v\u00e4 EVA\/PU-vaahto vaimentaa iskuja, ja 3 mm Poron-kantapehmuste parantaa iskunvaimennusta erityisesti kovilla alustoilla. Antistaattinen ja ESD-yhteensopiva pohjallinen voidaan leikata sopivaksi t\u00e4ydellisen istuvuuden varmistamiseksi.<\/p>\n<\/div>\n<\/div>\n<\/div>\n<\/div>\n<\/div>\n<\/div>\n<\/article>\n<\/div>\n<\/div>\n<\/div>\n","protected":false},"featured_media":111900,"comment_status":"closed","ping_status":"closed","template":"","meta":[],"product_brand":[],"product_cat":[1014],"product_tag":[1011],"class_list":{"0":"post-111708","1":"product","2":"type-product","3":"status-publish","4":"has-post-thumbnail","6":"product_cat-brynje","7":"product_tag-sikaff","8":"pa_brand-brynje","9":"pa_color-svart","10":"pa_size-35-37","11":"pa_size-38-39","12":"pa_size-40-41","13":"pa_size-42-43","14":"pa_size-44-45","15":"pa_size-46-47","16":"pa_size-48-50","18":"first","19":"instock","20":"shipping-taxable","21":"purchasable","22":"product-type-variable"},"_links":{"self":[{"href":"https:\/\/arcticas.fi\/fi\/wp-json\/wp\/v2\/product\/111708","targetHints":{"allow":["GET"]}}],"collection":[{"href":"https:\/\/arcticas.fi\/fi\/wp-json\/wp\/v2\/product"}],"about":[{"href":"https:\/\/arcticas.fi\/fi\/wp-json\/wp\/v2\/types\/product"}],"replies":[{"embeddable":true,"href":"https:\/\/arcticas.fi\/fi\/wp-json\/wp\/v2\/comments?post=111708"}],"wp:featuredmedia":[{"embeddable":true,"href":"https:\/\/arcticas.fi\/fi\/wp-json\/wp\/v2\/media\/111900"}],"wp:attachment":[{"href":"https:\/\/arcticas.fi\/fi\/wp-json\/wp\/v2\/media?parent=111708"}],"wp:term":[{"taxonomy":"product_brand","embeddable":true,"href":"https:\/\/arcticas.fi\/fi\/wp-json\/wp\/v2\/product_brand?post=111708"},{"taxonomy":"product_cat","embeddable":true,"href":"https:\/\/arcticas.fi\/fi\/wp-json\/wp\/v2\/product_cat?post=111708"},{"taxonomy":"product_tag","embeddable":true,"href":"https:\/\/arcticas.fi\/fi\/wp-json\/wp\/v2\/product_tag?post=111708"}],"curies":[{"name":"wp","href":"https:\/\/api.w.org\/{rel}","templated":true}]}}