{"id":111707,"date":"2026-02-26T17:30:12","date_gmt":"2026-02-26T17:30:12","guid":{"rendered":"https:\/\/arcticas.fi\/fi\/?post_type=product&#038;p=111707"},"modified":"2026-03-08T08:19:40","modified_gmt":"2026-03-08T08:19:40","slug":"brynje-thermo-inlay-pohjallinen-68145","status":"publish","type":"product","link":"https:\/\/arcticas.fi\/fi\/product\/brynje-thermo-inlay-pohjallinen-68145\/","title":{"rendered":"BRYNJE Thermo Inlay Pohjallinen 68145"},"content":{"rendered":"<p>BRYNJE Thermo Inlay -pohjallinen Brynjelt\u00e4 on l\u00e4mp\u00f6\u00e4 ja kylm\u00e4\u00e4 erist\u00e4v\u00e4 huopapohjallinen<a href=\"https:\/\/arcticas.fi\/fi\/product\/brynje-thermo-inlay-sole-68145\/\" target=\"_blank\" rel=\"noopener\">,<\/a> jossa on taustapuolella erist\u00e4v\u00e4 folio. Se soveltuu ty\u00f6h\u00f6n \u00e4\u00e4ril\u00e4mp\u00f6tiloissa, kylmiss\u00e4 rakennuksissa tai asfalttit\u00f6iss\u00e4, joissa pohjallinen erist\u00e4\u00e4 ja suojaa jalkaa ankarilta l\u00e4mp\u00f6tiloilta. Hengitt\u00e4v\u00e4 ja kest\u00e4v\u00e4 pohjallinen, joka sopii yleisk\u00e4ytt\u00f6isesti Brynjen jalkineisiin. K\u00e4yt\u00e4 taustapuolen leikkauslinjoja tai hy\u00f6dynn\u00e4 olemassa olevaa pohjallista mallina parhaan istuvuuden saavuttamiseksi.<\/p>\n","protected":false},"excerpt":{"rendered":"<p>BRYNJE Thermo Inlay on kest\u00e4v\u00e4 ja hengitt\u00e4v\u00e4 huopapohjallinen, joka erist\u00e4\u00e4 tehokkaasti sek\u00e4 kylm\u00e4lt\u00e4 ett\u00e4 kuumalta. Taustapuolen eristefolio auttaa suojaamaan jalkaa \u00e4\u00e4ril\u00e4mp\u00f6tiloissa, kuten kylmiss\u00e4 tiloissa tai asfalttit\u00f6iss\u00e4. Pohjallinen sopii Brynje-jalkineisiin ja on helppo muotoilla: k\u00e4yt\u00e4 leikkauslinjoja tai vanhaa pohjallista mallina t\u00e4ydelliseen istuvuuteen.<\/p>\n","protected":false},"featured_media":111899,"comment_status":"closed","ping_status":"closed","template":"","meta":[],"product_brand":[],"product_cat":[1014],"product_tag":[1011],"class_list":{"0":"post-111707","1":"product","2":"type-product","3":"status-publish","4":"has-post-thumbnail","6":"product_cat-brynje","7":"product_tag-sikaff","8":"pa_brand-brynje","9":"pa_color-svart","10":"pa_size-35-37","11":"pa_size-702","12":"pa_size-39-40","13":"pa_size-41-43","14":"pa_size-44-45","15":"pa_size-46-48-2","17":"first","18":"instock","19":"shipping-taxable","20":"purchasable","21":"product-type-variable"},"_links":{"self":[{"href":"https:\/\/arcticas.fi\/fi\/wp-json\/wp\/v2\/product\/111707","targetHints":{"allow":["GET"]}}],"collection":[{"href":"https:\/\/arcticas.fi\/fi\/wp-json\/wp\/v2\/product"}],"about":[{"href":"https:\/\/arcticas.fi\/fi\/wp-json\/wp\/v2\/types\/product"}],"replies":[{"embeddable":true,"href":"https:\/\/arcticas.fi\/fi\/wp-json\/wp\/v2\/comments?post=111707"}],"wp:featuredmedia":[{"embeddable":true,"href":"https:\/\/arcticas.fi\/fi\/wp-json\/wp\/v2\/media\/111899"}],"wp:attachment":[{"href":"https:\/\/arcticas.fi\/fi\/wp-json\/wp\/v2\/media?parent=111707"}],"wp:term":[{"taxonomy":"product_brand","embeddable":true,"href":"https:\/\/arcticas.fi\/fi\/wp-json\/wp\/v2\/product_brand?post=111707"},{"taxonomy":"product_cat","embeddable":true,"href":"https:\/\/arcticas.fi\/fi\/wp-json\/wp\/v2\/product_cat?post=111707"},{"taxonomy":"product_tag","embeddable":true,"href":"https:\/\/arcticas.fi\/fi\/wp-json\/wp\/v2\/product_tag?post=111707"}],"curies":[{"name":"wp","href":"https:\/\/api.w.org\/{rel}","templated":true}]}}