{"id":111706,"date":"2026-02-26T17:30:11","date_gmt":"2026-02-26T17:30:11","guid":{"rendered":"https:\/\/arcticas.fi\/fi\/?post_type=product&#038;p=111706"},"modified":"2026-03-08T08:22:19","modified_gmt":"2026-03-08T08:22:19","slug":"brynje-universal-inlay-pohjallinen-68144","status":"publish","type":"product","link":"https:\/\/arcticas.fi\/fi\/product\/brynje-universal-inlay-pohjallinen-68144\/","title":{"rendered":"BRYNJE Universal Inlay Pohjallinen 68144"},"content":{"rendered":"<p>BRYNJE Universal Inlay -pohjallinen Brynjelt\u00e4 on Hi-Poly-pohjallinen, jonka ulkopinta on vuorattu kulutusta kest\u00e4v\u00e4ll\u00e4 polyesterill\u00e4 optimaalisen kest\u00e4vyyden varmistamiseksi. Pohjallinen vaimentaa iskuja<a href=\"https:\/\/arcticas.fi\/fi\/product\/brynje-universal-inlay-sole-68144\/\" target=\"_blank\" rel=\"noopener\">,<\/a> on hengitt\u00e4v\u00e4 ja sopii yleisk\u00e4ytt\u00f6isesti Brynjen jalkineisiin. Se on antistaattinen ja ESD-yhteensopiva sek\u00e4 ESD-sertifioitu laajalle valikoimalle Brynjen tuotteita. K\u00e4yt\u00e4 etupuolella olevia leikkauslinjoja tai hy\u00f6dynn\u00e4 olemassa olevaa pohjallista mallina parhaan istuvuuden saavuttamiseksi.<\/p>\n","protected":false},"excerpt":{"rendered":"<p>BRYNJE Universal Inlay on kest\u00e4v\u00e4 ja monik\u00e4ytt\u00f6inen Hi-Poly-pohjallinen Brynje-jalkineisiin. Kulutusta kest\u00e4v\u00e4 polyesteripinta parantaa k\u00e4ytt\u00f6ik\u00e4\u00e4, ja pohjallinen vaimentaa iskuja sek\u00e4 hengitt\u00e4\u00e4 hyvin koko p\u00e4iv\u00e4n. Antistaattinen rakenne on ESD-yhteensopiva ja ESD-sertifioitu useisiin Brynje-tuotteisiin. Leikkauslinjojen avulla saat tarkan istuvuuden nopeasti. Sopii ty\u00f6- ja turvajalkineisiin.<\/p>\n","protected":false},"featured_media":111898,"comment_status":"closed","ping_status":"closed","template":"","meta":[],"product_brand":[],"product_cat":[1014],"product_tag":[1011],"class_list":{"0":"post-111706","1":"product","2":"type-product","3":"status-publish","4":"has-post-thumbnail","6":"product_cat-brynje","7":"product_tag-sikaff","8":"pa_brand-brynje","9":"pa_color-svart","10":"pa_size-35-38","11":"pa_size-39-40","12":"pa_size-41-43","13":"pa_size-44-46","14":"pa_size-47-48","16":"first","17":"instock","18":"shipping-taxable","19":"purchasable","20":"product-type-variable"},"_links":{"self":[{"href":"https:\/\/arcticas.fi\/fi\/wp-json\/wp\/v2\/product\/111706","targetHints":{"allow":["GET"]}}],"collection":[{"href":"https:\/\/arcticas.fi\/fi\/wp-json\/wp\/v2\/product"}],"about":[{"href":"https:\/\/arcticas.fi\/fi\/wp-json\/wp\/v2\/types\/product"}],"replies":[{"embeddable":true,"href":"https:\/\/arcticas.fi\/fi\/wp-json\/wp\/v2\/comments?post=111706"}],"wp:featuredmedia":[{"embeddable":true,"href":"https:\/\/arcticas.fi\/fi\/wp-json\/wp\/v2\/media\/111898"}],"wp:attachment":[{"href":"https:\/\/arcticas.fi\/fi\/wp-json\/wp\/v2\/media?parent=111706"}],"wp:term":[{"taxonomy":"product_brand","embeddable":true,"href":"https:\/\/arcticas.fi\/fi\/wp-json\/wp\/v2\/product_brand?post=111706"},{"taxonomy":"product_cat","embeddable":true,"href":"https:\/\/arcticas.fi\/fi\/wp-json\/wp\/v2\/product_cat?post=111706"},{"taxonomy":"product_tag","embeddable":true,"href":"https:\/\/arcticas.fi\/fi\/wp-json\/wp\/v2\/product_tag?post=111706"}],"curies":[{"name":"wp","href":"https:\/\/api.w.org\/{rel}","templated":true}]}}