{"id":111684,"date":"2026-02-26T17:29:38","date_gmt":"2026-02-26T17:29:38","guid":{"rendered":"https:\/\/arcticas.fi\/fi\/?post_type=product&#038;p=111684"},"modified":"2026-03-08T08:46:22","modified_gmt":"2026-03-08T08:46:22","slug":"brynje-lab-microfiber-boa-turvajalkine-s3s-esd","status":"publish","type":"product","link":"https:\/\/arcticas.fi\/fi\/product\/brynje-lab-microfiber-boa-turvajalkine-s3s-esd\/","title":{"rendered":"BRYNJE LAB Microfiber BOA Turvajalkine S3S ESD"},"content":{"rendered":"<p data-start=\"42\" data-end=\"1217\">Suljettu turvajalkine sneaker-tyylill\u00e4. P\u00e4\u00e4llinen on kest\u00e4v\u00e4\u00e4 ja vett\u00e4 hylkiv\u00e4\u00e4 mikrokuitua, josta 30 % on kierr\u00e4tetty\u00e4. Innovatiivinen pohjarakenne sis\u00e4lt\u00e4\u00e4 NRGize Foam -lis\u00e4osan, joka tarjoaa voimakkaan energianpalautuksen \u2013 materiaali on per\u00e4isin urheilumaailmasta<a href=\"https:\/\/arcticas.fi\/fi\/product\/brynje-lab-microfiber-boa-100203\/\" target=\"_blank\" rel=\"noopener\">.<\/a> Pohja koostuu kest\u00e4v\u00e4st\u00e4 kumisesta ulkopohjasta ja EVA-vaahtomuovisesta v\u00e4lipohjasta, jotka suojaavat NRGize Foam -osaa ja palauttavat jokaisesta askeleesta energian takaisin jaloillesi. HeelCTRL-vakain tukee kantap\u00e4\u00e4t\u00e4 ja auttaa varmistamaan erinomaisen istuvuuden. Kiristys ja l\u00f6ys\u00e4ys tapahtuvat BOA\u00ae Fit System -j\u00e4rjestelm\u00e4ll\u00e4, joka sijaitsee PrimeFIT-kielen yl\u00e4osassa. Ohut PrimeFIT-kieli muotoutuu jalkasi mukaan ja tuntuu mukavalta. Pohjallinen on sekoitus kierr\u00e4tetty\u00e4, uudelleenk\u00e4ytetty\u00e4 (upcycled) ja biopohjaista PU-vaahtoa, ja siin\u00e4 on CoolMax-p\u00e4\u00e4llinen optimoitua hengitt\u00e4vyytt\u00e4 ja kosteudensiirtoa varten. Kevyt ja kest\u00e4v\u00e4 NanoToe\u2122-varvassuoja on valmistettu hiilen ja komposiitin yhdistelm\u00e4st\u00e4. Suojaava kevlar-v\u00e4lipohja antaa suojan jopa 3 mm nauloja vastaan. Kest\u00e4v\u00e4, hyv\u00e4ksytty ProNose-muotoiltu TPU-suoja. Sertifioitu EN ISO 20345:2022 -standardin mukaisesti. ESD-hyv\u00e4ksytty ja PVC-vapaa.<\/p>\n<hr \/>\n<p><img loading=\"lazy\" decoding=\"async\" class=\"mb-2\" title=\"SR,S3S\" src=\"https:\/\/www.sikafootwear.eu\/Files\/Templates\/designs\/sika\/_assets\/img\/sika-icons\/sika-icon-godkendelse-s3s.png\" alt=\"SR,S3S\" width=\"45\" height=\"45\" \/>\u00a0<img loading=\"lazy\" decoding=\"async\" class=\"mb-2\" title=\"sr\" src=\"https:\/\/www.sikafootwear.eu\/Files\/Templates\/designs\/sika\/_assets\/img\/sika-icons\/sika-icon-skridsikkerhed-sr.png\" alt=\"sr\" width=\"45\" height=\"45\" \/>\u00a0<img loading=\"lazy\" decoding=\"async\" class=\"mb-2\" title=\"nano\" src=\"https:\/\/www.sikafootwear.eu\/Files\/Templates\/designs\/sika\/_assets\/img\/sika-icons\/sika-icon-toeprotection-nano.png\" alt=\"nano\" width=\"45\" height=\"45\" \/>\u00a0<img loading=\"lazy\" decoding=\"async\" class=\"mb-2\" title=\"fiber\" src=\"https:\/\/www.sikafootwear.eu\/Files\/Templates\/designs\/sika\/_assets\/img\/sika-icons\/sika-icon-nailproctection-fiber.png\" alt=\"fiber\" width=\"45\" height=\"45\" \/>\u00a0<img loading=\"lazy\" decoding=\"async\" class=\"mb-2\" title=\"Oil and Gas Resistant\" src=\"https:\/\/www.sikafootwear.eu\/Files\/Templates\/designs\/sika\/_assets\/img\/sika-icons\/sika-icon-oilandgasresistant.png\" alt=\"Oil and Gas Resistant\" width=\"45\" height=\"45\" \/>\u00a0<img loading=\"lazy\" decoding=\"async\" class=\"mb-2\" title=\"Pro Nose\" src=\"https:\/\/www.sikafootwear.eu\/Files\/Templates\/designs\/sika\/_assets\/img\/sika-icons\/sika-icon-pronose.png\" alt=\"Pro Nose\" width=\"45\" height=\"45\" \/>\u00a0<img loading=\"lazy\" decoding=\"async\" class=\"mb-2\" title=\"ESD Approved\" src=\"https:\/\/www.sikafootwear.eu\/Files\/Templates\/designs\/sika\/_assets\/img\/sika-icons\/sika-icon-esdapproved.png\" alt=\"ESD Approved\" width=\"45\" height=\"45\" \/>\u00a0<img loading=\"lazy\" decoding=\"async\" class=\"mb-2\" title=\"Boa\u00ae Fit System\" src=\"https:\/\/www.sikafootwear.eu\/Files\/Templates\/designs\/sika\/_assets\/img\/sika-icons\/sika-icon-boa.png\" alt=\"Boa\u00ae Fit System\" width=\"45\" height=\"45\" \/><\/p>\n<h3>BRYNJE LAB Microfiber Ominaisuudet<\/h3>\n<p data-start=\"1219\" data-end=\"1910\"><strong>CE Normi<\/strong> EN ISO 20345:2022+A1:2024<br data-start=\"1253\" data-end=\"1256\" \/><strong>CE-sertifiointi<\/strong> S3S,SC,FO<br data-start=\"1281\" data-end=\"1284\" \/><strong>Sarja<\/strong> LAB<br data-start=\"1293\" data-end=\"1296\" \/><strong>Ulkopohja<\/strong> Sis\u00e4lt\u00e4\u00e4 kest\u00e4v\u00e4n, liukastumista ehk\u00e4isev\u00e4n kumisen ulkopohjan, pehme\u00e4n ja iskuja vaimentavan EVA-vaahtomuovisen v\u00e4lipohjan sek\u00e4 NRGize Foam -lis\u00e4osan, joka tarjoaa voimakkaan energianpalautuksen. HeelCTRL-vakain stabiloi kantap\u00e4\u00e4n ja parantaa istuvuutta.<br data-start=\"1561\" data-end=\"1564\" \/><strong>P\u00e4\u00e4llinen<\/strong> Kest\u00e4v\u00e4 ja vett\u00e4 hylkiv\u00e4 mikrokuitu, josta 30 % on kierr\u00e4tetty\u00e4.<br data-start=\"1638\" data-end=\"1641\" \/><strong>Vuori<\/strong> Polyesteriverkko, josta 30 % on kierr\u00e4tetty\u00e4 materiaalia, lis\u00e4\u00e4 hengitt\u00e4vyytt\u00e4.<br data-start=\"1726\" data-end=\"1729\" \/><strong>Sis\u00e4pohja\/Pohjallinen<\/strong> Pohjallinen on sekoitus kierr\u00e4tetty\u00e4, upcycled- ja biopohjaista PU-vaahtoa, jossa on CoolMax-p\u00e4\u00e4llinen optimoitua hengitt\u00e4vyytt\u00e4 varten.<\/p>\n<h3 data-start=\"1219\" data-end=\"1910\">Erikoisominaisuudet<\/h3>\n<ul>\n<li data-start=\"1913\" data-end=\"1964\">Voimakas energianpalautus NRGize Foam -lis\u00e4osalla<\/li>\n<li data-start=\"1967\" data-end=\"1977\">HeelCTRL<\/li>\n<li data-start=\"1980\" data-end=\"1997\">BOA\u00ae Fit System<\/li>\n<li data-start=\"2000\" data-end=\"2016\">PrimeFit-kieli<\/li>\n<li data-start=\"2019\" data-end=\"2041\">T\u00e4ydellinen istuvuus<\/li>\n<li data-start=\"2044\" data-end=\"2072\">30 % kierr\u00e4tetty p\u00e4\u00e4llinen<\/li>\n<li data-start=\"2075\" data-end=\"2147\">Kierr\u00e4tetty, upcycled- ja biopohjainen pohjallinen CoolMax-p\u00e4\u00e4llisell\u00e4<\/li>\n<\/ul>\n<h3 data-start=\"2149\" data-end=\"2159\">Toimialat<\/h3>\n<ul>\n<li data-start=\"2162\" data-end=\"2191\">Rakentaminen ja k\u00e4sity\u00f6alat<\/li>\n<li data-start=\"2194\" data-end=\"2219\">Kuljetus ja varastointi<\/li>\n<li data-start=\"2222\" data-end=\"2240\">Kevyt teollisuus<\/li>\n<\/ul>\n<p data-start=\"2242\" data-end=\"2328\"><strong>Sukupuoli<\/strong> Unisex<br data-start=\"2258\" data-end=\"2261\" \/><strong>Paino<\/strong> 0,5790 kg, Paino koskee yht\u00e4 kenk\u00e4\u00e4 koossa 42<br data-start=\"2313\" data-end=\"2316\" \/><strong>Koot<\/strong> 35\u201348<\/p>\n","protected":false},"excerpt":{"rendered":"<p>BRYNJE LAB Microfiber on sneaker-tyylinen S3S-turvakenk\u00e4, jossa yhdistyv\u00e4t energianpalautus ja kest\u00e4vyys. Vett\u00e4 hylkiv\u00e4 mikrokuitup\u00e4\u00e4llinen (30 % kierr\u00e4tetty) ja BOA\u00ae Fit System takaavat nopean, tarkan istuvuuden. NRGize Foam, EVA-v\u00e4lipohja ja liukastumista ehk\u00e4isev\u00e4 kumipohja parantavat mukavuutta. NanoToe\u2122-varvassuoja ja kevlar-v\u00e4lipohja suojaavat ty\u00f6maalla. ESD, PVC-vapaa, EN ISO 20345:2022.<\/p>\n","protected":false},"featured_media":111897,"comment_status":"closed","ping_status":"closed","template":"","meta":[],"product_brand":[],"product_cat":[1014],"product_tag":[1011],"class_list":{"0":"post-111684","1":"product","2":"type-product","3":"status-publish","4":"has-post-thumbnail","6":"product_cat-brynje","7":"product_tag-sikaff","8":"pa_brand-brynje","9":"pa_color-svart","10":"pa_size-1042","11":"pa_size-701","12":"pa_size-1020","13":"pa_size-702","14":"pa_size-1021","15":"pa_size-697","16":"pa_size-1022","17":"pa_size-698","18":"pa_size-1023","19":"pa_size-699","20":"pa_size-1024","21":"pa_size-700","22":"pa_size-1025","23":"pa_size-945","25":"first","26":"instock","27":"shipping-taxable","28":"purchasable","29":"product-type-variable"},"_links":{"self":[{"href":"https:\/\/arcticas.fi\/fi\/wp-json\/wp\/v2\/product\/111684","targetHints":{"allow":["GET"]}}],"collection":[{"href":"https:\/\/arcticas.fi\/fi\/wp-json\/wp\/v2\/product"}],"about":[{"href":"https:\/\/arcticas.fi\/fi\/wp-json\/wp\/v2\/types\/product"}],"replies":[{"embeddable":true,"href":"https:\/\/arcticas.fi\/fi\/wp-json\/wp\/v2\/comments?post=111684"}],"wp:featuredmedia":[{"embeddable":true,"href":"https:\/\/arcticas.fi\/fi\/wp-json\/wp\/v2\/media\/111897"}],"wp:attachment":[{"href":"https:\/\/arcticas.fi\/fi\/wp-json\/wp\/v2\/media?parent=111684"}],"wp:term":[{"taxonomy":"product_brand","embeddable":true,"href":"https:\/\/arcticas.fi\/fi\/wp-json\/wp\/v2\/product_brand?post=111684"},{"taxonomy":"product_cat","embeddable":true,"href":"https:\/\/arcticas.fi\/fi\/wp-json\/wp\/v2\/product_cat?post=111684"},{"taxonomy":"product_tag","embeddable":true,"href":"https:\/\/arcticas.fi\/fi\/wp-json\/wp\/v2\/product_tag?post=111684"}],"curies":[{"name":"wp","href":"https:\/\/api.w.org\/{rel}","templated":true}]}}