{"id":111683,"date":"2026-02-26T17:29:38","date_gmt":"2026-02-26T17:29:38","guid":{"rendered":"https:\/\/arcticas.fi\/fi\/?post_type=product&#038;p=111683"},"modified":"2026-03-08T08:31:22","modified_gmt":"2026-03-08T08:31:22","slug":"brynje-lab-textile-boa-turvakenka-s3s-esd","status":"publish","type":"product","link":"https:\/\/arcticas.fi\/fi\/product\/brynje-lab-textile-boa-turvakenka-s3s-esd\/","title":{"rendered":"BRYNJE LAB Textile BOA Turvakenk\u00e4 S3S ESD"},"content":{"rendered":"<p>Suljettu turvakenk\u00e4 sneaker-tyylisell\u00e4 ulkon\u00e4\u00f6ll\u00e4. P\u00e4\u00e4llinen on hengitt\u00e4v\u00e4\u00e4, vett\u00e4 hylkiv\u00e4\u00e4 ja kest\u00e4v\u00e4\u00e4 tekstiili\u00e4, josta 30 % on kierr\u00e4tetty\u00e4. Innovatiivinen pohjarakenne sis\u00e4lt\u00e4\u00e4 ekstraa NRGize Foam -insertin<a href=\"https:\/\/arcticas.fi\/fi\/product\/brynje-lab-textile-boa-100201\/\" target=\"_blank\" rel=\"noopener\">,<\/a> joka tuottaa voimakkaan energianpalautuksen \u2013 materiaali suoraan urheilumaailmasta. Pohja koostuu kest\u00e4v\u00e4st\u00e4 kumisesta ulkopohjasta ja EVA-vaahtoisesta v\u00e4lipohjasta, jotka suojaavat NRGize Foam -inserti\u00e4; se palauttaa jokaisen askeleen energian takaisin jalkoihisi. HeelCTRL-insertti vakauttaa kantap\u00e4\u00e4n ja auttaa varmistamaan erinomaisen istuvuuden. Kenk\u00e4 kiristet\u00e4\u00e4n ja l\u00f6ys\u00e4t\u00e4\u00e4n BOA\u00ae Fit System -j\u00e4rjestelm\u00e4ll\u00e4, joka sijaitsee PrimeFIT-kielen yl\u00e4osassa. PrimeFIT-kielen ohut rakenne muotoutuu jalkaan ja parantaa k\u00e4ytt\u00f6mukavuutta. Pohjallinen on sekoitus kierr\u00e4tetty\u00e4, uudelleenk\u00e4ytetty\u00e4 (upcycled) ja biopohjaista PU-vaahtoa, ja siin\u00e4 on CoolMax-p\u00e4\u00e4llinen optimaalista hengitt\u00e4vyytt\u00e4 ja kosteuden siirtoa varten. Kevyt ja kest\u00e4v\u00e4 NanoToe\u2122-k\u00e4rkikuppi on valmistettu hiilen ja komposiitin yhdistelm\u00e4st\u00e4. Suojaava kevlar-v\u00e4lipohja antaa suojan jopa 3 mm nauloja vastaan. Kest\u00e4v\u00e4, hyv\u00e4ksytty ProNose valettua TPU:ta. Sertifioitu EN ISO 20345:2022 -standardin mukaisesti. ESD-hyv\u00e4ksytty ja PVC-vapaa.<\/p>\n<hr \/>\n<p><img loading=\"lazy\" decoding=\"async\" class=\"mb-2\" title=\"SR,S3S\" src=\"https:\/\/www.sikafootwear.eu\/Files\/Templates\/designs\/sika\/_assets\/img\/sika-icons\/sika-icon-godkendelse-s3s.png\" alt=\"SR,S3S\" width=\"45\" height=\"45\" \/>\u00a0<img loading=\"lazy\" decoding=\"async\" class=\"mb-2\" title=\"sr\" src=\"https:\/\/www.sikafootwear.eu\/Files\/Templates\/designs\/sika\/_assets\/img\/sika-icons\/sika-icon-skridsikkerhed-sr.png\" alt=\"sr\" width=\"45\" height=\"45\" \/>\u00a0<img loading=\"lazy\" decoding=\"async\" class=\"mb-2\" title=\"nano\" src=\"https:\/\/www.sikafootwear.eu\/Files\/Templates\/designs\/sika\/_assets\/img\/sika-icons\/sika-icon-toeprotection-nano.png\" alt=\"nano\" width=\"45\" height=\"45\" \/>\u00a0<img loading=\"lazy\" decoding=\"async\" class=\"mb-2\" title=\"fiber\" src=\"https:\/\/www.sikafootwear.eu\/Files\/Templates\/designs\/sika\/_assets\/img\/sika-icons\/sika-icon-nailproctection-fiber.png\" alt=\"fiber\" width=\"45\" height=\"45\" \/>\u00a0<img loading=\"lazy\" decoding=\"async\" class=\"mb-2\" title=\"Oil and Gas Resistant\" src=\"https:\/\/www.sikafootwear.eu\/Files\/Templates\/designs\/sika\/_assets\/img\/sika-icons\/sika-icon-oilandgasresistant.png\" alt=\"Oil and Gas Resistant\" width=\"45\" height=\"45\" \/>\u00a0<img loading=\"lazy\" decoding=\"async\" class=\"mb-2\" title=\"Pro Nose\" src=\"https:\/\/www.sikafootwear.eu\/Files\/Templates\/designs\/sika\/_assets\/img\/sika-icons\/sika-icon-pronose.png\" alt=\"Pro Nose\" width=\"45\" height=\"45\" \/>\u00a0<img loading=\"lazy\" decoding=\"async\" class=\"mb-2\" title=\"ESD Approved\" src=\"https:\/\/www.sikafootwear.eu\/Files\/Templates\/designs\/sika\/_assets\/img\/sika-icons\/sika-icon-esdapproved.png\" alt=\"ESD Approved\" width=\"45\" height=\"45\" \/>\u00a0<img loading=\"lazy\" decoding=\"async\" class=\"mb-2\" title=\"Boa\u00ae Fit System\" src=\"https:\/\/www.sikafootwear.eu\/Files\/Templates\/designs\/sika\/_assets\/img\/sika-icons\/sika-icon-boa.png\" alt=\"Boa\u00ae Fit System\" width=\"45\" height=\"45\" \/><\/p>\n<h3>BRYNJE LAB Textile Ominaisuudet<\/h3>\n<p data-start=\"1255\" data-end=\"1975\"><strong>CE-normi:<\/strong> EN ISO 20345:2022+A1:2024<br data-start=\"1290\" data-end=\"1293\" \/><strong>CE-sertifiointi:<\/strong> S3S, SC, FO<br data-start=\"1321\" data-end=\"1324\" \/><strong>Sarja:<\/strong> LAB<br data-start=\"1334\" data-end=\"1337\" \/><strong>Ulkopohja:<\/strong> Kest\u00e4v\u00e4, liukastumista ehk\u00e4isev\u00e4 kuminen ulkopohja, pehme\u00e4 ja iskunvaimentava EVA-vaahtoinen v\u00e4lipohja sek\u00e4 NRGize Foam -insertti voimakkaaseen energianpalautukseen. HeelCTRL-insertti vakauttaa kantap\u00e4\u00e4n ja auttaa varmistamaan erinomaisen istuvuuden.<br data-start=\"1598\" data-end=\"1601\" \/><strong>P\u00e4\u00e4llinen:<\/strong> Hengitt\u00e4v\u00e4, vett\u00e4 hylkiv\u00e4 ja kest\u00e4v\u00e4 tekstiili, josta 30 % on kierr\u00e4tetty\u00e4.<br data-start=\"1687\" data-end=\"1690\" \/><strong>Vuori:<\/strong> Polyesteriverkko, jossa 30 % kierr\u00e4tetty\u00e4 materiaalia, lis\u00e4hengitt\u00e4vyytt\u00e4 varten.<br data-start=\"1778\" data-end=\"1781\" \/><strong>Sis\u00e4pohja\/pohjallinen:<\/strong> Pohjallinen on sekoitus kierr\u00e4tetty\u00e4, uudelleenk\u00e4ytetty\u00e4 (upcycled) ja biopohjaista PU-vaahtoa, CoolMax-p\u00e4\u00e4llisell\u00e4 optimaaliseen hengitt\u00e4vyyteen.<\/p>\n<h3 data-start=\"1255\" data-end=\"1975\">Erityisominaisuudet:<\/h3>\n<ul>\n<li data-start=\"1978\" data-end=\"2029\">Voimakas energianpalautus NRGize Foam -insertill\u00e4<\/li>\n<li data-start=\"2032\" data-end=\"2042\">HeelCTRL<\/li>\n<li data-start=\"2045\" data-end=\"2062\">BOA\u00ae Fit System<\/li>\n<li data-start=\"2065\" data-end=\"2081\">PrimeFit-kieli<\/li>\n<li data-start=\"2084\" data-end=\"2106\">T\u00e4ydellinen istuvuus<\/li>\n<li data-start=\"2109\" data-end=\"2137\">30 % kierr\u00e4tetty p\u00e4\u00e4llinen<\/li>\n<li data-start=\"2140\" data-end=\"2220\">Kierr\u00e4tetty, uudelleenk\u00e4ytetty ja biopohjainen pohjallinen CoolMax-p\u00e4\u00e4llisell\u00e4<\/li>\n<\/ul>\n<h3 data-start=\"2222\" data-end=\"2234\">Toimialat:<\/h3>\n<ul>\n<li data-start=\"2237\" data-end=\"2266\">Rakentaminen ja k\u00e4sity\u00f6alat<\/li>\n<li data-start=\"2269\" data-end=\"2294\">Kuljetus ja varastointi<\/li>\n<li data-start=\"2297\" data-end=\"2315\">Kevyt teollisuus<\/li>\n<\/ul>\n<p data-start=\"2317\" data-end=\"2400\"><strong>Sukupuoli:<\/strong> Unisex<br data-start=\"2334\" data-end=\"2337\" \/><strong>Paino:<\/strong> 0,6030 kg (yhden keng\u00e4n paino koossa 42)<br data-start=\"2384\" data-end=\"2387\" \/><strong>Koot:<\/strong> 39\u201348<\/p>\n","protected":false},"excerpt":{"rendered":"<p>BRYNJE LAB Textile on sneaker-tyylinen, suljettu S3S-turvakenk\u00e4, jossa yhdistyv\u00e4t hengitt\u00e4v\u00e4 ja vett\u00e4 hylkiv\u00e4 30 % kierr\u00e4tetty tekstiilip\u00e4\u00e4llinen sek\u00e4 urheilusta tuttu NRGize Foam -energianpalautus. BOA\u00ae Fit System ja HeelCTRL parantavat istuvuutta ja vakautta. NanoToe\u2122-k\u00e4rkisuoja ja kevlar-naulaanastumissuoja (3 mm) tekev\u00e4t siit\u00e4 kest\u00e4v\u00e4n valinnan rakennus-, varasto- ja kevyen teollisuuden k\u00e4ytt\u00f6\u00f6n.<\/p>\n","protected":false},"featured_media":111888,"comment_status":"closed","ping_status":"closed","template":"","meta":[],"product_brand":[],"product_cat":[1014],"product_tag":[1011],"class_list":{"0":"post-111683","1":"product","2":"type-product","3":"status-publish","4":"has-post-thumbnail","6":"product_cat-brynje","7":"product_tag-sikaff","8":"pa_brand-brynje","9":"pa_color-svart","10":"pa_size-1021","11":"pa_size-697","12":"pa_size-1022","13":"pa_size-698","14":"pa_size-1023","15":"pa_size-699","16":"pa_size-1024","17":"pa_size-700","18":"pa_size-1025","19":"pa_size-945","21":"first","22":"instock","23":"shipping-taxable","24":"purchasable","25":"product-type-variable"},"_links":{"self":[{"href":"https:\/\/arcticas.fi\/fi\/wp-json\/wp\/v2\/product\/111683","targetHints":{"allow":["GET"]}}],"collection":[{"href":"https:\/\/arcticas.fi\/fi\/wp-json\/wp\/v2\/product"}],"about":[{"href":"https:\/\/arcticas.fi\/fi\/wp-json\/wp\/v2\/types\/product"}],"replies":[{"embeddable":true,"href":"https:\/\/arcticas.fi\/fi\/wp-json\/wp\/v2\/comments?post=111683"}],"wp:featuredmedia":[{"embeddable":true,"href":"https:\/\/arcticas.fi\/fi\/wp-json\/wp\/v2\/media\/111888"}],"wp:attachment":[{"href":"https:\/\/arcticas.fi\/fi\/wp-json\/wp\/v2\/media?parent=111683"}],"wp:term":[{"taxonomy":"product_brand","embeddable":true,"href":"https:\/\/arcticas.fi\/fi\/wp-json\/wp\/v2\/product_brand?post=111683"},{"taxonomy":"product_cat","embeddable":true,"href":"https:\/\/arcticas.fi\/fi\/wp-json\/wp\/v2\/product_cat?post=111683"},{"taxonomy":"product_tag","embeddable":true,"href":"https:\/\/arcticas.fi\/fi\/wp-json\/wp\/v2\/product_tag?post=111683"}],"curies":[{"name":"wp","href":"https:\/\/api.w.org\/{rel}","templated":true}]}}