{"id":111667,"date":"2026-02-26T17:29:16","date_gmt":"2026-02-26T17:29:16","guid":{"rendered":"https:\/\/arcticas.fi\/fi\/?post_type=product&#038;p=111667"},"modified":"2026-03-08T09:07:45","modified_gmt":"2026-03-08T09:07:45","slug":"brynje-lab-open-turvasandaali-s1ps-boa-esd","status":"publish","type":"product","link":"https:\/\/arcticas.fi\/fi\/product\/brynje-lab-open-turvasandaali-s1ps-boa-esd\/","title":{"rendered":"BRYNJE LAB Open Turvasandaali S1PS BOA ESD"},"content":{"rendered":"<p>Avoin turvasandaali suurilla ilmanvaihtoaukoilla, jotka takaavat erinomaisen hengitt\u00e4vyyden, sek\u00e4 p\u00e4\u00e4llinen kest\u00e4v\u00e4st\u00e4 mikrokuidusta, josta 30 % on kierr\u00e4tetty\u00e4. Innovatiivinen pohjarakenne sis\u00e4lt\u00e4\u00e4 ylim\u00e4\u00e4r\u00e4isen NRGize Foam -insertin, joka tarjoaa voimakkaan energianpalautuksen \u2013 materiaali suoraan urheilumaailmasta. Pohja koostuu kest\u00e4v\u00e4st\u00e4 kumisesta ulkopohjasta ja EVA-vaahtomuovisesta v\u00e4lipohjasta<a href=\"https:\/\/arcticas.fi\/fi\/product\/brynje-lab-open-shoe-boa-100102\/\" target=\"_blank\" rel=\"noopener\">,<\/a> jotka suojaavat NRGize Foam -insertti\u00e4. Insert palauttaa jokaisen askeleen energian takaisin jaloillesi. HeelCTRL-insertti stabiloi kantap\u00e4\u00e4n ja auttaa varmistamaan erinomaisen istuvuuden. Kenk\u00e4 kiristet\u00e4\u00e4n ja l\u00f6ys\u00e4t\u00e4\u00e4n BOA\u00ae Fit System -j\u00e4rjestelm\u00e4ll\u00e4, joka sijaitsee PrimeFIT-kielen yl\u00e4osassa. Ohut PrimeFIT-kieli muotoutuu jalkasi mukaan ja tuntuu mukavalta. Pohjallinen on sekoitus kierr\u00e4tetty\u00e4, uudelleenk\u00e4ytetty\u00e4 (upcycled) ja biopohjaista PU-vaahtoa, ja siin\u00e4 on CoolMax-p\u00e4\u00e4llinen optimoitua hengitt\u00e4vyytt\u00e4 ja kosteuden siirtoa varten. Kevyt ja kest\u00e4v\u00e4 NanoToe\u2122-varvassuoja on valmistettu hiilen ja komposiitin yhdistelm\u00e4st\u00e4. Suojaava kevlar-v\u00e4lipohja antaa suojan jopa 3 mm nauloja vastaan. Kest\u00e4v\u00e4, hyv\u00e4ksytty ProNose-muotoiltu TPU-suoja. Sertifioitu standardin EN ISO 20345:2022 mukaisesti. ESD-hyv\u00e4ksytty ja PVC-vapaa.<\/p>\n<hr \/>\n<p><img loading=\"lazy\" decoding=\"async\" class=\"mb-2\" title=\"SR,S1PS\" src=\"https:\/\/www.sikafootwear.eu\/Files\/Templates\/designs\/sika\/_assets\/img\/sika-icons\/sika-icon-godkendelse-s1ps.png\" alt=\"SR,S1PS\" width=\"45\" height=\"45\" \/>\u00a0<img loading=\"lazy\" decoding=\"async\" class=\"mb-2\" title=\"sr\" src=\"https:\/\/www.sikafootwear.eu\/Files\/Templates\/designs\/sika\/_assets\/img\/sika-icons\/sika-icon-skridsikkerhed-sr.png\" alt=\"sr\" width=\"45\" height=\"45\" \/>\u00a0<img loading=\"lazy\" decoding=\"async\" class=\"mb-2\" title=\"nano\" src=\"https:\/\/www.sikafootwear.eu\/Files\/Templates\/designs\/sika\/_assets\/img\/sika-icons\/sika-icon-toeprotection-nano.png\" alt=\"nano\" width=\"45\" height=\"45\" \/>\u00a0<img loading=\"lazy\" decoding=\"async\" class=\"mb-2\" title=\"fiber\" src=\"https:\/\/www.sikafootwear.eu\/Files\/Templates\/designs\/sika\/_assets\/img\/sika-icons\/sika-icon-nailproctection-fiber.png\" alt=\"fiber\" width=\"45\" height=\"45\" \/>\u00a0<img loading=\"lazy\" decoding=\"async\" class=\"mb-2\" title=\"Oil and Gas Resistant\" src=\"https:\/\/www.sikafootwear.eu\/Files\/Templates\/designs\/sika\/_assets\/img\/sika-icons\/sika-icon-oilandgasresistant.png\" alt=\"Oil and Gas Resistant\" width=\"45\" height=\"45\" \/>\u00a0<img loading=\"lazy\" decoding=\"async\" class=\"mb-2\" title=\"Pro Nose\" src=\"https:\/\/www.sikafootwear.eu\/Files\/Templates\/designs\/sika\/_assets\/img\/sika-icons\/sika-icon-pronose.png\" alt=\"Pro Nose\" width=\"45\" height=\"45\" \/>\u00a0<img loading=\"lazy\" decoding=\"async\" class=\"mb-2\" title=\"ESD Approved\" src=\"https:\/\/www.sikafootwear.eu\/Files\/Templates\/designs\/sika\/_assets\/img\/sika-icons\/sika-icon-esdapproved.png\" alt=\"ESD Approved\" width=\"45\" height=\"45\" \/>\u00a0<img loading=\"lazy\" decoding=\"async\" class=\"mb-2\" title=\"Boa\u00ae Fit System\" src=\"https:\/\/www.sikafootwear.eu\/Files\/Templates\/designs\/sika\/_assets\/img\/sika-icons\/sika-icon-boa.png\" alt=\"Boa\u00ae Fit System\" width=\"45\" height=\"45\" \/><\/p>\n<h3>BRYNJE LAB Ominaisuudet<\/h3>\n<p data-start=\"1270\" data-end=\"2012\"><strong data-start=\"1270\" data-end=\"1282\">CE Normi<\/strong> EN ISO 20345:2022+A1:2024<br data-start=\"1308\" data-end=\"1311\" \/><strong data-start=\"1311\" data-end=\"1330\">CE-sertifiointi<\/strong> S1,PS,SC,FO<br data-start=\"1342\" data-end=\"1345\" \/><strong data-start=\"1345\" data-end=\"1354\">Sarja<\/strong> LAB<br data-start=\"1358\" data-end=\"1361\" \/><strong data-start=\"1361\" data-end=\"1374\">Ulkopohja<\/strong> Sis\u00e4lt\u00e4\u00e4 kest\u00e4v\u00e4n, liukastumista ehk\u00e4isev\u00e4n kumisen ulkopohjan, pehme\u00e4n ja iskunvaimentavan EVA-vaahtomuovisen v\u00e4lipohjan sek\u00e4 NRGize Foam -insertin, joka tarjoaa voimakkaan energianpalautuksen. HeelCTRL-insertti stabiloi kantap\u00e4\u00e4n ja auttaa varmistamaan erinomaisen istuvuuden.<br data-start=\"1653\" data-end=\"1656\" \/><strong data-start=\"1656\" data-end=\"1669\">P\u00e4\u00e4llinen<\/strong> Kest\u00e4v\u00e4 mikrokuitu, josta 30 % on kierr\u00e4tetty\u00e4.<br data-start=\"1717\" data-end=\"1720\" data-is-only-node=\"\" \/><strong data-start=\"1720\" data-end=\"1729\">Vuori<\/strong> Polyesteriverkko, jossa 30 % kierr\u00e4tetty\u00e4 materiaalia lis\u00e4hengitt\u00e4vyyden takaamiseksi.<br data-start=\"1816\" data-end=\"1819\" \/><strong data-start=\"1819\" data-end=\"1844\">Sis\u00e4pohja\/Pohjallinen<\/strong> Pohjallinen on sekoitus kierr\u00e4tetty\u00e4, upcycled- ja biopohjaista PU-vaahtoa, ja siin\u00e4 on CoolMax-p\u00e4\u00e4llinen optimoitua hengitt\u00e4vyytt\u00e4 varten.<\/p>\n<h3 data-start=\"1270\" data-end=\"2012\"><strong data-start=\"1987\" data-end=\"2010\">Erityisominaisuudet<\/strong><\/h3>\n<ul>\n<li data-start=\"2015\" data-end=\"2066\">Voimakas energianpalautus NRGize Foam -insertill\u00e4<\/li>\n<li data-start=\"2069\" data-end=\"2079\">HeelCTRL<\/li>\n<li data-start=\"2082\" data-end=\"2099\">BOA\u00ae Fit System<\/li>\n<li data-start=\"2102\" data-end=\"2118\">PrimeFit-kieli<\/li>\n<li data-start=\"2121\" data-end=\"2143\">T\u00e4ydellinen istuvuus<\/li>\n<li data-start=\"2146\" data-end=\"2174\">30 % kierr\u00e4tetty p\u00e4\u00e4llinen<\/li>\n<li data-start=\"2177\" data-end=\"2249\">Kierr\u00e4tetty, upcycled- ja biopohjainen pohjallinen CoolMax-p\u00e4\u00e4llisell\u00e4<\/li>\n<\/ul>\n<h3 data-start=\"2251\" data-end=\"2266\"><strong data-start=\"2251\" data-end=\"2264\">Toimialat<\/strong><\/h3>\n<ul>\n<li data-start=\"2269\" data-end=\"2298\">Rakentaminen ja k\u00e4sity\u00f6alat<\/li>\n<li data-start=\"2301\" data-end=\"2326\">Kuljetus ja varastointi<\/li>\n<li data-start=\"2329\" data-end=\"2347\">Kevyt teollisuus<\/li>\n<\/ul>\n<p data-start=\"2349\" data-end=\"2450\"><strong data-start=\"2349\" data-end=\"2362\">Sukupuoli<\/strong> Unisex<br data-start=\"2369\" data-end=\"2372\" \/><strong data-start=\"2372\" data-end=\"2381\">Paino<\/strong> 0,5770 kg, Paino on yhden keng\u00e4n paino koossa 42<br data-start=\"2431\" data-end=\"2434\" \/><strong data-start=\"2434\" data-end=\"2442\">Koot<\/strong> 39\u201348<\/p>\n","protected":false},"excerpt":{"rendered":"<p>BRYNJE LAB Open on kevyt ja hengitt\u00e4v\u00e4 turvasandaali ty\u00f6maille, varastoihin ja kevyeseen teollisuuteen. Suuret ilmanvaihtoaukot, BOA\u00ae Fit System ja PrimeFit-kieli takaavat tarkan istuvuuden. NRGize Foam -energianpalautus, HeelCTRL-kantap\u00e4\u00e4n tuki sek\u00e4 NanoToe\u2122-varvassuoja lis\u00e4\u00e4v\u00e4t mukavuutta ja turvallisuutta. EN ISO 20345:2022+A1:2024, ESD-hyv\u00e4ksytty, PVC-vapaa.<\/p>\n","protected":false},"featured_media":111882,"comment_status":"closed","ping_status":"closed","template":"","meta":[],"product_brand":[],"product_cat":[1014],"product_tag":[1011],"class_list":{"0":"post-111667","1":"product","2":"type-product","3":"status-publish","4":"has-post-thumbnail","6":"product_cat-brynje","7":"product_tag-sikaff","8":"pa_brand-brynje","9":"pa_color-svart","10":"pa_size-1021","11":"pa_size-697","12":"pa_size-1022","13":"pa_size-698","14":"pa_size-1023","15":"pa_size-699","16":"pa_size-1024","17":"pa_size-700","18":"pa_size-1025","19":"pa_size-945","21":"first","22":"instock","23":"shipping-taxable","24":"purchasable","25":"product-type-variable"},"_links":{"self":[{"href":"https:\/\/arcticas.fi\/fi\/wp-json\/wp\/v2\/product\/111667","targetHints":{"allow":["GET"]}}],"collection":[{"href":"https:\/\/arcticas.fi\/fi\/wp-json\/wp\/v2\/product"}],"about":[{"href":"https:\/\/arcticas.fi\/fi\/wp-json\/wp\/v2\/types\/product"}],"replies":[{"embeddable":true,"href":"https:\/\/arcticas.fi\/fi\/wp-json\/wp\/v2\/comments?post=111667"}],"wp:featuredmedia":[{"embeddable":true,"href":"https:\/\/arcticas.fi\/fi\/wp-json\/wp\/v2\/media\/111882"}],"wp:attachment":[{"href":"https:\/\/arcticas.fi\/fi\/wp-json\/wp\/v2\/media?parent=111667"}],"wp:term":[{"taxonomy":"product_brand","embeddable":true,"href":"https:\/\/arcticas.fi\/fi\/wp-json\/wp\/v2\/product_brand?post=111667"},{"taxonomy":"product_cat","embeddable":true,"href":"https:\/\/arcticas.fi\/fi\/wp-json\/wp\/v2\/product_cat?post=111667"},{"taxonomy":"product_tag","embeddable":true,"href":"https:\/\/arcticas.fi\/fi\/wp-json\/wp\/v2\/product_tag?post=111667"}],"curies":[{"name":"wp","href":"https:\/\/api.w.org\/{rel}","templated":true}]}}