{"id":111666,"date":"2026-02-26T17:29:15","date_gmt":"2026-02-26T17:29:15","guid":{"rendered":"https:\/\/arcticas.fi\/fi\/?post_type=product&#038;p=111666"},"modified":"2026-03-08T08:48:36","modified_gmt":"2026-03-08T08:48:36","slug":"brynje-arctic-talviturvasaapas-s7l","status":"publish","type":"product","link":"https:\/\/arcticas.fi\/fi\/product\/brynje-arctic-talviturvasaapas-s7l\/","title":{"rendered":"BRYNJE Arctic Talviturvasaapas S7L"},"content":{"rendered":"<p data-start=\"42\" data-end=\"853\">L\u00e4mmin, kest\u00e4v\u00e4 ja vakaa talviturvasaapas BOA\u00ae Fit System -kiristysj\u00e4rjestelm\u00e4ll\u00e4, CE-sertifioitu uuden vuoden 2022 standardin mukaisesti. Kest\u00e4v\u00e4 nubukki ja joustava tekstiilip\u00e4\u00e4llinen, jossa vedenpit\u00e4v\u00e4 B-dry-kalvo. Pehme\u00e4 plush-vuori<a href=\"https:\/\/arcticas.fi\/fi\/product\/brynje-arctic-s7l-sr-101601\/\" target=\"_blank\" rel=\"noopener\">,<\/a> ja varren yl\u00e4osassa sis\u00e4puolella verkkokangas hengitt\u00e4vyyden varmistamiseksi. Vahva, pit\u00e4v\u00e4 ja liukastumista ehk\u00e4isev\u00e4 kuminen ulkopohja sek\u00e4 iskunvaimentava EVA-v\u00e4lipohja. Jalkaholvin kohdalla oleva stabilisaattori pit\u00e4\u00e4 jalan vakaana my\u00f6s ep\u00e4tasaisessa maastossa. Sis\u00e4pohja on iskunvaimentava, hengitt\u00e4v\u00e4 ja kosteutta siirt\u00e4v\u00e4, ja se on valmistettu kierr\u00e4tysmateriaaleista (upcycled) sis\u00e4lt\u00e4en PU-vaahtoa ja Memory Foam -materiaalia. Varustettu TPU ProNose -vahvikkeella, suljetulla kielekkeell\u00e4, heijastavilla yksityiskohdilla ja PVC-vapaana. Saatavana koosta 36 alkaen.<\/p>\n<hr \/>\n<p><img loading=\"lazy\" decoding=\"async\" class=\"mb-2\" title=\"s7l,SR\" src=\"https:\/\/www.sikafootwear.eu\/Files\/Templates\/designs\/sika\/_assets\/img\/sika-icons\/sika-icon-godkendelse-s7l.png\" alt=\"s7l,SR\" width=\"45\" height=\"45\" \/>\u00a0<img loading=\"lazy\" decoding=\"async\" class=\"mb-2\" title=\"sr\" src=\"https:\/\/www.sikafootwear.eu\/Files\/Templates\/designs\/sika\/_assets\/img\/sika-icons\/sika-icon-skridsikkerhed-sr.png\" alt=\"sr\" width=\"45\" height=\"45\" \/>\u00a0<img loading=\"lazy\" decoding=\"async\" class=\"mb-2\" title=\"composite\" src=\"https:\/\/www.sikafootwear.eu\/Files\/Templates\/designs\/sika\/_assets\/img\/sika-icons\/sika-icon-toeprotection-composite.png\" alt=\"composite\" width=\"45\" height=\"45\" \/>\u00a0<img loading=\"lazy\" decoding=\"async\" class=\"mb-2\" title=\"fiber\" src=\"https:\/\/www.sikafootwear.eu\/Files\/Templates\/designs\/sika\/_assets\/img\/sika-icons\/sika-icon-nailproctection-fiber.png\" alt=\"fiber\" width=\"45\" height=\"45\" \/>\u00a0<img loading=\"lazy\" decoding=\"async\" class=\"mb-2\" title=\"Oil and Gas Resistant\" src=\"https:\/\/www.sikafootwear.eu\/Files\/Templates\/designs\/sika\/_assets\/img\/sika-icons\/sika-icon-oilandgasresistant.png\" alt=\"Oil and Gas Resistant\" width=\"45\" height=\"45\" \/>\u00a0<img loading=\"lazy\" decoding=\"async\" class=\"mb-2\" title=\"Pro Nose\" src=\"https:\/\/www.sikafootwear.eu\/Files\/Templates\/designs\/sika\/_assets\/img\/sika-icons\/sika-icon-pronose.png\" alt=\"Pro Nose\" width=\"45\" height=\"45\" \/>\u00a0<img loading=\"lazy\" decoding=\"async\" class=\"mb-2\" title=\"Isolation Against Cold\" src=\"https:\/\/www.sikafootwear.eu\/Files\/Templates\/designs\/sika\/_assets\/img\/sika-icons\/sika-icon-isolationagainstcold.png\" alt=\"Isolation Against Cold\" width=\"45\" height=\"45\" \/>\u00a0<img loading=\"lazy\" decoding=\"async\" class=\"mb-2\" title=\"Water Tight Membrane\" src=\"https:\/\/www.sikafootwear.eu\/Files\/Templates\/designs\/sika\/_assets\/img\/sika-icons\/sika-icon-watertightmembrane.png\" alt=\"Water Tight Membrane\" width=\"45\" height=\"45\" \/>\u00a0<img loading=\"lazy\" decoding=\"async\" class=\"mb-2\" title=\"Boa\u00ae Fit System\" src=\"https:\/\/www.sikafootwear.eu\/Files\/Templates\/designs\/sika\/_assets\/img\/sika-icons\/sika-icon-boa.png\" alt=\"Boa\u00ae Fit System\" width=\"45\" height=\"45\" \/><\/p>\n<h3>BRYNJE Arctic Ominaisuudet<\/h3>\n<p data-start=\"855\" data-end=\"1391\"><strong data-start=\"855\" data-end=\"867\">CE Normi<\/strong> EN ISO 20345:2022<br data-start=\"885\" data-end=\"888\" \/><strong data-start=\"888\" data-end=\"907\">CE-sertifiointi<\/strong> S7L, CI, SC, FO<br data-start=\"923\" data-end=\"926\" \/><strong data-start=\"926\" data-end=\"935\">Sarja<\/strong> Terrain<br data-start=\"943\" data-end=\"946\" \/><strong data-start=\"946\" data-end=\"959\">Ulkopohja<\/strong> Kest\u00e4v\u00e4 ja liukastumista ehk\u00e4isev\u00e4 kuminen ulkopohja, jossa iskunvaimentava EVA-v\u00e4lipohja.<br data-start=\"1050\" data-end=\"1053\" \/><strong data-start=\"1053\" data-end=\"1066\">P\u00e4\u00e4llinen<\/strong> P\u00e4\u00e4llinen on yhdistelm\u00e4 kest\u00e4v\u00e4\u00e4 nubukkia ja joustavaa tekstiili\u00e4, jossa vedenpit\u00e4v\u00e4 B-dry-kalvo.<br data-start=\"1164\" data-end=\"1167\" data-is-only-node=\"\" \/><strong data-start=\"1167\" data-end=\"1176\">Vuori<\/strong> L\u00e4mmin plush-vuori, varressa verkkokangasta.<br data-start=\"1221\" data-end=\"1224\" \/><strong data-start=\"1224\" data-end=\"1249\">Sis\u00e4pohja\/pohjallinen<\/strong> Iskunvaimentava, hengitt\u00e4v\u00e4, kosteutta siirt\u00e4v\u00e4 ja kest\u00e4v\u00e4 sis\u00e4pohja, materiaaleina mm. PU-vaahto ja Memory Foam.<\/p>\n<h3 data-start=\"855\" data-end=\"1391\"><strong data-start=\"1366\" data-end=\"1389\">Erityisominaisuudet<\/strong><\/h3>\n<ul>\n<li data-start=\"1394\" data-end=\"1411\">BOA\u00ae Fit System<\/li>\n<li data-start=\"1414\" data-end=\"1439\">Vuorillinen talvisaapas<\/li>\n<li data-start=\"1442\" data-end=\"1461\">Vedenpit\u00e4v\u00e4 kalvo<\/li>\n<li data-start=\"1464\" data-end=\"1488\">Erist\u00e4\u00e4 kylm\u00e4\u00e4 vastaan<\/li>\n<li data-start=\"1491\" data-end=\"1504\">TPU ProNose<\/li>\n<li data-start=\"1507\" data-end=\"1535\">Heijastavat yksityiskohdat<\/li>\n<li data-start=\"1538\" data-end=\"1559\">Saatavana koosta 36<\/li>\n<\/ul>\n<h3 data-start=\"1561\" data-end=\"1576\"><strong data-start=\"1561\" data-end=\"1574\">Toimialat<\/strong><\/h3>\n<ul>\n<li data-start=\"1579\" data-end=\"1598\">Raskas teollisuus<\/li>\n<li data-start=\"1601\" data-end=\"1630\">Rakentaminen ja k\u00e4sity\u00f6alat<\/li>\n<\/ul>\n<p data-start=\"1632\" data-end=\"1730\"><strong data-start=\"1632\" data-end=\"1645\">Sukupuoli<\/strong> Unisex<br data-start=\"1652\" data-end=\"1655\" \/><strong data-start=\"1655\" data-end=\"1664\">Paino<\/strong> 0,812 kg, Paino on yhdelle keng\u00e4lle koossa 42<br data-start=\"1711\" data-end=\"1714\" \/><strong data-start=\"1714\" data-end=\"1722\">Koot<\/strong> 36\u201347<\/p>\n","protected":false},"excerpt":{"rendered":"<p>BRYNJE Arctic on l\u00e4mmin ja vedenpit\u00e4v\u00e4 talviturvasaapas vaativiin olosuhteisiin. BOA\u00ae Fit System takaa nopean ja tarkan istuvuuden, ja B-dry-kalvo pit\u00e4\u00e4 jalat kuivina. Pit\u00e4v\u00e4 kumipohja ja iskunvaimentava EVA-v\u00e4lipohja lis\u00e4\u00e4v\u00e4t mukavuutta, kun taas holvin stabilisaattori parantaa vakautta. EN ISO 20345:2022 -sertifioitu (S7L, CI, SC, FO), koot 36\u201347.<\/p>\n","protected":false},"featured_media":111876,"comment_status":"closed","ping_status":"closed","template":"","meta":[],"product_brand":[],"product_cat":[1014],"product_tag":[1011],"class_list":{"0":"post-111666","1":"product","2":"type-product","3":"status-publish","4":"has-post-thumbnail","6":"product_cat-brynje","7":"product_tag-sikaff","8":"pa_brand-brynje","9":"pa_color-svart","10":"pa_size-701","11":"pa_size-1020","12":"pa_size-702","13":"pa_size-1021","14":"pa_size-697","15":"pa_size-1022","16":"pa_size-698","17":"pa_size-1023","18":"pa_size-699","19":"pa_size-1024","20":"pa_size-700","21":"pa_size-1025","23":"first","24":"instock","25":"shipping-taxable","26":"purchasable","27":"product-type-variable"},"_links":{"self":[{"href":"https:\/\/arcticas.fi\/fi\/wp-json\/wp\/v2\/product\/111666","targetHints":{"allow":["GET"]}}],"collection":[{"href":"https:\/\/arcticas.fi\/fi\/wp-json\/wp\/v2\/product"}],"about":[{"href":"https:\/\/arcticas.fi\/fi\/wp-json\/wp\/v2\/types\/product"}],"replies":[{"embeddable":true,"href":"https:\/\/arcticas.fi\/fi\/wp-json\/wp\/v2\/comments?post=111666"}],"wp:featuredmedia":[{"embeddable":true,"href":"https:\/\/arcticas.fi\/fi\/wp-json\/wp\/v2\/media\/111876"}],"wp:attachment":[{"href":"https:\/\/arcticas.fi\/fi\/wp-json\/wp\/v2\/media?parent=111666"}],"wp:term":[{"taxonomy":"product_brand","embeddable":true,"href":"https:\/\/arcticas.fi\/fi\/wp-json\/wp\/v2\/product_brand?post=111666"},{"taxonomy":"product_cat","embeddable":true,"href":"https:\/\/arcticas.fi\/fi\/wp-json\/wp\/v2\/product_cat?post=111666"},{"taxonomy":"product_tag","embeddable":true,"href":"https:\/\/arcticas.fi\/fi\/wp-json\/wp\/v2\/product_tag?post=111666"}],"curies":[{"name":"wp","href":"https:\/\/api.w.org\/{rel}","templated":true}]}}