{"id":111651,"date":"2026-02-26T17:28:51","date_gmt":"2026-02-26T17:28:51","guid":{"rendered":"https:\/\/arcticas.fi\/fi\/?post_type=product&#038;p=111651"},"modified":"2026-03-08T09:08:00","modified_gmt":"2026-03-08T09:08:00","slug":"brynje-bolt-turvakengat-s1pl-esd","status":"publish","type":"product","link":"https:\/\/arcticas.fi\/fi\/product\/brynje-bolt-turvakengat-s1pl-esd\/","title":{"rendered":"BRYNJE Bolt Turvakeng\u00e4t S1PL ESD"},"content":{"rendered":"<div class=\"e-product-text-container\">\n<div class=\"e-product-text\">\n<p data-start=\"69\" data-end=\"425\">Urheilulliset turvakeng\u00e4t, jotka on sertifioitu uusien 2022-standardien mukaisesti. P\u00e4\u00e4llinen on hengitt\u00e4v\u00e4\u00e4 ja ilmastoivaa mesh-kangasta, joten keng\u00e4t sopivat erinomaisesti l\u00e4mpimiin jalkoihin ja l\u00e4mpimiin p\u00e4iviin. Keng\u00e4ss\u00e4 on elastinen \u201cslip on\u201d -rakenne, jonka ansiosta saat keng\u00e4n helposti jalkaan ilman ponnistelua. Nauhat tarvitsee sitoa vain kerran.<\/p>\n<p data-start=\"427\" data-end=\"797\">ProNose on valmistettu eritt\u00e4in kest\u00e4v\u00e4st\u00e4 KPU-materiaalista, ja se on hyv\u00e4ksytty 2022-standardien mukaisesti sek\u00e4 suositeltu polvillaan teht\u00e4viin t\u00f6ihin. Pohja on eritt\u00e4in liukastumista est\u00e4v\u00e4\u00e4 ja iskunvaimentavaa PU\/kumia hyv\u00e4n pidon takaamiseksi<a href=\"https:\/\/arcticas.fi\/fi\/product\/brynje-bolt-s1pl-sr-3102\/\" target=\"_blank\" rel=\"noopener\">,<\/a> ja siin\u00e4 on kaksi eri v\u00e4ri\u00e4. T\u00e4m\u00e4 saa keng\u00e4t erottumaan, naamioi likaa ja tekee jokaisesta keng\u00e4st\u00e4 t\u00e4ysin yksil\u00f6llisen.<\/p>\n<p data-start=\"799\" data-end=\"1085\">Pohjan rakenne v\u00e4hent\u00e4\u00e4 kantaluuhun kohdistuvaa kuormitusta ja jakaa paineen koko kantap\u00e4\u00e4n alueelle. Pehme\u00e4, hengitt\u00e4v\u00e4 ja iskunvaimentava sis\u00e4pohja tarjoaa erinomaisen mukavuuden ja v\u00e4hent\u00e4\u00e4 painetta niveliss\u00e4, jaloissa, s\u00e4\u00e4riss\u00e4 ja sel\u00e4ss\u00e4. ESD-hyv\u00e4ksytty, PVC-vapaa ja metallivapaa.<\/p>\n<\/div>\n<\/div>\n<hr \/>\n<div class=\"sika-productdetails-icons\"><img loading=\"lazy\" decoding=\"async\" class=\"mb-2\" title=\"SR,S1PL\" src=\"https:\/\/www.sikafootwear.eu\/Files\/Templates\/designs\/sika\/_assets\/img\/sika-icons\/sika-icon-godkendelse-s1pl.png\" alt=\"SR,S1PL\" width=\"45\" height=\"45\" \/>\u00a0<img loading=\"lazy\" decoding=\"async\" class=\"mb-2\" title=\"sr\" src=\"https:\/\/www.sikafootwear.eu\/Files\/Templates\/designs\/sika\/_assets\/img\/sika-icons\/sika-icon-skridsikkerhed-sr.png\" alt=\"sr\" width=\"45\" height=\"45\" \/>\u00a0<img loading=\"lazy\" decoding=\"async\" class=\"mb-2\" title=\"composite\" src=\"https:\/\/www.sikafootwear.eu\/Files\/Templates\/designs\/sika\/_assets\/img\/sika-icons\/sika-icon-toeprotection-composite.png\" alt=\"composite\" width=\"45\" height=\"45\" \/>\u00a0<img loading=\"lazy\" decoding=\"async\" class=\"mb-2\" title=\"fiber\" src=\"https:\/\/www.sikafootwear.eu\/Files\/Templates\/designs\/sika\/_assets\/img\/sika-icons\/sika-icon-nailproctection-fiber.png\" alt=\"fiber\" width=\"45\" height=\"45\" \/>\u00a0<img loading=\"lazy\" decoding=\"async\" class=\"mb-2\" title=\"Oil and Gas Resistant\" src=\"https:\/\/www.sikafootwear.eu\/Files\/Templates\/designs\/sika\/_assets\/img\/sika-icons\/sika-icon-oilandgasresistant.png\" alt=\"Oil and Gas Resistant\" width=\"45\" height=\"45\" \/>\u00a0<img loading=\"lazy\" decoding=\"async\" class=\"mb-2\" title=\"Pro Nose\" src=\"https:\/\/www.sikafootwear.eu\/Files\/Templates\/designs\/sika\/_assets\/img\/sika-icons\/sika-icon-pronose.png\" alt=\"Pro Nose\" width=\"45\" height=\"45\" \/>\u00a0<img loading=\"lazy\" decoding=\"async\" class=\"mb-2\" title=\"ESD Approved\" src=\"https:\/\/www.sikafootwear.eu\/Files\/Templates\/designs\/sika\/_assets\/img\/sika-icons\/sika-icon-esdapproved.png\" alt=\"ESD Approved\" width=\"45\" height=\"45\" \/>\u00a0<img loading=\"lazy\" decoding=\"async\" class=\"mb-2\" title=\"Metal Free\" src=\"https:\/\/www.sikafootwear.eu\/Files\/Templates\/designs\/sika\/_assets\/img\/sika-icons\/sika-icon-metalfree.png\" alt=\"Metal Free\" width=\"45\" height=\"45\" \/><\/div>\n<h3 class=\"sika-productdetails-icons\"><span style=\"text-align: center;\">BRYNJE Bolt Ominaisuudet<\/span><\/h3>\n<div>\n<p data-start=\"1109\" data-end=\"1194\"><strong data-start=\"1109\" data-end=\"1122\">CE-normi:<\/strong> EN ISO 20345:2022<br data-start=\"1140\" data-end=\"1143\" \/><strong data-start=\"1143\" data-end=\"1159\">CE-luokitus:<\/strong> S1, PL, SC, FO<br data-start=\"1174\" data-end=\"1177\" \/><strong data-start=\"1177\" data-end=\"1187\">Sarja:<\/strong> 3000<br \/>\n<strong data-start=\"1196\" data-end=\"1210\">Ulkopohja:<\/strong> Joustava, kest\u00e4v\u00e4 ja eritt\u00e4in liukastumista est\u00e4v\u00e4 PU\/kumipohja ainutlaatuisilla design-yksityiskohdilla.<br data-start=\"1316\" data-end=\"1319\" \/><strong data-start=\"1319\" data-end=\"1333\">P\u00e4\u00e4llinen:<\/strong> Ilmastoiva, kest\u00e4v\u00e4 ja hengitt\u00e4v\u00e4 100 % polyesteri-mesh.<br data-start=\"1390\" data-end=\"1393\" \/><strong data-start=\"1393\" data-end=\"1403\">Vuori:<\/strong> Kest\u00e4v\u00e4 ja hengitt\u00e4v\u00e4 polyesterivuori, lis\u00e4n\u00e4 mikrokuituinen kantavahvike.<br data-start=\"1478\" data-end=\"1481\" \/><strong data-start=\"1481\" data-end=\"1507\">Sis\u00e4pohja\/pohjallinen:<\/strong> Iskunvaimentava, hengitt\u00e4v\u00e4, kosteutta siirt\u00e4v\u00e4 ja kest\u00e4v\u00e4 PU-sis\u00e4pohja.<\/p>\n<h3 data-start=\"1584\" data-end=\"1610\"><strong data-start=\"1584\" data-end=\"1608\">Erikoisominaisuudet:<\/strong><\/h3>\n<ul>\n<li data-start=\"1613\" data-end=\"1632\">Slip on -muotoilu<\/li>\n<li data-start=\"1635\" data-end=\"1717\">Eritt\u00e4in kevyt ja joustava CoverCoat\u00ae-kuituinen naulaanastumissuojattu v\u00e4lipohja<\/li>\n<li data-start=\"1720\" data-end=\"1736\">ESD-hyv\u00e4ksytty<\/li>\n<li data-start=\"1739\" data-end=\"1752\">KPU ProNose<\/li>\n<li data-start=\"1755\" data-end=\"1769\">Metallivapaa<\/li>\n<\/ul>\n<h3 data-start=\"1771\" data-end=\"1787\"><strong data-start=\"1771\" data-end=\"1785\">Toimialat:<\/strong><\/h3>\n<ul>\n<li data-start=\"1790\" data-end=\"1819\">Rakentaminen ja k\u00e4sity\u00f6alat<\/li>\n<li data-start=\"1822\" data-end=\"1840\">Kevyt teollisuus<\/li>\n<\/ul>\n<p data-start=\"1842\" data-end=\"1928\"><strong data-start=\"1842\" data-end=\"1856\">Sukupuoli:<\/strong> Unisex<br data-start=\"1863\" data-end=\"1866\" \/><strong data-start=\"1866\" data-end=\"1876\">Paino:<\/strong> 0,598 kg (yksi kenk\u00e4 koossa 42)<br data-start=\"1908\" data-end=\"1911\" \/><strong data-start=\"1911\" data-end=\"1920\">Koot:<\/strong> 39\u201348<\/p>\n<\/div>\n","protected":false},"excerpt":{"rendered":"<p>BRYNJE Bolt on urheilullinen ja kevyt turvakenk\u00e4, sertifioitu EN ISO 20345:2022 -standardin mukaan (S1, PL, SC, FO). Hengitt\u00e4v\u00e4 polyesteri-mesh ja slip on -rakenne tekev\u00e4t siit\u00e4 mukavan l\u00e4mpimiin p\u00e4iviin. KPU ProNose kest\u00e4\u00e4 polvillaan ty\u00f6skentely\u00e4, ja PU\/kumipohja tarjoaa erinomaisen pidon ja iskunvaimennuksen. ESD-hyv\u00e4ksytty, metallivapaa ja PVC-vapaa.<\/p>\n","protected":false},"featured_media":111866,"comment_status":"closed","ping_status":"closed","template":"","meta":[],"product_brand":[],"product_cat":[1014],"product_tag":[1011],"class_list":{"0":"post-111651","1":"product","2":"type-product","3":"status-publish","4":"has-post-thumbnail","6":"product_cat-brynje","7":"product_tag-sikaff","8":"pa_brand-brynje","9":"pa_color-svart","10":"pa_size-1021","11":"pa_size-697","12":"pa_size-1022","13":"pa_size-698","14":"pa_size-1023","15":"pa_size-699","16":"pa_size-1024","17":"pa_size-700","18":"pa_size-1025","19":"pa_size-945","21":"first","22":"instock","23":"shipping-taxable","24":"purchasable","25":"product-type-variable"},"_links":{"self":[{"href":"https:\/\/arcticas.fi\/fi\/wp-json\/wp\/v2\/product\/111651","targetHints":{"allow":["GET"]}}],"collection":[{"href":"https:\/\/arcticas.fi\/fi\/wp-json\/wp\/v2\/product"}],"about":[{"href":"https:\/\/arcticas.fi\/fi\/wp-json\/wp\/v2\/types\/product"}],"replies":[{"embeddable":true,"href":"https:\/\/arcticas.fi\/fi\/wp-json\/wp\/v2\/comments?post=111651"}],"wp:featuredmedia":[{"embeddable":true,"href":"https:\/\/arcticas.fi\/fi\/wp-json\/wp\/v2\/media\/111866"}],"wp:attachment":[{"href":"https:\/\/arcticas.fi\/fi\/wp-json\/wp\/v2\/media?parent=111651"}],"wp:term":[{"taxonomy":"product_brand","embeddable":true,"href":"https:\/\/arcticas.fi\/fi\/wp-json\/wp\/v2\/product_brand?post=111651"},{"taxonomy":"product_cat","embeddable":true,"href":"https:\/\/arcticas.fi\/fi\/wp-json\/wp\/v2\/product_cat?post=111651"},{"taxonomy":"product_tag","embeddable":true,"href":"https:\/\/arcticas.fi\/fi\/wp-json\/wp\/v2\/product_tag?post=111651"}],"curies":[{"name":"wp","href":"https:\/\/api.w.org\/{rel}","templated":true}]}}