{"id":111650,"date":"2026-02-26T17:28:51","date_gmt":"2026-02-26T17:28:51","guid":{"rendered":"https:\/\/arcticas.fi\/fi\/?post_type=product&#038;p=111650"},"modified":"2026-03-08T08:49:04","modified_gmt":"2026-03-08T08:49:04","slug":"brynje-shadow-turvakengat-s1pl-esd","status":"publish","type":"product","link":"https:\/\/arcticas.fi\/fi\/product\/brynje-shadow-turvakengat-s1pl-esd\/","title":{"rendered":"BRYNJE Shadow Turvakeng\u00e4t S1PL ESD"},"content":{"rendered":"<p data-start=\"42\" data-end=\"1111\">Sporttiset turvakeng\u00e4t, sertifioitu uusien vuoden 2022 standardien mukaisesti. P\u00e4\u00e4llinen on hengitt\u00e4v\u00e4\u00e4 ja hyvin tuulettuvaa mesh-kangasta, joten keng\u00e4t sopivat erinomaisesti l\u00e4mpimille jaloille ja l\u00e4mpimiin p\u00e4iviin. K\u00e4tev\u00e4 BOA\u00ae Fit System -kiristysmekanismi, joka kirist\u00e4\u00e4 ja l\u00f6ys\u00e4\u00e4 kenki\u00e4<a href=\"https:\/\/arcticas.fi\/fi\/product\/brynje-shadow-s1pl-sr-3101\/\" target=\"_blank\" rel=\"noopener\">,<\/a> sijaitsee PrimeFIT-kielen yl\u00e4osassa. Ohut PrimeFIT-kieli muotoutuu jalkaan ja tekee istuvuudesta mukavan. ProNose-k\u00e4rkisuoja on valmistettu eritt\u00e4in kest\u00e4v\u00e4st\u00e4 KPU-materiaalista, se on hyv\u00e4ksytty vuoden 2022 standardien mukaan ja sit\u00e4 suositellaan polvillaan teht\u00e4viin t\u00f6ihin. Ulkopohja on eritt\u00e4in liukastumista est\u00e4v\u00e4\u00e4 ja iskunvaimennettua PU\/kumia, joka tarjoaa hyv\u00e4n pidon, ja se on toteutettu kahdessa eri v\u00e4riss\u00e4. T\u00e4m\u00e4 tekee kengist\u00e4 n\u00e4ytt\u00e4v\u00e4t, auttaa peitt\u00e4m\u00e4\u00e4n lian ja tekee jokaisesta keng\u00e4st\u00e4 t\u00e4ysin yksil\u00f6llisen. Pohjan rakenne v\u00e4hent\u00e4\u00e4 kuormitusta kantaluuhun ja jakaa paineen koko kantap\u00e4\u00e4n alueelle. Pehme\u00e4, hengitt\u00e4v\u00e4 ja iskunvaimentava sis\u00e4pohja lis\u00e4\u00e4 k\u00e4ytt\u00f6mukavuutta ja v\u00e4hent\u00e4\u00e4 rasitusta niveliss\u00e4, jaloissa, s\u00e4\u00e4riss\u00e4 ja sel\u00e4ss\u00e4. ESD-hyv\u00e4ksytty ja PVC-vapaa.<\/p>\n<hr \/>\n<h3><img loading=\"lazy\" decoding=\"async\" class=\"mb-2\" title=\"SR,S1PL\" src=\"https:\/\/www.sikafootwear.eu\/Files\/Templates\/designs\/sika\/_assets\/img\/sika-icons\/sika-icon-godkendelse-s1pl.png\" alt=\"SR,S1PL\" width=\"45\" height=\"45\" \/>\u00a0\u00a0<img loading=\"lazy\" decoding=\"async\" class=\"mb-2\" title=\"sr\" src=\"https:\/\/www.sikafootwear.eu\/Files\/Templates\/designs\/sika\/_assets\/img\/sika-icons\/sika-icon-skridsikkerhed-sr.png\" alt=\"sr\" width=\"45\" height=\"45\" \/>\u00a0<img loading=\"lazy\" decoding=\"async\" class=\"mb-2\" title=\"alu\" src=\"https:\/\/www.sikafootwear.eu\/Files\/Templates\/designs\/sika\/_assets\/img\/sika-icons\/sika-icon-toeprotection-alu.png\" alt=\"alu\" width=\"45\" height=\"45\" \/>\u00a0<img loading=\"lazy\" decoding=\"async\" class=\"mb-2\" title=\"fiber\" src=\"https:\/\/www.sikafootwear.eu\/Files\/Templates\/designs\/sika\/_assets\/img\/sika-icons\/sika-icon-nailproctection-fiber.png\" alt=\"fiber\" width=\"45\" height=\"45\" \/>\u00a0<img loading=\"lazy\" decoding=\"async\" class=\"mb-2\" title=\"Oil and Gas Resistant\" src=\"https:\/\/www.sikafootwear.eu\/Files\/Templates\/designs\/sika\/_assets\/img\/sika-icons\/sika-icon-oilandgasresistant.png\" alt=\"Oil and Gas Resistant\" width=\"45\" height=\"45\" \/>\u00a0<img loading=\"lazy\" decoding=\"async\" class=\"mb-2\" title=\"Pro Nose\" src=\"https:\/\/www.sikafootwear.eu\/Files\/Templates\/designs\/sika\/_assets\/img\/sika-icons\/sika-icon-pronose.png\" alt=\"Pro Nose\" width=\"45\" height=\"45\" \/>\u00a0<img loading=\"lazy\" decoding=\"async\" class=\"mb-2\" title=\"ESD Approved\" src=\"https:\/\/www.sikafootwear.eu\/Files\/Templates\/designs\/sika\/_assets\/img\/sika-icons\/sika-icon-esdapproved.png\" alt=\"ESD Approved\" width=\"45\" height=\"45\" \/>\u00a0 <img loading=\"lazy\" decoding=\"async\" class=\"mb-2\" title=\"Boa\u00ae Fit System\" src=\"https:\/\/www.sikafootwear.eu\/Files\/Templates\/designs\/sika\/_assets\/img\/sika-icons\/sika-icon-boa.png\" alt=\"Boa\u00ae Fit System\" width=\"45\" height=\"45\" \/><\/h3>\n<div class=\"col-12 col-md-10 col-lg-8 col-xl-6 mx-auto\">\n<div id=\"collapse-PROD5547-00\" class=\"collapse-peek-content collapse show\">\n<div class=\"row\">\n<div class=\"col-12\">\n<h3>BRYNJE Shadow Ominaisuudet<\/h3>\n<p data-start=\"273\" data-end=\"362\"><strong data-start=\"273\" data-end=\"286\">CE-normi:<\/strong> EN ISO 20345:2022<br data-start=\"304\" data-end=\"307\" \/><strong data-start=\"307\" data-end=\"327\">CE-sertifiointi:<\/strong> S1, PL, SC, FO<br data-start=\"342\" data-end=\"345\" \/><strong data-start=\"345\" data-end=\"355\">Sarja:<\/strong> 3000<br \/>\n<strong data-start=\"364\" data-end=\"378\">Ulkopohja:<\/strong> Joustava, kest\u00e4v\u00e4 ja eritt\u00e4in liukastumista est\u00e4v\u00e4 PU\/kumipohja, jossa uniikkeja muotoiluyksityiskohtia.<br data-start=\"483\" data-end=\"486\" \/><strong data-start=\"486\" data-end=\"500\">P\u00e4\u00e4llinen:<\/strong> Tuulettuva ja hengitt\u00e4v\u00e4 100 % polyesterimesh.<br data-start=\"547\" data-end=\"550\" \/><strong data-start=\"550\" data-end=\"560\">Vuori:<\/strong> Kest\u00e4v\u00e4 ja hengitt\u00e4v\u00e4 polyesterivuori, jossa mikrofiiberivahvike kantap\u00e4\u00e4ss\u00e4.<br data-start=\"638\" data-end=\"641\" \/><strong data-start=\"641\" data-end=\"655\">Sis\u00e4pohja:<\/strong> Iskunvaimentava, hengitt\u00e4v\u00e4, hike\u00e4 siirt\u00e4v\u00e4 ja kest\u00e4v\u00e4 PU-sis\u00e4pohja.<\/p>\n<h3 data-start=\"728\" data-end=\"751\">Erityisominaisuudet<\/h3>\n<ul>\n<li data-start=\"754\" data-end=\"792\">BOA\u00ae Fit System -kiristysj\u00e4rjestelm\u00e4<\/li>\n<li data-start=\"795\" data-end=\"864\">Eritt\u00e4in kevyt ja joustava CoverCoat\u00ae-kuituinen naulaanastumissuoja<\/li>\n<li data-start=\"867\" data-end=\"883\">ESD-hyv\u00e4ksytty<\/li>\n<li data-start=\"886\" data-end=\"913\">KPU ProNose -k\u00e4rkivahvike<\/li>\n<\/ul>\n<h3 data-start=\"915\" data-end=\"931\"><strong data-start=\"915\" data-end=\"929\">Toimialat:<\/strong><\/h3>\n<ul>\n<li data-start=\"934\" data-end=\"955\">Rakennus ja k\u00e4sity\u00f6<\/li>\n<li data-start=\"958\" data-end=\"976\">Kevyt teollisuus<\/li>\n<\/ul>\n<p data-start=\"978\" data-end=\"1060\"><strong data-start=\"978\" data-end=\"992\">Sukupuoli:<\/strong> Unisex<br data-start=\"999\" data-end=\"1002\" \/><strong data-start=\"1002\" data-end=\"1012\">Paino:<\/strong> 0,593 kg (1 kenk\u00e4, koko 42)<br data-start=\"1040\" data-end=\"1043\" \/><strong data-start=\"1043\" data-end=\"1052\">Koot:<\/strong> 39\u201348<\/p>\n<\/div>\n<\/div>\n<\/div>\n<\/div>\n","protected":false},"excerpt":{"rendered":"<p>BRYNJE Shadow on sporttinen, EN ISO 20345:2022 -sertifioitu turvakenk\u00e4 (S1, PL, SC, FO) l\u00e4mpimiin ty\u00f6p\u00e4iviin. Hengitt\u00e4v\u00e4 polyesterimesh ja BOA\u00ae Fit System varmistavat nopean, tarkan istuvuuden. Eritt\u00e4in pit\u00e4v\u00e4 PU\/kumipohja vaimentaa iskuja, ja KPU ProNose kest\u00e4\u00e4 erityisesti polvillaan teht\u00e4v\u00e4\u00e4 ty\u00f6t\u00e4. ESD-hyv\u00e4ksytty, PVC-vapaa, koot 39\u201348.<\/p>\n","protected":false},"featured_media":111859,"comment_status":"closed","ping_status":"closed","template":"","meta":[],"product_brand":[],"product_cat":[1014],"product_tag":[1011],"class_list":{"0":"post-111650","1":"product","2":"type-product","3":"status-publish","4":"has-post-thumbnail","6":"product_cat-brynje","7":"product_tag-sikaff","8":"pa_brand-brynje","9":"pa_color-svart","10":"pa_size-1021","11":"pa_size-697","12":"pa_size-1022","13":"pa_size-698","14":"pa_size-1023","15":"pa_size-699","16":"pa_size-1024","17":"pa_size-700","18":"pa_size-1025","19":"pa_size-945","21":"first","22":"instock","23":"shipping-taxable","24":"purchasable","25":"product-type-variable"},"_links":{"self":[{"href":"https:\/\/arcticas.fi\/fi\/wp-json\/wp\/v2\/product\/111650","targetHints":{"allow":["GET"]}}],"collection":[{"href":"https:\/\/arcticas.fi\/fi\/wp-json\/wp\/v2\/product"}],"about":[{"href":"https:\/\/arcticas.fi\/fi\/wp-json\/wp\/v2\/types\/product"}],"replies":[{"embeddable":true,"href":"https:\/\/arcticas.fi\/fi\/wp-json\/wp\/v2\/comments?post=111650"}],"wp:featuredmedia":[{"embeddable":true,"href":"https:\/\/arcticas.fi\/fi\/wp-json\/wp\/v2\/media\/111859"}],"wp:attachment":[{"href":"https:\/\/arcticas.fi\/fi\/wp-json\/wp\/v2\/media?parent=111650"}],"wp:term":[{"taxonomy":"product_brand","embeddable":true,"href":"https:\/\/arcticas.fi\/fi\/wp-json\/wp\/v2\/product_brand?post=111650"},{"taxonomy":"product_cat","embeddable":true,"href":"https:\/\/arcticas.fi\/fi\/wp-json\/wp\/v2\/product_cat?post=111650"},{"taxonomy":"product_tag","embeddable":true,"href":"https:\/\/arcticas.fi\/fi\/wp-json\/wp\/v2\/product_tag?post=111650"}],"curies":[{"name":"wp","href":"https:\/\/api.w.org\/{rel}","templated":true}]}}