{"id":111649,"date":"2026-02-26T17:28:50","date_gmt":"2026-02-26T17:28:50","guid":{"rendered":"https:\/\/arcticas.fi\/fi\/?post_type=product&#038;p=111649"},"modified":"2026-03-08T08:50:46","modified_gmt":"2026-03-08T08:50:46","slug":"brynje-solid-2-0-pu-turvasaappaat-s5","status":"publish","type":"product","link":"https:\/\/arcticas.fi\/fi\/product\/brynje-solid-2-0-pu-turvasaappaat-s5\/","title":{"rendered":"BRYNJE Solid 2.0 PU-Turvasaappaat S5"},"content":{"rendered":"<div class=\"e-product-text-container\">\n<div class=\"e-product-text\">\n<p data-start=\"33\" data-end=\"567\">Kevyet, kest\u00e4v\u00e4t ja mukavat PU-saappaat, jotka antavat hyv\u00e4n tuen jalkaholvin, kantap\u00e4\u00e4n ja nilkan alueelle. Liukastumista est\u00e4v\u00e4 ja itsepuhdistuva ulkopohja varmistaa my\u00f6s vakauden ja v\u00e4hent\u00e4\u00e4 nyrj\u00e4hdys- ja v\u00e4\u00e4nt\u00f6vammojen riski\u00e4. Erist\u00e4\u00e4 kylm\u00e4\u00e4 vastaan jopa -20 \u00b0C:een asti ja pysyy joustavana sek\u00e4 pehme\u00e4n\u00e4 my\u00f6s matalissa l\u00e4mp\u00f6tiloissa. Saappaat ovat l\u00e4mp\u00f6eristetyt<a href=\"https:\/\/arcticas.fi\/fi\/product\/brynje-solid-2-0-1024\/\" target=\"_blank\" rel=\"noopener\">,<\/a> joten ne tuntuvat viileilt\u00e4 kes\u00e4ll\u00e4 ja l\u00e4mpimilt\u00e4 talvella. Iskuja vaimentava ja hengitt\u00e4v\u00e4 sis\u00e4pohja pit\u00e4\u00e4 jalat raikkaina ja kuivina. Saappaat on helppo puhdistaa.<\/p>\n<\/div>\n<\/div>\n<hr \/>\n<div class=\"sika-productdetails-icons\"><img loading=\"lazy\" decoding=\"async\" class=\"mb-2\" title=\"S5,SRC\" src=\"https:\/\/www.sikafootwear.eu\/Files\/Templates\/designs\/sika\/_assets\/img\/sika-icons\/sika-icon-godkendelse-s5.png\" alt=\"S5,SRC\" width=\"45\" height=\"45\" \/>\u00a0<img loading=\"lazy\" decoding=\"async\" class=\"mb-2\" title=\"src\" src=\"https:\/\/www.sikafootwear.eu\/Files\/Templates\/designs\/sika\/_assets\/img\/sika-icons\/sika-icon-skridsikkerhed-src.png\" alt=\"src\" width=\"45\" height=\"45\" \/>\u00a0<img loading=\"lazy\" decoding=\"async\" class=\"mb-2\" title=\"staal\" src=\"https:\/\/www.sikafootwear.eu\/Files\/Templates\/designs\/sika\/_assets\/img\/sika-icons\/sika-icon-toeprotection-staal.png\" alt=\"staal\" width=\"45\" height=\"45\" \/>\u00a0<img loading=\"lazy\" decoding=\"async\" class=\"mb-2\" title=\"staal\" src=\"https:\/\/www.sikafootwear.eu\/Files\/Templates\/designs\/sika\/_assets\/img\/sika-icons\/sika-icon-nailproctection-staal.png\" alt=\"staal\" width=\"45\" height=\"45\" \/>\u00a0<img loading=\"lazy\" decoding=\"async\" class=\"mb-2\" title=\"Oil and Gas Resistant\" src=\"https:\/\/www.sikafootwear.eu\/Files\/Templates\/designs\/sika\/_assets\/img\/sika-icons\/sika-icon-oilandgasresistant.png\" alt=\"Oil and Gas Resistant\" width=\"45\" height=\"45\" \/>\u00a0<img loading=\"lazy\" decoding=\"async\" class=\"mb-2\" title=\"Isolation Against Cold\" src=\"https:\/\/www.sikafootwear.eu\/Files\/Templates\/designs\/sika\/_assets\/img\/sika-icons\/sika-icon-isolationagainstcold.png\" alt=\"Isolation Against Cold\" width=\"45\" height=\"45\" \/>\u00a0<img loading=\"lazy\" decoding=\"async\" class=\"mb-2\" title=\"Ladder Grip\" src=\"https:\/\/www.sikafootwear.eu\/Files\/Templates\/designs\/sika\/_assets\/img\/sika-icons\/sika-icon-laddergrip.png\" alt=\"Ladder Grip\" width=\"45\" height=\"45\" \/><\/div>\n<div>\n<h3>BRYNJE Solid Ominaisuudet<\/h3>\n<p data-start=\"569\" data-end=\"1128\"><strong>CE-normi<\/strong> EN ISO 20345:2011<br data-start=\"595\" data-end=\"598\" \/><strong>CE-sertifiointi<\/strong> CI,S5<br data-start=\"619\" data-end=\"622\" \/><strong>Sarja<\/strong> 1000<br data-start=\"632\" data-end=\"635\" \/><strong>Ulkopohja<\/strong> Kest\u00e4v\u00e4, iskuja vaimentava ja eritt\u00e4in liukuestepohja, joka varmistaa hyv\u00e4n pidon kaikilla alustoilla. Ulkopohja on itsepuhdistuva ja parantaa vakautta, v\u00e4hent\u00e4en nyrj\u00e4hdys- ja v\u00e4\u00e4nt\u00f6vammojen riski\u00e4<br data-start=\"843\" data-end=\"846\" \/><strong>P\u00e4\u00e4llinen<\/strong> Joustava, kest\u00e4v\u00e4 ja pehme\u00e4 PU. Helppo puhdistaa<br data-start=\"904\" data-end=\"907\" \/><strong>Vuori<\/strong> Kest\u00e4v\u00e4 ja antibakteerinen vuori<br data-start=\"945\" data-end=\"948\" data-is-only-node=\"\" \/><strong>Sis\u00e4pohja\/pohjallinen<\/strong> Iskuja vaimentava ja hengitt\u00e4v\u00e4 PU-vaahtopohjallinen. Antibakteerinen ja kosteutta siirt\u00e4v\u00e4, jotta jalat pysyv\u00e4t raikkaina ja kuivina<\/p>\n<h3 data-start=\"569\" data-end=\"1128\">Erityisominaisuudet<\/h3>\n<ul>\n<li data-start=\"1131\" data-end=\"1167\">Erist\u00e4\u00e4 kylm\u00e4\u00e4 vastaan jopa -20 \u00b0C<\/li>\n<li data-start=\"1170\" data-end=\"1219\">Joustava ja pehme\u00e4 my\u00f6s matalissa l\u00e4mp\u00f6tiloissa<\/li>\n<li data-start=\"1222\" data-end=\"1281\">L\u00e4mp\u00f6eristetty rakenne: viile\u00e4 kes\u00e4ll\u00e4 ja l\u00e4mmin talvella<\/li>\n<li data-start=\"1284\" data-end=\"1360\">Kest\u00e4\u00e4 el\u00e4inrasvoja, \u00f6ljyj\u00e4, puhdistusaineita, lannoitteita ja kemikaaleja<\/li>\n<\/ul>\n<h3 data-start=\"1362\" data-end=\"1374\">Toimialat<\/h3>\n<ul>\n<li data-start=\"1377\" data-end=\"1413\">Maatalous, mets\u00e4talous ja kalastus<\/li>\n<li data-start=\"1416\" data-end=\"1435\">Raskas teollisuus<\/li>\n<li data-start=\"1438\" data-end=\"1467\">Rakentaminen ja k\u00e4sity\u00f6alat<\/li>\n<\/ul>\n<p data-start=\"1469\" data-end=\"1555\"><strong>Sukupuoli<\/strong> Unisex<br data-start=\"1485\" data-end=\"1488\" \/><strong>Paino<\/strong> 0,9475 kg, Paino koskee yht\u00e4 kenk\u00e4\u00e4 koossa 42<br data-start=\"1540\" data-end=\"1543\" \/><strong>Koot<\/strong> 36\u201349<\/p>\n<\/div>\n","protected":false},"excerpt":{"rendered":"<p>BRYNJE Solid -turvasaapas on kevyt ja kest\u00e4v\u00e4 PU-saapas vaativiin olosuhteisiin. EN ISO 20345:2011 CI,S5 -luokitus, -20 \u00b0C kylm\u00e4eristys ja l\u00e4mp\u00f6eristetty rakenne pit\u00e4v\u00e4t jalat sopivan viilein\u00e4 kes\u00e4ll\u00e4 ja l\u00e4mpimin\u00e4 talvella. Itsepuhdistuva, eritt\u00e4in liukuestepohja lis\u00e4\u00e4 pitoa ja v\u00e4hent\u00e4\u00e4 nyrj\u00e4hdysriski\u00e4. Sopii maatalouteen, rakentamiseen ja raskaan teollisuuden k\u00e4ytt\u00f6\u00f6n sek\u00e4 kest\u00e4\u00e4 \u00f6ljyj\u00e4, rasvoja ja kemikaaleja.<\/p>\n","protected":false},"featured_media":111853,"comment_status":"closed","ping_status":"closed","template":"","meta":[],"product_brand":[],"product_cat":[1014],"product_tag":[1011],"class_list":{"0":"post-111649","1":"product","2":"type-product","3":"status-publish","4":"has-post-thumbnail","6":"product_cat-brynje","7":"product_tag-sikaff","8":"pa_brand-brynje","9":"pa_color-svart","10":"pa_size-701","11":"pa_size-1020","12":"pa_size-702","13":"pa_size-1021","14":"pa_size-697","15":"pa_size-1022","16":"pa_size-698","17":"pa_size-1023","18":"pa_size-699","19":"pa_size-1024","20":"pa_size-700","21":"pa_size-1025","22":"pa_size-945","23":"pa_size-1026","25":"first","26":"instock","27":"shipping-taxable","28":"purchasable","29":"product-type-variable"},"_links":{"self":[{"href":"https:\/\/arcticas.fi\/fi\/wp-json\/wp\/v2\/product\/111649","targetHints":{"allow":["GET"]}}],"collection":[{"href":"https:\/\/arcticas.fi\/fi\/wp-json\/wp\/v2\/product"}],"about":[{"href":"https:\/\/arcticas.fi\/fi\/wp-json\/wp\/v2\/types\/product"}],"replies":[{"embeddable":true,"href":"https:\/\/arcticas.fi\/fi\/wp-json\/wp\/v2\/comments?post=111649"}],"wp:featuredmedia":[{"embeddable":true,"href":"https:\/\/arcticas.fi\/fi\/wp-json\/wp\/v2\/media\/111853"}],"wp:attachment":[{"href":"https:\/\/arcticas.fi\/fi\/wp-json\/wp\/v2\/media?parent=111649"}],"wp:term":[{"taxonomy":"product_brand","embeddable":true,"href":"https:\/\/arcticas.fi\/fi\/wp-json\/wp\/v2\/product_brand?post=111649"},{"taxonomy":"product_cat","embeddable":true,"href":"https:\/\/arcticas.fi\/fi\/wp-json\/wp\/v2\/product_cat?post=111649"},{"taxonomy":"product_tag","embeddable":true,"href":"https:\/\/arcticas.fi\/fi\/wp-json\/wp\/v2\/product_tag?post=111649"}],"curies":[{"name":"wp","href":"https:\/\/api.w.org\/{rel}","templated":true}]}}