{"id":111648,"date":"2026-02-26T17:28:50","date_gmt":"2026-02-26T17:28:50","guid":{"rendered":"https:\/\/arcticas.fi\/fi\/?post_type=product&#038;p=111648"},"modified":"2026-03-08T08:50:17","modified_gmt":"2026-03-08T08:50:17","slug":"brynje-helium-turvasandaalit-s1pl-esd","status":"publish","type":"product","link":"https:\/\/arcticas.fi\/fi\/product\/brynje-helium-turvasandaalit-s1pl-esd\/","title":{"rendered":"BRYNJE Helium Turvasandaalit S1PL ESD"},"content":{"rendered":"<div class=\"e-product-text-container\">\n<div class=\"e-product-text\">Kevyet turvasandaalit, jotka on sertifioitu uuden EN ISO 20345:2022 -standardin mukaisesti. P\u00e4\u00e4llinen on vett\u00e4hylkiv\u00e4\u00e4 mikrokuitua ja KPU-elementtej\u00e4, jotka yhdess\u00e4 tuovat lis\u00e4\u00e4 kest\u00e4vyytt\u00e4 ja vakautta nilkan ymp\u00e4rille. Kenk\u00e4 kiristet\u00e4\u00e4n ja l\u00f6ys\u00e4t\u00e4\u00e4n innovatiivisella BOA\u00ae Fit System -j\u00e4rjestelm\u00e4ll\u00e4, joka takaa t\u00e4ydellisen istuvuuden. ProNose on valmistettu kest\u00e4v\u00e4st\u00e4 KPU:sta, ja se on hyv\u00e4ksytty EN ISO 20345:2022 -standardin mukaisesti sek\u00e4 suositeltu polvillaan teht\u00e4v\u00e4\u00e4n ty\u00f6h\u00f6n. Kuminen ulkopohja on liukastumista ehk\u00e4isev\u00e4 ja yhdess\u00e4 pehme\u00e4n, iskunvaimentavan EVA-v\u00e4lipohjan kanssa tekee keng\u00e4st\u00e4 mukavan ja joustavan. Pohjassa on my\u00f6s j\u00e4ykiste (shank)<a href=\"https:\/\/arcticas.fi\/fi\/product\/brynje-helium-s1-sr-908\/\" target=\"_blank\" rel=\"noopener\">,<\/a> joka lis\u00e4\u00e4 vakautta ja v\u00e4hent\u00e4\u00e4 kiertymist\u00e4 sek\u00e4 kantap\u00e4\u00e4h\u00e4n kohdistuvaa rasitusta. Avoin kuviointi auttaa maata, hiekkaa, vett\u00e4 ja mutaa poistumaan helposti ja tarjoaa hyv\u00e4n pidon. Pohjallinen on iskunvaimentava, pehme\u00e4, joustava ja hengitt\u00e4v\u00e4, ja se sis\u00e4lt\u00e4\u00e4 esimerkiksi kierr\u00e4tetty\u00e4 PU-vaahtoa, joka on valmistettu pohjallistuotannon vaahtoj\u00e4\u00e4mist\u00e4. ESD-hyv\u00e4ksytty.<\/div>\n<\/div>\n<hr \/>\n<div class=\"sika-productdetails-icons\"><img loading=\"lazy\" decoding=\"async\" class=\"mb-2\" title=\"SR,S1PL\" src=\"https:\/\/www.sikafootwear.eu\/Files\/Templates\/designs\/sika\/_assets\/img\/sika-icons\/sika-icon-godkendelse-s1pl.png\" alt=\"SR,S1PL\" width=\"45\" height=\"45\" \/>\u00a0<img loading=\"lazy\" decoding=\"async\" class=\"mb-2\" title=\"sr\" src=\"https:\/\/www.sikafootwear.eu\/Files\/Templates\/designs\/sika\/_assets\/img\/sika-icons\/sika-icon-skridsikkerhed-sr.png\" alt=\"sr\" width=\"45\" height=\"45\" \/>\u00a0<img loading=\"lazy\" decoding=\"async\" class=\"mb-2\" title=\"alu\" src=\"https:\/\/www.sikafootwear.eu\/Files\/Templates\/designs\/sika\/_assets\/img\/sika-icons\/sika-icon-toeprotection-alu.png\" alt=\"alu\" width=\"45\" height=\"45\" \/>\u00a0<img loading=\"lazy\" decoding=\"async\" class=\"mb-2\" title=\"fiber\" src=\"https:\/\/www.sikafootwear.eu\/Files\/Templates\/designs\/sika\/_assets\/img\/sika-icons\/sika-icon-nailproctection-fiber.png\" alt=\"fiber\" width=\"45\" height=\"45\" \/>\u00a0<img loading=\"lazy\" decoding=\"async\" class=\"mb-2\" title=\"Oil and Gas Resistant\" src=\"https:\/\/www.sikafootwear.eu\/Files\/Templates\/designs\/sika\/_assets\/img\/sika-icons\/sika-icon-oilandgasresistant.png\" alt=\"Oil and Gas Resistant\" width=\"45\" height=\"45\" \/>\u00a0<img loading=\"lazy\" decoding=\"async\" class=\"mb-2\" title=\"Pro Nose\" src=\"https:\/\/www.sikafootwear.eu\/Files\/Templates\/designs\/sika\/_assets\/img\/sika-icons\/sika-icon-pronose.png\" alt=\"Pro Nose\" width=\"45\" height=\"45\" \/>\u00a0<img loading=\"lazy\" decoding=\"async\" class=\"mb-2\" title=\"ESD Approved\" src=\"https:\/\/www.sikafootwear.eu\/Files\/Templates\/designs\/sika\/_assets\/img\/sika-icons\/sika-icon-esdapproved.png\" alt=\"ESD Approved\" width=\"45\" height=\"45\" \/>\u00a0<img loading=\"lazy\" decoding=\"async\" class=\"mb-2\" title=\"Boa\u00ae Fit System\" src=\"https:\/\/www.sikafootwear.eu\/Files\/Templates\/designs\/sika\/_assets\/img\/sika-icons\/sika-icon-boa.png\" alt=\"Boa\u00ae Fit System\" width=\"45\" height=\"45\" \/><\/div>\n<div>\n<h3>BRYNJE Helium Ominaisuudet<\/h3>\n<p data-start=\"1093\" data-end=\"1811\"><strong data-start=\"1093\" data-end=\"1105\">CE-normi<\/strong> EN ISO 20345:2022+A1:2024<br data-start=\"1131\" data-end=\"1134\" \/><strong data-start=\"1134\" data-end=\"1153\">CE-sertifiointi<\/strong> S1,PL,FO,SC<br data-start=\"1165\" data-end=\"1168\" \/><strong data-start=\"1168\" data-end=\"1177\">Sarja<\/strong> 900<br data-start=\"1181\" data-end=\"1184\" \/><strong data-start=\"1184\" data-end=\"1197\">Ulkopohja<\/strong> Liukastumista ehk\u00e4isev\u00e4 kuminen ulkopohja, joka yhdess\u00e4 pehme\u00e4n, iskunvaimentavan EVA-v\u00e4lipohjan kanssa tarjoaa mukavan ja joustavan keng\u00e4n.<br data-start=\"1338\" data-end=\"1341\" \/><strong data-start=\"1341\" data-end=\"1354\">P\u00e4\u00e4llinen<\/strong> P\u00e4\u00e4llinen koostuu vett\u00e4hylkiv\u00e4st\u00e4 mikrokuidusta ja KPU-elementeist\u00e4, jotka yhdess\u00e4 varmistavat lis\u00e4lujuuden ja vakauden nilkan ymp\u00e4rille.<br data-start=\"1492\" data-end=\"1495\" data-is-only-node=\"\" \/><strong data-start=\"1495\" data-end=\"1504\">Vuori<\/strong> Hengitt\u00e4v\u00e4 ja kosteutta imev\u00e4 verkkovuori, jossa on lis\u00e4vahvistus mikrokuidulla kantap\u00e4\u00e4ss\u00e4.<br data-start=\"1597\" data-end=\"1600\" \/><strong data-start=\"1600\" data-end=\"1625\">Sis\u00e4pohja\/pohjallinen<\/strong> Iskunvaimentava, pehme\u00e4, joustava ja hengitt\u00e4v\u00e4; valmistettu esimerkiksi kierr\u00e4tetyst\u00e4 PU-vaahtomateriaalista, joka sis\u00e4lt\u00e4\u00e4 pohjallistuotannon vaahtoj\u00e4\u00e4mi\u00e4.<\/p>\n<h3 data-start=\"1093\" data-end=\"1811\"><strong data-start=\"1786\" data-end=\"1809\">Erityisominaisuudet<\/strong><\/h3>\n<ul>\n<li data-start=\"1814\" data-end=\"1860\">Vett\u00e4hylkiv\u00e4 mikrokuitu KPU-yksityiskohdilla<\/li>\n<li data-start=\"1863\" data-end=\"1880\">BOA\u00ae Fit System<\/li>\n<li data-start=\"1883\" data-end=\"1896\">KPU ProNose<\/li>\n<li data-start=\"1899\" data-end=\"1915\">ESD-hyv\u00e4ksytty<\/li>\n<\/ul>\n<h3 data-start=\"1917\" data-end=\"1932\"><strong data-start=\"1917\" data-end=\"1930\">Toimialat<\/strong><\/h3>\n<ul>\n<li data-start=\"1935\" data-end=\"1964\">Rakentaminen ja k\u00e4sity\u00f6alat<\/li>\n<li data-start=\"1967\" data-end=\"1992\">Kuljetus ja varastointi<\/li>\n<li data-start=\"1995\" data-end=\"2013\">Kevyt teollisuus<\/li>\n<\/ul>\n<p data-start=\"2015\" data-end=\"2112\"><strong data-start=\"2015\" data-end=\"2028\">Sukupuoli<\/strong> Unisex<br data-start=\"2035\" data-end=\"2038\" \/><strong data-start=\"2038\" data-end=\"2047\">Paino<\/strong> 0,488 kg<br data-start=\"2056\" data-end=\"2059\" \/>Paino koskee yht\u00e4 kenk\u00e4\u00e4 koossa 42<br data-start=\"2093\" data-end=\"2096\" \/><strong data-start=\"2096\" data-end=\"2104\">Koot<\/strong> 35\u201348<\/p>\n<\/div>\n","protected":false},"excerpt":{"rendered":"<p>BRYNJE Helium on kevyt ja mukava turvasandaali, joka t\u00e4ytt\u00e4\u00e4 EN ISO 20345:2022 -vaatimukset (S1, PL, FO, SC) ja on ESD-hyv\u00e4ksytty. Vett\u00e4hylkiv\u00e4 mikrokuitu ja KPU-vahvikkeet tukevat nilkkaa, ja BOA\u00ae Fit System takaa tarkan istuvuuden. Liukastumista ehk\u00e4isev\u00e4 kumipohja, EVA-iskunvaimennus ja KPU ProNose tekev\u00e4t mallista erinomaisen rakentamiseen, varastointiin ja kevyeen teollisuuteen.<\/p>\n","protected":false},"featured_media":111844,"comment_status":"closed","ping_status":"closed","template":"","meta":[],"product_brand":[],"product_cat":[1014],"product_tag":[1011],"class_list":{"0":"post-111648","1":"product","2":"type-product","3":"status-publish","4":"has-post-thumbnail","6":"product_cat-brynje","7":"product_tag-sikaff","8":"pa_brand-brynje","9":"pa_color-svart","10":"pa_size-1042","11":"pa_size-701","12":"pa_size-1020","13":"pa_size-702","14":"pa_size-1021","15":"pa_size-697","16":"pa_size-1022","17":"pa_size-698","18":"pa_size-1023","19":"pa_size-699","20":"pa_size-1024","21":"pa_size-700","22":"pa_size-1025","23":"pa_size-945","25":"first","26":"instock","27":"shipping-taxable","28":"purchasable","29":"product-type-variable"},"_links":{"self":[{"href":"https:\/\/arcticas.fi\/fi\/wp-json\/wp\/v2\/product\/111648","targetHints":{"allow":["GET"]}}],"collection":[{"href":"https:\/\/arcticas.fi\/fi\/wp-json\/wp\/v2\/product"}],"about":[{"href":"https:\/\/arcticas.fi\/fi\/wp-json\/wp\/v2\/types\/product"}],"replies":[{"embeddable":true,"href":"https:\/\/arcticas.fi\/fi\/wp-json\/wp\/v2\/comments?post=111648"}],"wp:featuredmedia":[{"embeddable":true,"href":"https:\/\/arcticas.fi\/fi\/wp-json\/wp\/v2\/media\/111844"}],"wp:attachment":[{"href":"https:\/\/arcticas.fi\/fi\/wp-json\/wp\/v2\/media?parent=111648"}],"wp:term":[{"taxonomy":"product_brand","embeddable":true,"href":"https:\/\/arcticas.fi\/fi\/wp-json\/wp\/v2\/product_brand?post=111648"},{"taxonomy":"product_cat","embeddable":true,"href":"https:\/\/arcticas.fi\/fi\/wp-json\/wp\/v2\/product_cat?post=111648"},{"taxonomy":"product_tag","embeddable":true,"href":"https:\/\/arcticas.fi\/fi\/wp-json\/wp\/v2\/product_tag?post=111648"}],"curies":[{"name":"wp","href":"https:\/\/api.w.org\/{rel}","templated":true}]}}