{"id":111647,"date":"2026-02-26T17:28:50","date_gmt":"2026-02-26T17:28:50","guid":{"rendered":"https:\/\/arcticas.fi\/fi\/?post_type=product&#038;p=111647"},"modified":"2026-03-08T08:49:46","modified_gmt":"2026-03-08T08:49:46","slug":"brynje-zap-turvajalkineet-s3l-esd","status":"publish","type":"product","link":"https:\/\/arcticas.fi\/fi\/product\/brynje-zap-turvajalkineet-s3l-esd\/","title":{"rendered":"BRYNJE Zap Turvajalkineet S3L ESD"},"content":{"rendered":"<div class=\"e-product-text-container\">\n<div class=\"e-product-text\">\n<p data-start=\"42\" data-end=\"1065\">Kevyet turvajalkineet, jotka on sertifioitu uuden EN ISO 20345:2022 -standardin mukaisesti. P\u00e4\u00e4llinen on vett\u00e4hylkiv\u00e4\u00e4 mikrokuitua KPU-elementeill\u00e4, jotka yhdess\u00e4 varmistavat lis\u00e4lujuuden ja nilkkojen ymp\u00e4rille lis\u00e4\u00e4 vakautta. Keng\u00e4t kiristet\u00e4\u00e4n ja l\u00f6ys\u00e4t\u00e4\u00e4n innovatiivisella BOA\u00ae Fit System -j\u00e4rjestelm\u00e4ll\u00e4, joka antaa t\u00e4ydellisen istuvuuden. ProNose on kest\u00e4v\u00e4\u00e4 KPU:ta, ja se on hyv\u00e4ksytty EN ISO 20345:2022 -standardin mukaisesti ja suositeltu polvity\u00f6h\u00f6n. Kuminen ulkopohja on liukastumista ehk\u00e4isev\u00e4<a href=\"https:\/\/arcticas.fi\/fi\/product\/brynje-zap-s3l-sr-906\/\" target=\"_blank\" rel=\"noopener\">,<\/a> ja yhdess\u00e4 pehme\u00e4n, iskunvaimentavan EVA-v\u00e4lipohjan kanssa se tekee keng\u00e4st\u00e4 mukavan ja joustavan. Pohjassa on my\u00f6s lenkkirauta (shank), joka lis\u00e4\u00e4 vakautta sek\u00e4 v\u00e4hent\u00e4\u00e4 v\u00e4\u00e4nt\u00f6\u00e4 ja kantap\u00e4\u00e4h\u00e4n kohdistuvaa rasitusta. Pohjan avoin kuviointi auttaa maata, hiekkaa, vett\u00e4 ja mutaa poistumaan helposti ja tarjoaa hyv\u00e4n pidon. Pohjallinen on iskunvaimentava, pehme\u00e4, joustava ja hengitt\u00e4v\u00e4, ja se sis\u00e4lt\u00e4\u00e4 esimerkiksi kierr\u00e4tetty\u00e4 (upcycled) PU-vaahtoa, joka valmistetaan pohjallistuotannon vaahtoj\u00e4\u00e4mist\u00e4. ESD-hyv\u00e4ksytty.<\/p>\n<\/div>\n<\/div>\n<hr \/>\n<div class=\"sika-productdetails-icons\"><img loading=\"lazy\" decoding=\"async\" class=\"mb-2\" title=\"S3L,SR\" src=\"https:\/\/www.sikafootwear.eu\/Files\/Templates\/designs\/sika\/_assets\/img\/sika-icons\/sika-icon-godkendelse-s3l.png\" alt=\"S3L,SR\" width=\"45\" height=\"45\" \/>\u00a0<img loading=\"lazy\" decoding=\"async\" class=\"mb-2\" title=\"sr\" src=\"https:\/\/www.sikafootwear.eu\/Files\/Templates\/designs\/sika\/_assets\/img\/sika-icons\/sika-icon-skridsikkerhed-sr.png\" alt=\"sr\" width=\"45\" height=\"45\" \/>\u00a0<img loading=\"lazy\" decoding=\"async\" class=\"mb-2\" title=\"alu\" src=\"https:\/\/www.sikafootwear.eu\/Files\/Templates\/designs\/sika\/_assets\/img\/sika-icons\/sika-icon-toeprotection-alu.png\" alt=\"alu\" width=\"45\" height=\"45\" \/>\u00a0<img loading=\"lazy\" decoding=\"async\" class=\"mb-2\" title=\"fiber\" src=\"https:\/\/www.sikafootwear.eu\/Files\/Templates\/designs\/sika\/_assets\/img\/sika-icons\/sika-icon-nailproctection-fiber.png\" alt=\"fiber\" width=\"45\" height=\"45\" \/>\u00a0<img loading=\"lazy\" decoding=\"async\" class=\"mb-2\" title=\"Oil and Gas Resistant\" src=\"https:\/\/www.sikafootwear.eu\/Files\/Templates\/designs\/sika\/_assets\/img\/sika-icons\/sika-icon-oilandgasresistant.png\" alt=\"Oil and Gas Resistant\" width=\"45\" height=\"45\" \/>\u00a0<img loading=\"lazy\" decoding=\"async\" class=\"mb-2\" title=\"Pro Nose\" src=\"https:\/\/www.sikafootwear.eu\/Files\/Templates\/designs\/sika\/_assets\/img\/sika-icons\/sika-icon-pronose.png\" alt=\"Pro Nose\" width=\"45\" height=\"45\" \/>\u00a0<img loading=\"lazy\" decoding=\"async\" class=\"mb-2\" title=\"ESD Approved\" src=\"https:\/\/www.sikafootwear.eu\/Files\/Templates\/designs\/sika\/_assets\/img\/sika-icons\/sika-icon-esdapproved.png\" alt=\"ESD Approved\" width=\"45\" height=\"45\" \/>\u00a0<img loading=\"lazy\" decoding=\"async\" class=\"mb-2\" title=\"Boa\u00ae Fit System\" src=\"https:\/\/www.sikafootwear.eu\/Files\/Templates\/designs\/sika\/_assets\/img\/sika-icons\/sika-icon-boa.png\" alt=\"Boa\u00ae Fit System\" width=\"45\" height=\"45\" \/><\/div>\n<div>\n<h3>BRYNJE Zap Ominaisuudet<\/h3>\n<p data-start=\"1067\" data-end=\"1847\"><strong>CE Normi<\/strong> EN ISO 20345:2022+A1:2024<br data-start=\"1101\" data-end=\"1104\" \/><strong>CE-sertifiointi<\/strong> S3L,SC,FO<br data-start=\"1129\" data-end=\"1132\" \/><strong>Sarja<\/strong> 900<br data-start=\"1141\" data-end=\"1144\" \/><strong>Ulkopohja<\/strong> Liukastumista ehk\u00e4isev\u00e4 kuminen ulkopohja, joka yhdess\u00e4 pehme\u00e4n, iskunvaimentavan EVA-v\u00e4lipohjan kanssa tarjoaa mukavan ja joustavan keng\u00e4n.<br data-start=\"1294\" data-end=\"1297\" \/><strong>P\u00e4\u00e4llinen<\/strong> P\u00e4\u00e4llinen koostuu vett\u00e4hylkiv\u00e4st\u00e4 mikrokuidusta ja KPU-elementeist\u00e4, jotka yhdess\u00e4 varmistavat lis\u00e4lujuuden ja nilkkojen ymp\u00e4rille lis\u00e4\u00e4 vakautta.<br data-start=\"1453\" data-end=\"1456\" \/><strong>Vuori<\/strong> Hengitt\u00e4v\u00e4 ja kosteutta imev\u00e4 verkkovuori, jossa on lis\u00e4vahvistus mikrokuidulla kantap\u00e4\u00e4ss\u00e4.<br data-start=\"1554\" data-end=\"1557\" \/><strong>Sis\u00e4pohja\/Pohjallinen<\/strong> Iskunvaimentava, pehme\u00e4, joustava ja hengitt\u00e4v\u00e4; valmistettu esimerkiksi upcycled PU-vaahtomuovista, joka koostuu pohjallistuotannon vaahtoj\u00e4\u00e4mist\u00e4.<\/p>\n<h3 data-start=\"1067\" data-end=\"1847\">Erityisominaisuudet<\/h3>\n<ul>\n<li data-start=\"1067\" data-end=\"1847\">Vett\u00e4hylkiv\u00e4 mikrokuitu KPU-yksityiskohdilla<\/li>\n<li data-start=\"1067\" data-end=\"1847\">BOA\u00ae Fit System<\/li>\n<li data-start=\"1067\" data-end=\"1847\">KPU ProNose<\/li>\n<li data-start=\"1067\" data-end=\"1847\">ESD-hyv\u00e4ksytty<\/li>\n<\/ul>\n<h3 data-start=\"1849\" data-end=\"1935\">Toimialat<\/h3>\n<ul>\n<li data-start=\"1849\" data-end=\"1935\">Rakentaminen ja k\u00e4sity\u00f6alat<\/li>\n<li data-start=\"1849\" data-end=\"1935\">Kuljetus ja varastointi<\/li>\n<li data-start=\"1849\" data-end=\"1935\">Kevyt teollisuus<\/li>\n<\/ul>\n<p data-start=\"1937\" data-end=\"2023\"><strong>Sukupuoli<\/strong> Unisex<br data-start=\"1953\" data-end=\"1956\" \/><strong>Paino<\/strong> 0,488 kg, Paino on yhdelle keng\u00e4lle koossa 42<br data-start=\"2008\" data-end=\"2011\" \/><strong>Koot<\/strong> 35\u201348<\/p>\n<\/div>\n","protected":false},"excerpt":{"rendered":"<p>BRYNJE Zap on kevyt S3L-turvakenk\u00e4 (EN ISO 20345:2022+A1:2024), joka yhdist\u00e4\u00e4 BOA\u00ae Fit System -istuvuuden, vett\u00e4hylkiv\u00e4n mikrokuitup\u00e4\u00e4llisen ja nilkkaa tukevat KPU-vahvikkeet. KPU ProNose sopii polvity\u00f6h\u00f6n, liukastumista ehk\u00e4isev\u00e4 kumipohja ja EVA-v\u00e4lipohja vaimentavat iskuja. Hengitt\u00e4v\u00e4, kierr\u00e4tetty\u00e4 PU-vaahtoa sis\u00e4lt\u00e4v\u00e4 pohjallinen sek\u00e4 ESD-hyv\u00e4ksynt\u00e4 tekev\u00e4t siit\u00e4 varman valinnan ty\u00f6maille ja logistiikkaan.<\/p>\n","protected":false},"featured_media":111838,"comment_status":"closed","ping_status":"closed","template":"","meta":[],"product_brand":[],"product_cat":[1014],"product_tag":[1011],"class_list":{"0":"post-111647","1":"product","2":"type-product","3":"status-publish","4":"has-post-thumbnail","6":"product_cat-brynje","7":"product_tag-sikaff","8":"pa_brand-brynje","9":"pa_color-svart","10":"pa_size-1042","11":"pa_size-701","12":"pa_size-1020","13":"pa_size-702","14":"pa_size-1021","15":"pa_size-697","16":"pa_size-1022","17":"pa_size-698","18":"pa_size-1023","19":"pa_size-699","20":"pa_size-1024","21":"pa_size-700","22":"pa_size-1025","23":"pa_size-945","25":"first","26":"instock","27":"shipping-taxable","28":"purchasable","29":"product-type-variable"},"_links":{"self":[{"href":"https:\/\/arcticas.fi\/fi\/wp-json\/wp\/v2\/product\/111647","targetHints":{"allow":["GET"]}}],"collection":[{"href":"https:\/\/arcticas.fi\/fi\/wp-json\/wp\/v2\/product"}],"about":[{"href":"https:\/\/arcticas.fi\/fi\/wp-json\/wp\/v2\/types\/product"}],"replies":[{"embeddable":true,"href":"https:\/\/arcticas.fi\/fi\/wp-json\/wp\/v2\/comments?post=111647"}],"wp:featuredmedia":[{"embeddable":true,"href":"https:\/\/arcticas.fi\/fi\/wp-json\/wp\/v2\/media\/111838"}],"wp:attachment":[{"href":"https:\/\/arcticas.fi\/fi\/wp-json\/wp\/v2\/media?parent=111647"}],"wp:term":[{"taxonomy":"product_brand","embeddable":true,"href":"https:\/\/arcticas.fi\/fi\/wp-json\/wp\/v2\/product_brand?post=111647"},{"taxonomy":"product_cat","embeddable":true,"href":"https:\/\/arcticas.fi\/fi\/wp-json\/wp\/v2\/product_cat?post=111647"},{"taxonomy":"product_tag","embeddable":true,"href":"https:\/\/arcticas.fi\/fi\/wp-json\/wp\/v2\/product_tag?post=111647"}],"curies":[{"name":"wp","href":"https:\/\/api.w.org\/{rel}","templated":true}]}}