{"id":111646,"date":"2026-02-26T17:28:49","date_gmt":"2026-02-26T17:28:49","guid":{"rendered":"https:\/\/arcticas.fi\/fi\/?post_type=product&#038;p=111646"},"modified":"2026-03-08T08:52:12","modified_gmt":"2026-03-08T08:52:12","slug":"brynje-splash-turvajalkine-s1pl-esd","status":"publish","type":"product","link":"https:\/\/arcticas.fi\/fi\/product\/brynje-splash-turvajalkine-s1pl-esd\/","title":{"rendered":"BRYNJE Splash turvajalkine S1PL ESD"},"content":{"rendered":"<div class=\"e-product-text-container\">\n<div class=\"e-product-text\">\u00c4lyk\u00e4s ja kevyt turvajalkine, sertifioitu uusien 2022-standardien mukaisesti. P\u00e4\u00e4llinen on neulottua, hengitt\u00e4v\u00e4\u00e4 polyesteri\u00e4, jossa on KPU-elementtej\u00e4 lis\u00e4vakauden ja kest\u00e4vyyden parantamiseksi. Neulottu p\u00e4\u00e4llinen antaa joustavan istuvuuden ja minimoi tuotantoh\u00e4vikki\u00e4. ProNose on valmistettu kest\u00e4v\u00e4st\u00e4 KPU:sta<a href=\"https:\/\/arcticas.fi\/fi\/product\/brynje-splash-s1pl-sr-905\/\" target=\"_blank\" rel=\"noopener\">,<\/a> se on hyv\u00e4ksytty 2022-standardin mukaan ja sit\u00e4 suositellaan t\u00f6ihin, joissa polvistutaan. Kuminen ulkopohja on liukastumista ehk\u00e4isev\u00e4 ja yhdess\u00e4 pehme\u00e4n, iskuja vaimentavan EVA-v\u00e4lipohjan kanssa se tekee keng\u00e4st\u00e4 mukavan ja joustavan. Pohjassa on my\u00f6s varsi lis\u00e4vakauteen, mik\u00e4 v\u00e4hent\u00e4\u00e4 kiertymist\u00e4 ja kantap\u00e4\u00e4h\u00e4n kohdistuvaa rasitusta. Pohjakuvio on suunniteltu suurilla nystyr\u00f6ill\u00e4 ja leveill\u00e4 urilla, jotta maa, hiekka, vesi ja muta irtoavat helposti ja pito s\u00e4ilyy varmana. Sis\u00e4pohja on iskuja vaimentava, pehme\u00e4, joustava ja hengitt\u00e4v\u00e4, ja se sis\u00e4lt\u00e4\u00e4 mm. kierr\u00e4tetty\u00e4 PU-vaahtoa, joka on per\u00e4isin sis\u00e4pohjatuotannon vaahtoj\u00e4\u00e4mist\u00e4. ESD-hyv\u00e4ksytty.<\/div>\n<\/div>\n<hr \/>\n<div class=\"sika-productdetails-icons\"><img loading=\"lazy\" decoding=\"async\" class=\"mb-2\" title=\"SR,S1PL\" src=\"https:\/\/www.sikafootwear.eu\/Files\/Templates\/designs\/sika\/_assets\/img\/sika-icons\/sika-icon-godkendelse-s1pl.png\" alt=\"SR,S1PL\" width=\"45\" height=\"45\" \/>\u00a0<img loading=\"lazy\" decoding=\"async\" class=\"mb-2\" title=\"sr\" src=\"https:\/\/www.sikafootwear.eu\/Files\/Templates\/designs\/sika\/_assets\/img\/sika-icons\/sika-icon-skridsikkerhed-sr.png\" alt=\"sr\" width=\"45\" height=\"45\" \/>\u00a0<img loading=\"lazy\" decoding=\"async\" class=\"mb-2\" title=\"alu\" src=\"https:\/\/www.sikafootwear.eu\/Files\/Templates\/designs\/sika\/_assets\/img\/sika-icons\/sika-icon-toeprotection-alu.png\" alt=\"alu\" width=\"45\" height=\"45\" \/>\u00a0<img loading=\"lazy\" decoding=\"async\" class=\"mb-2\" title=\"fiber\" src=\"https:\/\/www.sikafootwear.eu\/Files\/Templates\/designs\/sika\/_assets\/img\/sika-icons\/sika-icon-nailproctection-fiber.png\" alt=\"fiber\" width=\"45\" height=\"45\" \/>\u00a0<img loading=\"lazy\" decoding=\"async\" class=\"mb-2\" title=\"Oil and Gas Resistant\" src=\"https:\/\/www.sikafootwear.eu\/Files\/Templates\/designs\/sika\/_assets\/img\/sika-icons\/sika-icon-oilandgasresistant.png\" alt=\"Oil and Gas Resistant\" width=\"45\" height=\"45\" \/>\u00a0<img loading=\"lazy\" decoding=\"async\" class=\"mb-2\" title=\"Pro Nose\" src=\"https:\/\/www.sikafootwear.eu\/Files\/Templates\/designs\/sika\/_assets\/img\/sika-icons\/sika-icon-pronose.png\" alt=\"Pro Nose\" width=\"45\" height=\"45\" \/>\u00a0<img loading=\"lazy\" decoding=\"async\" class=\"mb-2\" title=\"ESD Approved\" src=\"https:\/\/www.sikafootwear.eu\/Files\/Templates\/designs\/sika\/_assets\/img\/sika-icons\/sika-icon-esdapproved.png\" alt=\"ESD Approved\" width=\"45\" height=\"45\" \/><\/div>\n<div>\n<h3>BRYNJE Splash Ominaisuudet<\/h3>\n<p data-start=\"1021\" data-end=\"1061\"><strong data-start=\"1021\" data-end=\"1033\">CE Normi <\/strong>EN ISO 20345:2022+A1:2024<br \/>\n<strong data-start=\"1063\" data-end=\"1082\">CE-sertifiointi <\/strong>S1, PL, SC, FO<br \/>\n<strong data-start=\"1101\" data-end=\"1110\">Sarja <\/strong>900<br \/>\n<strong data-start=\"1118\" data-end=\"1131\">Ulkopohja <\/strong>Liukastumista ehk\u00e4isev\u00e4 kuminen ulkopohja, joka yhdess\u00e4 pehme\u00e4n, iskuja vaimentavan EVA-v\u00e4lipohjan kanssa tarjoaa mukavan ja joustavan keng\u00e4n.<br \/>\n<strong data-start=\"1278\" data-end=\"1291\">P\u00e4\u00e4llinen <\/strong>Neulottu, hengitt\u00e4v\u00e4 polyesterip\u00e4\u00e4llinen KPU-elementeill\u00e4 lis\u00e4vakauden ja kest\u00e4vyyden parantamiseksi.<br \/>\n<strong data-start=\"1397\" data-end=\"1406\">Vuori <\/strong>Hengitt\u00e4v\u00e4 ja kosteutta imev\u00e4 verkkovuori, jossa on kantap\u00e4\u00e4ss\u00e4 lis\u00e4vahvistus mikrokuidulla.<br \/>\n<strong data-start=\"1503\" data-end=\"1530\">Sis\u00e4pohja \/ pohjallinen <\/strong>Iskuja vaimentava, pehme\u00e4, joustava ja hengitt\u00e4v\u00e4; valmistettu mm. kierr\u00e4tetyst\u00e4 PU-vaahtomuovista (vaahtoj\u00e4\u00e4m\u00e4t muusta sis\u00e4pohjatuotannosta).<\/p>\n<h3 data-start=\"1677\" data-end=\"1702\"><strong data-start=\"1677\" data-end=\"1700\">Erityisominaisuudet<\/strong><\/h3>\n<ul>\n<li data-start=\"1705\" data-end=\"1723\">Ilmava p\u00e4\u00e4llinen<\/li>\n<li data-start=\"1726\" data-end=\"1742\">ESD-hyv\u00e4ksytty<\/li>\n<li data-start=\"1745\" data-end=\"1758\">KPU ProNose<\/li>\n<\/ul>\n<h3 data-start=\"1760\" data-end=\"1775\"><strong data-start=\"1760\" data-end=\"1773\">Toimialat<\/strong><\/h3>\n<ul>\n<li data-start=\"1778\" data-end=\"1807\">Rakentaminen ja k\u00e4sity\u00f6alat<\/li>\n<li data-start=\"1810\" data-end=\"1835\">Kuljetus ja varastointi<\/li>\n<li data-start=\"1838\" data-end=\"1856\">Kevyt teollisuus<\/li>\n<\/ul>\n<p data-start=\"1858\" data-end=\"1880\"><strong data-start=\"1858\" data-end=\"1871\">Sukupuoli <\/strong>Unisex<br \/>\n<strong data-start=\"1882\" data-end=\"1891\">Paino <\/strong>0,486 kg (Paino koskee yht\u00e4 kenk\u00e4\u00e4 koossa 42)<br \/>\n<strong data-start=\"1943\" data-end=\"1951\">Koot <\/strong>35\u201348<\/p>\n<\/div>\n","protected":false},"excerpt":{"rendered":"<p>BRYNJE Splash on kevyt ja mukava S1-turvakenk\u00e4, joka t\u00e4ytt\u00e4\u00e4 EN ISO 20345:2022+A1:2024 -vaatimukset. Hengitt\u00e4v\u00e4 neulottu polyesterip\u00e4\u00e4llinen ja vahvistava KPU-rakenne tukevat jalkaa, kun taas KPU ProNose sopii erityisesti polvillaan teht\u00e4viin t\u00f6ihin. Liukastumista ehk\u00e4isev\u00e4 kumipohja ja EVA-v\u00e4lipohja vaimentavat iskuja. ESD-hyv\u00e4ksytty valinta rakentamiseen, logistiikkaan ja kevyeen teollisuuteen.<\/p>\n","protected":false},"featured_media":111832,"comment_status":"closed","ping_status":"closed","template":"","meta":[],"product_brand":[],"product_cat":[1014],"product_tag":[1011],"class_list":{"0":"post-111646","1":"product","2":"type-product","3":"status-publish","4":"has-post-thumbnail","6":"product_cat-brynje","7":"product_tag-sikaff","8":"pa_brand-brynje","9":"pa_color-svart","10":"pa_size-1042","11":"pa_size-701","12":"pa_size-1020","13":"pa_size-702","14":"pa_size-1021","15":"pa_size-697","16":"pa_size-1022","17":"pa_size-698","18":"pa_size-1023","19":"pa_size-699","20":"pa_size-1024","21":"pa_size-700","22":"pa_size-1025","23":"pa_size-945","25":"first","26":"instock","27":"shipping-taxable","28":"purchasable","29":"product-type-variable"},"_links":{"self":[{"href":"https:\/\/arcticas.fi\/fi\/wp-json\/wp\/v2\/product\/111646","targetHints":{"allow":["GET"]}}],"collection":[{"href":"https:\/\/arcticas.fi\/fi\/wp-json\/wp\/v2\/product"}],"about":[{"href":"https:\/\/arcticas.fi\/fi\/wp-json\/wp\/v2\/types\/product"}],"replies":[{"embeddable":true,"href":"https:\/\/arcticas.fi\/fi\/wp-json\/wp\/v2\/comments?post=111646"}],"wp:featuredmedia":[{"embeddable":true,"href":"https:\/\/arcticas.fi\/fi\/wp-json\/wp\/v2\/media\/111832"}],"wp:attachment":[{"href":"https:\/\/arcticas.fi\/fi\/wp-json\/wp\/v2\/media?parent=111646"}],"wp:term":[{"taxonomy":"product_brand","embeddable":true,"href":"https:\/\/arcticas.fi\/fi\/wp-json\/wp\/v2\/product_brand?post=111646"},{"taxonomy":"product_cat","embeddable":true,"href":"https:\/\/arcticas.fi\/fi\/wp-json\/wp\/v2\/product_cat?post=111646"},{"taxonomy":"product_tag","embeddable":true,"href":"https:\/\/arcticas.fi\/fi\/wp-json\/wp\/v2\/product_tag?post=111646"}],"curies":[{"name":"wp","href":"https:\/\/api.w.org\/{rel}","templated":true}]}}