{"id":111645,"date":"2026-02-26T17:28:49","date_gmt":"2026-02-26T17:28:49","guid":{"rendered":"https:\/\/arcticas.fi\/fi\/?post_type=product&#038;p=111645"},"modified":"2026-03-08T08:51:57","modified_gmt":"2026-03-08T08:51:57","slug":"brynje-gravity-kevyt-turvajalkine-s1pl-esd","status":"publish","type":"product","link":"https:\/\/arcticas.fi\/fi\/product\/brynje-gravity-kevyt-turvajalkine-s1pl-esd\/","title":{"rendered":"BRYNJE Gravity kevyt Turvajalkine S1PL ESD"},"content":{"rendered":"<div class=\"e-product-text-container\">\n<div class=\"e-product-text\">\u00c4lyk\u00e4s ja kevyt turvajalkine, sertifioitu uusien 2022-standardien mukaisesti. P\u00e4\u00e4llinen on neulottua, hengitt\u00e4v\u00e4\u00e4 polyesteri\u00e4, jossa on KPU-elementtej\u00e4 lis\u00e4\u00e4m\u00e4\u00e4n vakautta ja kest\u00e4vyytt\u00e4. Neulottu p\u00e4\u00e4llinen antaa joustavan istuvuuden ja v\u00e4hent\u00e4\u00e4 tuotantohukkaa. Kummallakin sivulla oleva avoin paneeli on peitetty ohuella verkkomateriaalilla<a href=\"https:\/\/arcticas.fi\/fi\/product\/brynje-gravity-s1pl-sr-904\/\" target=\"_blank\" rel=\"noopener\">,<\/a> joka p\u00e4\u00e4st\u00e4\u00e4 ilmaa jaloille. T\u00e4m\u00e4 antaa turvasandaalin kaltaisen tunteen, mutta est\u00e4\u00e4 kivien, soran ja rakennusmateriaalien p\u00e4\u00e4syn jalkoihin. Keng\u00e4n kiristys ja l\u00f6ys\u00e4ys tapahtuu innovatiivisella BOA\u00ae Fit System -j\u00e4rjestelm\u00e4ll\u00e4 t\u00e4ydellisen istuvuuden saavuttamiseksi. ProNose on valmistettu kest\u00e4v\u00e4st\u00e4 KPU:sta, se on hyv\u00e4ksytty 2022-standardin mukaisesti ja sit\u00e4 suositellaan polvillaan teht\u00e4v\u00e4\u00e4n ty\u00f6h\u00f6n. Kuminen ulkopohja on liukastumista ehk\u00e4isev\u00e4 ja yhdess\u00e4 pehme\u00e4n, iskunvaimentavan EVA-v\u00e4lipohjan kanssa se tekee keng\u00e4st\u00e4 mukavan ja joustavan. Pohjassa on my\u00f6s varsi lis\u00e4\u00e4m\u00e4ss\u00e4 vakautta sek\u00e4 v\u00e4hent\u00e4m\u00e4ss\u00e4 kiertymist\u00e4 ja kantap\u00e4\u00e4n rasitusta. Pohjakuviointi on suunniteltu suurilla nystyr\u00f6ill\u00e4 ja leveill\u00e4 urilla, jotta maa, hiekka, vesi ja muta irtoavat helposti ja pito s\u00e4ilyy varmana. Pohjallinen on iskunvaimentava, pehme\u00e4, joustava ja hengitt\u00e4v\u00e4, ja se sis\u00e4lt\u00e4\u00e4 mm. kierr\u00e4tyksest\u00e4 saatua PU-vaahtoa, joka on valmistettu pohjallistuotannon vaahtoj\u00e4\u00e4mist\u00e4. ESD-hyv\u00e4ksytty.<\/div>\n<\/div>\n<hr \/>\n<div class=\"sika-productdetails-icons\"><img loading=\"lazy\" decoding=\"async\" class=\"mb-2\" title=\"SR,S1PL\" src=\"https:\/\/www.sikafootwear.eu\/Files\/Templates\/designs\/sika\/_assets\/img\/sika-icons\/sika-icon-godkendelse-s1pl.png\" alt=\"SR,S1PL\" width=\"45\" height=\"45\" \/>\u00a0<img loading=\"lazy\" decoding=\"async\" class=\"mb-2\" title=\"sr\" src=\"https:\/\/www.sikafootwear.eu\/Files\/Templates\/designs\/sika\/_assets\/img\/sika-icons\/sika-icon-skridsikkerhed-sr.png\" alt=\"sr\" width=\"45\" height=\"45\" \/>\u00a0<img loading=\"lazy\" decoding=\"async\" class=\"mb-2\" title=\"alu\" src=\"https:\/\/www.sikafootwear.eu\/Files\/Templates\/designs\/sika\/_assets\/img\/sika-icons\/sika-icon-toeprotection-alu.png\" alt=\"alu\" width=\"45\" height=\"45\" \/>\u00a0<img loading=\"lazy\" decoding=\"async\" class=\"mb-2\" title=\"fiber\" src=\"https:\/\/www.sikafootwear.eu\/Files\/Templates\/designs\/sika\/_assets\/img\/sika-icons\/sika-icon-nailproctection-fiber.png\" alt=\"fiber\" width=\"45\" height=\"45\" \/>\u00a0<img loading=\"lazy\" decoding=\"async\" class=\"mb-2\" title=\"Oil and Gas Resistant\" src=\"https:\/\/www.sikafootwear.eu\/Files\/Templates\/designs\/sika\/_assets\/img\/sika-icons\/sika-icon-oilandgasresistant.png\" alt=\"Oil and Gas Resistant\" width=\"45\" height=\"45\" \/>\u00a0<img loading=\"lazy\" decoding=\"async\" class=\"mb-2\" title=\"Pro Nose\" src=\"https:\/\/www.sikafootwear.eu\/Files\/Templates\/designs\/sika\/_assets\/img\/sika-icons\/sika-icon-pronose.png\" alt=\"Pro Nose\" width=\"45\" height=\"45\" \/>\u00a0<img loading=\"lazy\" decoding=\"async\" class=\"mb-2\" title=\"ESD Approved\" src=\"https:\/\/www.sikafootwear.eu\/Files\/Templates\/designs\/sika\/_assets\/img\/sika-icons\/sika-icon-esdapproved.png\" alt=\"ESD Approved\" width=\"45\" height=\"45\" \/>\u00a0<img loading=\"lazy\" decoding=\"async\" class=\"mb-2\" title=\"Boa\u00ae Fit System\" src=\"https:\/\/www.sikafootwear.eu\/Files\/Templates\/designs\/sika\/_assets\/img\/sika-icons\/sika-icon-boa.png\" alt=\"Boa\u00ae Fit System\" width=\"45\" height=\"45\" \/><\/div>\n<div>\n<h3>BRYNJE Gravity Ominaisuudet<\/h3>\n<p data-start=\"1370\" data-end=\"2083\"><strong>CE Normi<\/strong> EN ISO 20345:2022+A1:2024<br data-start=\"1404\" data-end=\"1407\" \/><strong>CE-sertifiointi<\/strong> S1,PL,SC,FO<br data-start=\"1434\" data-end=\"1437\" \/><strong>Sarja<\/strong> 900<br data-start=\"1446\" data-end=\"1449\" \/><strong>Ulkopohja<\/strong> Liukastumista ehk\u00e4isev\u00e4 kuminen ulkopohja, joka yhdess\u00e4 pehme\u00e4n, iskunvaimentavan EVA-v\u00e4lipohjan kanssa tarjoaa mukavan ja joustavan keng\u00e4n.<br data-start=\"1599\" data-end=\"1602\" \/><strong>P\u00e4\u00e4llinen<\/strong> Neulottu, hengitt\u00e4v\u00e4 polyesterip\u00e4\u00e4llinen KPU-elementeill\u00e4 lis\u00e4vakauden ja -kest\u00e4vyyden takaamiseksi.<br data-start=\"1712\" data-end=\"1715\" \/><strong>Vuori<\/strong> Hengitt\u00e4v\u00e4 ja kosteutta imev\u00e4 verkkovuori, jossa on lis\u00e4mikrokuituvahvistus kantap\u00e4\u00e4ss\u00e4.<br data-start=\"1809\" data-end=\"1812\" \/><strong>Pohjallinen\/Irtopohjallinen<\/strong> Iskunvaimentava, pehme\u00e4, joustava ja hengitt\u00e4v\u00e4; valmistettu mm. kierr\u00e4tetyst\u00e4 PU-vaahtomateriaalista (vaahtoj\u00e4\u00e4m\u00e4t muusta pohjallistuotannosta).<\/p>\n<h3 data-start=\"1370\" data-end=\"2083\">Erikoisominaisuudet<\/h3>\n<ul>\n<li data-start=\"1370\" data-end=\"2083\">BOA\u00ae Fit System<\/li>\n<li data-start=\"1370\" data-end=\"2083\">ESD-hyv\u00e4ksytty<\/li>\n<li data-start=\"1370\" data-end=\"2083\">KPU ProNose<\/li>\n<li data-start=\"1370\" data-end=\"2083\">Sandaalirakenne<\/li>\n<li data-start=\"1370\" data-end=\"2083\">Kevyt<\/li>\n<\/ul>\n<h3 data-start=\"2085\" data-end=\"2170\">Toimialat<\/h3>\n<ul>\n<li data-start=\"2085\" data-end=\"2170\">Rakentaminen ja k\u00e4sity\u00f6alat<\/li>\n<li data-start=\"2085\" data-end=\"2170\">Kuljetus ja varastointi<\/li>\n<li data-start=\"2085\" data-end=\"2170\">Kevyt teollisuus<\/li>\n<\/ul>\n<p data-start=\"2172\" data-end=\"2258\"><strong>Sukupuoli<\/strong> Unisex<br data-start=\"2188\" data-end=\"2191\" \/><strong>Paino<\/strong> 0,4890 kg, Paino koskee yht\u00e4 kenk\u00e4\u00e4 koossa 42<br data-start=\"2243\" data-end=\"2246\" \/><strong>Koot<\/strong> 35\u201348<\/p>\n<\/div>\n","protected":false},"excerpt":{"rendered":"<p>BRYNJE Gravity on kevyt ja hengitt\u00e4v\u00e4 turvajalkine, joka t\u00e4ytt\u00e4\u00e4 EN ISO 20345:2022+A1:2024 -standardin. Neulottu polyesterip\u00e4\u00e4llinen KPU-vahvikkeilla, BOA\u00ae Fit System -kiristys ja KPU ProNose tekev\u00e4t keng\u00e4st\u00e4 tukevan ja kest\u00e4v\u00e4n my\u00f6s polvillaan ty\u00f6skennelless\u00e4. Liukastumista ehk\u00e4isev\u00e4 kumipohja ja iskunvaimentava EVA-v\u00e4lipohja tarjoavat mukavuutta. ESD-hyv\u00e4ksytty, sandaalimainen ilmanvaihto.<\/p>\n","protected":false},"featured_media":111823,"comment_status":"closed","ping_status":"closed","template":"","meta":[],"product_brand":[],"product_cat":[1014],"product_tag":[1011],"class_list":{"0":"post-111645","1":"product","2":"type-product","3":"status-publish","4":"has-post-thumbnail","6":"product_cat-brynje","7":"product_tag-sikaff","8":"pa_brand-brynje","9":"pa_color-svart","10":"pa_size-1042","11":"pa_size-701","12":"pa_size-1020","13":"pa_size-702","14":"pa_size-1021","15":"pa_size-697","16":"pa_size-1022","17":"pa_size-698","18":"pa_size-1023","19":"pa_size-699","20":"pa_size-1024","21":"pa_size-700","22":"pa_size-1025","23":"pa_size-945","25":"first","26":"instock","27":"shipping-taxable","28":"purchasable","29":"product-type-variable"},"_links":{"self":[{"href":"https:\/\/arcticas.fi\/fi\/wp-json\/wp\/v2\/product\/111645","targetHints":{"allow":["GET"]}}],"collection":[{"href":"https:\/\/arcticas.fi\/fi\/wp-json\/wp\/v2\/product"}],"about":[{"href":"https:\/\/arcticas.fi\/fi\/wp-json\/wp\/v2\/types\/product"}],"replies":[{"embeddable":true,"href":"https:\/\/arcticas.fi\/fi\/wp-json\/wp\/v2\/comments?post=111645"}],"wp:featuredmedia":[{"embeddable":true,"href":"https:\/\/arcticas.fi\/fi\/wp-json\/wp\/v2\/media\/111823"}],"wp:attachment":[{"href":"https:\/\/arcticas.fi\/fi\/wp-json\/wp\/v2\/media?parent=111645"}],"wp:term":[{"taxonomy":"product_brand","embeddable":true,"href":"https:\/\/arcticas.fi\/fi\/wp-json\/wp\/v2\/product_brand?post=111645"},{"taxonomy":"product_cat","embeddable":true,"href":"https:\/\/arcticas.fi\/fi\/wp-json\/wp\/v2\/product_cat?post=111645"},{"taxonomy":"product_tag","embeddable":true,"href":"https:\/\/arcticas.fi\/fi\/wp-json\/wp\/v2\/product_tag?post=111645"}],"curies":[{"name":"wp","href":"https:\/\/api.w.org\/{rel}","templated":true}]}}