{"id":111644,"date":"2026-02-26T17:28:49","date_gmt":"2026-02-26T17:28:49","guid":{"rendered":"https:\/\/arcticas.fi\/fi\/?post_type=product&#038;p=111644"},"modified":"2026-03-08T08:51:34","modified_gmt":"2026-03-08T08:51:34","slug":"brynje-phoenix-turvajalkine-s3l-esd","status":"publish","type":"product","link":"https:\/\/arcticas.fi\/fi\/product\/brynje-phoenix-turvajalkine-s3l-esd\/","title":{"rendered":"BRYNJE Phoenix Turvajalkine S3L ESD"},"content":{"rendered":"<div class=\"e-product-text-container\">\n<div class=\"e-product-text\">\u00c4lyk\u00e4s ja kevyt turvajalkine, sertifioitu uusien vuoden 2022 standardien mukaan. P\u00e4\u00e4llinen on neulottua, hengitt\u00e4v\u00e4\u00e4 polyesteri\u00e4, jossa on KPU-elementtej\u00e4 lis\u00e4vakauden ja -lujuuden takaamiseksi. Neulottu p\u00e4\u00e4llinen tarjoaa joustavan istuvuuden ja minimoi tuotannon hukan. 903 Phoenix -kenk\u00e4 on lis\u00e4ksi k\u00e4sitelty pinnoitteella, joka antaa vett\u00e4 hylkiv\u00e4n vaikutuksen. Kenk\u00e4 kiristet\u00e4\u00e4n ja l\u00f6ys\u00e4t\u00e4\u00e4n innovatiivisella BOA\u00ae Fit System -j\u00e4rjestelm\u00e4ll\u00e4 t\u00e4ydellist\u00e4 istuvuutta varten. ProNose on valmistettu kest\u00e4v\u00e4st\u00e4 KPU:sta, ja se on hyv\u00e4ksytty vuoden 2022 standardin mukaisesti sek\u00e4 suositeltu t\u00f6ihin, joissa polvistutaan<a href=\"https:\/\/arcticas.fi\/fi\/product\/brynje-phoenix-s3l-sr-903\/\" target=\"_blank\" rel=\"noopener\">.<\/a> Kuminen ulkopohja on liukastumista est\u00e4v\u00e4 ja yhdess\u00e4 pehme\u00e4n, iskunvaimentavan EVA-v\u00e4lipohjan kanssa se tekee keng\u00e4st\u00e4 mukavan ja joustavan. Pohjassa on my\u00f6s tukiranka (shank), joka lis\u00e4\u00e4 vakautta sek\u00e4 v\u00e4hent\u00e4\u00e4 v\u00e4\u00e4ntymist\u00e4 ja kantap\u00e4\u00e4h\u00e4n kohdistuvaa rasitusta. Pohjakuviointi on suunniteltu suurilla nystyr\u00f6ill\u00e4 ja leveill\u00e4 urilla, jotta maa, hiekka, vesi ja muta irtoavat helposti ja askelpito s\u00e4ilyy varmana. Sis\u00e4pohja on iskunvaimentava, pehme\u00e4, joustava ja hengitt\u00e4v\u00e4, ja se sis\u00e4lt\u00e4\u00e4 mm. kierr\u00e4tetty\u00e4 PU-vaahtoa, joka on per\u00e4isin sis\u00e4pohjien tuotannon vaahtoj\u00e4\u00e4mist\u00e4. ESD-hyv\u00e4ksytty.<\/div>\n<\/div>\n<hr \/>\n<div class=\"sika-productdetails-icons\"><img loading=\"lazy\" decoding=\"async\" class=\"mb-2\" title=\"S3L,SR\" src=\"https:\/\/www.sikafootwear.eu\/Files\/Templates\/designs\/sika\/_assets\/img\/sika-icons\/sika-icon-godkendelse-s3l.png\" alt=\"S3L,SR\" width=\"45\" height=\"45\" \/>\u00a0<img loading=\"lazy\" decoding=\"async\" class=\"mb-2\" title=\"sr\" src=\"https:\/\/www.sikafootwear.eu\/Files\/Templates\/designs\/sika\/_assets\/img\/sika-icons\/sika-icon-skridsikkerhed-sr.png\" alt=\"sr\" width=\"45\" height=\"45\" \/>\u00a0<img loading=\"lazy\" decoding=\"async\" class=\"mb-2\" title=\"alu\" src=\"https:\/\/www.sikafootwear.eu\/Files\/Templates\/designs\/sika\/_assets\/img\/sika-icons\/sika-icon-toeprotection-alu.png\" alt=\"alu\" width=\"45\" height=\"45\" \/>\u00a0<img loading=\"lazy\" decoding=\"async\" class=\"mb-2\" title=\"fiber\" src=\"https:\/\/www.sikafootwear.eu\/Files\/Templates\/designs\/sika\/_assets\/img\/sika-icons\/sika-icon-nailproctection-fiber.png\" alt=\"fiber\" width=\"45\" height=\"45\" \/>\u00a0<img loading=\"lazy\" decoding=\"async\" class=\"mb-2\" title=\"Oil and Gas Resistant\" src=\"https:\/\/www.sikafootwear.eu\/Files\/Templates\/designs\/sika\/_assets\/img\/sika-icons\/sika-icon-oilandgasresistant.png\" alt=\"Oil and Gas Resistant\" width=\"45\" height=\"45\" \/>\u00a0<img loading=\"lazy\" decoding=\"async\" class=\"mb-2\" title=\"Pro Nose\" src=\"https:\/\/www.sikafootwear.eu\/Files\/Templates\/designs\/sika\/_assets\/img\/sika-icons\/sika-icon-pronose.png\" alt=\"Pro Nose\" width=\"45\" height=\"45\" \/>\u00a0<img loading=\"lazy\" decoding=\"async\" class=\"mb-2\" title=\"ESD Approved\" src=\"https:\/\/www.sikafootwear.eu\/Files\/Templates\/designs\/sika\/_assets\/img\/sika-icons\/sika-icon-esdapproved.png\" alt=\"ESD Approved\" width=\"45\" height=\"45\" \/>\u00a0<img loading=\"lazy\" decoding=\"async\" class=\"mb-2\" title=\"Boa\u00ae Fit System\" src=\"https:\/\/www.sikafootwear.eu\/Files\/Templates\/designs\/sika\/_assets\/img\/sika-icons\/sika-icon-boa.png\" alt=\"Boa\u00ae Fit System\" width=\"45\" height=\"45\" \/><\/div>\n<div>\n<h3>BRYNJE Phoenix Ominaisuudet<\/h3>\n<p data-start=\"1243\" data-end=\"1999\"><strong data-start=\"1243\" data-end=\"1255\">CE-normi<\/strong> EN ISO 20345:2022+A1:2024<br data-start=\"1281\" data-end=\"1284\" \/><strong data-start=\"1284\" data-end=\"1303\">CE-sertifiointi<\/strong> S3L,FO,SC<br data-start=\"1313\" data-end=\"1316\" \/><strong data-start=\"1316\" data-end=\"1325\">Sarja<\/strong> 900<br data-start=\"1329\" data-end=\"1332\" \/><strong data-start=\"1332\" data-end=\"1345\">Ulkopohja<\/strong> Liukastumista est\u00e4v\u00e4 kuminen ulkopohja, joka yhdess\u00e4 pehme\u00e4n, iskunvaimentavan EVA-v\u00e4lipohjan kanssa tarjoaa mukavan ja joustavan keng\u00e4n.<br data-start=\"1483\" data-end=\"1486\" \/><strong data-start=\"1486\" data-end=\"1499\">P\u00e4\u00e4llinen<\/strong> Neulottu, hengitt\u00e4v\u00e4 polyesterip\u00e4\u00e4llinen KPU-elementeill\u00e4 lis\u00e4vakauden ja -lujuuden takaamiseksi. Pintak\u00e4sitelty kest\u00e4v\u00e4ll\u00e4 pinnoitteella vett\u00e4 hylkiv\u00e4n vaikutuksen saavuttamiseksi.<br data-start=\"1681\" data-end=\"1684\" data-is-only-node=\"\" \/><strong data-start=\"1684\" data-end=\"1693\">Vuori<\/strong> Hengitt\u00e4v\u00e4 ja imukykyinen verkkovuori, jossa on lis\u00e4mikrokuituvahvistus kantap\u00e4\u00e4ss\u00e4.<br data-start=\"1778\" data-end=\"1781\" \/><strong data-start=\"1781\" data-end=\"1806\">Sis\u00e4pohja\/pohjallinen<\/strong> Iskunvaimentava, pehme\u00e4, joustava ja hengitt\u00e4v\u00e4; valmistettu mm. kierr\u00e4tetyst\u00e4 PU-vaahtomateriaalista, joka on per\u00e4isin muiden sis\u00e4pohjien tuotannon vaahtoj\u00e4\u00e4mist\u00e4.<\/p>\n<h3 data-start=\"1243\" data-end=\"1999\"><strong data-start=\"1974\" data-end=\"1997\">Erityisominaisuudet<\/strong><\/h3>\n<ul>\n<li data-start=\"2002\" data-end=\"2019\">BOA\u00ae Fit System<\/li>\n<li data-start=\"2022\" data-end=\"2038\">ESD-hyv\u00e4ksytty<\/li>\n<li data-start=\"2041\" data-end=\"2054\">KPU ProNose<\/li>\n<li data-start=\"2057\" data-end=\"2081\">Vett\u00e4 hylkiv\u00e4 pinnoite<\/li>\n<\/ul>\n<h3 data-start=\"2083\" data-end=\"2098\"><strong data-start=\"2083\" data-end=\"2096\">Toimialat<\/strong><\/h3>\n<ul>\n<li data-start=\"2101\" data-end=\"2130\">Rakentaminen ja k\u00e4sity\u00f6alat<\/li>\n<li data-start=\"2133\" data-end=\"2158\">Kuljetus ja varastointi<\/li>\n<li data-start=\"2161\" data-end=\"2179\">Kevyt teollisuus<\/li>\n<\/ul>\n<p data-start=\"2181\" data-end=\"2278\"><strong data-start=\"2181\" data-end=\"2194\">Sukupuoli<\/strong> Unisex<br data-start=\"2201\" data-end=\"2204\" \/><strong data-start=\"2204\" data-end=\"2213\">Paino<\/strong> 0,496 kg, Paino koskee yht\u00e4 kenk\u00e4\u00e4 koossa 42<br data-start=\"2259\" data-end=\"2262\" \/><strong data-start=\"2262\" data-end=\"2270\">Koot<\/strong> 35\u201348<\/p>\n<\/div>\n","protected":false},"excerpt":{"rendered":"<p>BRYNJE Phoenix 903 on kevyt ja \u00e4lyk\u00e4s S3L-turvajalkine (EN ISO 20345:2022+A1:2024) rakentamiseen, logistiikkaan ja kevyeen teollisuuteen. Neulottu, hengitt\u00e4v\u00e4 polyesterip\u00e4\u00e4llinen KPU-vahvikkeilla ja vett\u00e4 hylkiv\u00e4 pinnoite parantavat k\u00e4ytt\u00f6mukavuutta ja kest\u00e4vyytt\u00e4. BOA\u00ae Fit System varmistaa tarkan istuvuuden, KPU ProNose tukee polvistumisty\u00f6t\u00e4 ja liukuestekumipohja + EVA-vaimennus lis\u00e4\u00e4v\u00e4t turvallisuutta. ESD-hyv\u00e4ksytty.<\/p>\n","protected":false},"featured_media":111817,"comment_status":"closed","ping_status":"closed","template":"","meta":[],"product_brand":[],"product_cat":[1014],"product_tag":[1011],"class_list":{"0":"post-111644","1":"product","2":"type-product","3":"status-publish","4":"has-post-thumbnail","6":"product_cat-brynje","7":"product_tag-sikaff","8":"pa_brand-brynje","9":"pa_color-svart","10":"pa_size-1042","11":"pa_size-701","12":"pa_size-1020","13":"pa_size-702","14":"pa_size-1021","15":"pa_size-697","16":"pa_size-1022","17":"pa_size-698","18":"pa_size-1023","19":"pa_size-699","20":"pa_size-1024","21":"pa_size-700","22":"pa_size-1025","23":"pa_size-945","25":"first","26":"instock","27":"shipping-taxable","28":"purchasable","29":"product-type-variable"},"_links":{"self":[{"href":"https:\/\/arcticas.fi\/fi\/wp-json\/wp\/v2\/product\/111644","targetHints":{"allow":["GET"]}}],"collection":[{"href":"https:\/\/arcticas.fi\/fi\/wp-json\/wp\/v2\/product"}],"about":[{"href":"https:\/\/arcticas.fi\/fi\/wp-json\/wp\/v2\/types\/product"}],"replies":[{"embeddable":true,"href":"https:\/\/arcticas.fi\/fi\/wp-json\/wp\/v2\/comments?post=111644"}],"wp:featuredmedia":[{"embeddable":true,"href":"https:\/\/arcticas.fi\/fi\/wp-json\/wp\/v2\/media\/111817"}],"wp:attachment":[{"href":"https:\/\/arcticas.fi\/fi\/wp-json\/wp\/v2\/media?parent=111644"}],"wp:term":[{"taxonomy":"product_brand","embeddable":true,"href":"https:\/\/arcticas.fi\/fi\/wp-json\/wp\/v2\/product_brand?post=111644"},{"taxonomy":"product_cat","embeddable":true,"href":"https:\/\/arcticas.fi\/fi\/wp-json\/wp\/v2\/product_cat?post=111644"},{"taxonomy":"product_tag","embeddable":true,"href":"https:\/\/arcticas.fi\/fi\/wp-json\/wp\/v2\/product_tag?post=111644"}],"curies":[{"name":"wp","href":"https:\/\/api.w.org\/{rel}","templated":true}]}}