{"id":111643,"date":"2026-02-26T17:28:49","date_gmt":"2026-02-26T17:28:49","guid":{"rendered":"https:\/\/arcticas.fi\/fi\/?post_type=product&#038;p=111643"},"modified":"2026-03-08T08:51:15","modified_gmt":"2026-03-08T08:51:15","slug":"brynje-inferno-turvakenka-s3-esd","status":"publish","type":"product","link":"https:\/\/arcticas.fi\/fi\/product\/brynje-inferno-turvakenka-s3-esd\/","title":{"rendered":"BRYNJE Inferno Turvakenk\u00e4 S3 ESD"},"content":{"rendered":"<div class=\"e-product-text-container\">\n<div class=\"e-product-text\">Matala turvakenk\u00e4 BOA\u00ae Fit System -kiristysj\u00e4rjestelm\u00e4ll\u00e4, sneaker-tyyliss\u00e4 sis\u00e4k\u00e4ytt\u00f6\u00f6n. Hengitt\u00e4v\u00e4, mukava ja ihanteellinen kevyeen teollisuuteen sek\u00e4 varasto- ja logistiikka-alalle. P\u00e4\u00e4llinen on vett\u00e4hylkiv\u00e4\u00e4 tekstiili\u00e4, jossa on TPU-yksityiskohtia lis\u00e4\u00e4m\u00e4ss\u00e4 kest\u00e4vyytt\u00e4 ja jalkater\u00e4n vakautta. TPU ProNose<a href=\"https:\/\/arcticas.fi\/fi\/product\/brynje-inferno-s3-src-803\/\" target=\"_blank\" rel=\"noopener\">.<\/a> Erityisen liukastumista ehk\u00e4isev\u00e4 ulkopohja on valmistettu XL EXTRALIGHT\u00ae -vaahdosta, mik\u00e4 takaa erinomaisen vakauden ja pidon sis\u00e4pinnoilla. Lis\u00e4ksi pohjan koostumus ja vakaus varmistavat, ett\u00e4 ep\u00e4tasaiset pinnat\/lattiaprofiilit ym. tuntuvat liikkeess\u00e4 harvoin. Pohjallinen on iskunvaimentava, pehme\u00e4, joustava ja hengitt\u00e4v\u00e4. Se on osittain valmistettu ylij\u00e4\u00e4m\u00e4st\u00e4 (upcycled) PU-vaahdosta, joka koostuu pohjallistuotannon j\u00e4\u00e4mist\u00e4. ESD-hyv\u00e4ksytty, PVC-vapaa, kevyt ja joustava kuitumateriaalinen naulaanastumissuoja sek\u00e4 kevyt alumiininen varvassuoja.<\/div>\n<\/div>\n<hr \/>\n<div class=\"sika-productdetails-icons\"><img loading=\"lazy\" decoding=\"async\" class=\"mb-2\" title=\"SRC,S3\" src=\"https:\/\/www.sikafootwear.eu\/Files\/Templates\/designs\/sika\/_assets\/img\/sika-icons\/sika-icon-godkendelse-s3.png\" alt=\"SRC,S3\" width=\"45\" height=\"45\" \/>\u00a0<img loading=\"lazy\" decoding=\"async\" class=\"mb-2\" title=\"src\" src=\"https:\/\/www.sikafootwear.eu\/Files\/Templates\/designs\/sika\/_assets\/img\/sika-icons\/sika-icon-skridsikkerhed-src.png\" alt=\"src\" width=\"45\" height=\"45\" \/>\u00a0<img loading=\"lazy\" decoding=\"async\" class=\"mb-2\" title=\"alu\" src=\"https:\/\/www.sikafootwear.eu\/Files\/Templates\/designs\/sika\/_assets\/img\/sika-icons\/sika-icon-toeprotection-alu.png\" alt=\"alu\" width=\"45\" height=\"45\" \/>\u00a0<img loading=\"lazy\" decoding=\"async\" class=\"mb-2\" title=\"fiber\" src=\"https:\/\/www.sikafootwear.eu\/Files\/Templates\/designs\/sika\/_assets\/img\/sika-icons\/sika-icon-nailproctection-fiber.png\" alt=\"fiber\" width=\"45\" height=\"45\" \/>\u00a0<img loading=\"lazy\" decoding=\"async\" class=\"mb-2\" title=\"Oil and Gas Resistant\" src=\"https:\/\/www.sikafootwear.eu\/Files\/Templates\/designs\/sika\/_assets\/img\/sika-icons\/sika-icon-oilandgasresistant.png\" alt=\"Oil and Gas Resistant\" width=\"45\" height=\"45\" \/>\u00a0<img loading=\"lazy\" decoding=\"async\" class=\"mb-2\" title=\"Pro Nose\" src=\"https:\/\/www.sikafootwear.eu\/Files\/Templates\/designs\/sika\/_assets\/img\/sika-icons\/sika-icon-pronose.png\" alt=\"Pro Nose\" width=\"45\" height=\"45\" \/>\u00a0<img loading=\"lazy\" decoding=\"async\" class=\"mb-2\" title=\"ESD Approved\" src=\"https:\/\/www.sikafootwear.eu\/Files\/Templates\/designs\/sika\/_assets\/img\/sika-icons\/sika-icon-esdapproved.png\" alt=\"ESD Approved\" width=\"45\" height=\"45\" \/>\u00a0<img loading=\"lazy\" decoding=\"async\" class=\"mb-2\" title=\"Boa\u00ae Fit System\" src=\"https:\/\/www.sikafootwear.eu\/Files\/Templates\/designs\/sika\/_assets\/img\/sika-icons\/sika-icon-boa.png\" alt=\"Boa\u00ae Fit System\" width=\"45\" height=\"45\" \/><\/div>\n<div>\n<div class=\"col-12 col-md-10 col-lg-8 col-xl-6 mx-auto\">\n<div id=\"collapse-PROD5578-00\" class=\"collapse-peek-content collapse show\">\n<div class=\"row\">\n<h3 class=\"col-12\">BRYNJE Inferno Ominaisuudet<\/h3>\n<p data-start=\"936\" data-end=\"1673\"><strong data-start=\"936\" data-end=\"948\">CE Normi<\/strong> EN ISO 20345:2011<br data-start=\"966\" data-end=\"969\" \/><strong data-start=\"969\" data-end=\"988\">CE-sertifiointi<\/strong> S3<br data-start=\"991\" data-end=\"994\" \/><strong data-start=\"994\" data-end=\"1003\">Sarja<\/strong> 800<br data-start=\"1007\" data-end=\"1010\" \/><strong data-start=\"1010\" data-end=\"1023\">Ulkopohja<\/strong> Ulkopohjassa on poikkeuksellisen hyv\u00e4t liukastumista ehk\u00e4isev\u00e4t ominaisuudet ja se on valmistettu XL EXTRALIGHT\u00ae -vaahdosta, mik\u00e4 varmistaa optimaalisen vakauden ja pidon sis\u00e4pinnoilla.<br data-start=\"1209\" data-end=\"1212\" \/><strong data-start=\"1212\" data-end=\"1225\">P\u00e4\u00e4llinen<\/strong> P\u00e4\u00e4llinen on vett\u00e4hylkiv\u00e4\u00e4 tekstiili\u00e4 TPU-yksityiskohdilla. Ne lis\u00e4\u00e4v\u00e4t keng\u00e4n kest\u00e4vyytt\u00e4 ja auttavat vakauttamaan jalkaa keng\u00e4n sis\u00e4ll\u00e4.<br data-start=\"1364\" data-end=\"1367\" data-is-only-node=\"\" \/><strong data-start=\"1367\" data-end=\"1376\">Vuori<\/strong> Hengitt\u00e4v\u00e4 ja kosteutta imev\u00e4 verkkovuori, kantap\u00e4\u00e4ss\u00e4 lis\u00e4vahvistus mikrokuidusta.<br data-start=\"1460\" data-end=\"1463\" \/><strong data-start=\"1463\" data-end=\"1500\">Pohjallinen\/Irrotettava sis\u00e4pohja<\/strong> Iskunvaimentava, pehme\u00e4, joustava ja hengitt\u00e4v\u00e4; osittain ylij\u00e4\u00e4m\u00e4st\u00e4 (upcycled) PU-vaahdosta, joka on muiden pohjallistuotantojen vaahtoj\u00e4\u00e4m\u00e4\u00e4.<\/p>\n<h3 data-start=\"936\" data-end=\"1673\"><strong data-start=\"1648\" data-end=\"1671\">Erikoisominaisuudet<\/strong><\/h3>\n<ul>\n<li data-start=\"1676\" data-end=\"1693\">Vakaa ja mukava<\/li>\n<li data-start=\"1696\" data-end=\"1713\">BOA\u00ae Fit System<\/li>\n<li data-start=\"1716\" data-end=\"1788\">XL EXTRALIGHT\u00ae \u2013 erityisen hyv\u00e4t liukastumista ehk\u00e4isev\u00e4t ominaisuudet<\/li>\n<li data-start=\"1791\" data-end=\"1849\">Kevyt ja joustava kuitumateriaalinen naulaanastumissuoja<\/li>\n<li data-start=\"1852\" data-end=\"1883\">Kevyt alumiininen varvassuoja<\/li>\n<li data-start=\"1886\" data-end=\"1899\">TPU ProNose<\/li>\n<li data-start=\"1902\" data-end=\"1913\">PVC-vapaa<\/li>\n<li data-start=\"1916\" data-end=\"1932\">ESD-hyv\u00e4ksytty<\/li>\n<\/ul>\n<h3 data-start=\"1934\" data-end=\"1949\"><strong data-start=\"1934\" data-end=\"1947\">Toimialat<\/strong><\/h3>\n<ul>\n<li data-start=\"1952\" data-end=\"1977\">Kuljetus ja varastointi<\/li>\n<li data-start=\"1980\" data-end=\"1998\">Kevyt teollisuus<\/li>\n<\/ul>\n<p data-start=\"2000\" data-end=\"2098\"><strong data-start=\"2000\" data-end=\"2013\">Sukupuoli<\/strong> Unisex<br data-start=\"2020\" data-end=\"2023\" \/><strong data-start=\"2023\" data-end=\"2032\">Paino<\/strong> 0,6155 kg, Paino koskee yht\u00e4 kenk\u00e4\u00e4 koossa 42<br data-start=\"2079\" data-end=\"2082\" \/><strong data-start=\"2082\" data-end=\"2090\">Koot<\/strong> 39\u201348<\/p>\n<\/div>\n<\/div>\n<\/div>\n<\/div>\n","protected":false},"excerpt":{"rendered":"<p>BRYNJE Inferno on matalaprofiilinen S3-turvakenk\u00e4 sis\u00e4k\u00e4ytt\u00f6\u00f6n, jossa BOA\u00ae Fit System takaa nopean ja tarkan istuvuuden. Vett\u00e4hylkiv\u00e4 tekstiilip\u00e4\u00e4llinen TPU-vahvikkeilla ja TPU ProNose lis\u00e4\u00e4v\u00e4t kest\u00e4vyytt\u00e4. XL EXTRALIGHT\u00ae -ulkopohja tarjoaa erinomaisen pidon ja vakauden varastoihin ja kevyeen teollisuuteen. ESD-hyv\u00e4ksytty, PVC-vapaa, kevyt alumiininen varvassuoja ja joustava naulaanastumissuoja.<\/p>\n","protected":false},"featured_media":111811,"comment_status":"closed","ping_status":"closed","template":"","meta":[],"product_brand":[],"product_cat":[1014],"product_tag":[1011],"class_list":{"0":"post-111643","1":"product","2":"type-product","3":"status-publish","4":"has-post-thumbnail","6":"product_cat-brynje","7":"product_tag-sikaff","8":"pa_brand-brynje","9":"pa_color-svart","10":"pa_size-1021","11":"pa_size-697","12":"pa_size-1022","13":"pa_size-698","14":"pa_size-1023","15":"pa_size-699","16":"pa_size-1024","17":"pa_size-700","18":"pa_size-1025","19":"pa_size-945","21":"first","22":"instock","23":"shipping-taxable","24":"purchasable","25":"product-type-variable"},"_links":{"self":[{"href":"https:\/\/arcticas.fi\/fi\/wp-json\/wp\/v2\/product\/111643","targetHints":{"allow":["GET"]}}],"collection":[{"href":"https:\/\/arcticas.fi\/fi\/wp-json\/wp\/v2\/product"}],"about":[{"href":"https:\/\/arcticas.fi\/fi\/wp-json\/wp\/v2\/types\/product"}],"replies":[{"embeddable":true,"href":"https:\/\/arcticas.fi\/fi\/wp-json\/wp\/v2\/comments?post=111643"}],"wp:featuredmedia":[{"embeddable":true,"href":"https:\/\/arcticas.fi\/fi\/wp-json\/wp\/v2\/media\/111811"}],"wp:attachment":[{"href":"https:\/\/arcticas.fi\/fi\/wp-json\/wp\/v2\/media?parent=111643"}],"wp:term":[{"taxonomy":"product_brand","embeddable":true,"href":"https:\/\/arcticas.fi\/fi\/wp-json\/wp\/v2\/product_brand?post=111643"},{"taxonomy":"product_cat","embeddable":true,"href":"https:\/\/arcticas.fi\/fi\/wp-json\/wp\/v2\/product_cat?post=111643"},{"taxonomy":"product_tag","embeddable":true,"href":"https:\/\/arcticas.fi\/fi\/wp-json\/wp\/v2\/product_tag?post=111643"}],"curies":[{"name":"wp","href":"https:\/\/api.w.org\/{rel}","templated":true}]}}