{"id":111642,"date":"2026-02-26T17:28:48","date_gmt":"2026-02-26T17:28:48","guid":{"rendered":"https:\/\/arcticas.fi\/fi\/?post_type=product&#038;p=111642"},"modified":"2026-03-08T08:52:55","modified_gmt":"2026-03-08T08:52:55","slug":"brynje-meteor-turvakenka-s1-esd","status":"publish","type":"product","link":"https:\/\/arcticas.fi\/fi\/product\/brynje-meteor-turvakenka-s1-esd\/","title":{"rendered":"BRYNJE Meteor Turvakenk\u00e4 S1 ESD"},"content":{"rendered":"<div class=\"e-product-text-container\">\n<div class=\"e-product-text\">Matalaprofiilinen ja mukava turvakenk\u00e4, jossa on sneaker-tyylinen ulkon\u00e4k\u00f6 ja suuret ilmakanaalit lis\u00e4hengitt\u00e4vyytt\u00e4 varten sis\u00e4k\u00e4ytt\u00f6\u00f6n. Ihanteellinen kevyelle teollisuudelle sek\u00e4 varasto- ja logistiikka-alalle. P\u00e4\u00e4llinen on hengitt\u00e4v\u00e4\u00e4 mesh-materiaalia, ja TPU-yksityiskohdat lis\u00e4\u00e4v\u00e4t kest\u00e4vyytt\u00e4 sek\u00e4 jalan vakautta. TPU ProNose. Erityisen liukastumista ehk\u00e4isev\u00e4 ulkopohja on valmistettu XL EXTRALIGHT\u00ae -vaahtomateriaalista, joka varmistaa optimaalisen vakauden ja pidon sis\u00e4pinnoilla. Lis\u00e4ksi pohjan rakenne ja vakaus v\u00e4hent\u00e4v\u00e4t tuntumaa ep\u00e4tasaisuuksista\/lattiaprofiileista liikkuessa. Pohjallinen on iskunvaimentava<a href=\"https:\/\/arcticas.fi\/fi\/product\/brynje-meteor-s1-src-802\/\" target=\"_blank\" rel=\"noopener\">,<\/a> pehme\u00e4, joustava ja hengitt\u00e4v\u00e4. Se on osittain valmistettu kierr\u00e4tetyst\u00e4 (upcycled) PU-vaahdosta, joka koostuu pohjallistuotannon ylij\u00e4\u00e4m\u00e4materiaalista. ESD-hyv\u00e4ksytty, PVC-vapaa ja varustettu kevyell\u00e4 alumiinisella varvassuojalla.<\/div>\n<\/div>\n<hr \/>\n<div class=\"sika-productdetails-icons\"><img loading=\"lazy\" decoding=\"async\" class=\"mb-2\" title=\"SRC,S1\" src=\"https:\/\/www.sikafootwear.eu\/Files\/Templates\/designs\/sika\/_assets\/img\/sika-icons\/sika-icon-godkendelse-s1.png\" alt=\"SRC,S1\" width=\"45\" height=\"45\" \/>\u00a0<img loading=\"lazy\" decoding=\"async\" class=\"mb-2\" title=\"src\" src=\"https:\/\/www.sikafootwear.eu\/Files\/Templates\/designs\/sika\/_assets\/img\/sika-icons\/sika-icon-skridsikkerhed-src.png\" alt=\"src\" width=\"45\" height=\"45\" \/>\u00a0<img loading=\"lazy\" decoding=\"async\" class=\"mb-2\" title=\"alu\" src=\"https:\/\/www.sikafootwear.eu\/Files\/Templates\/designs\/sika\/_assets\/img\/sika-icons\/sika-icon-toeprotection-alu.png\" alt=\"alu\" width=\"45\" height=\"45\" \/>\u00a0<img loading=\"lazy\" decoding=\"async\" class=\"mb-2\" title=\"Oil and Gas Resistant\" src=\"https:\/\/www.sikafootwear.eu\/Files\/Templates\/designs\/sika\/_assets\/img\/sika-icons\/sika-icon-oilandgasresistant.png\" alt=\"Oil and Gas Resistant\" width=\"45\" height=\"45\" \/>\u00a0<img loading=\"lazy\" decoding=\"async\" class=\"mb-2\" title=\"Pro Nose\" src=\"https:\/\/www.sikafootwear.eu\/Files\/Templates\/designs\/sika\/_assets\/img\/sika-icons\/sika-icon-pronose.png\" alt=\"Pro Nose\" width=\"45\" height=\"45\" \/>\u00a0<img loading=\"lazy\" decoding=\"async\" class=\"mb-2\" title=\"ESD Approved\" src=\"https:\/\/www.sikafootwear.eu\/Files\/Templates\/designs\/sika\/_assets\/img\/sika-icons\/sika-icon-esdapproved.png\" alt=\"ESD Approved\" width=\"45\" height=\"45\" \/><\/div>\n<div>\n<div class=\"col-12 col-md-10 col-lg-8 col-xl-6 mx-auto\">\n<div id=\"collapse-PROD5577-00\" class=\"collapse-peek-content collapse show\">\n<div class=\"row\">\n<div class=\"col-12\">\n<h3>BRYNJE Meteor Ominaisuudet<\/h3>\n<p data-start=\"894\" data-end=\"967\"><strong data-start=\"894\" data-end=\"906\">CE-normi<\/strong> EN ISO 20345:2011<br data-start=\"924\" data-end=\"927\" \/><strong data-start=\"927\" data-end=\"946\">CE-sertifiointi<\/strong> S1<br data-start=\"949\" data-end=\"952\" \/><strong data-start=\"952\" data-end=\"961\">Sarja<\/strong> 800<br \/>\n<strong data-start=\"969\" data-end=\"982\">Ulkopohja<\/strong> Ulkopohja on erityisen liukastumista ehk\u00e4isev\u00e4 ja valmistettu XL EXTRALIGHT\u00ae -vaahtomateriaalista, mik\u00e4 takaa optimaalisen vakauden ja pidon sis\u00e4pinnoilla.<br \/>\n<strong data-start=\"1142\" data-end=\"1155\">P\u00e4\u00e4llinen<\/strong> P\u00e4\u00e4llisess\u00e4 on suuret avoimet ilmakanaalit keng\u00e4n molemmilla sivuilla optimaalista ilmanvaihtoa ja hengitt\u00e4vyytt\u00e4 varten. Materiaali on hengitt\u00e4v\u00e4\u00e4 mesh-kangasta, jossa on TPU-yksityiskohtia lis\u00e4\u00e4m\u00e4ss\u00e4 kest\u00e4vyytt\u00e4 ja jalan vakautta.<br \/>\n<strong data-start=\"1392\" data-end=\"1401\">Vuori<\/strong> Hengitt\u00e4v\u00e4 ja imukykyinen mesh-vuori, jossa lis\u00e4mikrokuituvahvistus kantap\u00e4\u00e4ss\u00e4.<br \/>\n<strong data-start=\"1486\" data-end=\"1518\">Pohjallinen\/irto- \/sis\u00e4pohja<\/strong> Iskunvaimentava, pehme\u00e4, joustava ja hengitt\u00e4v\u00e4, ja osittain valmistettu kierr\u00e4tetyst\u00e4 (upcycled) PU-vaahdosta, joka koostuu pohjallistuotannon ylij\u00e4\u00e4m\u00e4st\u00e4.<\/p>\n<h3 data-start=\"1679\" data-end=\"1910\"><strong data-start=\"1679\" data-end=\"1702\">Erityisominaisuudet<\/strong><\/h3>\n<ul>\n<li data-start=\"1679\" data-end=\"1910\">Avoimet kanavat optimaaliseen ilmanvaihtoon<\/li>\n<li data-start=\"1679\" data-end=\"1910\">vakaa ja mukava<\/li>\n<li data-start=\"1679\" data-end=\"1910\">XL EXTRALIGHT\u00ae \u2013 erityiset liukastumista ehk\u00e4isev\u00e4t ominaisuudet<\/li>\n<li data-start=\"1679\" data-end=\"1910\">kevyt alumiininen varvassuoja<\/li>\n<li data-start=\"1679\" data-end=\"1910\">TPU ProNose<\/li>\n<li data-start=\"1679\" data-end=\"1910\">PVC-vapaa<\/li>\n<li data-start=\"1679\" data-end=\"1910\">ESD-hyv\u00e4ksytty<\/li>\n<\/ul>\n<h3 data-start=\"1912\" data-end=\"1972\"><strong data-start=\"1912\" data-end=\"1925\">Toimialat<\/strong><\/h3>\n<ul>\n<li data-start=\"1912\" data-end=\"1972\">Kuljetus ja varastointi<\/li>\n<li data-start=\"1912\" data-end=\"1972\">Kevyt teollisuus<\/li>\n<\/ul>\n<p data-start=\"1974\" data-end=\"2072\"><strong data-start=\"1974\" data-end=\"1987\">Sukupuoli<\/strong> Unisex<br data-start=\"1994\" data-end=\"1997\" \/><strong data-start=\"1997\" data-end=\"2006\">Paino<\/strong> 0,5460 kg, Paino koskee yht\u00e4 kenk\u00e4\u00e4 koossa 42<br data-start=\"2053\" data-end=\"2056\" \/><strong data-start=\"2056\" data-end=\"2064\">Koot<\/strong> 39\u201348<\/p>\n<\/div>\n<\/div>\n<\/div>\n<\/div>\n<\/div>\n","protected":false},"excerpt":{"rendered":"<div class=\"flex flex-col text-sm pb-25\">\n<article class=\"text-token-text-primary w-full focus:outline-none [--shadow-height:45px] has-data-writing-block:pointer-events-none has-data-writing-block:-mt-(--shadow-height) has-data-writing-block:pt-(--shadow-height) [&amp;:has([data-writing-block])&gt;*]:pointer-events-auto scroll-mt-[calc(var(--header-height)+min(200px,max(70px,20svh)))]\" dir=\"auto\" tabindex=\"-1\" data-turn-id=\"request-WEB:2ee02582-8be4-4659-8790-7bfdf95764d4-50\" data-testid=\"conversation-turn-2\" data-scroll-anchor=\"true\" data-turn=\"assistant\">\n<div class=\"text-base my-auto mx-auto pb-10 [--thread-content-margin:--spacing(4)] @w-sm\/main:[--thread-content-margin:--spacing(6)] @w-lg\/main:[--thread-content-margin:--spacing(16)] px-(--thread-content-margin)\">\n<div class=\"[--thread-content-max-width:40rem] @w-lg\/main:[--thread-content-max-width:48rem] mx-auto max-w-(--thread-content-max-width) flex-1 group\/turn-messages focus-visible:outline-hidden relative flex w-full min-w-0 flex-col agent-turn\" tabindex=\"-1\">\n<div class=\"flex max-w-full flex-col grow\">\n<div class=\"min-h-8 text-message relative flex w-full flex-col items-end gap-2 text-start break-words whitespace-normal [.text-message+&amp;]:mt-1\" dir=\"auto\" data-message-author-role=\"assistant\" data-message-id=\"9cde4481-7aaa-4a34-b301-b9de923978cc\" data-message-model-slug=\"gpt-5-2-thinking\">\n<div class=\"flex w-full flex-col gap-1 empty:hidden first:pt-[1px]\">\n<div class=\"markdown prose dark:prose-invert w-full wrap-break-word light markdown-new-styling\">\n<p data-start=\"2145\" data-end=\"2536\" data-is-last-node=\"\" data-is-only-node=\"\">BRYNJE Meteor on matalaprofiilinen, sneaker-tyylinen S1-turvakenk\u00e4 sis\u00e4k\u00e4ytt\u00f6\u00f6n varastoon, logistiikkaan ja kevyeen teollisuuteen. Suuret ilmakanaalit ja hengitt\u00e4v\u00e4 mesh-p\u00e4\u00e4llinen pit\u00e4v\u00e4t jalat viilein\u00e4, TPU-yksityiskohdat tuovat tukea. XL EXTRALIGHT\u00ae -ulkopohja tarjoaa erinomaisen pidon, ja pehme\u00e4, osin kierr\u00e4tetty PU-pohjallinen vaimentaa iskuja. ESD, PVC-vapaa, alumiininen varvassuoja.<\/p>\n<\/div>\n<\/div>\n<\/div>\n<\/div>\n<\/div>\n<\/div>\n<\/article>\n<\/div>\n","protected":false},"featured_media":111802,"comment_status":"closed","ping_status":"closed","template":"","meta":[],"product_brand":[],"product_cat":[1014],"product_tag":[1011],"class_list":{"0":"post-111642","1":"product","2":"type-product","3":"status-publish","4":"has-post-thumbnail","6":"product_cat-brynje","7":"product_tag-sikaff","8":"pa_brand-brynje","9":"pa_color-svart","10":"pa_size-1021","11":"pa_size-697","12":"pa_size-1022","13":"pa_size-698","14":"pa_size-1023","15":"pa_size-699","16":"pa_size-1024","17":"pa_size-700","18":"pa_size-1025","19":"pa_size-945","21":"first","22":"instock","23":"shipping-taxable","24":"purchasable","25":"product-type-variable"},"_links":{"self":[{"href":"https:\/\/arcticas.fi\/fi\/wp-json\/wp\/v2\/product\/111642","targetHints":{"allow":["GET"]}}],"collection":[{"href":"https:\/\/arcticas.fi\/fi\/wp-json\/wp\/v2\/product"}],"about":[{"href":"https:\/\/arcticas.fi\/fi\/wp-json\/wp\/v2\/types\/product"}],"replies":[{"embeddable":true,"href":"https:\/\/arcticas.fi\/fi\/wp-json\/wp\/v2\/comments?post=111642"}],"wp:featuredmedia":[{"embeddable":true,"href":"https:\/\/arcticas.fi\/fi\/wp-json\/wp\/v2\/media\/111802"}],"wp:attachment":[{"href":"https:\/\/arcticas.fi\/fi\/wp-json\/wp\/v2\/media?parent=111642"}],"wp:term":[{"taxonomy":"product_brand","embeddable":true,"href":"https:\/\/arcticas.fi\/fi\/wp-json\/wp\/v2\/product_brand?post=111642"},{"taxonomy":"product_cat","embeddable":true,"href":"https:\/\/arcticas.fi\/fi\/wp-json\/wp\/v2\/product_cat?post=111642"},{"taxonomy":"product_tag","embeddable":true,"href":"https:\/\/arcticas.fi\/fi\/wp-json\/wp\/v2\/product_tag?post=111642"}],"curies":[{"name":"wp","href":"https:\/\/api.w.org\/{rel}","templated":true}]}}