{"id":111641,"date":"2026-02-26T17:28:48","date_gmt":"2026-02-26T17:28:48","guid":{"rendered":"https:\/\/arcticas.fi\/fi\/?post_type=product&#038;p=111641"},"modified":"2026-03-08T08:53:47","modified_gmt":"2026-03-08T08:53:47","slug":"brynje-razor-turvakengat-s1","status":"publish","type":"product","link":"https:\/\/arcticas.fi\/fi\/product\/brynje-razor-turvakengat-s1\/","title":{"rendered":"BRYNJE Razor Turvakeng\u00e4t S1"},"content":{"rendered":"<div class=\"e-product-text-container\">\n<div class=\"e-product-text\">Matalaprofiiliset turvakeng\u00e4t sneaker-tyyliss\u00e4 sis\u00e4k\u00e4ytt\u00f6\u00f6n. Hengitt\u00e4v\u00e4t, mukavat ja ihanteelliset kevyelle teollisuudelle sek\u00e4 varasto- ja logistiikka-alalle<a href=\"https:\/\/arcticas.fi\/fi\/product\/brynje-razor-s1-src-801\/\" target=\"_blank\" rel=\"noopener\">.<\/a> P\u00e4\u00e4llinen on hengitt\u00e4v\u00e4\u00e4 mesh-materiaalia, jossa on TPU-yksityiskohtia lis\u00e4\u00e4m\u00e4ss\u00e4 lujuutta ja jalan vakautta. TPU ProNose. Erityisen liukastumista est\u00e4v\u00e4 ulkopohja on valmistettu XL EXTRALIGHT\u00ae -vaahdosta, joka takaa optimaalisen vakauden ja pidon sis\u00e4pinnoilla. Lis\u00e4ksi pohjan koostumus ja j\u00e4ykkyys varmistavat, ett\u00e4 ep\u00e4tasaisuudet\/lattiaprofiilit jne. tuntuvat liikkumisen aikana harvoin. Pohjallinen on iskuja vaimentava, pehme\u00e4, joustava ja hengitt\u00e4v\u00e4. Se on osittain valmistettu kierr\u00e4tysk\u00e4ytt\u00f6\u00f6n ohjatusta PU-vaahdosta, joka koostuu pohjallistuotannon ylij\u00e4\u00e4m\u00e4st\u00e4. ESD-hyv\u00e4ksytty, PVC-vapaa ja kevyt alumiininen varvassuoja.<\/div>\n<\/div>\n<hr \/>\n<div class=\"sika-productdetails-icons\"><img loading=\"lazy\" decoding=\"async\" class=\"mb-2\" title=\"SRC,S1\" src=\"https:\/\/www.sikafootwear.eu\/Files\/Templates\/designs\/sika\/_assets\/img\/sika-icons\/sika-icon-godkendelse-s1.png\" alt=\"SRC,S1\" width=\"45\" height=\"45\" \/>\u00a0<img loading=\"lazy\" decoding=\"async\" class=\"mb-2\" title=\"src\" src=\"https:\/\/www.sikafootwear.eu\/Files\/Templates\/designs\/sika\/_assets\/img\/sika-icons\/sika-icon-skridsikkerhed-src.png\" alt=\"src\" width=\"45\" height=\"45\" \/>\u00a0<img loading=\"lazy\" decoding=\"async\" class=\"mb-2\" title=\"alu\" src=\"https:\/\/www.sikafootwear.eu\/Files\/Templates\/designs\/sika\/_assets\/img\/sika-icons\/sika-icon-toeprotection-alu.png\" alt=\"alu\" width=\"45\" height=\"45\" \/>\u00a0<img loading=\"lazy\" decoding=\"async\" class=\"mb-2\" title=\"Oil and Gas Resistant\" src=\"https:\/\/www.sikafootwear.eu\/Files\/Templates\/designs\/sika\/_assets\/img\/sika-icons\/sika-icon-oilandgasresistant.png\" alt=\"Oil and Gas Resistant\" width=\"45\" height=\"45\" \/>\u00a0<img loading=\"lazy\" decoding=\"async\" class=\"mb-2\" title=\"Pro Nose\" src=\"https:\/\/www.sikafootwear.eu\/Files\/Templates\/designs\/sika\/_assets\/img\/sika-icons\/sika-icon-pronose.png\" alt=\"Pro Nose\" width=\"45\" height=\"45\" \/><\/div>\n<div>\n<div class=\"col-12 col-md-10 col-lg-8 col-xl-6 mx-auto\">\n<div id=\"collapse-PROD5576-00\" class=\"collapse-peek-content collapse show\">\n<div class=\"row\">\n<div class=\"col-12\">\n<h3>BRYNJE Razor Ominaisuudet<\/h3>\n<p data-start=\"834\" data-end=\"1448\"><strong>CE Normi<\/strong> EN ISO 20345:2011<br data-start=\"860\" data-end=\"863\" \/><strong>CE-sertifiointi<\/strong> S1<br data-start=\"881\" data-end=\"884\" \/><strong>Sarja<\/strong> 800<br data-start=\"893\" data-end=\"896\" \/><strong>Ulkopohja<\/strong> Ulkopohja on erityisen liukastumista est\u00e4v\u00e4 ja valmistettu XL EXTRALIGHT\u00ae -vaahdosta, mik\u00e4 varmistaa optimaalisen vakauden ja pidon sis\u00e4pinnoilla.<br data-start=\"1052\" data-end=\"1055\" \/><strong>P\u00e4\u00e4llinen<\/strong> P\u00e4\u00e4llinen on hengitt\u00e4v\u00e4\u00e4 mesh-materiaalia, jossa TPU-yksityiskohtia lis\u00e4\u00e4m\u00e4ss\u00e4 lujuutta ja jalan vakautta.<br data-start=\"1171\" data-end=\"1174\" \/><strong>Vuori<\/strong> Hengitt\u00e4v\u00e4 ja kosteutta imev\u00e4 mesh-vuori, jossa lis\u00e4mikrokuituvahvistus kantap\u00e4\u00e4ss\u00e4.<br data-start=\"1264\" data-end=\"1267\" \/><strong>Pohjallinen\/Insert<\/strong> pohjallinen Iskuja vaimentava, pehme\u00e4, joustava ja hengitt\u00e4v\u00e4; osittain upcycled PU-vaahdosta, joka koostuu pohjallistuotannon ylij\u00e4\u00e4m\u00e4st\u00e4.<\/p>\n<h3 data-start=\"834\" data-end=\"1448\">Erityisominaisuudet<\/h3>\n<ul>\n<li data-start=\"1451\" data-end=\"1480\">Hengitt\u00e4v\u00e4, vakaa ja mukava<\/li>\n<li data-start=\"1483\" data-end=\"1546\">XL EXTRALIGHT\u00ae \u2013 erityiset liukastumista est\u00e4v\u00e4t ominaisuudet<\/li>\n<li data-start=\"1549\" data-end=\"1580\">Kevyt alumiininen varvassuoja<\/li>\n<li data-start=\"1583\" data-end=\"1596\">TPU ProNose<\/li>\n<li data-start=\"1599\" data-end=\"1610\">PVC-vapaa<\/li>\n<li data-start=\"1613\" data-end=\"1629\">ESD-hyv\u00e4ksytty<\/li>\n<\/ul>\n<h3 data-start=\"1631\" data-end=\"1641\">Toimialat<\/h3>\n<ul>\n<li data-start=\"1644\" data-end=\"1669\">Kuljetus ja varastointi<\/li>\n<li data-start=\"1672\" data-end=\"1690\">Kevyt teollisuus<\/li>\n<\/ul>\n<p data-start=\"1692\" data-end=\"1778\"><strong>Sukupuoli<\/strong> Unisex<br data-start=\"1708\" data-end=\"1711\" \/><strong>Paino<\/strong> 0,5550 kg, Paino koskee yht\u00e4 kenk\u00e4\u00e4 koossa 42<br data-start=\"1763\" data-end=\"1766\" \/><strong>Koot<\/strong> 35\u201348<\/p>\n<\/div>\n<\/div>\n<\/div>\n<\/div>\n<\/div>\n","protected":false},"excerpt":{"rendered":"<p>BRYNJE Razor -turvakeng\u00e4t ovat matalaprofiiliset sneaker-malliset S1-sis\u00e4turvakeng\u00e4t varastoon, logistiikkaan ja kevyeen teollisuuteen. Hengitt\u00e4v\u00e4 mesh-p\u00e4\u00e4llinen TPU-vahvikkeilla ja TPU ProNose lis\u00e4\u00e4v\u00e4t kest\u00e4vyytt\u00e4 ja tukea. XL EXTRALIGHT\u00ae -ulkopohja tarjoaa erinomaisen pidon sis\u00e4pinnoilla. ESD-hyv\u00e4ksytty, PVC-vapaa ja kevyt alumiininen varvassuoja. Mukana iskunvaimentava, osin kierr\u00e4tetyst\u00e4 PU:sta tehty pohjallinen.<\/p>\n","protected":false},"featured_media":111796,"comment_status":"closed","ping_status":"closed","template":"","meta":[],"product_brand":[],"product_cat":[1014],"product_tag":[1011],"class_list":{"0":"post-111641","1":"product","2":"type-product","3":"status-publish","4":"has-post-thumbnail","6":"product_cat-brynje","7":"product_tag-sikaff","8":"pa_brand-brynje","9":"pa_color-svart","10":"pa_size-1042","11":"pa_size-701","12":"pa_size-1020","13":"pa_size-702","14":"pa_size-1021","15":"pa_size-697","16":"pa_size-1022","17":"pa_size-698","18":"pa_size-1023","19":"pa_size-699","20":"pa_size-1024","21":"pa_size-700","22":"pa_size-1025","23":"pa_size-945","25":"first","26":"instock","27":"shipping-taxable","28":"purchasable","29":"product-type-variable"},"_links":{"self":[{"href":"https:\/\/arcticas.fi\/fi\/wp-json\/wp\/v2\/product\/111641","targetHints":{"allow":["GET"]}}],"collection":[{"href":"https:\/\/arcticas.fi\/fi\/wp-json\/wp\/v2\/product"}],"about":[{"href":"https:\/\/arcticas.fi\/fi\/wp-json\/wp\/v2\/types\/product"}],"replies":[{"embeddable":true,"href":"https:\/\/arcticas.fi\/fi\/wp-json\/wp\/v2\/comments?post=111641"}],"wp:featuredmedia":[{"embeddable":true,"href":"https:\/\/arcticas.fi\/fi\/wp-json\/wp\/v2\/media\/111796"}],"wp:attachment":[{"href":"https:\/\/arcticas.fi\/fi\/wp-json\/wp\/v2\/media?parent=111641"}],"wp:term":[{"taxonomy":"product_brand","embeddable":true,"href":"https:\/\/arcticas.fi\/fi\/wp-json\/wp\/v2\/product_brand?post=111641"},{"taxonomy":"product_cat","embeddable":true,"href":"https:\/\/arcticas.fi\/fi\/wp-json\/wp\/v2\/product_cat?post=111641"},{"taxonomy":"product_tag","embeddable":true,"href":"https:\/\/arcticas.fi\/fi\/wp-json\/wp\/v2\/product_tag?post=111641"}],"curies":[{"name":"wp","href":"https:\/\/api.w.org\/{rel}","templated":true}]}}