{"id":111640,"date":"2026-02-26T17:28:48","date_gmt":"2026-02-26T17:28:48","guid":{"rendered":"https:\/\/arcticas.fi\/fi\/?post_type=product&#038;p=111640"},"modified":"2026-03-08T08:53:23","modified_gmt":"2026-03-08T08:53:23","slug":"brynje-storm-turvakenka-s3s-esd","status":"publish","type":"product","link":"https:\/\/arcticas.fi\/fi\/product\/brynje-storm-turvakenka-s3s-esd\/","title":{"rendered":"BRYNJE Storm Turvakenk\u00e4 S3S ESD"},"content":{"rendered":"<div class=\"e-product-text-container\">\n<div class=\"e-product-text\">Kevyt, kest\u00e4v\u00e4 ja fiksu turvakenk\u00e4 t\u00e4ysjyv\u00e4nahasta ja BOA\u00ae Fit System -kiristysj\u00e4rjestelm\u00e4ll\u00e4. Ulkopohja on eritt\u00e4in liukastumista ehk\u00e4isev\u00e4\u00e4, joustavaa ja iskunvaimentavaa EVA\/kumia. Pohjassa on vahva tikaspito sek\u00e4 vakauttava varsi<a href=\"https:\/\/arcticas.fi\/fi\/product\/brynje-storm-s3-src-657\/\" target=\"_blank\" rel=\"noopener\">,<\/a> joka ehk\u00e4isee v\u00e4\u00e4ntymist\u00e4 ja jakaa paineen koko pohjan alueelle. Sis\u00e4pohja on iskunvaimentavaa ja kosteutta siirt\u00e4v\u00e4\u00e4 PU:ta. Suljettu kieli, vahvistettu vuori kantap\u00e4\u00e4ss\u00e4 sek\u00e4 ProNose lis\u00e4hankauskest\u00e4vyytt\u00e4 varten. ESD-hyv\u00e4ksytty.<\/div>\n<\/div>\n<hr \/>\n<div class=\"sika-productdetails-icons\"><img loading=\"lazy\" decoding=\"async\" class=\"mb-2\" title=\"SR,S3S\" src=\"https:\/\/www.sikafootwear.eu\/Files\/Templates\/designs\/sika\/_assets\/img\/sika-icons\/sika-icon-godkendelse-s3s.png\" alt=\"SR,S3S\" width=\"45\" height=\"45\" \/>\u00a0<img loading=\"lazy\" decoding=\"async\" class=\"mb-2\" title=\"sr\" src=\"https:\/\/www.sikafootwear.eu\/Files\/Templates\/designs\/sika\/_assets\/img\/sika-icons\/sika-icon-skridsikkerhed-sr.png\" alt=\"sr\" width=\"45\" height=\"45\" \/>\u00a0<img loading=\"lazy\" decoding=\"async\" class=\"mb-2\" title=\"alu\" src=\"https:\/\/www.sikafootwear.eu\/Files\/Templates\/designs\/sika\/_assets\/img\/sika-icons\/sika-icon-toeprotection-alu.png\" alt=\"alu\" width=\"45\" height=\"45\" \/>\u00a0<img loading=\"lazy\" decoding=\"async\" class=\"mb-2\" title=\"fiber\" src=\"https:\/\/www.sikafootwear.eu\/Files\/Templates\/designs\/sika\/_assets\/img\/sika-icons\/sika-icon-nailproctection-fiber.png\" alt=\"fiber\" width=\"45\" height=\"45\" \/>\u00a0<img loading=\"lazy\" decoding=\"async\" class=\"mb-2\" title=\"Oil and Gas Resistant\" src=\"https:\/\/www.sikafootwear.eu\/Files\/Templates\/designs\/sika\/_assets\/img\/sika-icons\/sika-icon-oilandgasresistant.png\" alt=\"Oil and Gas Resistant\" width=\"45\" height=\"45\" \/>\u00a0<img loading=\"lazy\" decoding=\"async\" class=\"mb-2\" title=\"Pro Nose\" src=\"https:\/\/www.sikafootwear.eu\/Files\/Templates\/designs\/sika\/_assets\/img\/sika-icons\/sika-icon-pronose.png\" alt=\"Pro Nose\" width=\"45\" height=\"45\" \/>\u00a0<img loading=\"lazy\" decoding=\"async\" class=\"mb-2\" title=\"ESD Approved\" src=\"https:\/\/www.sikafootwear.eu\/Files\/Templates\/designs\/sika\/_assets\/img\/sika-icons\/sika-icon-esdapproved.png\" alt=\"ESD Approved\" width=\"45\" height=\"45\" \/>\u00a0<img loading=\"lazy\" decoding=\"async\" class=\"mb-2\" title=\"Boa\u00ae Fit System\" src=\"https:\/\/www.sikafootwear.eu\/Files\/Templates\/designs\/sika\/_assets\/img\/sika-icons\/sika-icon-boa.png\" alt=\"Boa\u00ae Fit System\" width=\"45\" height=\"45\" \/>\u00a0<img loading=\"lazy\" decoding=\"async\" class=\"mb-2\" title=\"Ladder Grip\" src=\"https:\/\/www.sikafootwear.eu\/Files\/Templates\/designs\/sika\/_assets\/img\/sika-icons\/sika-icon-laddergrip.png\" alt=\"Ladder Grip\" width=\"45\" height=\"45\" \/><\/div>\n<div>\n<div class=\"col-12 col-md-10 col-lg-8 col-xl-6 mx-auto\">\n<div id=\"collapse-PROD1635-00\" class=\"collapse-peek-content collapse show\">\n<div class=\"row\">\n<div class=\"col-12\">\n<h3>BRYNJE Storm Ominaisuudet<\/h3>\n<p data-start=\"503\" data-end=\"1107\"><strong>CE Normi<\/strong> EN ISO 20345:2022<br data-start=\"529\" data-end=\"532\" \/><strong>CE-sertifiointi<\/strong> S3S, FO, SC<br data-start=\"559\" data-end=\"562\" \/><strong>Sarja<\/strong> 600<br data-start=\"571\" data-end=\"574\" \/><strong>Ulkopohja<\/strong> Eritt\u00e4in liukastumista ehk\u00e4isev\u00e4, kest\u00e4v\u00e4 ja iskunvaimentava EVA\/kumipohja. Kevyt ja joustava pohja, jossa vahva tikaspito sek\u00e4 vakauttava varsi, joka ehk\u00e4isee v\u00e4\u00e4ntymist\u00e4 ja jakaa paineen koko pohjan alueelle<br data-start=\"793\" data-end=\"796\" \/><strong>P\u00e4\u00e4llinen<\/strong> Kest\u00e4v\u00e4, hengitt\u00e4v\u00e4 ja vett\u00e4 hylkiv\u00e4 t\u00e4ysjyv\u00e4nahka<br data-start=\"856\" data-end=\"859\" \/><strong>Vuori<\/strong> Hike\u00e4 imev\u00e4 vuorimateriaali, kantap\u00e4\u00e4vahvistus lis\u00e4kest\u00e4vyytt\u00e4 varten<br data-start=\"934\" data-end=\"937\" \/><strong>Sis\u00e4pohja\/Pohjallinen<\/strong> Iskunvaimentava, hengitt\u00e4v\u00e4, kosteutta siirt\u00e4v\u00e4 ja kest\u00e4v\u00e4 PU-sis\u00e4pohja<\/p>\n<h3 data-start=\"503\" data-end=\"1107\">Erityisominaisuudet<\/h3>\n<ul>\n<li data-start=\"503\" data-end=\"1107\">ESD-hyv\u00e4ksytty ja BOA\u00ae Fit System<\/li>\n<li data-start=\"503\" data-end=\"1107\">Alkaen koosta 35<\/li>\n<\/ul>\n<h3 data-start=\"1109\" data-end=\"1195\">Toimialat<\/h3>\n<ul>\n<li data-start=\"1109\" data-end=\"1195\">Rakentaminen ja k\u00e4sity\u00f6alat<\/li>\n<li data-start=\"1109\" data-end=\"1195\">Kuljetus ja varastointi<\/li>\n<li data-start=\"1109\" data-end=\"1195\">Kevyt teollisuus<\/li>\n<\/ul>\n<p data-start=\"1197\" data-end=\"1282\"><strong>Sukupuoli<\/strong> Unisex<br data-start=\"1213\" data-end=\"1216\" \/><strong>Paino<\/strong> 0,685 kg, Paino koskee yht\u00e4 kenk\u00e4\u00e4 koossa 42<br data-start=\"1267\" data-end=\"1270\" \/><strong>Koot<\/strong> 35\u201348<\/p>\n<\/div>\n<\/div>\n<\/div>\n<\/div>\n<\/div>\n","protected":false},"excerpt":{"rendered":"<p>BRYNJE Storm on kevyt ja kest\u00e4v\u00e4 S3S-turvakenk\u00e4 t\u00e4ysjyv\u00e4nahasta, joka sopii rakentamiseen, varastointiin ja teollisuuteen. BOA\u00ae Fit System takaa nopean ja tarkan istuvuuden. Eritt\u00e4in liukastumista ehk\u00e4isev\u00e4 EVA\/kumipohja, tikaspito ja vakauttava varsi parantavat turvallisuutta. Iskunvaimentava, kosteutta siirt\u00e4v\u00e4 PU-sis\u00e4pohja sek\u00e4 ProNose lis\u00e4\u00e4v\u00e4t k\u00e4ytt\u00f6mukavuutta ja kulutuskest\u00e4vyytt\u00e4. ESD-hyv\u00e4ksytty.<\/p>\n","protected":false},"featured_media":111789,"comment_status":"closed","ping_status":"closed","template":"","meta":[],"product_brand":[],"product_cat":[1014],"product_tag":[1011],"class_list":{"0":"post-111640","1":"product","2":"type-product","3":"status-publish","4":"has-post-thumbnail","6":"product_cat-brynje","7":"product_tag-sikaff","8":"pa_brand-brynje","9":"pa_color-svart","10":"pa_size-1042","11":"pa_size-701","12":"pa_size-1020","13":"pa_size-702","14":"pa_size-1021","15":"pa_size-697","16":"pa_size-1022","17":"pa_size-698","18":"pa_size-1023","19":"pa_size-699","20":"pa_size-1024","21":"pa_size-700","22":"pa_size-1025","23":"pa_size-945","25":"first","26":"instock","27":"shipping-taxable","28":"purchasable","29":"product-type-variable"},"_links":{"self":[{"href":"https:\/\/arcticas.fi\/fi\/wp-json\/wp\/v2\/product\/111640","targetHints":{"allow":["GET"]}}],"collection":[{"href":"https:\/\/arcticas.fi\/fi\/wp-json\/wp\/v2\/product"}],"about":[{"href":"https:\/\/arcticas.fi\/fi\/wp-json\/wp\/v2\/types\/product"}],"replies":[{"embeddable":true,"href":"https:\/\/arcticas.fi\/fi\/wp-json\/wp\/v2\/comments?post=111640"}],"wp:featuredmedia":[{"embeddable":true,"href":"https:\/\/arcticas.fi\/fi\/wp-json\/wp\/v2\/media\/111789"}],"wp:attachment":[{"href":"https:\/\/arcticas.fi\/fi\/wp-json\/wp\/v2\/media?parent=111640"}],"wp:term":[{"taxonomy":"product_brand","embeddable":true,"href":"https:\/\/arcticas.fi\/fi\/wp-json\/wp\/v2\/product_brand?post=111640"},{"taxonomy":"product_cat","embeddable":true,"href":"https:\/\/arcticas.fi\/fi\/wp-json\/wp\/v2\/product_cat?post=111640"},{"taxonomy":"product_tag","embeddable":true,"href":"https:\/\/arcticas.fi\/fi\/wp-json\/wp\/v2\/product_tag?post=111640"}],"curies":[{"name":"wp","href":"https:\/\/api.w.org\/{rel}","templated":true}]}}