{"id":111639,"date":"2026-02-26T17:28:47","date_gmt":"2026-02-26T17:28:47","guid":{"rendered":"https:\/\/arcticas.fi\/fi\/?post_type=product&#038;p=111639"},"modified":"2026-03-08T08:56:22","modified_gmt":"2026-03-08T08:56:22","slug":"brynje-drizzle-turvakengat-s3s-esd","status":"publish","type":"product","link":"https:\/\/arcticas.fi\/fi\/product\/brynje-drizzle-turvakengat-s3s-esd\/","title":{"rendered":"BRYNJE Drizzle Turvakeng\u00e4t S3S ESD"},"content":{"rendered":"<div class=\"e-product-text-container\">\n<div class=\"e-product-text\">Kevyt, kest\u00e4v\u00e4 ja fiksu turvakenk\u00e4 t\u00e4ysjyv\u00e4nahkaa ja BOA\u00ae Fit System -kiinnityksell\u00e4. Ulkopohja on eritt\u00e4in liukastumista est\u00e4v\u00e4\u00e4, joustavaa ja iskunvaimentavaa EVA\/kumia. Pohjassa on pit\u00e4v\u00e4 tikasote sek\u00e4 vakauttava v\u00e4lipohjan tuki, joka ehk\u00e4isee v\u00e4\u00e4ntymist\u00e4 ja jakaa paineen tasaisesti koko pohjalle. Sis\u00e4pohja on iskunvaimentavaa ja kosteutta siirt\u00e4v\u00e4\u00e4 PU:ta. Suljettu kieli<a href=\"https:\/\/arcticas.fi\/fi\/product\/brynje-drizzle-s3-src-649\/\" target=\"_blank\" rel=\"noopener\">,<\/a> vahvistettu vuori kantap\u00e4\u00e4ss\u00e4 sek\u00e4 ProNose lis\u00e4\u00e4 hankausta kest\u00e4v\u00e4\u00e4 suojaa. ESD-hyv\u00e4ksytty.<\/div>\n<\/div>\n<hr \/>\n<div class=\"sika-productdetails-icons\"><img loading=\"lazy\" decoding=\"async\" class=\"mb-2\" title=\"SR,S3S\" src=\"https:\/\/www.sikafootwear.eu\/Files\/Templates\/designs\/sika\/_assets\/img\/sika-icons\/sika-icon-godkendelse-s3s.png\" alt=\"SR,S3S\" width=\"45\" height=\"45\" \/>\u00a0<img loading=\"lazy\" decoding=\"async\" class=\"mb-2\" title=\"sr\" src=\"https:\/\/www.sikafootwear.eu\/Files\/Templates\/designs\/sika\/_assets\/img\/sika-icons\/sika-icon-skridsikkerhed-sr.png\" alt=\"sr\" width=\"45\" height=\"45\" \/>\u00a0<img loading=\"lazy\" decoding=\"async\" class=\"mb-2\" title=\"alu\" src=\"https:\/\/www.sikafootwear.eu\/Files\/Templates\/designs\/sika\/_assets\/img\/sika-icons\/sika-icon-toeprotection-alu.png\" alt=\"alu\" width=\"45\" height=\"45\" \/>\u00a0<img loading=\"lazy\" decoding=\"async\" class=\"mb-2\" title=\"fiber\" src=\"https:\/\/www.sikafootwear.eu\/Files\/Templates\/designs\/sika\/_assets\/img\/sika-icons\/sika-icon-nailproctection-fiber.png\" alt=\"fiber\" width=\"45\" height=\"45\" \/>\u00a0<img loading=\"lazy\" decoding=\"async\" class=\"mb-2\" title=\"Oil and Gas Resistant\" src=\"https:\/\/www.sikafootwear.eu\/Files\/Templates\/designs\/sika\/_assets\/img\/sika-icons\/sika-icon-oilandgasresistant.png\" alt=\"Oil and Gas Resistant\" width=\"45\" height=\"45\" \/>\u00a0<img loading=\"lazy\" decoding=\"async\" class=\"mb-2\" title=\"Pro Nose\" src=\"https:\/\/www.sikafootwear.eu\/Files\/Templates\/designs\/sika\/_assets\/img\/sika-icons\/sika-icon-pronose.png\" alt=\"Pro Nose\" width=\"45\" height=\"45\" \/>\u00a0<img loading=\"lazy\" decoding=\"async\" class=\"mb-2\" title=\"ESD Approved\" src=\"https:\/\/www.sikafootwear.eu\/Files\/Templates\/designs\/sika\/_assets\/img\/sika-icons\/sika-icon-esdapproved.png\" alt=\"ESD Approved\" width=\"45\" height=\"45\" \/>\u00a0<img loading=\"lazy\" decoding=\"async\" class=\"mb-2\" title=\"Boa\u00ae Fit System\" src=\"https:\/\/www.sikafootwear.eu\/Files\/Templates\/designs\/sika\/_assets\/img\/sika-icons\/sika-icon-boa.png\" alt=\"Boa\u00ae Fit System\" width=\"45\" height=\"45\" \/>\u00a0<img loading=\"lazy\" decoding=\"async\" class=\"mb-2\" title=\"Ladder Grip\" src=\"https:\/\/www.sikafootwear.eu\/Files\/Templates\/designs\/sika\/_assets\/img\/sika-icons\/sika-icon-laddergrip.png\" alt=\"Ladder Grip\" width=\"45\" height=\"45\" \/><\/div>\n<div>\n<div class=\"col-12 col-md-10 col-lg-8 col-xl-6 mx-auto\">\n<div id=\"collapse-PROD1634-00\" class=\"collapse-peek-content collapse show\">\n<div class=\"row\">\n<div class=\"col-12\">\n<h3>BRYNJE Drizzle Ominaisuudet<\/h3>\n<p data-start=\"507\" data-end=\"1116\"><strong>CE Normi<\/strong> EN ISO 20345:2022<br data-start=\"533\" data-end=\"536\" \/><strong>CE-sertifiointi<\/strong> S3S, SC, FO<br data-start=\"563\" data-end=\"566\" \/><strong>Sarja<\/strong> 600<br data-start=\"575\" data-end=\"578\" \/><strong>Ulkopohja<\/strong> Eritt\u00e4in liukastumista est\u00e4v\u00e4, kest\u00e4v\u00e4 ja iskunvaimentava EVA\/kumipohja. Kevyt ja joustava pohja, jossa pit\u00e4v\u00e4 tikasote sek\u00e4 vakauttava tuki, joka ehk\u00e4isee v\u00e4\u00e4ntymist\u00e4 ja jakaa paineen tasaisesti koko pohjalle<br data-start=\"797\" data-end=\"800\" \/><strong>P\u00e4\u00e4llinen<\/strong> Kest\u00e4v\u00e4, hengitt\u00e4v\u00e4 ja vett\u00e4 hylkiv\u00e4 t\u00e4ysjyv\u00e4nahka<br data-start=\"860\" data-end=\"863\" \/><strong>Vuori<\/strong> Hike\u00e4 imev\u00e4\u00e4 materiaalia, kantap\u00e4\u00e4vahvistus lis\u00e4\u00e4 kest\u00e4vyytt\u00e4<br data-start=\"930\" data-end=\"933\" \/><strong>Sis\u00e4pohja\/pohjallinen<\/strong> Iskunvaimentava, hengitt\u00e4v\u00e4, kosteutta siirt\u00e4v\u00e4 ja kest\u00e4v\u00e4 PU-sis\u00e4pohja<\/p>\n<h3 data-start=\"507\" data-end=\"1116\">Erityisominaisuudet<\/h3>\n<ul>\n<li data-start=\"507\" data-end=\"1116\">ESD-hyv\u00e4ksytty ja BOA\u00ae Fit System -kiinnitys<\/li>\n<li data-start=\"507\" data-end=\"1116\">Alkaen koosta 35<\/li>\n<\/ul>\n<h3 data-start=\"1118\" data-end=\"1204\">Toimialat<\/h3>\n<ul>\n<li data-start=\"1118\" data-end=\"1204\">Rakentaminen ja k\u00e4sity\u00f6alat<\/li>\n<li data-start=\"1118\" data-end=\"1204\">Kuljetus ja varastointi<\/li>\n<li data-start=\"1118\" data-end=\"1204\">Kevyt teollisuus<\/li>\n<\/ul>\n<p data-start=\"1206\" data-end=\"1291\"><strong>Sukupuoli<\/strong> Unisex<br data-start=\"1222\" data-end=\"1225\" \/><strong>Paino<\/strong> 0,617 kg, Paino koskee yht\u00e4 kenk\u00e4\u00e4 koossa 42<br data-start=\"1276\" data-end=\"1279\" \/><strong>Koot<\/strong> 39\u201348<\/p>\n<\/div>\n<\/div>\n<\/div>\n<\/div>\n<\/div>\n","protected":false},"excerpt":{"rendered":"<p>BRYNJE Drizzle on kevyt ja kest\u00e4v\u00e4 S3S-turvakenk\u00e4 t\u00e4ysjyv\u00e4nahasta, suunniteltu rakentamiseen, varastointiin ja kevyeen teollisuuteen. BOA\u00ae Fit System tarjoaa nopean ja tarkan istuvuuden. Eritt\u00e4in liukastumista est\u00e4v\u00e4 EVA\/kumipohja tikasotteella ja vakauttavalla tuella v\u00e4hent\u00e4\u00e4 v\u00e4\u00e4ntymist\u00e4. Iskunvaimentava, kosteutta siirt\u00e4v\u00e4 PU-sis\u00e4pohja sek\u00e4 ProNose lis\u00e4\u00e4v\u00e4t mukavuutta ja kulutuskest\u00e4vyytt\u00e4. ESD-hyv\u00e4ksytty.<\/p>\n","protected":false},"featured_media":111780,"comment_status":"closed","ping_status":"closed","template":"","meta":[],"product_brand":[],"product_cat":[1014],"product_tag":[1011],"class_list":{"0":"post-111639","1":"product","2":"type-product","3":"status-publish","4":"has-post-thumbnail","6":"product_cat-brynje","7":"product_tag-sikaff","8":"pa_brand-brynje","9":"pa_color-svart","10":"pa_size-1021","11":"pa_size-697","12":"pa_size-1022","13":"pa_size-698","14":"pa_size-1023","15":"pa_size-699","16":"pa_size-1024","17":"pa_size-700","18":"pa_size-1025","19":"pa_size-945","21":"first","22":"instock","23":"shipping-taxable","24":"purchasable","25":"product-type-variable"},"_links":{"self":[{"href":"https:\/\/arcticas.fi\/fi\/wp-json\/wp\/v2\/product\/111639","targetHints":{"allow":["GET"]}}],"collection":[{"href":"https:\/\/arcticas.fi\/fi\/wp-json\/wp\/v2\/product"}],"about":[{"href":"https:\/\/arcticas.fi\/fi\/wp-json\/wp\/v2\/types\/product"}],"replies":[{"embeddable":true,"href":"https:\/\/arcticas.fi\/fi\/wp-json\/wp\/v2\/comments?post=111639"}],"wp:featuredmedia":[{"embeddable":true,"href":"https:\/\/arcticas.fi\/fi\/wp-json\/wp\/v2\/media\/111780"}],"wp:attachment":[{"href":"https:\/\/arcticas.fi\/fi\/wp-json\/wp\/v2\/media?parent=111639"}],"wp:term":[{"taxonomy":"product_brand","embeddable":true,"href":"https:\/\/arcticas.fi\/fi\/wp-json\/wp\/v2\/product_brand?post=111639"},{"taxonomy":"product_cat","embeddable":true,"href":"https:\/\/arcticas.fi\/fi\/wp-json\/wp\/v2\/product_cat?post=111639"},{"taxonomy":"product_tag","embeddable":true,"href":"https:\/\/arcticas.fi\/fi\/wp-json\/wp\/v2\/product_tag?post=111639"}],"curies":[{"name":"wp","href":"https:\/\/api.w.org\/{rel}","templated":true}]}}