{"id":111638,"date":"2026-02-26T17:28:47","date_gmt":"2026-02-26T17:28:47","guid":{"rendered":"https:\/\/arcticas.fi\/fi\/?post_type=product&#038;p=111638"},"modified":"2026-03-08T08:55:49","modified_gmt":"2026-03-08T08:55:49","slug":"brynje-b-dry-outdoor-low-boot-turvakengat-s3-esd","status":"publish","type":"product","link":"https:\/\/arcticas.fi\/fi\/product\/brynje-b-dry-outdoor-low-boot-turvakengat-s3-esd\/","title":{"rendered":"BRYNJE B-Dry Outdoor Low Boot Turvakeng\u00e4t S3 ESD"},"content":{"rendered":"<div class=\"e-product-text-container\">\n<div class=\"e-product-text\">Eritt\u00e4in kest\u00e4v\u00e4 turvasaapas hengitt\u00e4v\u00e4st\u00e4 pintanahasta (full-grain) sek\u00e4 vedenpit\u00e4v\u00e4ll\u00e4 ja hengitt\u00e4v\u00e4ll\u00e4 kalvolla. Joustava ja iskuja vaimentava PU\/nitriilikumipohja kest\u00e4\u00e4 jopa 300 \u00b0C l\u00e4mp\u00f6tiloja (HRO). Pohjassa on vakauttava lenkkirauta<a href=\"https:\/\/arcticas.fi\/fi\/product\/brynje-b-dry-outdoor-low-boot-s3-src-491\/\" target=\"_blank\" rel=\"noopener\">,<\/a> joka ehk\u00e4isee kiertymist\u00e4 ja jakaa paineen tasaisesti koko pohjan alueelle. Sis\u00e4pohja on iskuja vaimentavaa ja kosteutta siirt\u00e4v\u00e4\u00e4 PU-materiaalia. Suljettu l\u00e4pp\u00e4, heijastavat yksityiskohdat ja ProNose lis\u00e4\u00e4v\u00e4t kest\u00e4vyytt\u00e4. PVC-vapaa ja ESD-hyv\u00e4ksytty.<\/div>\n<\/div>\n<hr \/>\n<div class=\"sika-productdetails-icons\"><img loading=\"lazy\" decoding=\"async\" class=\"mb-2\" title=\"SRC,S3\" src=\"https:\/\/www.sikafootwear.eu\/Files\/Templates\/designs\/sika\/_assets\/img\/sika-icons\/sika-icon-godkendelse-s3.png\" alt=\"SRC,S3\" width=\"45\" height=\"45\" \/>\u00a0<img loading=\"lazy\" decoding=\"async\" class=\"mb-2\" title=\"src\" src=\"https:\/\/www.sikafootwear.eu\/Files\/Templates\/designs\/sika\/_assets\/img\/sika-icons\/sika-icon-skridsikkerhed-src.png\" alt=\"src\" width=\"45\" height=\"45\" \/>\u00a0<img loading=\"lazy\" decoding=\"async\" class=\"mb-2\" title=\"alu\" src=\"https:\/\/www.sikafootwear.eu\/Files\/Templates\/designs\/sika\/_assets\/img\/sika-icons\/sika-icon-toeprotection-alu.png\" alt=\"alu\" width=\"45\" height=\"45\" \/>\u00a0<img loading=\"lazy\" decoding=\"async\" class=\"mb-2\" title=\"fiber\" src=\"https:\/\/www.sikafootwear.eu\/Files\/Templates\/designs\/sika\/_assets\/img\/sika-icons\/sika-icon-nailproctection-fiber.png\" alt=\"fiber\" width=\"45\" height=\"45\" \/>\u00a0<img loading=\"lazy\" decoding=\"async\" class=\"mb-2\" title=\"Oil and Gas Resistant\" src=\"https:\/\/www.sikafootwear.eu\/Files\/Templates\/designs\/sika\/_assets\/img\/sika-icons\/sika-icon-oilandgasresistant.png\" alt=\"Oil and Gas Resistant\" width=\"45\" height=\"45\" \/>\u00a0<img loading=\"lazy\" decoding=\"async\" class=\"mb-2\" title=\"Pro Nose\" src=\"https:\/\/www.sikafootwear.eu\/Files\/Templates\/designs\/sika\/_assets\/img\/sika-icons\/sika-icon-pronose.png\" alt=\"Pro Nose\" width=\"45\" height=\"45\" \/>\u00a0<img loading=\"lazy\" decoding=\"async\" class=\"mb-2\" title=\"ESD Approved\" src=\"https:\/\/www.sikafootwear.eu\/Files\/Templates\/designs\/sika\/_assets\/img\/sika-icons\/sika-icon-esdapproved.png\" alt=\"ESD Approved\" width=\"45\" height=\"45\" \/>\u00a0<img loading=\"lazy\" decoding=\"async\" class=\"mb-2\" title=\"Heat Resistant Out Sole\" src=\"https:\/\/www.sikafootwear.eu\/Files\/Templates\/designs\/sika\/_assets\/img\/sika-icons\/sika-icon-heatresistantoutsole.png\" alt=\"Heat Resistant Out Sole\" width=\"45\" height=\"45\" \/>\u00a0<img loading=\"lazy\" decoding=\"async\" class=\"mb-2\" title=\"Water Tight Membrane\" src=\"https:\/\/www.sikafootwear.eu\/Files\/Templates\/designs\/sika\/_assets\/img\/sika-icons\/sika-icon-watertightmembrane.png\" alt=\"Water Tight Membrane\" width=\"45\" height=\"45\" \/>\u00a0<img loading=\"lazy\" decoding=\"async\" class=\"mb-2\" title=\"Ladder Grip\" src=\"https:\/\/www.sikafootwear.eu\/Files\/Templates\/designs\/sika\/_assets\/img\/sika-icons\/sika-icon-laddergrip.png\" alt=\"Ladder Grip\" width=\"45\" height=\"45\" \/><\/div>\n<div>\n<div class=\"col-12 col-md-10 col-lg-8 col-xl-6 mx-auto\">\n<div id=\"collapse-PROD5437-00\" class=\"collapse-peek-content collapse show\">\n<div class=\"row\">\n<div class=\"col-12\">\n<h3>BRYNJE B-Dry Ominaisuudet<\/h3>\n<p data-start=\"530\" data-end=\"1173\"><strong data-start=\"530\" data-end=\"542\">CE Normi<\/strong> EN ISO 20345:2011<br data-start=\"560\" data-end=\"563\" \/><strong data-start=\"563\" data-end=\"582\">CE-sertifiointi<\/strong> S3, HRO<br data-start=\"590\" data-end=\"593\" \/><strong data-start=\"593\" data-end=\"602\">Sarja<\/strong> 400<br data-start=\"606\" data-end=\"609\" \/><strong data-start=\"609\" data-end=\"622\">Ulkopohja<\/strong> Eritt\u00e4in kest\u00e4v\u00e4, liukastumista ehk\u00e4isev\u00e4 ja iskuja vaimentava PU\/nitriilikumipohja, l\u00e4mm\u00f6nkesto jopa 300 \u00b0C (HRO). Vakauttava lenkkirauta ehk\u00e4isee kiertymist\u00e4 ja jakaa paineen tasaisesti koko pohjan alueelle<br data-start=\"831\" data-end=\"834\" data-is-only-node=\"\" \/><strong data-start=\"834\" data-end=\"847\">P\u00e4\u00e4llinen<\/strong> Kest\u00e4v\u00e4, hengitt\u00e4v\u00e4 ja vett\u00e4 hylkiv\u00e4 pintanahka (full-grain)<br data-start=\"908\" data-end=\"911\" \/><strong data-start=\"911\" data-end=\"920\">Vuori<\/strong> Kest\u00e4v\u00e4 ja hike\u00e4 imev\u00e4 vuori<br data-start=\"949\" data-end=\"952\" \/><strong data-start=\"952\" data-end=\"979\">Sis\u00e4pohja \/ pohjallinen<\/strong> Iskuja vaimentava, hengitt\u00e4v\u00e4, kosteutta siirt\u00e4v\u00e4 ja kest\u00e4v\u00e4 PU-sis\u00e4pohja<\/p>\n<h3 data-start=\"530\" data-end=\"1173\"><strong data-start=\"1056\" data-end=\"1079\">Erityisominaisuudet<\/strong><\/h3>\n<ul>\n<li data-start=\"530\" data-end=\"1173\">Vedenpit\u00e4v\u00e4 ja hengitt\u00e4v\u00e4 kalvo<\/li>\n<li data-start=\"530\" data-end=\"1173\">Heijastavat yksityiskohdat, ESD-hyv\u00e4ksytty ja PVC-vapaa<\/li>\n<\/ul>\n<p data-start=\"1175\" data-end=\"1240\"><strong data-start=\"1175\" data-end=\"1188\">Toimialat<\/strong><\/p>\n<ul>\n<li data-start=\"1175\" data-end=\"1240\">Raskas teollisuus<\/li>\n<li data-start=\"1175\" data-end=\"1240\">Rakentaminen ja k\u00e4sity\u00f6alat<\/li>\n<\/ul>\n<p data-start=\"1242\" data-end=\"1339\"><strong data-start=\"1242\" data-end=\"1255\">Sukupuoli<\/strong> Unisex<br data-start=\"1262\" data-end=\"1265\" \/><strong data-start=\"1265\" data-end=\"1274\">Paino<\/strong> 0,816 kg, Paino koskee yht\u00e4 kenk\u00e4\u00e4 koossa 42<br data-start=\"1320\" data-end=\"1323\" \/><strong data-start=\"1323\" data-end=\"1331\">Koot<\/strong> 39\u201348<\/p>\n<\/div>\n<\/div>\n<\/div>\n<\/div>\n<\/div>\n","protected":false},"excerpt":{"rendered":"<p>BRYNJE B-Dry -turvasaapas on extra durable valinta raskaaseen teollisuuteen ja rakentamiseen. Hengitt\u00e4v\u00e4 pintanahka ja vedenpit\u00e4v\u00e4, hengitt\u00e4v\u00e4 kalvo pit\u00e4v\u00e4t jalat kuivina. S3- ja HRO-luokiteltu PU\/nitriilikumipohja kest\u00e4\u00e4 300 \u00b0C, vaimentaa iskuja ja ehk\u00e4isee liukastumista. Vakauttava lenkkirauta, ProNose ja ESD-hyv\u00e4ksynt\u00e4 lis\u00e4\u00e4v\u00e4t turvallisuutta ja k\u00e4ytt\u00f6ik\u00e4\u00e4.<\/p>\n","protected":false},"featured_media":111774,"comment_status":"closed","ping_status":"closed","template":"","meta":[],"product_brand":[],"product_cat":[1014],"product_tag":[1011],"class_list":{"0":"post-111638","1":"product","2":"type-product","3":"status-publish","4":"has-post-thumbnail","6":"product_cat-brynje","7":"product_tag-sikaff","8":"pa_brand-brynje","9":"pa_color-svart","10":"pa_size-1021","11":"pa_size-697","12":"pa_size-1022","13":"pa_size-698","14":"pa_size-1023","15":"pa_size-699","16":"pa_size-1024","17":"pa_size-700","18":"pa_size-1025","19":"pa_size-945","21":"first","22":"instock","23":"shipping-taxable","24":"purchasable","25":"product-type-variable"},"_links":{"self":[{"href":"https:\/\/arcticas.fi\/fi\/wp-json\/wp\/v2\/product\/111638","targetHints":{"allow":["GET"]}}],"collection":[{"href":"https:\/\/arcticas.fi\/fi\/wp-json\/wp\/v2\/product"}],"about":[{"href":"https:\/\/arcticas.fi\/fi\/wp-json\/wp\/v2\/types\/product"}],"replies":[{"embeddable":true,"href":"https:\/\/arcticas.fi\/fi\/wp-json\/wp\/v2\/comments?post=111638"}],"wp:featuredmedia":[{"embeddable":true,"href":"https:\/\/arcticas.fi\/fi\/wp-json\/wp\/v2\/media\/111774"}],"wp:attachment":[{"href":"https:\/\/arcticas.fi\/fi\/wp-json\/wp\/v2\/media?parent=111638"}],"wp:term":[{"taxonomy":"product_brand","embeddable":true,"href":"https:\/\/arcticas.fi\/fi\/wp-json\/wp\/v2\/product_brand?post=111638"},{"taxonomy":"product_cat","embeddable":true,"href":"https:\/\/arcticas.fi\/fi\/wp-json\/wp\/v2\/product_cat?post=111638"},{"taxonomy":"product_tag","embeddable":true,"href":"https:\/\/arcticas.fi\/fi\/wp-json\/wp\/v2\/product_tag?post=111638"}],"curies":[{"name":"wp","href":"https:\/\/api.w.org\/{rel}","templated":true}]}}