{"id":111637,"date":"2026-02-26T17:28:47","date_gmt":"2026-02-26T17:28:47","guid":{"rendered":"https:\/\/arcticas.fi\/fi\/?post_type=product&#038;p=111637"},"modified":"2026-03-08T08:55:15","modified_gmt":"2026-03-08T08:55:15","slug":"brynje-b-dry-outdoor-turvakengat-s3-esd","status":"publish","type":"product","link":"https:\/\/arcticas.fi\/fi\/product\/brynje-b-dry-outdoor-turvakengat-s3-esd\/","title":{"rendered":"BRYNJE B-Dry Outdoor Turvakeng\u00e4t S3 ESD"},"content":{"rendered":"<div class=\"e-product-text-container\">\n<div class=\"e-product-text\">Eritt\u00e4in kest\u00e4v\u00e4t turvakeng\u00e4t, jotka on valmistettu hengitt\u00e4v\u00e4st\u00e4 pintanahasta (full-grain) ja varustettu vedenpit\u00e4v\u00e4ll\u00e4 sek\u00e4 hengitt\u00e4v\u00e4ll\u00e4 kalvolla. Joustava ja iskuja vaimentava PU\/nitriilikumipohja kest\u00e4\u00e4 kuumuutta jopa 300 \u00b0C (HRO). Pohjassa on stabiloiva varsi, joka ehk\u00e4isee v\u00e4\u00e4ntymist\u00e4 ja jakaa paineen koko pohjan alueelle<a href=\"https:\/\/arcticas.fi\/fi\/product\/brynje-b-dry-outdoor-shoe-s3-src-490\/\" target=\"_blank\" rel=\"noopener\">.<\/a> Sis\u00e4pohja on iskuja vaimentavaa ja kosteutta siirt\u00e4v\u00e4\u00e4 PU:ta. Suljettu kielirakenne, heijastavat yksityiskohdat ja ProNose-lis\u00e4vahvike lis\u00e4\u00e4v\u00e4t kest\u00e4vyytt\u00e4. PVC-vapaa ja ESD-hyv\u00e4ksytty.<\/div>\n<\/div>\n<hr \/>\n<div class=\"sika-productdetails-icons\"><img loading=\"lazy\" decoding=\"async\" class=\"mb-2\" title=\"SRC,S3\" src=\"https:\/\/www.sikafootwear.eu\/Files\/Templates\/designs\/sika\/_assets\/img\/sika-icons\/sika-icon-godkendelse-s3.png\" alt=\"SRC,S3\" width=\"45\" height=\"45\" \/>\u00a0<img loading=\"lazy\" decoding=\"async\" class=\"mb-2\" title=\"src\" src=\"https:\/\/www.sikafootwear.eu\/Files\/Templates\/designs\/sika\/_assets\/img\/sika-icons\/sika-icon-skridsikkerhed-src.png\" alt=\"src\" width=\"45\" height=\"45\" \/>\u00a0<img loading=\"lazy\" decoding=\"async\" class=\"mb-2\" title=\"alu\" src=\"https:\/\/www.sikafootwear.eu\/Files\/Templates\/designs\/sika\/_assets\/img\/sika-icons\/sika-icon-toeprotection-alu.png\" alt=\"alu\" width=\"45\" height=\"45\" \/>\u00a0<img loading=\"lazy\" decoding=\"async\" class=\"mb-2\" title=\"fiber\" src=\"https:\/\/www.sikafootwear.eu\/Files\/Templates\/designs\/sika\/_assets\/img\/sika-icons\/sika-icon-nailproctection-fiber.png\" alt=\"fiber\" width=\"45\" height=\"45\" \/>\u00a0<img loading=\"lazy\" decoding=\"async\" class=\"mb-2\" title=\"Oil and Gas Resistant\" src=\"https:\/\/www.sikafootwear.eu\/Files\/Templates\/designs\/sika\/_assets\/img\/sika-icons\/sika-icon-oilandgasresistant.png\" alt=\"Oil and Gas Resistant\" width=\"45\" height=\"45\" \/>\u00a0<img loading=\"lazy\" decoding=\"async\" class=\"mb-2\" title=\"Pro Nose\" src=\"https:\/\/www.sikafootwear.eu\/Files\/Templates\/designs\/sika\/_assets\/img\/sika-icons\/sika-icon-pronose.png\" alt=\"Pro Nose\" width=\"45\" height=\"45\" \/>\u00a0<img loading=\"lazy\" decoding=\"async\" class=\"mb-2\" title=\"ESD Approved\" src=\"https:\/\/www.sikafootwear.eu\/Files\/Templates\/designs\/sika\/_assets\/img\/sika-icons\/sika-icon-esdapproved.png\" alt=\"ESD Approved\" width=\"45\" height=\"45\" \/>\u00a0<img loading=\"lazy\" decoding=\"async\" class=\"mb-2\" title=\"Heat Resistant Out Sole\" src=\"https:\/\/www.sikafootwear.eu\/Files\/Templates\/designs\/sika\/_assets\/img\/sika-icons\/sika-icon-heatresistantoutsole.png\" alt=\"Heat Resistant Out Sole\" width=\"45\" height=\"45\" \/>\u00a0<img loading=\"lazy\" decoding=\"async\" class=\"mb-2\" title=\"Water Tight Membrane\" src=\"https:\/\/www.sikafootwear.eu\/Files\/Templates\/designs\/sika\/_assets\/img\/sika-icons\/sika-icon-watertightmembrane.png\" alt=\"Water Tight Membrane\" width=\"45\" height=\"45\" \/>\u00a0<img loading=\"lazy\" decoding=\"async\" class=\"mb-2\" title=\"Ladder Grip\" src=\"https:\/\/www.sikafootwear.eu\/Files\/Templates\/designs\/sika\/_assets\/img\/sika-icons\/sika-icon-laddergrip.png\" alt=\"Ladder Grip\" width=\"45\" height=\"45\" \/><\/div>\n<div>\n<div class=\"col-12 col-md-10 col-lg-8 col-xl-6 mx-auto\">\n<div id=\"collapse-PROD5436-00\" class=\"collapse-peek-content collapse show\">\n<div class=\"row\">\n<div class=\"col-12\"><\/div>\n<\/div>\n<\/div>\n<\/div>\n<h3>BRYNJE B-Dry Ominaisuudet<\/h3>\n<p data-start=\"571\" data-end=\"649\"><strong data-start=\"571\" data-end=\"583\">CE Normi<\/strong> EN ISO 20345:2011<br data-start=\"601\" data-end=\"604\" \/><strong data-start=\"604\" data-end=\"623\">CE-sertifiointi<\/strong> S3, HRO<br data-start=\"631\" data-end=\"634\" \/><strong data-start=\"634\" data-end=\"643\">Sarja<\/strong> 400<br \/>\n<strong data-start=\"651\" data-end=\"664\">Ulkopohja<\/strong> Eritt\u00e4in kest\u00e4v\u00e4, liukastumista ehk\u00e4isev\u00e4 ja iskuja vaimentava PU\/nitriilikumipohja, l\u00e4mm\u00f6nkesto jopa 300 \u00b0C (HRO). Stabiloiva varsi ehk\u00e4isee v\u00e4\u00e4ntymist\u00e4 ja jakaa paineen koko pohjan alueelle<br \/>\n<strong data-start=\"860\" data-end=\"873\">P\u00e4\u00e4llinen<\/strong> Kest\u00e4v\u00e4, hengitt\u00e4v\u00e4 ja vett\u00e4 hylkiv\u00e4 pintanahka (full-grain)<br \/>\n<strong data-start=\"938\" data-end=\"947\">Vuori<\/strong> Kest\u00e4v\u00e4 ja hike\u00e4 imev\u00e4 vuori<br \/>\n<strong data-start=\"980\" data-end=\"1003\">V\u00e4lipohja\/sis\u00e4pohja<\/strong> Iskuja vaimentava, hengitt\u00e4v\u00e4, kosteutta siirt\u00e4v\u00e4 ja kest\u00e4v\u00e4 PU-sis\u00e4pohja<\/p>\n<h3 data-start=\"1081\" data-end=\"1106\"><strong data-start=\"1081\" data-end=\"1104\">Erityisominaisuudet<\/strong><\/h3>\n<ul>\n<li data-start=\"1109\" data-end=\"1142\">Vedenpit\u00e4v\u00e4 ja hengitt\u00e4v\u00e4 kalvo<\/li>\n<li data-start=\"1145\" data-end=\"1202\">Heijastavat yksityiskohdat, ESD-hyv\u00e4ksytty ja PVC-vapaa<\/li>\n<\/ul>\n<h3 data-start=\"1204\" data-end=\"1219\"><strong data-start=\"1204\" data-end=\"1217\">Toimialat<\/strong><\/h3>\n<ul>\n<li data-start=\"1222\" data-end=\"1241\">Raskas teollisuus<\/li>\n<li data-start=\"1244\" data-end=\"1273\">Rakentaminen ja k\u00e4sity\u00f6alat<\/li>\n<\/ul>\n<p data-start=\"1275\" data-end=\"1372\"><strong data-start=\"1275\" data-end=\"1288\">Sukupuoli<\/strong> Unisex<br data-start=\"1295\" data-end=\"1298\" \/><strong data-start=\"1298\" data-end=\"1307\">Paino<\/strong> 0,742 kg, Paino koskee yht\u00e4 kenk\u00e4\u00e4 koossa 42<br data-start=\"1353\" data-end=\"1356\" \/><strong data-start=\"1356\" data-end=\"1364\">Koot<\/strong> 39\u201348<\/p>\n<\/div>\n","protected":false},"excerpt":{"rendered":"<p>BRYNJE B-Dry -turvakeng\u00e4t ovat extra-kest\u00e4v\u00e4t S3 HRO -luokan suojakeng\u00e4t raskaaseen teollisuuteen ja rakentamiseen. Hengitt\u00e4v\u00e4 pintanahka ja vedenpit\u00e4v\u00e4, hengitt\u00e4v\u00e4 kalvo pit\u00e4v\u00e4t jalat kuivina. PU\/nitriilikumipohja kest\u00e4\u00e4 300 \u00b0C kuumuutta ja vaimentaa iskuja, stabiloiva varsi lis\u00e4\u00e4 tukea. ProNose, heijastimet, ESD-hyv\u00e4ksynt\u00e4 ja PVC-vapaus viimeistelev\u00e4t kokonaisuuden.<\/p>\n","protected":false},"featured_media":111768,"comment_status":"closed","ping_status":"closed","template":"","meta":[],"product_brand":[],"product_cat":[1014],"product_tag":[1011],"class_list":{"0":"post-111637","1":"product","2":"type-product","3":"status-publish","4":"has-post-thumbnail","6":"product_cat-brynje","7":"product_tag-sikaff","8":"pa_brand-brynje","9":"pa_color-svart","10":"pa_size-1021","11":"pa_size-697","12":"pa_size-1022","13":"pa_size-698","14":"pa_size-1023","15":"pa_size-699","16":"pa_size-1024","17":"pa_size-700","18":"pa_size-1025","19":"pa_size-945","21":"first","22":"instock","23":"shipping-taxable","24":"purchasable","25":"product-type-variable"},"_links":{"self":[{"href":"https:\/\/arcticas.fi\/fi\/wp-json\/wp\/v2\/product\/111637","targetHints":{"allow":["GET"]}}],"collection":[{"href":"https:\/\/arcticas.fi\/fi\/wp-json\/wp\/v2\/product"}],"about":[{"href":"https:\/\/arcticas.fi\/fi\/wp-json\/wp\/v2\/types\/product"}],"replies":[{"embeddable":true,"href":"https:\/\/arcticas.fi\/fi\/wp-json\/wp\/v2\/comments?post=111637"}],"wp:featuredmedia":[{"embeddable":true,"href":"https:\/\/arcticas.fi\/fi\/wp-json\/wp\/v2\/media\/111768"}],"wp:attachment":[{"href":"https:\/\/arcticas.fi\/fi\/wp-json\/wp\/v2\/media?parent=111637"}],"wp:term":[{"taxonomy":"product_brand","embeddable":true,"href":"https:\/\/arcticas.fi\/fi\/wp-json\/wp\/v2\/product_brand?post=111637"},{"taxonomy":"product_cat","embeddable":true,"href":"https:\/\/arcticas.fi\/fi\/wp-json\/wp\/v2\/product_cat?post=111637"},{"taxonomy":"product_tag","embeddable":true,"href":"https:\/\/arcticas.fi\/fi\/wp-json\/wp\/v2\/product_tag?post=111637"}],"curies":[{"name":"wp","href":"https:\/\/api.w.org\/{rel}","templated":true}]}}