{"id":111636,"date":"2026-02-26T17:28:46","date_gmt":"2026-02-26T17:28:46","guid":{"rendered":"https:\/\/arcticas.fi\/fi\/?post_type=product&#038;p=111636"},"modified":"2026-03-08T08:57:52","modified_gmt":"2026-03-08T08:57:52","slug":"brynje-boston-turvanilkkuri-s3-esd","status":"publish","type":"product","link":"https:\/\/arcticas.fi\/fi\/product\/brynje-boston-turvanilkkuri-s3-esd\/","title":{"rendered":"BRYNJE Boston Turvanilkkuri S3 ESD"},"content":{"rendered":"<p>Tukeva turvanilkkuri, joka on valmistettu hengitt\u00e4v\u00e4st\u00e4 ja vett\u00e4hylkiv\u00e4st\u00e4 nahasta. Vahvat nylonlenkit ja leve\u00e4 joustava yl\u00e4osa tekev\u00e4t keng\u00e4n pukemisesta ja riisumisesta helppoa. Eritt\u00e4in joustava ja iskunvaimentava PU\/nitriilikumipohja kest\u00e4\u00e4 l\u00e4mp\u00f6\u00e4 jopa 300 \u00b0C:een asti (HRO). Pohjassa on vakauttava tukiranka, joka ehk\u00e4isee v\u00e4\u00e4ntymist\u00e4 ja jakaa paineen tasaisesti koko pohjan alueelle<a href=\"https:\/\/arcticas.fi\/fi\/product\/brynje-boston-s3-src-469\/\" target=\"_blank\" rel=\"noopener\">.<\/a> Pohjallinen on iskunvaimentavaa ja kosteutta siirt\u00e4v\u00e4\u00e4 PU-materiaalia. ProNose lis\u00e4\u00e4 kest\u00e4vyytt\u00e4. PVC-vapaa ja ESD-hyv\u00e4ksytty.<\/p>\n<hr \/>\n<div class=\"col-12 col-md-10 col-lg-8 col-xl-6 mx-auto\">\n<div class=\"e-product-section-header\" data-toggle=\"collapse\" data-target=\"#collapse-PROD5468-00\" aria-expanded=\"true\">\n<h3><img loading=\"lazy\" decoding=\"async\" class=\"mb-2\" title=\"SRC,S3\" src=\"https:\/\/www.sikafootwear.eu\/Files\/Templates\/designs\/sika\/_assets\/img\/sika-icons\/sika-icon-godkendelse-s3.png\" alt=\"SRC,S3\" width=\"45\" height=\"45\" \/>\u00a0<img loading=\"lazy\" decoding=\"async\" class=\"mb-2\" title=\"src\" src=\"https:\/\/www.sikafootwear.eu\/Files\/Templates\/designs\/sika\/_assets\/img\/sika-icons\/sika-icon-skridsikkerhed-src.png\" alt=\"src\" width=\"45\" height=\"45\" \/>\u00a0<img loading=\"lazy\" decoding=\"async\" class=\"mb-2\" title=\"alu\" src=\"https:\/\/www.sikafootwear.eu\/Files\/Templates\/designs\/sika\/_assets\/img\/sika-icons\/sika-icon-toeprotection-alu.png\" alt=\"alu\" width=\"45\" height=\"45\" \/>\u00a0<img loading=\"lazy\" decoding=\"async\" class=\"mb-2\" title=\"fiber\" src=\"https:\/\/www.sikafootwear.eu\/Files\/Templates\/designs\/sika\/_assets\/img\/sika-icons\/sika-icon-nailproctection-fiber.png\" alt=\"fiber\" width=\"45\" height=\"45\" \/>\u00a0<img loading=\"lazy\" decoding=\"async\" class=\"mb-2\" title=\"Oil and Gas Resistant\" src=\"https:\/\/www.sikafootwear.eu\/Files\/Templates\/designs\/sika\/_assets\/img\/sika-icons\/sika-icon-oilandgasresistant.png\" alt=\"Oil and Gas Resistant\" width=\"45\" height=\"45\" \/>\u00a0<img loading=\"lazy\" decoding=\"async\" class=\"mb-2\" title=\"Pro Nose\" src=\"https:\/\/www.sikafootwear.eu\/Files\/Templates\/designs\/sika\/_assets\/img\/sika-icons\/sika-icon-pronose.png\" alt=\"Pro Nose\" width=\"45\" height=\"45\" \/>\u00a0<img loading=\"lazy\" decoding=\"async\" class=\"mb-2\" title=\"ESD Approved\" src=\"https:\/\/www.sikafootwear.eu\/Files\/Templates\/designs\/sika\/_assets\/img\/sika-icons\/sika-icon-esdapproved.png\" alt=\"ESD Approved\" width=\"45\" height=\"45\" \/>\u00a0<img loading=\"lazy\" decoding=\"async\" class=\"mb-2\" title=\"Heat Resistant Out Sole\" src=\"https:\/\/www.sikafootwear.eu\/Files\/Templates\/designs\/sika\/_assets\/img\/sika-icons\/sika-icon-heatresistantoutsole.png\" alt=\"Heat Resistant Out Sole\" width=\"45\" height=\"45\" \/>\u00a0<img loading=\"lazy\" decoding=\"async\" class=\"mb-2\" title=\"Ladder Grip\" src=\"https:\/\/www.sikafootwear.eu\/Files\/Templates\/designs\/sika\/_assets\/img\/sika-icons\/sika-icon-laddergrip.png\" alt=\"Ladder Grip\" width=\"45\" height=\"45\" \/><\/h3>\n<\/div>\n<\/div>\n<div class=\"col-12 col-md-10 col-lg-8 col-xl-6 mx-auto\">\n<div id=\"collapse-PROD5468-00\" class=\"collapse-peek-content collapse show\">\n<div class=\"row\">\n<div class=\"col-12\">\n<h3>BRYNJE Boston Ominaisuudet<\/h3>\n<p data-start=\"560\" data-end=\"1087\"><strong data-start=\"560\" data-end=\"572\">CE-normi<\/strong> EN ISO 20345:2011<br data-start=\"590\" data-end=\"593\" \/><strong data-start=\"593\" data-end=\"612\">CE-sertifiointi<\/strong> S3, HRO<br data-start=\"620\" data-end=\"623\" \/><strong data-start=\"623\" data-end=\"632\">Sarja<\/strong> 400<br data-start=\"636\" data-end=\"639\" \/><strong data-start=\"639\" data-end=\"652\">Ulkopohja<\/strong> Eritt\u00e4in kest\u00e4v\u00e4, liukuestetty ja iskunvaimentava PU\/nitriilikumipohja, joka on kuumuutta kest\u00e4v\u00e4 jopa 300 \u00b0C:een (HRO). Vakauttava tukiranka ehk\u00e4isee v\u00e4\u00e4ntymist\u00e4 ja jakaa paineen tasaisesti koko pohjan alueelle<br data-start=\"864\" data-end=\"867\" \/><strong data-start=\"867\" data-end=\"880\" data-is-only-node=\"\">P\u00e4\u00e4llinen<\/strong> Kest\u00e4v\u00e4, hengitt\u00e4v\u00e4 ja vett\u00e4hylkiv\u00e4 nahka<br data-start=\"922\" data-end=\"925\" \/><strong data-start=\"925\" data-end=\"934\">Vuori<\/strong> Kest\u00e4v\u00e4 ja hike\u00e4 imev\u00e4 vuori<br data-start=\"963\" data-end=\"966\" \/><strong data-start=\"966\" data-end=\"985\">Irto-\/sis\u00e4pohja<\/strong> Iskunvaimentava, hengitt\u00e4v\u00e4, kosteutta siirt\u00e4v\u00e4 ja kest\u00e4v\u00e4 PU-pohjallinen<\/p>\n<h3 data-start=\"560\" data-end=\"1087\"><strong data-start=\"1062\" data-end=\"1085\">Erikoisominaisuudet<\/strong><\/h3>\n<ul>\n<li data-start=\"1090\" data-end=\"1135\">Vahvat nylonlenkit ja leve\u00e4 joustava yl\u00e4osa<\/li>\n<li data-start=\"1138\" data-end=\"1154\">ESD-hyv\u00e4ksytty<\/li>\n<li data-start=\"1157\" data-end=\"1168\">PVC-vapaa<\/li>\n<\/ul>\n<h3 data-start=\"1170\" data-end=\"1185\"><strong data-start=\"1170\" data-end=\"1183\">Toimialat<\/strong><\/h3>\n<ul>\n<li data-start=\"1188\" data-end=\"1224\">Maatalous, mets\u00e4talous ja kalastus<\/li>\n<li data-start=\"1227\" data-end=\"1246\">Raskas teollisuus<\/li>\n<\/ul>\n<p data-start=\"1248\" data-end=\"1348\"><strong data-start=\"1248\" data-end=\"1261\">Sukupuoli<\/strong> Unisex<br data-start=\"1268\" data-end=\"1271\" \/><strong data-start=\"1271\" data-end=\"1280\">Paino<\/strong> 0,732 kg, Paino on yhden keng\u00e4n paino koossa 42<br data-start=\"1329\" data-end=\"1332\" \/><strong data-start=\"1332\" data-end=\"1340\">Koot<\/strong> 39\u201348<\/p>\n<\/div>\n<\/div>\n<\/div>\n<\/div>\n","protected":false},"excerpt":{"rendered":"<div class=\"flex flex-col text-sm pb-25\">\n<article class=\"text-token-text-primary w-full focus:outline-none [--shadow-height:45px] has-data-writing-block:pointer-events-none has-data-writing-block:-mt-(--shadow-height) has-data-writing-block:pt-(--shadow-height) [&amp;:has([data-writing-block])&gt;*]:pointer-events-auto scroll-mt-[calc(var(--header-height)+min(200px,max(70px,20svh)))]\" dir=\"auto\" tabindex=\"-1\" data-turn-id=\"request-WEB:f8dbe03a-af7b-4ba1-924b-f00c82804f13-63\" data-testid=\"conversation-turn-2\" data-scroll-anchor=\"true\" data-turn=\"assistant\">\n<div class=\"text-base my-auto mx-auto pb-10 [--thread-content-margin:--spacing(4)] @w-sm\/main:[--thread-content-margin:--spacing(6)] @w-lg\/main:[--thread-content-margin:--spacing(16)] px-(--thread-content-margin)\">\n<div class=\"[--thread-content-max-width:40rem] @w-lg\/main:[--thread-content-max-width:48rem] mx-auto max-w-(--thread-content-max-width) flex-1 group\/turn-messages focus-visible:outline-hidden relative flex w-full min-w-0 flex-col agent-turn\" tabindex=\"-1\">\n<div class=\"flex max-w-full flex-col grow\">\n<div class=\"min-h-8 text-message relative flex w-full flex-col items-end gap-2 text-start break-words whitespace-normal [.text-message+&amp;]:mt-1\" dir=\"auto\" data-message-author-role=\"assistant\" data-message-id=\"cccc66d2-d4fe-4087-a0bd-3beff963587f\" data-message-model-slug=\"gpt-5-2-thinking\">\n<div class=\"flex w-full flex-col gap-1 empty:hidden first:pt-[1px]\">\n<div class=\"markdown prose dark:prose-invert w-full wrap-break-word light markdown-new-styling\">\n<p data-start=\"1408\" data-end=\"1783\" data-is-last-node=\"\" data-is-only-node=\"\">BRYNJE Boston on tukeva S3-turvanilkkuri raskaaseen k\u00e4ytt\u00f6\u00f6n. Hengitt\u00e4v\u00e4, vett\u00e4hylkiv\u00e4 nahkap\u00e4\u00e4llinen ja leve\u00e4 jousto tekev\u00e4t pukemisesta nopeaa. Kuumuutta kest\u00e4v\u00e4 HRO-ulkopohja (300 \u00b0C) sek\u00e4 vakauttava tukiranka parantavat turvallisuutta ja pitoa. Iskunvaimentava, kosteutta siirt\u00e4v\u00e4 PU-pohjallinen lis\u00e4\u00e4 mukavuutta. ProNose tuo kest\u00e4vyytt\u00e4, ESD-hyv\u00e4ksytty ja PVC-vapaa.<\/p>\n<\/div>\n<\/div>\n<\/div>\n<\/div>\n<\/div>\n<\/div>\n<\/article>\n<\/div>\n","protected":false},"featured_media":111758,"comment_status":"closed","ping_status":"closed","template":"","meta":[],"product_brand":[],"product_cat":[1014],"product_tag":[1011],"class_list":{"0":"post-111636","1":"product","2":"type-product","3":"status-publish","4":"has-post-thumbnail","6":"product_cat-brynje","7":"product_tag-sikaff","8":"pa_brand-brynje","9":"pa_color-svart","10":"pa_size-1021","11":"pa_size-697","12":"pa_size-1022","13":"pa_size-698","14":"pa_size-1023","15":"pa_size-699","16":"pa_size-1024","17":"pa_size-700","18":"pa_size-1025","19":"pa_size-945","21":"first","22":"instock","23":"shipping-taxable","24":"purchasable","25":"product-type-variable"},"_links":{"self":[{"href":"https:\/\/arcticas.fi\/fi\/wp-json\/wp\/v2\/product\/111636","targetHints":{"allow":["GET"]}}],"collection":[{"href":"https:\/\/arcticas.fi\/fi\/wp-json\/wp\/v2\/product"}],"about":[{"href":"https:\/\/arcticas.fi\/fi\/wp-json\/wp\/v2\/types\/product"}],"replies":[{"embeddable":true,"href":"https:\/\/arcticas.fi\/fi\/wp-json\/wp\/v2\/comments?post=111636"}],"wp:featuredmedia":[{"embeddable":true,"href":"https:\/\/arcticas.fi\/fi\/wp-json\/wp\/v2\/media\/111758"}],"wp:attachment":[{"href":"https:\/\/arcticas.fi\/fi\/wp-json\/wp\/v2\/media?parent=111636"}],"wp:term":[{"taxonomy":"product_brand","embeddable":true,"href":"https:\/\/arcticas.fi\/fi\/wp-json\/wp\/v2\/product_brand?post=111636"},{"taxonomy":"product_cat","embeddable":true,"href":"https:\/\/arcticas.fi\/fi\/wp-json\/wp\/v2\/product_cat?post=111636"},{"taxonomy":"product_tag","embeddable":true,"href":"https:\/\/arcticas.fi\/fi\/wp-json\/wp\/v2\/product_tag?post=111636"}],"curies":[{"name":"wp","href":"https:\/\/api.w.org\/{rel}","templated":true}]}}