{"id":111635,"date":"2026-02-26T17:28:46","date_gmt":"2026-02-26T17:28:46","guid":{"rendered":"https:\/\/arcticas.fi\/fi\/?post_type=product&#038;p=111635"},"modified":"2026-03-08T08:57:35","modified_gmt":"2026-03-08T08:57:35","slug":"brynje-breeze-turvajalkine-s3s-esd","status":"publish","type":"product","link":"https:\/\/arcticas.fi\/fi\/product\/brynje-breeze-turvajalkine-s3s-esd\/","title":{"rendered":"BRYNJE Breeze turvajalkine S3S ESD"},"content":{"rendered":"<div class=\"e-product-text-container\">\n<div class=\"e-product-text\">Tukeva talvik\u00e4ytt\u00f6\u00f6n suunniteltu turvajalkine leve\u00e4ll\u00e4 lestill\u00e4 ja tekoturkisvuorilla. Eritt\u00e4in kest\u00e4v\u00e4, joustava ja iskuja vaimentava PU\/nitriilikumipohja kest\u00e4\u00e4 l\u00e4mp\u00f6\u00e4 jopa 300 \u00b0C (HRO). Pohjassa on vakauttava v\u00e4lipohjan tukiranka, joka ehk\u00e4isee kiertymist\u00e4 ja jakaa paineen koko pohjan alueelle. P\u00e4\u00e4llinen on kest\u00e4v\u00e4\u00e4, hengitt\u00e4v\u00e4\u00e4 ja vett\u00e4 hylkiv\u00e4\u00e4 B-Xtreme-nahkaa<a href=\"https:\/\/arcticas.fi\/fi\/product\/brynje-breeze-s3-src-433\/\" target=\"_blank\" rel=\"noopener\">,<\/a> joka muotoutuu jalkaan. Sis\u00e4pohja on iskuja vaimentavaa ja kosteutta siirt\u00e4v\u00e4\u00e4 PU:ta. Vedenpit\u00e4v\u00e4 ja hengitt\u00e4v\u00e4 kalvo, sis\u00e4vetoketju, suljettu kieli, heijastavat yksityiskohdat sek\u00e4 ProNose-lis\u00e4suoja parantavat kest\u00e4vyytt\u00e4. PVC-vapaa ja ESD-hyv\u00e4ksytty.<\/div>\n<\/div>\n<hr \/>\n<div class=\"sika-productdetails-icons\"><img loading=\"lazy\" decoding=\"async\" class=\"mb-2\" title=\"SR,S3S\" src=\"https:\/\/www.sikafootwear.eu\/Files\/Templates\/designs\/sika\/_assets\/img\/sika-icons\/sika-icon-godkendelse-s3s.png\" alt=\"SR,S3S\" width=\"45\" height=\"45\" \/>\u00a0<img loading=\"lazy\" decoding=\"async\" class=\"mb-2\" title=\"sr\" src=\"https:\/\/www.sikafootwear.eu\/Files\/Templates\/designs\/sika\/_assets\/img\/sika-icons\/sika-icon-skridsikkerhed-sr.png\" alt=\"sr\" width=\"45\" height=\"45\" \/>\u00a0<img loading=\"lazy\" decoding=\"async\" class=\"mb-2\" title=\"alu\" src=\"https:\/\/www.sikafootwear.eu\/Files\/Templates\/designs\/sika\/_assets\/img\/sika-icons\/sika-icon-toeprotection-alu.png\" alt=\"alu\" width=\"45\" height=\"45\" \/>\u00a0<img loading=\"lazy\" decoding=\"async\" class=\"mb-2\" title=\"fiber\" src=\"https:\/\/www.sikafootwear.eu\/Files\/Templates\/designs\/sika\/_assets\/img\/sika-icons\/sika-icon-nailproctection-fiber.png\" alt=\"fiber\" width=\"45\" height=\"45\" \/>\u00a0<img loading=\"lazy\" decoding=\"async\" class=\"mb-2\" title=\"Oil and Gas Resistant\" src=\"https:\/\/www.sikafootwear.eu\/Files\/Templates\/designs\/sika\/_assets\/img\/sika-icons\/sika-icon-oilandgasresistant.png\" alt=\"Oil and Gas Resistant\" width=\"45\" height=\"45\" \/>\u00a0<img loading=\"lazy\" decoding=\"async\" class=\"mb-2\" title=\"Pro Nose\" src=\"https:\/\/www.sikafootwear.eu\/Files\/Templates\/designs\/sika\/_assets\/img\/sika-icons\/sika-icon-pronose.png\" alt=\"Pro Nose\" width=\"45\" height=\"45\" \/>\u00a0<img loading=\"lazy\" decoding=\"async\" class=\"mb-2\" title=\"ESD Approved\" src=\"https:\/\/www.sikafootwear.eu\/Files\/Templates\/designs\/sika\/_assets\/img\/sika-icons\/sika-icon-esdapproved.png\" alt=\"ESD Approved\" width=\"45\" height=\"45\" \/>\u00a0<img loading=\"lazy\" decoding=\"async\" class=\"mb-2\" title=\"Isolation Against Cold\" src=\"https:\/\/www.sikafootwear.eu\/Files\/Templates\/designs\/sika\/_assets\/img\/sika-icons\/sika-icon-isolationagainstcold.png\" alt=\"Isolation Against Cold\" width=\"45\" height=\"45\" \/>\u00a0<img loading=\"lazy\" decoding=\"async\" class=\"mb-2\" title=\"Heat Resistant Out Sole\" src=\"https:\/\/www.sikafootwear.eu\/Files\/Templates\/designs\/sika\/_assets\/img\/sika-icons\/sika-icon-heatresistantoutsole.png\" alt=\"Heat Resistant Out Sole\" width=\"45\" height=\"45\" \/>\u00a0<img loading=\"lazy\" decoding=\"async\" class=\"mb-2\" title=\"Water Tight Membrane\" src=\"https:\/\/www.sikafootwear.eu\/Files\/Templates\/designs\/sika\/_assets\/img\/sika-icons\/sika-icon-watertightmembrane.png\" alt=\"Water Tight Membrane\" width=\"45\" height=\"45\" \/>\u00a0<img loading=\"lazy\" decoding=\"async\" class=\"mb-2\" title=\"Ladder Grip\" src=\"https:\/\/www.sikafootwear.eu\/Files\/Templates\/designs\/sika\/_assets\/img\/sika-icons\/sika-icon-laddergrip.png\" alt=\"Ladder Grip\" width=\"45\" height=\"45\" \/><\/div>\n<div>\n<div class=\"col-12 col-md-10 col-lg-8 col-xl-6 mx-auto\">\n<div id=\"collapse-PROD5407-00\" class=\"collapse-peek-content collapse show\">\n<div class=\"row\">\n<div class=\"col-12\">\n<h3>BRYNJE Breeze Ominaisuudet<\/h3>\n<p data-start=\"696\" data-end=\"787\"><strong data-start=\"696\" data-end=\"708\">CE-normi<\/strong> EN ISO 20345:2022<br data-start=\"726\" data-end=\"729\" \/><strong data-start=\"729\" data-end=\"748\">CE-sertifiointi<\/strong> S3S, FO, HRO, SC, LG<br data-start=\"769\" data-end=\"772\" \/><strong data-start=\"772\" data-end=\"781\">Sarja<\/strong> 400<br \/>\n<strong data-start=\"789\" data-end=\"802\">Ulkopohja<\/strong> Eritt\u00e4in kest\u00e4v\u00e4, liukastumista est\u00e4v\u00e4, joustava ja iskuja vaimentava PU\/nitriilikumipohja, joka kest\u00e4\u00e4 l\u00e4mp\u00f6\u00e4 jopa 300 \u00b0C (HRO). Vakauttava tukiranka ehk\u00e4isee kiertymist\u00e4 ja jakaa paineen koko pohjan alueelle.<br \/>\n<strong data-start=\"1017\" data-end=\"1030\">P\u00e4\u00e4llinen<\/strong> Kest\u00e4v\u00e4, hengitt\u00e4v\u00e4 ja vett\u00e4 hylkiv\u00e4 B-Xtreme-nahka, joka muotoutuu jalkaan<br \/>\n<strong data-start=\"1110\" data-end=\"1119\">Vuori<\/strong> Tekoturkisvuori<br \/>\n<strong data-start=\"1139\" data-end=\"1172\">V\u00e4lipohjallinen \/ pohjallinen<\/strong> Iskuja vaimentava, hengitt\u00e4v\u00e4, kosteutta siirt\u00e4v\u00e4 ja kest\u00e4v\u00e4 PU-pohjallinen<\/p>\n<h3 data-start=\"1252\" data-end=\"1277\"><strong data-start=\"1252\" data-end=\"1275\">Erityisominaisuudet<\/strong><\/h3>\n<ul>\n<li data-start=\"1280\" data-end=\"1297\">Tekoturkisvuori<\/li>\n<li data-start=\"1300\" data-end=\"1315\">Sis\u00e4vetoketju<\/li>\n<li data-start=\"1318\" data-end=\"1334\">Suljettu kieli<\/li>\n<li data-start=\"1337\" data-end=\"1350\">Leve\u00e4 lesti<\/li>\n<li data-start=\"1353\" data-end=\"1381\">Heijastavat yksityiskohdat<\/li>\n<li data-start=\"1384\" data-end=\"1429\">ESD-hyv\u00e4ksytty (v\u00e4hent\u00e4\u00e4 staattista s\u00e4hk\u00f6\u00e4)<\/li>\n<li data-start=\"1432\" data-end=\"1443\">PVC-vapaa<\/li>\n<\/ul>\n<h3 data-start=\"1445\" data-end=\"1460\"><strong data-start=\"1445\" data-end=\"1458\">Toimialat<\/strong><\/h3>\n<ul>\n<li data-start=\"1463\" data-end=\"1482\">Raskas teollisuus<\/li>\n<li data-start=\"1485\" data-end=\"1514\">Rakentaminen ja k\u00e4sity\u00f6alat<\/li>\n<\/ul>\n<p data-start=\"1516\" data-end=\"1615\"><strong data-start=\"1516\" data-end=\"1529\">Sukupuoli<\/strong> Unisex<br data-start=\"1536\" data-end=\"1539\" \/><strong data-start=\"1539\" data-end=\"1548\">Paino<\/strong> 0,8900 kg, Paino on yhdelle keng\u00e4lle koossa 42<br data-start=\"1596\" data-end=\"1599\" \/><strong data-start=\"1599\" data-end=\"1607\">Koot<\/strong> 39\u201348<\/p>\n<\/div>\n<\/div>\n<\/div>\n<\/div>\n<\/div>\n","protected":false},"excerpt":{"rendered":"<p>BRYNJE Breeze on l\u00e4mmin ja tukeva talviturvakenk\u00e4 leve\u00e4ll\u00e4 lestill\u00e4 ja tekoturkisvuorilla. S3S-luokan suojaus, vedenpit\u00e4v\u00e4 ja hengitt\u00e4v\u00e4 kalvo sek\u00e4 ESD-hyv\u00e4ksynt\u00e4 tekev\u00e4t siit\u00e4 varman valinnan rakennus- ja teollisuusty\u00f6h\u00f6n. HRO-pohja kest\u00e4\u00e4 jopa 300 \u00b0C, vaimentaa iskut ja tarjoaa pit\u00e4v\u00e4n pidon. Sis\u00e4vetoketju ja ProNose lis\u00e4\u00e4v\u00e4t k\u00e4ytt\u00f6mukavuutta ja kest\u00e4vyytt\u00e4.<\/p>\n","protected":false},"featured_media":111752,"comment_status":"closed","ping_status":"closed","template":"","meta":[],"product_brand":[],"product_cat":[1014],"product_tag":[1011],"class_list":{"0":"post-111635","1":"product","2":"type-product","3":"status-publish","4":"has-post-thumbnail","6":"product_cat-brynje","7":"product_tag-sikaff","8":"pa_brand-brynje","9":"pa_color-svart","10":"pa_size-1021","11":"pa_size-697","12":"pa_size-1022","13":"pa_size-698","14":"pa_size-1023","15":"pa_size-699","16":"pa_size-1024","17":"pa_size-700","18":"pa_size-1025","19":"pa_size-945","21":"first","22":"instock","23":"shipping-taxable","24":"purchasable","25":"product-type-variable"},"_links":{"self":[{"href":"https:\/\/arcticas.fi\/fi\/wp-json\/wp\/v2\/product\/111635","targetHints":{"allow":["GET"]}}],"collection":[{"href":"https:\/\/arcticas.fi\/fi\/wp-json\/wp\/v2\/product"}],"about":[{"href":"https:\/\/arcticas.fi\/fi\/wp-json\/wp\/v2\/types\/product"}],"replies":[{"embeddable":true,"href":"https:\/\/arcticas.fi\/fi\/wp-json\/wp\/v2\/comments?post=111635"}],"wp:featuredmedia":[{"embeddable":true,"href":"https:\/\/arcticas.fi\/fi\/wp-json\/wp\/v2\/media\/111752"}],"wp:attachment":[{"href":"https:\/\/arcticas.fi\/fi\/wp-json\/wp\/v2\/media?parent=111635"}],"wp:term":[{"taxonomy":"product_brand","embeddable":true,"href":"https:\/\/arcticas.fi\/fi\/wp-json\/wp\/v2\/product_brand?post=111635"},{"taxonomy":"product_cat","embeddable":true,"href":"https:\/\/arcticas.fi\/fi\/wp-json\/wp\/v2\/product_cat?post=111635"},{"taxonomy":"product_tag","embeddable":true,"href":"https:\/\/arcticas.fi\/fi\/wp-json\/wp\/v2\/product_tag?post=111635"}],"curies":[{"name":"wp","href":"https:\/\/api.w.org\/{rel}","templated":true}]}}