{"id":111634,"date":"2026-02-26T17:28:46","date_gmt":"2026-02-26T17:28:46","guid":{"rendered":"https:\/\/arcticas.fi\/fi\/?post_type=product&#038;p=111634"},"modified":"2026-03-08T08:57:08","modified_gmt":"2026-03-08T08:57:08","slug":"brynje-advantage-turvajalkine-s3s-esd","status":"publish","type":"product","link":"https:\/\/arcticas.fi\/fi\/product\/brynje-advantage-turvajalkine-s3s-esd\/","title":{"rendered":"BRYNJE Advantage Turvajalkine S3S ESD"},"content":{"rendered":"<div class=\"e-product-text-container\">\n<div class=\"e-product-text\">Tukeva turvajalkine Velcro\u00ae-kiinnityksell\u00e4 ja leve\u00e4ll\u00e4 lestill\u00e4. Eritt\u00e4in kest\u00e4v\u00e4, joustava ja iskunvaimentava PU-\/nitriilikumipohja kest\u00e4\u00e4 jopa 300 \u00b0C l\u00e4mp\u00f6tilaa (HRO). Pohjassa on vakauttava v\u00e4lipohjavahvike (shank), joka ehk\u00e4isee kiertymist\u00e4 ja jakaa paineen koko pohjan alueelle. P\u00e4\u00e4llinen on kest\u00e4v\u00e4\u00e4, hengitt\u00e4v\u00e4\u00e4 ja vett\u00e4 hylkiv\u00e4\u00e4 B-Xtreme-nahkaa, joka muotoutuu jalkaan<a href=\"https:\/\/arcticas.fi\/fi\/product\/brynje-advantage-s3-src-421\/\" target=\"_blank\" rel=\"noopener\">.<\/a> Irrotettava pohjallinen on iskunvaimentavaa ja kosteutta siirt\u00e4v\u00e4\u00e4 PU-materiaalia. Heijastavat yksityiskohdat ja ProNose lis\u00e4\u00e4v\u00e4t kest\u00e4vyytt\u00e4. ESD-hyv\u00e4ksytty.<\/div>\n<\/div>\n<hr \/>\n<div class=\"sika-productdetails-icons\"><img loading=\"lazy\" decoding=\"async\" class=\"mb-2\" title=\"SR,S3S\" src=\"https:\/\/www.sikafootwear.eu\/Files\/Templates\/designs\/sika\/_assets\/img\/sika-icons\/sika-icon-godkendelse-s3s.png\" alt=\"SR,S3S\" width=\"45\" height=\"45\" \/>\u00a0<img loading=\"lazy\" decoding=\"async\" class=\"mb-2\" title=\"sr\" src=\"https:\/\/www.sikafootwear.eu\/Files\/Templates\/designs\/sika\/_assets\/img\/sika-icons\/sika-icon-skridsikkerhed-sr.png\" alt=\"sr\" width=\"45\" height=\"45\" \/>\u00a0<img loading=\"lazy\" decoding=\"async\" class=\"mb-2\" title=\"alu\" src=\"https:\/\/www.sikafootwear.eu\/Files\/Templates\/designs\/sika\/_assets\/img\/sika-icons\/sika-icon-toeprotection-alu.png\" alt=\"alu\" width=\"45\" height=\"45\" \/>\u00a0<img loading=\"lazy\" decoding=\"async\" class=\"mb-2\" title=\"fiber\" src=\"https:\/\/www.sikafootwear.eu\/Files\/Templates\/designs\/sika\/_assets\/img\/sika-icons\/sika-icon-nailproctection-fiber.png\" alt=\"fiber\" width=\"46\" height=\"46\" \/>\u00a0<img loading=\"lazy\" decoding=\"async\" class=\"mb-2\" title=\"Oil and Gas Resistant\" src=\"https:\/\/www.sikafootwear.eu\/Files\/Templates\/designs\/sika\/_assets\/img\/sika-icons\/sika-icon-oilandgasresistant.png\" alt=\"Oil and Gas Resistant\" width=\"45\" height=\"45\" \/>\u00a0<img loading=\"lazy\" decoding=\"async\" class=\"mb-2\" title=\"Pro Nose\" src=\"https:\/\/www.sikafootwear.eu\/Files\/Templates\/designs\/sika\/_assets\/img\/sika-icons\/sika-icon-pronose.png\" alt=\"Pro Nose\" width=\"46\" height=\"46\" \/>\u00a0<img loading=\"lazy\" decoding=\"async\" class=\"mb-2\" title=\"ESD Approved\" src=\"https:\/\/www.sikafootwear.eu\/Files\/Templates\/designs\/sika\/_assets\/img\/sika-icons\/sika-icon-esdapproved.png\" alt=\"ESD Approved\" width=\"46\" height=\"46\" \/>\u00a0<img loading=\"lazy\" decoding=\"async\" class=\"mb-2\" title=\"Heat Resistant Out Sole\" src=\"https:\/\/www.sikafootwear.eu\/Files\/Templates\/designs\/sika\/_assets\/img\/sika-icons\/sika-icon-heatresistantoutsole.png\" alt=\"Heat Resistant Out Sole\" width=\"45\" height=\"45\" \/>\u00a0<img loading=\"lazy\" decoding=\"async\" class=\"mb-2\" title=\"Ladder Grip\" src=\"https:\/\/www.sikafootwear.eu\/Files\/Templates\/designs\/sika\/_assets\/img\/sika-icons\/sika-icon-laddergrip.png\" alt=\"Ladder Grip\" width=\"45\" height=\"45\" \/><\/div>\n<div>\n<div class=\"col-12 col-md-10 col-lg-8 col-xl-6 mx-auto\">\n<div id=\"collapse-PROD1853-00\" class=\"collapse-peek-content collapse show\">\n<div class=\"row\">\n<div class=\"col-12\">\n<h3>BRYNJE Advantage Ominaisuudet<\/h3>\n<p data-start=\"596\" data-end=\"687\"><strong data-start=\"596\" data-end=\"608\">CE Normi<\/strong> EN ISO 20345:2022<br data-start=\"626\" data-end=\"629\" \/><strong data-start=\"629\" data-end=\"648\">CE-sertifiointi<\/strong> S3S, FO, HRO, SC, LG<br \/>\n<strong data-start=\"672\" data-end=\"681\">Sarja<\/strong> 400<br \/>\n<strong data-start=\"689\" data-end=\"702\">Ulkopohja<\/strong> Eritt\u00e4in kest\u00e4v\u00e4, liukastumista est\u00e4v\u00e4, joustava ja iskunvaimentava PU-\/nitriilikumipohja, joka kest\u00e4\u00e4 jopa 300 \u00b0C (HRO).Vakauttava v\u00e4lipohjavahvike ehk\u00e4isee kiertymist\u00e4 ja jakaa paineen koko pohjan alueelle.<br \/>\n<strong data-start=\"916\" data-end=\"929\">P\u00e4\u00e4llinen<\/strong> Kest\u00e4v\u00e4, hengitt\u00e4v\u00e4 ja vett\u00e4 hylkiv\u00e4 B-Xtreme-nahka, joka muotoutuu jalkaan<br \/>\n<strong data-start=\"1009\" data-end=\"1018\">Vuori<\/strong> Hike\u00e4 imev\u00e4\u00e4 tekstiili\u00e4; vahvistus kantap\u00e4\u00e4alueella lis\u00e4\u00e4 kest\u00e4vyytt\u00e4<br \/>\n<strong data-start=\"1092\" data-end=\"1119\">Sis\u00e4pohja \/ pohjallinen<\/strong> Iskunvaimentava, hengitt\u00e4v\u00e4, kosteutta siirt\u00e4v\u00e4 ja kest\u00e4v\u00e4 PU-sis\u00e4pohja<\/p>\n<h3 data-start=\"1195\" data-end=\"1220\"><strong data-start=\"1195\" data-end=\"1218\">Erityisominaisuudet<\/strong><\/h3>\n<ul>\n<li data-start=\"1223\" data-end=\"1242\">Velcro\u00ae-kiinnitys<\/li>\n<li data-start=\"1245\" data-end=\"1258\">Leve\u00e4 lesti<\/li>\n<li data-start=\"1261\" data-end=\"1289\">Heijastavat yksityiskohdat<\/li>\n<li data-start=\"1292\" data-end=\"1338\">ESD-hyv\u00e4ksytty ja v\u00e4hent\u00e4\u00e4 staattista s\u00e4hk\u00f6\u00e4<\/li>\n<\/ul>\n<h3 data-start=\"1340\" data-end=\"1355\"><strong data-start=\"1340\" data-end=\"1353\">Toimialat<\/strong><\/h3>\n<ul>\n<li data-start=\"1358\" data-end=\"1377\">Raskas teollisuus<\/li>\n<li data-start=\"1380\" data-end=\"1409\">Rakentaminen ja k\u00e4sity\u00f6alat<\/li>\n<\/ul>\n<p data-start=\"1411\" data-end=\"1509\"><strong data-start=\"1411\" data-end=\"1424\">Sukupuoli<\/strong> Unisex<br data-start=\"1431\" data-end=\"1434\" \/><strong data-start=\"1434\" data-end=\"1443\">Paino<\/strong> 0,769 kg, Paino on yhdelle keng\u00e4lle koossa 42<br data-start=\"1490\" data-end=\"1493\" \/><strong data-start=\"1493\" data-end=\"1501\">Koot<\/strong> 39\u201348<\/p>\n<\/div>\n<\/div>\n<\/div>\n<\/div>\n<\/div>\n","protected":false},"excerpt":{"rendered":"<div class=\"flex flex-col text-sm pb-25\">\n<article class=\"text-token-text-primary w-full focus:outline-none [--shadow-height:45px] has-data-writing-block:pointer-events-none has-data-writing-block:-mt-(--shadow-height) has-data-writing-block:pt-(--shadow-height) [&amp;:has([data-writing-block])&gt;*]:pointer-events-auto scroll-mt-[calc(var(--header-height)+min(200px,max(70px,20svh)))]\" dir=\"auto\" tabindex=\"-1\" data-turn-id=\"request-WEB:9d4a46cd-cf6b-4737-9809-b33810315c1e-58\" data-testid=\"conversation-turn-2\" data-scroll-anchor=\"true\" data-turn=\"assistant\">\n<div class=\"text-base my-auto mx-auto pb-10 [--thread-content-margin:--spacing(4)] @w-sm\/main:[--thread-content-margin:--spacing(6)] @w-lg\/main:[--thread-content-margin:--spacing(16)] px-(--thread-content-margin)\">\n<div class=\"[--thread-content-max-width:40rem] @w-lg\/main:[--thread-content-max-width:48rem] mx-auto max-w-(--thread-content-max-width) flex-1 group\/turn-messages focus-visible:outline-hidden relative flex w-full min-w-0 flex-col agent-turn\" tabindex=\"-1\">\n<div class=\"flex max-w-full flex-col grow\">\n<div class=\"min-h-8 text-message relative flex w-full flex-col items-end gap-2 text-start break-words whitespace-normal [.text-message+&amp;]:mt-1\" dir=\"auto\" data-message-author-role=\"assistant\" data-message-id=\"9effa00c-91df-4c73-ba0d-c5da520fa708\" data-message-model-slug=\"gpt-5-2-thinking\">\n<div class=\"flex w-full flex-col gap-1 empty:hidden first:pt-[1px]\">\n<div class=\"markdown prose dark:prose-invert w-full wrap-break-word light markdown-new-styling\">\n<p data-start=\"1564\" data-end=\"1943\" data-is-last-node=\"\" data-is-only-node=\"\">BRYNJE Advantage on leve\u00e4lestinen S3S-turvajalkine Velcro\u00ae-kiinnityksell\u00e4 raskaaseen teollisuuteen ja rakentamiseen. HRO-luokiteltu PU\/nitriilikumipohja kest\u00e4\u00e4 300 \u00b0C ja tarjoaa pit\u00e4v\u00e4n, joustavan iskunvaimennuksen. B-Xtreme-nahkap\u00e4\u00e4llinen on hengitt\u00e4v\u00e4 ja vett\u00e4 hylkiv\u00e4, PU-pohjallinen siirt\u00e4\u00e4 kosteutta. Heijastimet, ProNose ja ESD-hyv\u00e4ksynt\u00e4 lis\u00e4\u00e4v\u00e4t turvallisuutta ty\u00f6maalla.<\/p>\n<\/div>\n<\/div>\n<\/div>\n<\/div>\n<\/div>\n<\/div>\n<\/article>\n<\/div>\n","protected":false},"featured_media":111746,"comment_status":"closed","ping_status":"closed","template":"","meta":[],"product_brand":[],"product_cat":[1014],"product_tag":[1011],"class_list":{"0":"post-111634","1":"product","2":"type-product","3":"status-publish","4":"has-post-thumbnail","6":"product_cat-brynje","7":"product_tag-sikaff","8":"pa_brand-brynje","9":"pa_color-svart","10":"pa_size-1021","11":"pa_size-697","12":"pa_size-1022","13":"pa_size-698","14":"pa_size-1023","15":"pa_size-699","16":"pa_size-1024","17":"pa_size-700","18":"pa_size-1025","19":"pa_size-945","21":"first","22":"instock","23":"shipping-taxable","24":"purchasable","25":"product-type-variable"},"_links":{"self":[{"href":"https:\/\/arcticas.fi\/fi\/wp-json\/wp\/v2\/product\/111634","targetHints":{"allow":["GET"]}}],"collection":[{"href":"https:\/\/arcticas.fi\/fi\/wp-json\/wp\/v2\/product"}],"about":[{"href":"https:\/\/arcticas.fi\/fi\/wp-json\/wp\/v2\/types\/product"}],"replies":[{"embeddable":true,"href":"https:\/\/arcticas.fi\/fi\/wp-json\/wp\/v2\/comments?post=111634"}],"wp:featuredmedia":[{"embeddable":true,"href":"https:\/\/arcticas.fi\/fi\/wp-json\/wp\/v2\/media\/111746"}],"wp:attachment":[{"href":"https:\/\/arcticas.fi\/fi\/wp-json\/wp\/v2\/media?parent=111634"}],"wp:term":[{"taxonomy":"product_brand","embeddable":true,"href":"https:\/\/arcticas.fi\/fi\/wp-json\/wp\/v2\/product_brand?post=111634"},{"taxonomy":"product_cat","embeddable":true,"href":"https:\/\/arcticas.fi\/fi\/wp-json\/wp\/v2\/product_cat?post=111634"},{"taxonomy":"product_tag","embeddable":true,"href":"https:\/\/arcticas.fi\/fi\/wp-json\/wp\/v2\/product_tag?post=111634"}],"curies":[{"name":"wp","href":"https:\/\/api.w.org\/{rel}","templated":true}]}}