{"id":111633,"date":"2026-02-26T17:28:46","date_gmt":"2026-02-26T17:28:46","guid":{"rendered":"https:\/\/arcticas.fi\/fi\/?post_type=product&#038;p=111633"},"modified":"2026-03-08T09:00:37","modified_gmt":"2026-03-08T09:00:37","slug":"brynje-welder-protection-turvajalkineet-s3-wg-esd","status":"publish","type":"product","link":"https:\/\/arcticas.fi\/fi\/product\/brynje-welder-protection-turvajalkineet-s3-wg-esd\/","title":{"rendered":"BRYNJE Welder Protection Turvajalkineet S3 WG ESD"},"content":{"rendered":"<div class=\"e-product-text-container\">\n<div class=\"e-product-text\">Leve\u00e4lestiset, tukevat turvajalkineet helpolla Velcro\u00ae-tarrakiinnityksell\u00e4, hyv\u00e4ksytty k\u00e4ytett\u00e4v\u00e4ksi hitsaajan jalkineina. Ulkopohja on eritt\u00e4in kest\u00e4v\u00e4\u00e4, joustavaa ja iskunvaimentavaa PU\/nitriilikumia, joka kest\u00e4\u00e4 kuumia pintoja jopa 300 \u00b0C l\u00e4mp\u00f6tilaan asti. Pohjassa on vakauttava tukilevy (shank)<a href=\"https:\/\/arcticas.fi\/fi\/product\/brynje-welder-protection-s3-src-417\/\" target=\"_blank\" rel=\"noopener\">,<\/a> joka ehk\u00e4isee kiertymist\u00e4 ja jakaa jalkapohjaan kohdistuvan paineen tasaisesti koko pohjalle. P\u00e4\u00e4llinen on kest\u00e4v\u00e4\u00e4, hengitt\u00e4v\u00e4\u00e4 ja vett\u00e4 hylkiv\u00e4\u00e4 nahkaa, joka muotoutuu jalkaan. PU-sis\u00e4pohja vaimentaa iskuja ja siirt\u00e4\u00e4 kosteutta pois. Keng\u00e4t ovat ESD-hyv\u00e4ksytyt, niiss\u00e4 on suljettu kieli ja eritt\u00e4in kest\u00e4v\u00e4 ProNose-k\u00e4rjen suoja.<\/div>\n<\/div>\n<hr \/>\n<div class=\"sika-productdetails-icons\"><img loading=\"lazy\" decoding=\"async\" class=\"mb-2\" title=\"SRC,S3,WG\" src=\"https:\/\/www.sikafootwear.eu\/Files\/Templates\/designs\/sika\/_assets\/img\/sika-icons\/sika-icon-godkendelse-s3.png\" alt=\"SRC,S3,WG\" width=\"45\" height=\"45\" \/>\u00a0<img loading=\"lazy\" decoding=\"async\" class=\"mb-2\" title=\"src\" src=\"https:\/\/www.sikafootwear.eu\/Files\/Templates\/designs\/sika\/_assets\/img\/sika-icons\/sika-icon-skridsikkerhed-src.png\" alt=\"src\" width=\"45\" height=\"45\" \/>\u00a0<img loading=\"lazy\" decoding=\"async\" class=\"mb-2\" title=\"alu\" src=\"https:\/\/www.sikafootwear.eu\/Files\/Templates\/designs\/sika\/_assets\/img\/sika-icons\/sika-icon-toeprotection-alu.png\" alt=\"alu\" width=\"45\" height=\"45\" \/>\u00a0<img loading=\"lazy\" decoding=\"async\" class=\"mb-2\" title=\"fiber\" src=\"https:\/\/www.sikafootwear.eu\/Files\/Templates\/designs\/sika\/_assets\/img\/sika-icons\/sika-icon-nailproctection-fiber.png\" alt=\"fiber\" width=\"45\" height=\"45\" \/>\u00a0<img loading=\"lazy\" decoding=\"async\" class=\"mb-2\" title=\"Oil and Gas Resistant\" src=\"https:\/\/www.sikafootwear.eu\/Files\/Templates\/designs\/sika\/_assets\/img\/sika-icons\/sika-icon-oilandgasresistant.png\" alt=\"Oil and Gas Resistant\" width=\"45\" height=\"45\" \/>\u00a0<img loading=\"lazy\" decoding=\"async\" class=\"mb-2\" title=\"Pro Nose\" src=\"https:\/\/www.sikafootwear.eu\/Files\/Templates\/designs\/sika\/_assets\/img\/sika-icons\/sika-icon-pronose.png\" alt=\"Pro Nose\" width=\"45\" height=\"45\" \/>\u00a0<img loading=\"lazy\" decoding=\"async\" class=\"mb-2\" title=\"ESD Approved\" src=\"https:\/\/www.sikafootwear.eu\/Files\/Templates\/designs\/sika\/_assets\/img\/sika-icons\/sika-icon-esdapproved.png\" alt=\"ESD Approved\" width=\"45\" height=\"45\" \/>\u00a0<img loading=\"lazy\" decoding=\"async\" class=\"mb-2\" title=\"Heat Resistant Out Sole\" src=\"https:\/\/www.sikafootwear.eu\/Files\/Templates\/designs\/sika\/_assets\/img\/sika-icons\/sika-icon-heatresistantoutsole.png\" alt=\"Heat Resistant Out Sole\" width=\"45\" height=\"45\" \/>\u00a0<img loading=\"lazy\" decoding=\"async\" class=\"mb-2\" title=\"Ladder Grip\" src=\"https:\/\/www.sikafootwear.eu\/Files\/Templates\/designs\/sika\/_assets\/img\/sika-icons\/sika-icon-laddergrip.png\" alt=\"Ladder Grip\" width=\"45\" height=\"45\" \/>\u00a0<img loading=\"lazy\" decoding=\"async\" class=\"mb-2\" title=\"WeldingFootwearIcon\" src=\"https:\/\/www.sikafootwear.eu\/Files\/Templates\/designs\/sika\/_assets\/img\/sika-icons\/sika-icon-WG.png\" alt=\"WeldingFootwearIcon\" width=\"45\" height=\"45\" \/><\/div>\n<div>\n<div class=\"col-12 col-md-10 col-lg-8 col-xl-6 mx-auto\">\n<div id=\"collapse-PROD5534-00\" class=\"collapse-peek-content collapse show\">\n<div class=\"row\">\n<div class=\"col-12\">\n<h3>BRYNJE Welder Ominaisuudet<\/h3>\n<p data-start=\"679\" data-end=\"785\"><strong data-start=\"679\" data-end=\"691\">CE-normi<\/strong> EN ISO 20345:2011, EN ISO 20349-2:2017<br data-start=\"731\" data-end=\"734\" \/><strong data-start=\"734\" data-end=\"753\">CE-sertifiointi<\/strong> S3, HRO, WG<br data-start=\"766\" data-end=\"769\" \/><strong data-start=\"769\" data-end=\"778\">Sarja<\/strong> 400<br \/>\n<strong data-start=\"787\" data-end=\"800\">Ulkopohja<\/strong> Eritt\u00e4in kest\u00e4v\u00e4, liukastumista est\u00e4v\u00e4, joustava ja iskunvaimentava PU\/nitriilikumipohja, joka kest\u00e4\u00e4 jopa 300 \u00b0C l\u00e4mp\u00f6tilan (HRO). Vakauttava tukilevy ehk\u00e4isee kiertymist\u00e4 ja jakaa paineen tasaisesti koko pohjalle.<br \/>\n<strong data-start=\"1021\" data-end=\"1034\">P\u00e4\u00e4llinen<\/strong> Kest\u00e4v\u00e4\u00e4, hengitt\u00e4v\u00e4\u00e4 ja vett\u00e4 hylkiv\u00e4\u00e4 nahkaa, joka muotoutuu jalkaan.<br \/>\n<strong data-start=\"1111\" data-end=\"1120\">Vuori<\/strong> Tekstiilinen sis\u00e4vuori erinomaisen hengitt\u00e4vyyden varmistamiseksi.<br \/>\n<strong data-start=\"1192\" data-end=\"1219\">Sis\u00e4pohja \/ pohjallinen<\/strong> Iskunvaimentava, hengitt\u00e4v\u00e4, kosteutta siirt\u00e4v\u00e4 ja kest\u00e4v\u00e4 PU-sis\u00e4pohja.<\/p>\n<h3 data-start=\"1297\" data-end=\"1322\"><strong data-start=\"1297\" data-end=\"1320\">Erityisominaisuudet<\/strong><\/h3>\n<ul>\n<li data-start=\"1325\" data-end=\"1356\">Helppo Velcro\u00ae-tarrakiinnitys<\/li>\n<li data-start=\"1359\" data-end=\"1375\">Suljettu kieli<\/li>\n<li data-start=\"1378\" data-end=\"1391\">Leve\u00e4 lesti<\/li>\n<li data-start=\"1394\" data-end=\"1410\">ESD-hyv\u00e4ksytty<\/li>\n<\/ul>\n<h3 data-start=\"1412\" data-end=\"1427\"><strong data-start=\"1412\" data-end=\"1425\">Toimialat<\/strong><\/h3>\n<ul>\n<li data-start=\"1430\" data-end=\"1449\">Raskas teollisuus<\/li>\n<li data-start=\"1452\" data-end=\"1481\">Rakentaminen ja k\u00e4sity\u00f6alat<\/li>\n<\/ul>\n<p data-start=\"1483\" data-end=\"1583\"><strong data-start=\"1483\" data-end=\"1496\">Sukupuoli<\/strong> Unisex<br data-start=\"1504\" data-end=\"1507\" \/><strong data-start=\"1507\" data-end=\"1516\">Paino<\/strong> 0,781 kg, Paino koskee yht\u00e4 kenk\u00e4\u00e4 koossa 42<br data-start=\"1563\" data-end=\"1566\" \/><strong data-start=\"1566\" data-end=\"1574\">Koot<\/strong> 39\u201348<\/p>\n<\/div>\n<\/div>\n<\/div>\n<\/div>\n<\/div>\n","protected":false},"excerpt":{"rendered":"<p>BRYNJE Welder -turvajalkineet ovat leve\u00e4lestiset ja kest\u00e4v\u00e4t hitsaajan turvakeng\u00e4t Velcro\u00ae-kiinnityksell\u00e4. HRO-luokiteltu PU\/nitriilikumipohja kest\u00e4\u00e4 jopa 300 \u00b0C kuumuutta, vaimentaa iskuja ja tarjoaa pit\u00e4v\u00e4n pidon. S3-suojaus, ESD-hyv\u00e4ksynt\u00e4, suljettu kieli ja ProNose lis\u00e4\u00e4v\u00e4t turvallisuutta. Hengitt\u00e4v\u00e4, vett\u00e4hylkiv\u00e4 nahkap\u00e4\u00e4llinen ja PU-sis\u00e4pohja parantavat k\u00e4ytt\u00f6mukavuutta.<\/p>\n","protected":false},"featured_media":111736,"comment_status":"closed","ping_status":"closed","template":"","meta":[],"product_brand":[],"product_cat":[1014],"product_tag":[1011],"class_list":{"0":"post-111633","1":"product","2":"type-product","3":"status-publish","4":"has-post-thumbnail","6":"product_cat-brynje","7":"product_tag-sikaff","8":"pa_brand-brynje","9":"pa_color-svart","10":"pa_size-1021","11":"pa_size-697","12":"pa_size-1022","13":"pa_size-698","14":"pa_size-1023","15":"pa_size-699","16":"pa_size-1024","17":"pa_size-700","18":"pa_size-1025","19":"pa_size-945","21":"first","22":"instock","23":"shipping-taxable","24":"purchasable","25":"product-type-variable"},"_links":{"self":[{"href":"https:\/\/arcticas.fi\/fi\/wp-json\/wp\/v2\/product\/111633","targetHints":{"allow":["GET"]}}],"collection":[{"href":"https:\/\/arcticas.fi\/fi\/wp-json\/wp\/v2\/product"}],"about":[{"href":"https:\/\/arcticas.fi\/fi\/wp-json\/wp\/v2\/types\/product"}],"replies":[{"embeddable":true,"href":"https:\/\/arcticas.fi\/fi\/wp-json\/wp\/v2\/comments?post=111633"}],"wp:featuredmedia":[{"embeddable":true,"href":"https:\/\/arcticas.fi\/fi\/wp-json\/wp\/v2\/media\/111736"}],"wp:attachment":[{"href":"https:\/\/arcticas.fi\/fi\/wp-json\/wp\/v2\/media?parent=111633"}],"wp:term":[{"taxonomy":"product_brand","embeddable":true,"href":"https:\/\/arcticas.fi\/fi\/wp-json\/wp\/v2\/product_brand?post=111633"},{"taxonomy":"product_cat","embeddable":true,"href":"https:\/\/arcticas.fi\/fi\/wp-json\/wp\/v2\/product_cat?post=111633"},{"taxonomy":"product_tag","embeddable":true,"href":"https:\/\/arcticas.fi\/fi\/wp-json\/wp\/v2\/product_tag?post=111633"}],"curies":[{"name":"wp","href":"https:\/\/api.w.org\/{rel}","templated":true}]}}