{"id":111632,"date":"2026-02-26T17:28:45","date_gmt":"2026-02-26T17:28:45","guid":{"rendered":"https:\/\/arcticas.fi\/fi\/?post_type=product&#038;p=111632"},"modified":"2026-03-08T08:59:52","modified_gmt":"2026-03-08T08:59:52","slug":"brynje-supporter-turvajalkine-s3s-esd","status":"publish","type":"product","link":"https:\/\/arcticas.fi\/fi\/product\/brynje-supporter-turvajalkine-s3s-esd\/","title":{"rendered":"BRYNJE Supporter Turvajalkine S3S ESD"},"content":{"rendered":"<div class=\"e-product-text-container\">\n<div class=\"e-product-text\">Tukeva turvajalkine leve\u00e4ll\u00e4 lestill\u00e4 ja Thinsulate\u2122-vuorella. Eritt\u00e4in kest\u00e4v\u00e4, joustava ja iskunvaimennettu PU\/nitriilikumipohja, joka kest\u00e4\u00e4 jopa 300 \u00b0C l\u00e4mp\u00f6tiloja (HRO). Pohjassa on vakauttava v\u00e4lipohjalevy (shank), joka ehk\u00e4isee kiertymist\u00e4 ja jakaa paineen koko pohjan alueelle<a href=\"https:\/\/arcticas.fi\/fi\/product\/brynje-supporter-s3-src-413\/\" target=\"_blank\" rel=\"noopener\">.<\/a> Valmistettu kest\u00e4v\u00e4st\u00e4, hengitt\u00e4v\u00e4st\u00e4 ja vett\u00e4hylkiv\u00e4st\u00e4 B-Xtreme-nahasta, joka muotoutuu jalkasi mukaan. Sis\u00e4pohjallinen on iskunvaimentavaa ja kosteutta siirt\u00e4v\u00e4\u00e4 PU-materiaalia. Sis\u00e4vetoketju, suljettu l\u00e4pp\u00e4, heijastavat yksityiskohdat ja ProNose lis\u00e4kest\u00e4vyytt\u00e4 varten. ESD-hyv\u00e4ksytty.<\/div>\n<\/div>\n<hr \/>\n<div class=\"sika-productdetails-icons\"><img loading=\"lazy\" decoding=\"async\" class=\"mb-2\" title=\"SR,S3S\" src=\"https:\/\/www.sikafootwear.eu\/Files\/Templates\/designs\/sika\/_assets\/img\/sika-icons\/sika-icon-godkendelse-s3s.png\" alt=\"SR,S3S\" width=\"45\" height=\"45\" \/>\u00a0<img loading=\"lazy\" decoding=\"async\" class=\"mb-2\" title=\"sr\" src=\"https:\/\/www.sikafootwear.eu\/Files\/Templates\/designs\/sika\/_assets\/img\/sika-icons\/sika-icon-skridsikkerhed-sr.png\" alt=\"sr\" width=\"45\" height=\"45\" \/>\u00a0<img loading=\"lazy\" decoding=\"async\" class=\"mb-2\" title=\"alu\" src=\"https:\/\/www.sikafootwear.eu\/Files\/Templates\/designs\/sika\/_assets\/img\/sika-icons\/sika-icon-toeprotection-alu.png\" alt=\"alu\" width=\"45\" height=\"45\" \/>\u00a0<img loading=\"lazy\" decoding=\"async\" class=\"mb-2\" title=\"fiber\" src=\"https:\/\/www.sikafootwear.eu\/Files\/Templates\/designs\/sika\/_assets\/img\/sika-icons\/sika-icon-nailproctection-fiber.png\" alt=\"fiber\" width=\"45\" height=\"45\" \/>\u00a0<img loading=\"lazy\" decoding=\"async\" class=\"mb-2\" title=\"Oil and Gas Resistant\" src=\"https:\/\/www.sikafootwear.eu\/Files\/Templates\/designs\/sika\/_assets\/img\/sika-icons\/sika-icon-oilandgasresistant.png\" alt=\"Oil and Gas Resistant\" width=\"45\" height=\"45\" \/>\u00a0<img loading=\"lazy\" decoding=\"async\" class=\"mb-2\" title=\"Pro Nose\" src=\"https:\/\/www.sikafootwear.eu\/Files\/Templates\/designs\/sika\/_assets\/img\/sika-icons\/sika-icon-pronose.png\" alt=\"Pro Nose\" width=\"45\" height=\"45\" \/>\u00a0<img loading=\"lazy\" decoding=\"async\" class=\"mb-2\" title=\"ESD Approved\" src=\"https:\/\/www.sikafootwear.eu\/Files\/Templates\/designs\/sika\/_assets\/img\/sika-icons\/sika-icon-esdapproved.png\" alt=\"ESD Approved\" width=\"45\" height=\"45\" \/>\u00a0<img loading=\"lazy\" decoding=\"async\" class=\"mb-2\" title=\"Isolation Against Cold\" src=\"https:\/\/www.sikafootwear.eu\/Files\/Templates\/designs\/sika\/_assets\/img\/sika-icons\/sika-icon-isolationagainstcold.png\" alt=\"Isolation Against Cold\" width=\"45\" height=\"45\" \/>\u00a0<img loading=\"lazy\" decoding=\"async\" class=\"mb-2\" title=\"Heat Resistant Out Sole\" src=\"https:\/\/www.sikafootwear.eu\/Files\/Templates\/designs\/sika\/_assets\/img\/sika-icons\/sika-icon-heatresistantoutsole.png\" alt=\"Heat Resistant Out Sole\" width=\"45\" height=\"45\" \/>\u00a0<img loading=\"lazy\" decoding=\"async\" class=\"mb-2\" title=\"Ladder Grip\" src=\"https:\/\/www.sikafootwear.eu\/Files\/Templates\/designs\/sika\/_assets\/img\/sika-icons\/sika-icon-laddergrip.png\" alt=\"Ladder Grip\" width=\"45\" height=\"45\" \/><\/div>\n<div>\n<div class=\"col-12 col-md-10 col-lg-8 col-xl-6 mx-auto\">\n<div id=\"collapse-PROD1608-00\" class=\"collapse-peek-content collapse show\">\n<div class=\"row\">\n<div class=\"col-12\">\n<h3>BRYNJE Supporter Ominaisuudet<\/h3>\n<p data-start=\"619\" data-end=\"698\"><strong>CE Normi<\/strong> EN ISO 20345:2022<br data-start=\"645\" data-end=\"648\" \/><strong>CE-sertifiointi<\/strong> S3S, FO, HRO, SC, LG<br data-start=\"684\" data-end=\"687\" \/><strong>Sarja<\/strong> 400<br \/>\n<strong>Pohja<\/strong> Eritt\u00e4in kest\u00e4v\u00e4, liukastumista est\u00e4v\u00e4, joustava ja iskunvaimentava PU\/nitriilikumipohja, joka kest\u00e4\u00e4 jopa 300 \u00b0C l\u00e4mp\u00f6tiloja (HRO). Vakauttava v\u00e4lipohjalevy ehk\u00e4isee kiertymist\u00e4 ja jakaa paineen koko pohjan alueelle.<br \/>\n<strong>P\u00e4\u00e4llinen<\/strong> Kest\u00e4v\u00e4, hengitt\u00e4v\u00e4 ja vett\u00e4hylkiv\u00e4 B-Xtreme-nahka, joka muotoutuu jalkaasi<br \/>\n<strong>Vuori<\/strong> Thinsulate\u2122-vuori, kantap\u00e4\u00e4ss\u00e4 vahvike lis\u00e4kest\u00e4vyytt\u00e4 varten<br \/>\n<strong>Sis\u00e4pohja \/ pohjallinen<\/strong> Iskunvaimentava, hengitt\u00e4v\u00e4, kosteutta siirt\u00e4v\u00e4 ja kest\u00e4v\u00e4 PU-sis\u00e4pohja<\/p>\n<h3 data-start=\"1186\" data-end=\"1206\">Erityisominaisuudet<\/h3>\n<ul>\n<li data-start=\"1209\" data-end=\"1228\">Thinsulate\u2122-vuori<\/li>\n<li data-start=\"1231\" data-end=\"1246\">Sis\u00e4vetoketju<\/li>\n<li data-start=\"1249\" data-end=\"1265\">Suljettu l\u00e4pp\u00e4<\/li>\n<li data-start=\"1268\" data-end=\"1281\">Leve\u00e4 lesti<\/li>\n<li data-start=\"1284\" data-end=\"1312\">Heijastavat yksityiskohdat<\/li>\n<li data-start=\"1315\" data-end=\"1359\">ESD-hyv\u00e4ksytty, v\u00e4hent\u00e4\u00e4 staattista s\u00e4hk\u00f6\u00e4<\/li>\n<\/ul>\n<h3 data-start=\"1361\" data-end=\"1371\">Toimialat<\/h3>\n<ul>\n<li data-start=\"1374\" data-end=\"1393\">Raskas teollisuus<\/li>\n<li data-start=\"1396\" data-end=\"1425\">Rakentaminen ja k\u00e4sity\u00f6alat<\/li>\n<\/ul>\n<p data-start=\"1427\" data-end=\"1512\"><strong>Sukupuoli<\/strong> Unisex<br data-start=\"1443\" data-end=\"1446\" \/><strong>Paino<\/strong> 0,869 kg, Paino koskee yht\u00e4 kenk\u00e4\u00e4 koossa 42<br data-start=\"1497\" data-end=\"1500\" \/><strong>Koot<\/strong> 39\u201348<\/p>\n<\/div>\n<\/div>\n<\/div>\n<\/div>\n<\/div>\n","protected":false},"excerpt":{"rendered":"<p>BRYNJE Supporter on leve\u00e4lestinen turvajalkine vaativaan ty\u00f6h\u00f6n: Thinsulate\u2122-vuori tuo l\u00e4mp\u00f6\u00e4, ja B-Xtreme-nahka on hengitt\u00e4v\u00e4 sek\u00e4 vett\u00e4hylkiv\u00e4. PU\/nitriilikumipohja vaimentaa iskuja, pit\u00e4\u00e4 hyvin ja kest\u00e4\u00e4 jopa 300 \u00b0C (HRO). Vakauttava shank ehk\u00e4isee kiertymist\u00e4, ProNose lis\u00e4\u00e4 kest\u00e4vyytt\u00e4 ja ESD-ominaisuus v\u00e4hent\u00e4\u00e4 staattista s\u00e4hk\u00f6\u00e4. EN ISO 20345:2022, S3S.<\/p>\n","protected":false},"featured_media":111730,"comment_status":"closed","ping_status":"closed","template":"","meta":[],"product_brand":[],"product_cat":[1014],"product_tag":[1011],"class_list":{"0":"post-111632","1":"product","2":"type-product","3":"status-publish","4":"has-post-thumbnail","6":"product_cat-brynje","7":"product_tag-sikaff","8":"pa_brand-brynje","9":"pa_color-svart","10":"pa_size-1021","11":"pa_size-697","12":"pa_size-1022","13":"pa_size-698","14":"pa_size-1023","15":"pa_size-699","16":"pa_size-1024","17":"pa_size-700","18":"pa_size-1025","19":"pa_size-945","21":"first","22":"instock","23":"shipping-taxable","24":"purchasable","25":"product-type-variable"},"_links":{"self":[{"href":"https:\/\/arcticas.fi\/fi\/wp-json\/wp\/v2\/product\/111632","targetHints":{"allow":["GET"]}}],"collection":[{"href":"https:\/\/arcticas.fi\/fi\/wp-json\/wp\/v2\/product"}],"about":[{"href":"https:\/\/arcticas.fi\/fi\/wp-json\/wp\/v2\/types\/product"}],"replies":[{"embeddable":true,"href":"https:\/\/arcticas.fi\/fi\/wp-json\/wp\/v2\/comments?post=111632"}],"wp:featuredmedia":[{"embeddable":true,"href":"https:\/\/arcticas.fi\/fi\/wp-json\/wp\/v2\/media\/111730"}],"wp:attachment":[{"href":"https:\/\/arcticas.fi\/fi\/wp-json\/wp\/v2\/media?parent=111632"}],"wp:term":[{"taxonomy":"product_brand","embeddable":true,"href":"https:\/\/arcticas.fi\/fi\/wp-json\/wp\/v2\/product_brand?post=111632"},{"taxonomy":"product_cat","embeddable":true,"href":"https:\/\/arcticas.fi\/fi\/wp-json\/wp\/v2\/product_cat?post=111632"},{"taxonomy":"product_tag","embeddable":true,"href":"https:\/\/arcticas.fi\/fi\/wp-json\/wp\/v2\/product_tag?post=111632"}],"curies":[{"name":"wp","href":"https:\/\/api.w.org\/{rel}","templated":true}]}}