{"id":111631,"date":"2026-02-26T17:28:45","date_gmt":"2026-02-26T17:28:45","guid":{"rendered":"https:\/\/arcticas.fi\/fi\/?post_type=product&#038;p=111631"},"modified":"2026-03-08T08:59:36","modified_gmt":"2026-03-08T08:59:36","slug":"brynje-all-round-turvanilkkuri-s3s-esd","status":"publish","type":"product","link":"https:\/\/arcticas.fi\/fi\/product\/brynje-all-round-turvanilkkuri-s3s-esd\/","title":{"rendered":"BRYNJE All Round Turvanilkkuri S3S ESD"},"content":{"rendered":"<p data-start=\"59\" data-end=\"429\">Kest\u00e4v\u00e4 turvanilkkuri leve\u00e4ll\u00e4 istuvuudella. Eritt\u00e4in kulutusta kest\u00e4v\u00e4, joustava ja iskuja vaimentava PU\/nitriilikumipohja kest\u00e4\u00e4 jopa 300 \u00b0C l\u00e4mp\u00f6tilan (HRO). Pohjassa on vakauttava tukivarsi, joka ehk\u00e4isee kiertymist\u00e4 ja jakaa paineen tasaisesti koko jalkapohjalle. Valmistettu kest\u00e4v\u00e4st\u00e4<a href=\"https:\/\/arcticas.fi\/fi\/product\/brynje-all-round-s3-src-412\/\" target=\"_blank\" rel=\"noopener\">,<\/a> hengitt\u00e4v\u00e4st\u00e4 ja vett\u00e4 hylkiv\u00e4st\u00e4 B-Xtreme-nahasta, joka mukautuu jalkaasi. Sis\u00e4pohja on iskuja vaimentavaa ja kosteutta siirt\u00e4v\u00e4\u00e4 PU-materiaalia. Varustettu suljetulla l\u00e4p\u00e4ll\u00e4, heijastavilla yksityiskohdilla sek\u00e4 kulutusta lis\u00e4\u00e4v\u00e4ll\u00e4 ProNose-vahvikkeella. ESD-hyv\u00e4ksytty.<\/p>\n<hr \/>\n<p><img loading=\"lazy\" decoding=\"async\" class=\"mb-2\" title=\"SR,S3S\" src=\"https:\/\/www.sikafootwear.eu\/Files\/Templates\/designs\/sika\/_assets\/img\/sika-icons\/sika-icon-godkendelse-s3s.png\" alt=\"SR,S3S\" width=\"45\" height=\"45\" \/>\u00a0<img loading=\"lazy\" decoding=\"async\" class=\"mb-2\" title=\"sr\" src=\"https:\/\/www.sikafootwear.eu\/Files\/Templates\/designs\/sika\/_assets\/img\/sika-icons\/sika-icon-skridsikkerhed-sr.png\" alt=\"sr\" width=\"45\" height=\"45\" \/>\u00a0<img loading=\"lazy\" decoding=\"async\" class=\"mb-2\" title=\"alu\" src=\"https:\/\/www.sikafootwear.eu\/Files\/Templates\/designs\/sika\/_assets\/img\/sika-icons\/sika-icon-toeprotection-alu.png\" alt=\"alu\" width=\"45\" height=\"45\" \/>\u00a0<img loading=\"lazy\" decoding=\"async\" class=\"mb-2\" title=\"fiber\" src=\"https:\/\/www.sikafootwear.eu\/Files\/Templates\/designs\/sika\/_assets\/img\/sika-icons\/sika-icon-nailproctection-fiber.png\" alt=\"fiber\" width=\"45\" height=\"45\" \/>\u00a0<img loading=\"lazy\" decoding=\"async\" class=\"mb-2\" title=\"Oil and Gas Resistant\" src=\"https:\/\/www.sikafootwear.eu\/Files\/Templates\/designs\/sika\/_assets\/img\/sika-icons\/sika-icon-oilandgasresistant.png\" alt=\"Oil and Gas Resistant\" width=\"45\" height=\"45\" \/>\u00a0<img loading=\"lazy\" decoding=\"async\" class=\"mb-2\" title=\"Pro Nose\" src=\"https:\/\/www.sikafootwear.eu\/Files\/Templates\/designs\/sika\/_assets\/img\/sika-icons\/sika-icon-pronose.png\" alt=\"Pro Nose\" width=\"45\" height=\"45\" \/>\u00a0<img loading=\"lazy\" decoding=\"async\" class=\"mb-2\" title=\"ESD Approved\" src=\"https:\/\/www.sikafootwear.eu\/Files\/Templates\/designs\/sika\/_assets\/img\/sika-icons\/sika-icon-esdapproved.png\" alt=\"ESD Approved\" width=\"45\" height=\"45\" \/>\u00a0<img loading=\"lazy\" decoding=\"async\" class=\"mb-2\" title=\"Heat Resistant Out Sole\" src=\"https:\/\/www.sikafootwear.eu\/Files\/Templates\/designs\/sika\/_assets\/img\/sika-icons\/sika-icon-heatresistantoutsole.png\" alt=\"Heat Resistant Out Sole\" width=\"45\" height=\"45\" \/>\u00a0<img loading=\"lazy\" decoding=\"async\" class=\"mb-2\" title=\"Ladder Grip\" src=\"https:\/\/www.sikafootwear.eu\/Files\/Templates\/designs\/sika\/_assets\/img\/sika-icons\/sika-icon-laddergrip.png\" alt=\"Ladder Grip\" width=\"45\" height=\"45\" \/><\/p>\n<h3>BRYNJE All Round Ominaisuudet<\/h3>\n<p data-start=\"634\" data-end=\"648\"><strong>CE-normi<\/strong> EN ISO 20345:2022<br \/>\n<strong>CE-sertifiointi<\/strong> S3S, FO, HRO, SC, LG<br \/>\n<strong>Sarja<\/strong> 400<br \/>\n<strong>Ulkopohja<\/strong> Eritt\u00e4in kulutusta kest\u00e4v\u00e4, liukumaton, joustava ja iskuja vaimentava PU\/nitriilikumipohja, joka kest\u00e4\u00e4 jopa 300 \u00b0C l\u00e4mp\u00f6tilan (HRO). Sis\u00e4lt\u00e4\u00e4 vakauttavan tukivarren, joka ehk\u00e4isee kiertymist\u00e4 ja jakaa paineen tasaisesti koko jalkapohjalle.<br \/>\n<strong>P\u00e4\u00e4llinen<\/strong> Kest\u00e4v\u00e4, hengitt\u00e4v\u00e4 ja vett\u00e4 hylkiv\u00e4 B-Xtreme-nahka, joka mukautuu jalkaan.<br \/>\n<strong>Vuori<\/strong> Hike\u00e4 imev\u00e4 tekstiilivuori, jossa kantap\u00e4\u00e4n alueella lis\u00e4vahvike parantamassa kest\u00e4vyytt\u00e4.<br \/>\n<strong>Sis\u00e4pohja<\/strong> Iskuja vaimentava, hengitt\u00e4v\u00e4, kosteutta siirt\u00e4v\u00e4 ja kest\u00e4v\u00e4 PU-sis\u00e4pohja.<\/p>\n<h3>Erityisominaisuudet<\/h3>\n<ul>\n<li data-start=\"1310\" data-end=\"1326\">Suljettu l\u00e4pp\u00e4<\/li>\n<li data-start=\"1329\" data-end=\"1342\">Leve\u00e4 lesti<\/li>\n<li data-start=\"1345\" data-end=\"1373\">Heijastavat yksityiskohdat<\/li>\n<li data-start=\"1376\" data-end=\"1420\">ESD-hyv\u00e4ksytty \u2013 minimoi staattisen s\u00e4hk\u00f6n<\/li>\n<\/ul>\n<h3>Toimialat<\/h3>\n<ul>\n<li data-start=\"1440\" data-end=\"1459\">Raskas teollisuus<\/li>\n<li data-start=\"1462\" data-end=\"1487\">Rakennus ja k\u00e4sity\u00f6alat<\/li>\n<\/ul>\n<p data-start=\"1489\" data-end=\"1504\"><strong>Sukupuoli<\/strong> Unisex<br \/>\n<strong>Paino<\/strong> 0,788 kg (koko 42, yhden keng\u00e4n paino)<br \/>\n<strong>Koot<\/strong> 39\u201348<\/p>\n","protected":false},"excerpt":{"rendered":"<p>BRYNJE All Round on kest\u00e4v\u00e4 ja leve\u00e4lestinen turvanilkkuri vaativiin ty\u00f6olosuhteisiin. HRO-luokiteltu PU\/nitriilikumipohja kest\u00e4\u00e4 300 \u00b0C kuumuuden ja tarjoaa erinomaisen pidon sek\u00e4 iskunvaimennuksen. Hengitt\u00e4v\u00e4 ja vett\u00e4 hylkiv\u00e4 B-Xtreme-nahka, ESD-hyv\u00e4ksynt\u00e4 sek\u00e4 S3S-turvaluokitus tekev\u00e4t keng\u00e4st\u00e4 ihanteellisen valinnan rakennus- ja teollisuusty\u00f6h\u00f6n.<\/p>\n","protected":false},"featured_media":111725,"comment_status":"closed","ping_status":"closed","template":"","meta":[],"product_brand":[],"product_cat":[1014],"product_tag":[],"class_list":{"0":"post-111631","1":"product","2":"type-product","3":"status-publish","4":"has-post-thumbnail","6":"product_cat-brynje","7":"pa_brand-brynje","8":"pa_color-svart","9":"pa_size-1021","10":"pa_size-697","11":"pa_size-1022","12":"pa_size-698","13":"pa_size-1023","14":"pa_size-699","15":"pa_size-1024","16":"pa_size-700","17":"pa_size-1025","18":"pa_size-945","20":"first","21":"instock","22":"shipping-taxable","23":"purchasable","24":"product-type-variable"},"_links":{"self":[{"href":"https:\/\/arcticas.fi\/fi\/wp-json\/wp\/v2\/product\/111631","targetHints":{"allow":["GET"]}}],"collection":[{"href":"https:\/\/arcticas.fi\/fi\/wp-json\/wp\/v2\/product"}],"about":[{"href":"https:\/\/arcticas.fi\/fi\/wp-json\/wp\/v2\/types\/product"}],"replies":[{"embeddable":true,"href":"https:\/\/arcticas.fi\/fi\/wp-json\/wp\/v2\/comments?post=111631"}],"wp:featuredmedia":[{"embeddable":true,"href":"https:\/\/arcticas.fi\/fi\/wp-json\/wp\/v2\/media\/111725"}],"wp:attachment":[{"href":"https:\/\/arcticas.fi\/fi\/wp-json\/wp\/v2\/media?parent=111631"}],"wp:term":[{"taxonomy":"product_brand","embeddable":true,"href":"https:\/\/arcticas.fi\/fi\/wp-json\/wp\/v2\/product_brand?post=111631"},{"taxonomy":"product_cat","embeddable":true,"href":"https:\/\/arcticas.fi\/fi\/wp-json\/wp\/v2\/product_cat?post=111631"},{"taxonomy":"product_tag","embeddable":true,"href":"https:\/\/arcticas.fi\/fi\/wp-json\/wp\/v2\/product_tag?post=111631"}],"curies":[{"name":"wp","href":"https:\/\/api.w.org\/{rel}","templated":true}]}}