{"id":111630,"date":"2026-02-26T17:28:45","date_gmt":"2026-02-26T17:28:45","guid":{"rendered":"https:\/\/arcticas.fi\/fi\/?post_type=product&#038;p=111630"},"modified":"2026-03-08T08:59:18","modified_gmt":"2026-03-08T08:59:18","slug":"brynje-robust-turvajalkine-levealla-lestilla-s3s-esd","status":"publish","type":"product","link":"https:\/\/arcticas.fi\/fi\/product\/brynje-robust-turvajalkine-levealla-lestilla-s3s-esd\/","title":{"rendered":"BRYNJE Robust Turvajalkine leve\u00e4ll\u00e4 lestill\u00e4 S3S ESD"},"content":{"rendered":"<p>Tukeva turvajalkine leve\u00e4ll\u00e4 lestill\u00e4. Eritt\u00e4in kest\u00e4v\u00e4, joustava ja iskuja vaimentava PU\/nitriilikumipohja, joka kest\u00e4\u00e4 jopa 300 \u00b0C l\u00e4mp\u00f6tiloja (HRO). Pohjassa on vakauttava kiertoj\u00e4ykiste, joka ehk\u00e4isee v\u00e4\u00e4ntymist\u00e4 ja jakaa paineen koko pohjan alueelle<a href=\"https:\/\/arcticas.fi\/fi\/product\/brynje-robust-s3-src-411\/\" target=\"_blank\" rel=\"noopener\">.<\/a> P\u00e4\u00e4llinen on kest\u00e4v\u00e4\u00e4, hengitt\u00e4v\u00e4\u00e4 ja vett\u00e4 hylkiv\u00e4\u00e4 B-Xtreme-nahkaa, joka muotoutuu jalkaan. Pohjallinen on iskuja vaimentavaa ja kosteutta siirt\u00e4v\u00e4\u00e4 PU:ta. Suljettu l\u00e4pp\u00e4, heijastavat yksityiskohdat ja ProNose lis\u00e4\u00e4v\u00e4t kest\u00e4vyytt\u00e4. ESD-hyv\u00e4ksytty.<\/p>\n<hr \/>\n<p><img loading=\"lazy\" decoding=\"async\" class=\"mb-2\" title=\"SR,S3S\" src=\"https:\/\/www.sikafootwear.eu\/Files\/Templates\/designs\/sika\/_assets\/img\/sika-icons\/sika-icon-godkendelse-s3s.png\" alt=\"SR,S3S\" width=\"45\" height=\"45\" \/>\u00a0<img loading=\"lazy\" decoding=\"async\" class=\"mb-2\" title=\"sr\" src=\"https:\/\/www.sikafootwear.eu\/Files\/Templates\/designs\/sika\/_assets\/img\/sika-icons\/sika-icon-skridsikkerhed-sr.png\" alt=\"sr\" width=\"45\" height=\"45\" \/>\u00a0<img loading=\"lazy\" decoding=\"async\" class=\"mb-2\" title=\"alu\" src=\"https:\/\/www.sikafootwear.eu\/Files\/Templates\/designs\/sika\/_assets\/img\/sika-icons\/sika-icon-toeprotection-alu.png\" alt=\"alu\" width=\"45\" height=\"45\" \/>\u00a0<img loading=\"lazy\" decoding=\"async\" class=\"mb-2\" title=\"fiber\" src=\"https:\/\/www.sikafootwear.eu\/Files\/Templates\/designs\/sika\/_assets\/img\/sika-icons\/sika-icon-nailproctection-fiber.png\" alt=\"fiber\" width=\"45\" height=\"45\" \/>\u00a0<img loading=\"lazy\" decoding=\"async\" class=\"mb-2\" title=\"Oil and Gas Resistant\" src=\"https:\/\/www.sikafootwear.eu\/Files\/Templates\/designs\/sika\/_assets\/img\/sika-icons\/sika-icon-oilandgasresistant.png\" alt=\"Oil and Gas Resistant\" width=\"45\" height=\"45\" \/>\u00a0<img loading=\"lazy\" decoding=\"async\" class=\"mb-2\" title=\"Pro Nose\" src=\"https:\/\/www.sikafootwear.eu\/Files\/Templates\/designs\/sika\/_assets\/img\/sika-icons\/sika-icon-pronose.png\" alt=\"Pro Nose\" width=\"45\" height=\"45\" \/>\u00a0<img loading=\"lazy\" decoding=\"async\" class=\"mb-2\" title=\"ESD Approved\" src=\"https:\/\/www.sikafootwear.eu\/Files\/Templates\/designs\/sika\/_assets\/img\/sika-icons\/sika-icon-esdapproved.png\" alt=\"ESD Approved\" width=\"45\" height=\"45\" \/>\u00a0<img loading=\"lazy\" decoding=\"async\" class=\"mb-2\" title=\"Heat Resistant Out Sole\" src=\"https:\/\/www.sikafootwear.eu\/Files\/Templates\/designs\/sika\/_assets\/img\/sika-icons\/sika-icon-heatresistantoutsole.png\" alt=\"Heat Resistant Out Sole\" width=\"45\" height=\"45\" \/>\u00a0<img loading=\"lazy\" decoding=\"async\" class=\"mb-2\" title=\"Ladder Grip\" src=\"https:\/\/www.sikafootwear.eu\/Files\/Templates\/designs\/sika\/_assets\/img\/sika-icons\/sika-icon-laddergrip.png\" alt=\"Ladder Grip\" width=\"45\" height=\"45\" \/><\/p>\n<h3>BRYNJE Robust Ominaisuudet<\/h3>\n<p data-start=\"552\" data-end=\"643\"><strong data-start=\"552\" data-end=\"564\">CE-normi<\/strong> EN ISO 20345:2022<br data-start=\"582\" data-end=\"585\" \/><strong data-start=\"585\" data-end=\"604\">CE-sertifiointi<\/strong> S3S, FO, HRO, SC, LG<br data-start=\"625\" data-end=\"628\" \/><strong data-start=\"628\" data-end=\"637\">Sarja<\/strong> 400<br \/>\n<strong data-start=\"645\" data-end=\"658\">Ulkopohja<\/strong> Eritt\u00e4in kest\u00e4v\u00e4, liukastumista est\u00e4v\u00e4, joustava ja iskuja vaimentava PU\/nitriilikumipohja, joka kest\u00e4\u00e4 jopa 300 \u00b0C (HRO). Vakauttava kiertoj\u00e4ykiste ehk\u00e4isee v\u00e4\u00e4ntymist\u00e4 ja jakaa paineen koko pohjan alueelle.<br \/>\n<strong data-start=\"871\" data-end=\"884\">P\u00e4\u00e4llinen<\/strong> Kest\u00e4v\u00e4, hengitt\u00e4v\u00e4 ja vett\u00e4 hylkiv\u00e4 B-Xtreme-nahka, joka muotoutuu jalkaan.<br \/>\n<strong data-start=\"965\" data-end=\"974\">Vuori<\/strong> Hike\u00e4 imev\u00e4 tekstiilivuori, kantap\u00e4\u00e4ss\u00e4 vahvike lis\u00e4kest\u00e4vyytt\u00e4 varten.<br \/>\n<strong data-start=\"1050\" data-end=\"1081\">Pohjallinen\/irtopohjallinen<\/strong> Iskuja vaimentava, hengitt\u00e4v\u00e4, kosteutta siirt\u00e4v\u00e4 ja kest\u00e4v\u00e4 PU-pohjallinen.<\/p>\n<h3 data-start=\"1162\" data-end=\"1187\"><strong data-start=\"1162\" data-end=\"1185\">Erityisominaisuudet<\/strong><\/h3>\n<ul>\n<li data-start=\"1190\" data-end=\"1206\">Suljettu l\u00e4pp\u00e4<\/li>\n<li data-start=\"1209\" data-end=\"1222\">Leve\u00e4 lesti<\/li>\n<li data-start=\"1225\" data-end=\"1253\">Heijastavat yksityiskohdat<\/li>\n<li data-start=\"1256\" data-end=\"1299\">ESD-hyv\u00e4ksytty, minimoi staattisen s\u00e4hk\u00f6n<\/li>\n<\/ul>\n<h3 data-start=\"1301\" data-end=\"1316\"><strong data-start=\"1301\" data-end=\"1314\">Toimialat<\/strong><\/h3>\n<ul>\n<li>Raskas teollisuus<\/li>\n<li data-start=\"1341\" data-end=\"1370\">Rakentaminen ja ammattity\u00f6t<\/li>\n<\/ul>\n<p data-start=\"1372\" data-end=\"1470\"><strong data-start=\"1372\" data-end=\"1385\">Sukupuoli<\/strong> Unisex<br data-start=\"1392\" data-end=\"1395\" \/><strong data-start=\"1395\" data-end=\"1404\">Paino<\/strong> 0,739 kg, Paino koskee yht\u00e4 kenk\u00e4\u00e4 koossa 42.<br data-start=\"1451\" data-end=\"1454\" \/><strong data-start=\"1454\" data-end=\"1462\">Koot<\/strong> 39\u201348<\/p>\n","protected":false},"excerpt":{"rendered":"<p>BRYNJE Robust on leve\u00e4lestinen S3S-turvakenk\u00e4 raskaaseen teollisuuteen ja rakentamiseen. B-Xtreme-nahkainen p\u00e4\u00e4llinen on hengitt\u00e4v\u00e4 ja vett\u00e4 hylkiv\u00e4, ja HRO-luokiteltu PU\/nitriilikumipohja kest\u00e4\u00e4 jopa 300 \u00b0C. Vakauttava kiertoj\u00e4ykiste parantaa tukea, PU-pohjallinen vaimentaa iskuja ja siirt\u00e4\u00e4 kosteutta. ProNose, heijastimet ja ESD-hyv\u00e4ksynt\u00e4 viimeistelev\u00e4t.<\/p>\n","protected":false},"featured_media":111716,"comment_status":"closed","ping_status":"closed","template":"","meta":[],"product_brand":[],"product_cat":[1014],"product_tag":[1011],"class_list":{"0":"post-111630","1":"product","2":"type-product","3":"status-publish","4":"has-post-thumbnail","6":"product_cat-brynje","7":"product_tag-sikaff","8":"pa_brand-brynje","9":"pa_color-svart","10":"pa_size-1021","11":"pa_size-697","12":"pa_size-1022","13":"pa_size-698","14":"pa_size-1023","15":"pa_size-699","16":"pa_size-1024","17":"pa_size-700","18":"pa_size-1025","19":"pa_size-945","21":"first","22":"instock","23":"shipping-taxable","24":"purchasable","25":"product-type-variable"},"_links":{"self":[{"href":"https:\/\/arcticas.fi\/fi\/wp-json\/wp\/v2\/product\/111630","targetHints":{"allow":["GET"]}}],"collection":[{"href":"https:\/\/arcticas.fi\/fi\/wp-json\/wp\/v2\/product"}],"about":[{"href":"https:\/\/arcticas.fi\/fi\/wp-json\/wp\/v2\/types\/product"}],"replies":[{"embeddable":true,"href":"https:\/\/arcticas.fi\/fi\/wp-json\/wp\/v2\/comments?post=111630"}],"wp:featuredmedia":[{"embeddable":true,"href":"https:\/\/arcticas.fi\/fi\/wp-json\/wp\/v2\/media\/111716"}],"wp:attachment":[{"href":"https:\/\/arcticas.fi\/fi\/wp-json\/wp\/v2\/media?parent=111630"}],"wp:term":[{"taxonomy":"product_brand","embeddable":true,"href":"https:\/\/arcticas.fi\/fi\/wp-json\/wp\/v2\/product_brand?post=111630"},{"taxonomy":"product_cat","embeddable":true,"href":"https:\/\/arcticas.fi\/fi\/wp-json\/wp\/v2\/product_cat?post=111630"},{"taxonomy":"product_tag","embeddable":true,"href":"https:\/\/arcticas.fi\/fi\/wp-json\/wp\/v2\/product_tag?post=111630"}],"curies":[{"name":"wp","href":"https:\/\/api.w.org\/{rel}","templated":true}]}}