{"id":111629,"date":"2026-02-26T17:28:45","date_gmt":"2026-02-26T17:28:45","guid":{"rendered":"https:\/\/arcticas.fi\/fi\/?post_type=product&#038;p=111629"},"modified":"2026-03-08T08:58:35","modified_gmt":"2026-03-08T08:58:35","slug":"brynje-tasmania-3-0-turvaknka-s3s","status":"publish","type":"product","link":"https:\/\/arcticas.fi\/fi\/product\/brynje-tasmania-3-0-turvaknka-s3s\/","title":{"rendered":"BRYNJE Tasmania 3.0 Turvaknk\u00e4 S3S"},"content":{"rendered":"<div class=\"e-product-text-container\">\n<div class=\"e-product-text\">\n<p>Vett\u00e4hylkiv\u00e4st\u00e4 nahasta valmistettu turvakenk\u00e4. Vahvat polyesterilenkit ja leve\u00e4 joustoresori tekev\u00e4t jalkaan laittamisesta ja riisumisesta helppoa. Joustava, liukastumista est\u00e4v\u00e4 ja iskunvaimentava PU\/PU-ulkopohja. Iskunvaimentava<a href=\"https:\/\/arcticas.fi\/fi\/product\/brynje-tasmania-3-0-389\/\" target=\"_blank\" rel=\"noopener\">,<\/a> hengitt\u00e4v\u00e4 ja kosteutta siirt\u00e4v\u00e4 PU-sis\u00e4pohja sek\u00e4 vahvistettu kantap\u00e4\u00e4n vuori. ProNose lis\u00e4\u00e4 kest\u00e4vyytt\u00e4. Metallivapaa.<\/p>\n<hr \/>\n<p><img loading=\"lazy\" decoding=\"async\" class=\"mb-2\" title=\"SR,S3S\" src=\"https:\/\/www.sikafootwear.eu\/Files\/Templates\/designs\/sika\/_assets\/img\/sika-icons\/sika-icon-godkendelse-s3s.png\" alt=\"SR,S3S\" width=\"45\" height=\"45\" \/>\u00a0<img loading=\"lazy\" decoding=\"async\" class=\"mb-2\" title=\"sr\" src=\"https:\/\/www.sikafootwear.eu\/Files\/Templates\/designs\/sika\/_assets\/img\/sika-icons\/sika-icon-skridsikkerhed-sr.png\" alt=\"sr\" width=\"45\" height=\"45\" \/>\u00a0<img loading=\"lazy\" decoding=\"async\" class=\"mb-2\" title=\"composite\" src=\"https:\/\/www.sikafootwear.eu\/Files\/Templates\/designs\/sika\/_assets\/img\/sika-icons\/sika-icon-toeprotection-composite.png\" alt=\"composite\" width=\"45\" height=\"45\" \/>\u00a0<img loading=\"lazy\" decoding=\"async\" class=\"mb-2\" title=\"fiber\" src=\"https:\/\/www.sikafootwear.eu\/Files\/Templates\/designs\/sika\/_assets\/img\/sika-icons\/sika-icon-nailproctection-fiber.png\" alt=\"fiber\" width=\"45\" height=\"45\" \/>\u00a0<img loading=\"lazy\" decoding=\"async\" class=\"mb-2\" title=\"Oil and Gas Resistant\" src=\"https:\/\/www.sikafootwear.eu\/Files\/Templates\/designs\/sika\/_assets\/img\/sika-icons\/sika-icon-oilandgasresistant.png\" alt=\"Oil and Gas Resistant\" width=\"45\" height=\"45\" \/>\u00a0<img loading=\"lazy\" decoding=\"async\" class=\"mb-2\" title=\"Pro Nose\" src=\"https:\/\/www.sikafootwear.eu\/Files\/Templates\/designs\/sika\/_assets\/img\/sika-icons\/sika-icon-pronose.png\" alt=\"Pro Nose\" width=\"45\" height=\"45\" \/>\u00a0<img loading=\"lazy\" decoding=\"async\" class=\"mb-2\" title=\"Metal Free\" src=\"https:\/\/www.sikafootwear.eu\/Files\/Templates\/designs\/sika\/_assets\/img\/sika-icons\/sika-icon-metalfree.png\" alt=\"Metal Free\" width=\"45\" height=\"45\" \/><\/p>\n<\/div>\n<div>\n<h3>BRYNJE Tasmania Ominaisuudet<\/h3>\n<p data-start=\"428\" data-end=\"901\"><strong>CE Normi<\/strong> EN ISO 20345:2022+A1:2024<br data-start=\"462\" data-end=\"465\" \/><strong>CE-sertifiointi<\/strong> S3S, FO, SC<br data-start=\"492\" data-end=\"495\" \/><strong>Sarja<\/strong> 300<br data-start=\"504\" data-end=\"507\" \/><strong>Ulkopohja<\/strong> Liukastumista est\u00e4v\u00e4 ja iskunvaimentava PU\/PU-ulkopohja<br data-start=\"572\" data-end=\"575\" data-is-only-node=\"\" \/><strong>P\u00e4\u00e4llinen<\/strong> Kest\u00e4v\u00e4, hengitt\u00e4v\u00e4, vett\u00e4hylkiv\u00e4 nahka<br data-start=\"624\" data-end=\"627\" \/><strong>Vuori<\/strong> Kosteutta siirt\u00e4v\u00e4 polyesteri\/mesh-vuori, kantap\u00e4\u00e4n vahvistus lis\u00e4kest\u00e4vyytt\u00e4 varten<br data-start=\"717\" data-end=\"720\" \/><strong>Sis\u00e4pohja\/Pohjallinen<\/strong> Iskunvaimentava, hengitt\u00e4v\u00e4, kosteutta siirt\u00e4v\u00e4 ja kest\u00e4v\u00e4 PU-sis\u00e4pohja<\/p>\n<h3 data-start=\"428\" data-end=\"901\">Erikoisominaisuudet<\/h3>\n<ul>\n<li data-start=\"428\" data-end=\"901\">Vahvat polyesterilenkit ja leve\u00e4 joustoresori<\/li>\n<li data-start=\"428\" data-end=\"901\">Metallivapaa<\/li>\n<\/ul>\n<h3 data-start=\"903\" data-end=\"982\">Toimialat<\/h3>\n<ul>\n<li data-start=\"903\" data-end=\"982\">Maatalous, mets\u00e4talous ja kalastus<\/li>\n<li data-start=\"903\" data-end=\"982\">Rakentaminen ja k\u00e4sity\u00f6alat<\/li>\n<\/ul>\n<p data-start=\"984\" data-end=\"1069\"><strong>Sukupuoli<\/strong> Unisex<br data-start=\"1000\" data-end=\"1003\" \/><strong>Paino<\/strong> 0,724 kg, Paino koskee yht\u00e4 kenk\u00e4\u00e4 koossa 42<br data-start=\"1054\" data-end=\"1057\" \/><strong>Koot<\/strong> 38\u201347<\/p>\n<\/div>\n<\/div>\n","protected":false},"excerpt":{"rendered":"<p>BRYNJE Tasmania on metallivapaa S3S-turvakenk\u00e4 vaativaan ty\u00f6h\u00f6n. Vett\u00e4hylkiv\u00e4, hengitt\u00e4v\u00e4 nahkap\u00e4\u00e4llinen, ProNose-vahvike ja kantap\u00e4\u00e4n lis\u00e4vahvistus parantavat kest\u00e4vyytt\u00e4. Liukastumista est\u00e4v\u00e4 PU\/PU-ulkopohja vaimentaa iskuja, ja PU-sis\u00e4pohja siirt\u00e4\u00e4 kosteutta sek\u00e4 lis\u00e4\u00e4 mukavuutta. Helppo pukea vahvojen lenkkien ja leve\u00e4n joustoresorin ansiosta. Sopii rakentamiseen ja maatalouteen.<\/p>\n","protected":false},"featured_media":111709,"comment_status":"closed","ping_status":"closed","template":"","meta":[],"product_brand":[],"product_cat":[1014],"product_tag":[1011],"class_list":{"0":"post-111629","1":"product","2":"type-product","3":"status-publish","4":"has-post-thumbnail","6":"product_cat-brynje","7":"product_tag-sikaff","8":"pa_brand-brynje","9":"pa_color-svart","10":"pa_size-702","11":"pa_size-1021","12":"pa_size-697","13":"pa_size-1022","14":"pa_size-698","15":"pa_size-1023","16":"pa_size-699","17":"pa_size-1024","18":"pa_size-700","19":"pa_size-1025","21":"first","22":"instock","23":"shipping-taxable","24":"purchasable","25":"product-type-variable"},"_links":{"self":[{"href":"https:\/\/arcticas.fi\/fi\/wp-json\/wp\/v2\/product\/111629","targetHints":{"allow":["GET"]}}],"collection":[{"href":"https:\/\/arcticas.fi\/fi\/wp-json\/wp\/v2\/product"}],"about":[{"href":"https:\/\/arcticas.fi\/fi\/wp-json\/wp\/v2\/types\/product"}],"replies":[{"embeddable":true,"href":"https:\/\/arcticas.fi\/fi\/wp-json\/wp\/v2\/comments?post=111629"}],"wp:featuredmedia":[{"embeddable":true,"href":"https:\/\/arcticas.fi\/fi\/wp-json\/wp\/v2\/media\/111709"}],"wp:attachment":[{"href":"https:\/\/arcticas.fi\/fi\/wp-json\/wp\/v2\/media?parent=111629"}],"wp:term":[{"taxonomy":"product_brand","embeddable":true,"href":"https:\/\/arcticas.fi\/fi\/wp-json\/wp\/v2\/product_brand?post=111629"},{"taxonomy":"product_cat","embeddable":true,"href":"https:\/\/arcticas.fi\/fi\/wp-json\/wp\/v2\/product_cat?post=111629"},{"taxonomy":"product_tag","embeddable":true,"href":"https:\/\/arcticas.fi\/fi\/wp-json\/wp\/v2\/product_tag?post=111629"}],"curies":[{"name":"wp","href":"https:\/\/api.w.org\/{rel}","templated":true}]}}