{"id":111628,"date":"2026-02-26T17:28:44","date_gmt":"2026-02-26T17:28:44","guid":{"rendered":"https:\/\/arcticas.fi\/fi\/?post_type=product&#038;p=111628"},"modified":"2026-03-08T09:02:05","modified_gmt":"2026-03-08T09:02:05","slug":"brynje-green-low-turvanilkkuri-s3-esd","status":"publish","type":"product","link":"https:\/\/arcticas.fi\/fi\/product\/brynje-green-low-turvanilkkuri-s3-esd\/","title":{"rendered":"BRYNJE Green Low Turvanilkkuri S3 ESD"},"content":{"rendered":"<p>Joustava, kevyt ja kest\u00e4v\u00e4 turvanilkkuri. Valmistettu vett\u00e4hylkiv\u00e4st\u00e4 ja hengitt\u00e4v\u00e4st\u00e4 mikrokuidusta, jossa on hyvin v\u00e4h\u00e4n saumoja. Helppo puhdistaa. Varustettu eritt\u00e4in liukastumista ehk\u00e4isev\u00e4ll\u00e4 ja iskuja vaimentavalla PU\/kumipohjalla, joka takaa erinomaisen pidon. Pehme\u00e4, hengitt\u00e4v\u00e4 ja iskuja vaimentava sis\u00e4pohja lis\u00e4\u00e4 k\u00e4ytt\u00f6mukavuutta sek\u00e4 v\u00e4hent\u00e4\u00e4 rasitusta niveliss\u00e4, jaloissa ja sel\u00e4ss\u00e4<a href=\"https:\/\/arcticas.fi\/fi\/product\/brynje-green-working-low-boot-355\/\" target=\"_blank\" rel=\"noopener\">.<\/a> Hengitt\u00e4v\u00e4 vuori, jossa lis\u00e4vahvike kantap\u00e4\u00e4ss\u00e4. ESD-hyv\u00e4ksytty ja PVC-vapaa.<\/p>\n<hr \/>\n<h3><img loading=\"lazy\" decoding=\"async\" class=\"mb-2\" title=\"SRC,S3\" src=\"https:\/\/www.sikafootwear.eu\/Files\/Templates\/designs\/sika\/_assets\/img\/sika-icons\/sika-icon-godkendelse-s3.png\" alt=\"SRC,S3\" width=\"45\" height=\"45\" \/>\u00a0<img loading=\"lazy\" decoding=\"async\" class=\"mb-2\" title=\"src\" src=\"https:\/\/www.sikafootwear.eu\/Files\/Templates\/designs\/sika\/_assets\/img\/sika-icons\/sika-icon-skridsikkerhed-src.png\" alt=\"src\" width=\"45\" height=\"45\" \/>\u00a0<img loading=\"lazy\" decoding=\"async\" class=\"mb-2\" title=\"alu\" src=\"https:\/\/www.sikafootwear.eu\/Files\/Templates\/designs\/sika\/_assets\/img\/sika-icons\/sika-icon-toeprotection-alu.png\" alt=\"alu\" width=\"45\" height=\"45\" \/>\u00a0<img loading=\"lazy\" decoding=\"async\" class=\"mb-2\" title=\"fiber\" src=\"https:\/\/www.sikafootwear.eu\/Files\/Templates\/designs\/sika\/_assets\/img\/sika-icons\/sika-icon-nailproctection-fiber.png\" alt=\"fiber\" width=\"45\" height=\"45\" \/>\u00a0<img loading=\"lazy\" decoding=\"async\" class=\"mb-2\" title=\"Oil and Gas Resistant\" src=\"https:\/\/www.sikafootwear.eu\/Files\/Templates\/designs\/sika\/_assets\/img\/sika-icons\/sika-icon-oilandgasresistant.png\" alt=\"Oil and Gas Resistant\" width=\"45\" height=\"45\" \/>\u00a0\u00a0<img loading=\"lazy\" decoding=\"async\" class=\"mb-2\" title=\"ESD Approved\" src=\"https:\/\/www.sikafootwear.eu\/Files\/Templates\/designs\/sika\/_assets\/img\/sika-icons\/sika-icon-esdapproved.png\" alt=\"ESD Approved\" width=\"45\" height=\"45\" \/><\/h3>\n<div class=\"col-12 col-md-10 col-lg-8 col-xl-6 mx-auto\">\n<div id=\"collapse-PROD5485-00\" class=\"collapse-peek-content collapse show\">\n<div class=\"row\">\n<div class=\"col-12\">\n<h3>BRYNJE Green Ominaisuudet<\/h3>\n<p data-start=\"513\" data-end=\"547\"><strong data-start=\"513\" data-end=\"525\">CE-normi <\/strong>EN ISO 20345:2011<br \/>\n<strong data-start=\"549\" data-end=\"568\">CE-sertifiointi <\/strong>S3<br \/>\n<strong data-start=\"577\" data-end=\"586\">Sarja <\/strong>300<br \/>\n<strong data-start=\"596\" data-end=\"609\">Ulkopohja <\/strong>Joustava ja eritt\u00e4in liukastumista ehk\u00e4isev\u00e4 PU\/kumipohja. Kevyt, kest\u00e4v\u00e4 ja iskuja vaimentava<br \/>\n<strong data-start=\"710\" data-end=\"723\">P\u00e4\u00e4llinen <\/strong>Kest\u00e4v\u00e4, vett\u00e4hylkiv\u00e4 ja hengitt\u00e4v\u00e4 mikrokuitu, jossa eritt\u00e4in v\u00e4h\u00e4n saumoja. Helppo puhdistaa<br \/>\n<strong data-start=\"824\" data-end=\"833\">Vuori <\/strong>Kest\u00e4v\u00e4 ja hengitt\u00e4v\u00e4 polyesterivuori, jossa lis\u00e4vahvistus kantap\u00e4\u00e4ss\u00e4<br \/>\n<strong data-start=\"910\" data-end=\"923\">Sis\u00e4pohja <\/strong>Iskuja vaimentava, hengitt\u00e4v\u00e4, kosteutta siirt\u00e4v\u00e4 ja kest\u00e4v\u00e4 PU-sis\u00e4pohja<\/p>\n<h3 data-start=\"1003\" data-end=\"1057\"><strong data-start=\"1003\" data-end=\"1026\">Erityisominaisuudet<\/strong><\/h3>\n<ul>\n<li data-start=\"1003\" data-end=\"1057\">ESD-hyv\u00e4ksytty<\/li>\n<li data-start=\"1003\" data-end=\"1057\">PVC-vapaa<\/li>\n<\/ul>\n<h3><strong data-start=\"1059\" data-end=\"1072\">Toimialat<\/strong><\/h3>\n<ul>\n<li>Maatalous, mets\u00e4talous ja kalastus<\/li>\n<li>Rakentaminen ja k\u00e4sity\u00f6alat<\/li>\n<\/ul>\n<p data-start=\"1143\" data-end=\"1167\"><strong data-start=\"1143\" data-end=\"1156\">Sukupuoli <\/strong>Unisex<br \/>\n<strong data-start=\"1169\" data-end=\"1178\">Paino <\/strong>0,635 kg (Paino koskee yht\u00e4 kenk\u00e4\u00e4 koossa 42)<br \/>\n<strong data-start=\"1232\" data-end=\"1240\">Koot <\/strong>41\u201348<\/p>\n<\/div>\n<\/div>\n<\/div>\n<\/div>\n","protected":false},"excerpt":{"rendered":"<p>BRYNJE Green Working -turvasaapas on kevyt, joustava ja kest\u00e4v\u00e4 S3-luokan turvajalkine vaativaan ammattik\u00e4ytt\u00f6\u00f6n. Vett\u00e4hylkiv\u00e4 mikrokuitup\u00e4\u00e4llinen, liukastumista ehk\u00e4isev\u00e4 PU\/kumipohja ja iskuja vaimentava sis\u00e4pohja takaavat erinomaisen pidon ja k\u00e4ytt\u00f6mukavuuden. ESD-hyv\u00e4ksytty ja PVC-vapaa ratkaisu rakentamiseen, maatalouteen ja teollisuuteen.<\/p>\n","protected":false},"featured_media":111699,"comment_status":"closed","ping_status":"closed","template":"","meta":[],"product_brand":[],"product_cat":[1014],"product_tag":[1011],"class_list":{"0":"post-111628","1":"product","2":"type-product","3":"status-publish","4":"has-post-thumbnail","6":"product_cat-brynje","7":"product_tag-sikaff","8":"pa_brand-brynje","9":"pa_color-svart","10":"pa_size-1022","11":"pa_size-698","12":"pa_size-1023","13":"pa_size-699","14":"pa_size-1024","15":"pa_size-700","16":"pa_size-1025","18":"first","19":"instock","20":"shipping-taxable","21":"purchasable","22":"product-type-variable"},"_links":{"self":[{"href":"https:\/\/arcticas.fi\/fi\/wp-json\/wp\/v2\/product\/111628","targetHints":{"allow":["GET"]}}],"collection":[{"href":"https:\/\/arcticas.fi\/fi\/wp-json\/wp\/v2\/product"}],"about":[{"href":"https:\/\/arcticas.fi\/fi\/wp-json\/wp\/v2\/types\/product"}],"replies":[{"embeddable":true,"href":"https:\/\/arcticas.fi\/fi\/wp-json\/wp\/v2\/comments?post=111628"}],"wp:featuredmedia":[{"embeddable":true,"href":"https:\/\/arcticas.fi\/fi\/wp-json\/wp\/v2\/media\/111699"}],"wp:attachment":[{"href":"https:\/\/arcticas.fi\/fi\/wp-json\/wp\/v2\/media?parent=111628"}],"wp:term":[{"taxonomy":"product_brand","embeddable":true,"href":"https:\/\/arcticas.fi\/fi\/wp-json\/wp\/v2\/product_brand?post=111628"},{"taxonomy":"product_cat","embeddable":true,"href":"https:\/\/arcticas.fi\/fi\/wp-json\/wp\/v2\/product_cat?post=111628"},{"taxonomy":"product_tag","embeddable":true,"href":"https:\/\/arcticas.fi\/fi\/wp-json\/wp\/v2\/product_tag?post=111628"}],"curies":[{"name":"wp","href":"https:\/\/api.w.org\/{rel}","templated":true}]}}