{"id":111627,"date":"2026-02-26T17:28:44","date_gmt":"2026-02-26T17:28:44","guid":{"rendered":"https:\/\/arcticas.fi\/fi\/?post_type=product&#038;p=111627"},"modified":"2026-03-08T09:01:26","modified_gmt":"2026-03-08T09:01:26","slug":"brynje-green-turvaknka-s3-esd","status":"publish","type":"product","link":"https:\/\/arcticas.fi\/fi\/product\/brynje-green-turvaknka-s3-esd\/","title":{"rendered":"BRYNJE Green Turvaknk\u00e4 S3 ESD"},"content":{"rendered":"<p>Valmistettu vett\u00e4hylkiv\u00e4st\u00e4 ja hengitt\u00e4v\u00e4st\u00e4 mikrokuidusta, jossa on eritt\u00e4in v\u00e4h\u00e4n saumoja. Helppo puhdistaa. Varustettu eritt\u00e4in liukastumista est\u00e4v\u00e4ll\u00e4 ja iskuja vaimentavalla PU\/kumipohjalla, joka tarjoaa erinomaisen pidon. Pehme\u00e4, hengitt\u00e4v\u00e4 ja iskuja vaimentava sis\u00e4pohja lis\u00e4\u00e4 k\u00e4ytt\u00f6mukavuutta sek\u00e4 v\u00e4hent\u00e4\u00e4 nivelten<a href=\"https:\/\/arcticas.fi\/fi\/product\/brynje-green-working-shoe-s3-src-354\/\" target=\"_blank\" rel=\"noopener\">,<\/a> jalkojen ja sel\u00e4n kuormitusta. Hengitt\u00e4v\u00e4 vuori on vahvistettu kantap\u00e4\u00e4st\u00e4. ESD-hyv\u00e4ksytty ja PVC-vapaa.<\/p>\n<hr \/>\n<h3><img loading=\"lazy\" decoding=\"async\" class=\"mb-2\" title=\"SRC,S3\" src=\"https:\/\/www.sikafootwear.eu\/Files\/Templates\/designs\/sika\/_assets\/img\/sika-icons\/sika-icon-godkendelse-s3.png\" alt=\"SRC,S3\" width=\"45\" height=\"45\" \/>\u00a0<img loading=\"lazy\" decoding=\"async\" class=\"mb-2\" title=\"src\" src=\"https:\/\/www.sikafootwear.eu\/Files\/Templates\/designs\/sika\/_assets\/img\/sika-icons\/sika-icon-skridsikkerhed-src.png\" alt=\"src\" width=\"45\" height=\"45\" \/>\u00a0<img loading=\"lazy\" decoding=\"async\" class=\"mb-2\" title=\"alu\" src=\"https:\/\/www.sikafootwear.eu\/Files\/Templates\/designs\/sika\/_assets\/img\/sika-icons\/sika-icon-toeprotection-alu.png\" alt=\"alu\" width=\"45\" height=\"45\" \/>\u00a0<img loading=\"lazy\" decoding=\"async\" class=\"mb-2\" title=\"fiber\" src=\"https:\/\/www.sikafootwear.eu\/Files\/Templates\/designs\/sika\/_assets\/img\/sika-icons\/sika-icon-nailproctection-fiber.png\" alt=\"fiber\" width=\"45\" height=\"45\" \/>\u00a0<img loading=\"lazy\" decoding=\"async\" class=\"mb-2\" title=\"Oil and Gas Resistant\" src=\"https:\/\/www.sikafootwear.eu\/Files\/Templates\/designs\/sika\/_assets\/img\/sika-icons\/sika-icon-oilandgasresistant.png\" alt=\"Oil and Gas Resistant\" width=\"45\" height=\"45\" \/>\u00a0\u00a0<img loading=\"lazy\" decoding=\"async\" class=\"mb-2\" title=\"ESD Approved\" src=\"https:\/\/www.sikafootwear.eu\/Files\/Templates\/designs\/sika\/_assets\/img\/sika-icons\/sika-icon-esdapproved.png\" alt=\"ESD Approved\" width=\"45\" height=\"45\" \/><\/h3>\n<div class=\"col-12 col-md-10 col-lg-8 col-xl-6 mx-auto\">\n<div id=\"collapse-PROD5497-00\" class=\"collapse-peek-content collapse show\">\n<div class=\"row\">\n<div class=\"col-12\">\n<h3>BRYNJE Green Working Ominaisuudet<\/h3>\n<p data-start=\"476\" data-end=\"552\"><strong data-start=\"476\" data-end=\"489\">CE-normi:<\/strong> EN ISO 20345:2011<br data-start=\"507\" data-end=\"510\" \/><strong data-start=\"510\" data-end=\"530\">CE-sertifiointi:<\/strong> S3<br data-start=\"533\" data-end=\"536\" \/><strong data-start=\"536\" data-end=\"546\">Sarja:<\/strong> 300<br \/>\n<strong data-start=\"554\" data-end=\"568\">Ulkopohja:<\/strong> Joustava ja eritt\u00e4in liukastumista est\u00e4v\u00e4 PU\/kumipohja. Kevyt, kest\u00e4v\u00e4 ja iskuja vaimentava.<br \/>\n<strong data-start=\"665\" data-end=\"679\">P\u00e4\u00e4llinen:<\/strong> Kest\u00e4v\u00e4, vett\u00e4hylkiv\u00e4 ja hengitt\u00e4v\u00e4 mikrokuitu, jossa eritt\u00e4in v\u00e4h\u00e4n saumoja. Helppo puhdistaa.<br \/>\n<strong data-start=\"779\" data-end=\"789\">Vuori:<\/strong> Kest\u00e4v\u00e4 ja hengitt\u00e4v\u00e4 polyesterivuori, jossa lis\u00e4vahvistus kantap\u00e4\u00e4ss\u00e4.<br \/>\n<strong data-start=\"865\" data-end=\"879\">Sis\u00e4pohja:<\/strong> Iskuja vaimentava, hengitt\u00e4v\u00e4, kosteutta siirt\u00e4v\u00e4 ja kest\u00e4v\u00e4 PU-sis\u00e4pohja.<\/p>\n<h3 data-start=\"958\" data-end=\"984\"><strong data-start=\"958\" data-end=\"982\">Erityisominaisuudet:<\/strong><\/h3>\n<ul>\n<li data-start=\"987\" data-end=\"1003\">ESD-hyv\u00e4ksytty<\/li>\n<li data-start=\"1006\" data-end=\"1017\">PVC-vapaa<\/li>\n<\/ul>\n<h3 data-start=\"1019\" data-end=\"1035\"><strong data-start=\"1019\" data-end=\"1033\">Toimialat:<\/strong><\/h3>\n<ul>\n<li data-start=\"1038\" data-end=\"1074\">Maatalous, mets\u00e4talous ja kalastus<\/li>\n<li data-start=\"1077\" data-end=\"1106\">Rakentaminen ja k\u00e4sity\u00f6alat<\/li>\n<\/ul>\n<p data-start=\"1108\" data-end=\"1193\"><strong data-start=\"1108\" data-end=\"1122\">Sukupuoli:<\/strong> Unisex<br data-start=\"1129\" data-end=\"1132\" \/><strong data-start=\"1132\" data-end=\"1142\">Paino:<\/strong> 0,585 kg (yksi kenk\u00e4, koko 42)<br data-start=\"1173\" data-end=\"1176\" \/><strong data-start=\"1176\" data-end=\"1185\">Koot:<\/strong> 40\u201348<\/p>\n<\/div>\n<\/div>\n<\/div>\n<\/div>\n","protected":false},"excerpt":{"rendered":"<p>BRYNJE Green Working on kevyt ja joustava S3-turvakenk\u00e4 vaativaan ammattik\u00e4ytt\u00f6\u00f6n. Vett\u00e4hylkiv\u00e4 ja hengitt\u00e4v\u00e4 mikrokuitup\u00e4\u00e4llinen, ESD-hyv\u00e4ksynt\u00e4 sek\u00e4 eritt\u00e4in pit\u00e4v\u00e4 PU\/kumipohja takaavat turvallisuuden ja k\u00e4ytt\u00f6mukavuuden. Iskuja vaimentava sis\u00e4pohja v\u00e4hent\u00e4\u00e4 rasitusta ty\u00f6p\u00e4iv\u00e4n aikana. Erinomainen valinta rakentamiseen, maatalouteen ja teolliseen ty\u00f6ymp\u00e4rist\u00f6\u00f6n.<\/p>\n","protected":false},"featured_media":111692,"comment_status":"closed","ping_status":"closed","template":"","meta":[],"product_brand":[],"product_cat":[1014],"product_tag":[1011],"class_list":{"0":"post-111627","1":"product","2":"type-product","3":"status-publish","4":"has-post-thumbnail","6":"product_cat-brynje","7":"product_tag-sikaff","8":"pa_brand-brynje","9":"pa_color-svart","10":"pa_size-697","11":"pa_size-1022","12":"pa_size-698","13":"pa_size-1023","14":"pa_size-699","15":"pa_size-1024","16":"pa_size-700","17":"pa_size-1025","18":"pa_size-945","20":"first","21":"instock","22":"shipping-taxable","23":"purchasable","24":"product-type-variable"},"_links":{"self":[{"href":"https:\/\/arcticas.fi\/fi\/wp-json\/wp\/v2\/product\/111627","targetHints":{"allow":["GET"]}}],"collection":[{"href":"https:\/\/arcticas.fi\/fi\/wp-json\/wp\/v2\/product"}],"about":[{"href":"https:\/\/arcticas.fi\/fi\/wp-json\/wp\/v2\/types\/product"}],"replies":[{"embeddable":true,"href":"https:\/\/arcticas.fi\/fi\/wp-json\/wp\/v2\/comments?post=111627"}],"wp:featuredmedia":[{"embeddable":true,"href":"https:\/\/arcticas.fi\/fi\/wp-json\/wp\/v2\/media\/111692"}],"wp:attachment":[{"href":"https:\/\/arcticas.fi\/fi\/wp-json\/wp\/v2\/media?parent=111627"}],"wp:term":[{"taxonomy":"product_brand","embeddable":true,"href":"https:\/\/arcticas.fi\/fi\/wp-json\/wp\/v2\/product_brand?post=111627"},{"taxonomy":"product_cat","embeddable":true,"href":"https:\/\/arcticas.fi\/fi\/wp-json\/wp\/v2\/product_cat?post=111627"},{"taxonomy":"product_tag","embeddable":true,"href":"https:\/\/arcticas.fi\/fi\/wp-json\/wp\/v2\/product_tag?post=111627"}],"curies":[{"name":"wp","href":"https:\/\/api.w.org\/{rel}","templated":true}]}}