{"id":111626,"date":"2026-02-26T17:28:44","date_gmt":"2026-02-26T17:28:44","guid":{"rendered":"https:\/\/arcticas.fi\/fi\/?post_type=product&#038;p=111626"},"modified":"2026-03-08T09:00:13","modified_gmt":"2026-03-08T09:00:13","slug":"brynje-athletic-boa-turvakenka-s1p-esd","status":"publish","type":"product","link":"https:\/\/arcticas.fi\/fi\/product\/brynje-athletic-boa-turvakenka-s1p-esd\/","title":{"rendered":"BRYNJE Athletic BOA\u00ae Turvakenk\u00e4 S1P ESD"},"content":{"rendered":"<p>Joustava, kevyt ja kest\u00e4v\u00e4 turvakenk\u00e4 BOA\u00ae Fit System -kiristysj\u00e4rjestelm\u00e4ll\u00e4. Valmistettu nopeasti kuivuvasta ja hengitt\u00e4v\u00e4st\u00e4 mikrokuidun, nupukin, tekstiilin ja verkkomateriaalin yhdistelm\u00e4st\u00e4<a href=\"https:\/\/arcticas.fi\/fi\/product\/brynje-athletic-boa-s1p-src-313\/\" target=\"_blank\" rel=\"noopener\">.<\/a> Eritt\u00e4in pit\u00e4v\u00e4 ja iskuja vaimentava PU\/kumipohja takaa erinomaisen pidon. Pehme\u00e4, hengitt\u00e4v\u00e4 ja iskuja vaimentava sis\u00e4pohja lis\u00e4\u00e4 k\u00e4ytt\u00f6mukavuutta ja v\u00e4hent\u00e4\u00e4 kuormitusta niveliss\u00e4, jaloissa ja sel\u00e4ss\u00e4. Hengitt\u00e4v\u00e4 vuori on vahvistettu kantap\u00e4\u00e4st\u00e4. ESD-hyv\u00e4ksytty ja PVC-vapaa.<\/p>\n<hr \/>\n<h3><img loading=\"lazy\" decoding=\"async\" class=\"mb-2\" title=\"SRC,S1P\" src=\"https:\/\/www.sikafootwear.eu\/Files\/Templates\/designs\/sika\/_assets\/img\/sika-icons\/sika-icon-godkendelse-s1p.png\" alt=\"SRC,S1P\" width=\"45\" height=\"45\" \/><img loading=\"lazy\" decoding=\"async\" class=\"mb-2\" title=\"src\" src=\"https:\/\/www.sikafootwear.eu\/Files\/Templates\/designs\/sika\/_assets\/img\/sika-icons\/sika-icon-skridsikkerhed-src.png\" alt=\"src\" width=\"45\" height=\"45\" \/>\u00a0<img loading=\"lazy\" decoding=\"async\" class=\"mb-2\" title=\"alu\" src=\"https:\/\/www.sikafootwear.eu\/Files\/Templates\/designs\/sika\/_assets\/img\/sika-icons\/sika-icon-toeprotection-alu.png\" alt=\"alu\" width=\"45\" height=\"45\" \/>\u00a0<img loading=\"lazy\" decoding=\"async\" class=\"mb-2\" title=\"fiber\" src=\"https:\/\/www.sikafootwear.eu\/Files\/Templates\/designs\/sika\/_assets\/img\/sika-icons\/sika-icon-nailproctection-fiber.png\" alt=\"fiber\" width=\"45\" height=\"45\" \/>\u00a0<img loading=\"lazy\" decoding=\"async\" class=\"mb-2\" title=\"Oil and Gas Resistant\" src=\"https:\/\/www.sikafootwear.eu\/Files\/Templates\/designs\/sika\/_assets\/img\/sika-icons\/sika-icon-oilandgasresistant.png\" alt=\"Oil and Gas Resistant\" width=\"45\" height=\"45\" \/>\u00a0\u00a0<img loading=\"lazy\" decoding=\"async\" class=\"mb-2\" title=\"ESD Approved\" src=\"https:\/\/www.sikafootwear.eu\/Files\/Templates\/designs\/sika\/_assets\/img\/sika-icons\/sika-icon-esdapproved.png\" alt=\"ESD Approved\" width=\"45\" height=\"45\" \/>\u00a0 <img loading=\"lazy\" decoding=\"async\" class=\"mb-2\" title=\"Boa\u00ae Fit System\" src=\"https:\/\/www.sikafootwear.eu\/Files\/Templates\/designs\/sika\/_assets\/img\/sika-icons\/sika-icon-boa.png\" alt=\"Boa\u00ae Fit System\" width=\"45\" height=\"45\" \/><\/h3>\n<div class=\"col-12 col-md-10 col-lg-8 col-xl-6 mx-auto\">\n<div id=\"collapse-PROD5486-00\" class=\"collapse-peek-content collapse show\">\n<div class=\"row\">\n<div class=\"col-12\">\n<h3>BRYNJE Athletic\u00a0 Ominaisuudet<\/h3>\n<p data-start=\"504\" data-end=\"581\"><strong data-start=\"504\" data-end=\"517\">CE-normi:<\/strong> EN ISO 20345:2011<br data-start=\"535\" data-end=\"538\" \/><strong data-start=\"538\" data-end=\"558\">CE-sertifiointi:<\/strong> S1P<br data-start=\"562\" data-end=\"565\" \/><strong data-start=\"565\" data-end=\"575\">Sarja:<\/strong> 300<br \/>\n<strong>Pohja<\/strong> Joustava ja eritt\u00e4in pit\u00e4v\u00e4 PU\/kumipohja. Kevyt, kest\u00e4v\u00e4 ja tehokkaasti iskuja vaimentava rakenne.<br \/>\n<strong>P\u00e4\u00e4llinen <\/strong>Kest\u00e4v\u00e4, nopeasti kuivuva ja hengitt\u00e4v\u00e4 mikrokuitu\/nupukki\/tekstiili\/mesh.<br \/>\n<strong>Vuori <\/strong>Kest\u00e4v\u00e4 ja hengitt\u00e4v\u00e4 polyesterivuori, jossa lis\u00e4vahvike kantap\u00e4\u00e4ss\u00e4.<br \/>\n<strong>Sis\u00e4pohja <\/strong>Iskuja vaimentava, hengitt\u00e4v\u00e4, kosteutta siirt\u00e4v\u00e4 ja kest\u00e4v\u00e4 PU-sis\u00e4pohja.<\/p>\n<h3 data-start=\"878\" data-end=\"952\">Erityisominaisuudet<\/h3>\n<ul>\n<li>Eritt\u00e4in kevyt ja joustava CoverCoat\u00ae-kuituinen naulaanastumissuoja<\/li>\n<li>BOA\u00ae Fit System<\/li>\n<li>ESD-hyv\u00e4ksytty<\/li>\n<li>PVC-vapaa<\/li>\n<\/ul>\n<h3>Toimialat<\/h3>\n<ul>\n<li data-start=\"1120\" data-end=\"1141\">Rakennus ja k\u00e4sity\u00f6<\/li>\n<li data-start=\"1144\" data-end=\"1162\">Kevyt teollisuus<\/li>\n<\/ul>\n<p data-start=\"1164\" data-end=\"1245\"><strong data-start=\"1164\" data-end=\"1178\">Sukupuoli:<\/strong> Unisex<br data-start=\"1185\" data-end=\"1188\" \/><strong data-start=\"1188\" data-end=\"1198\">Paino:<\/strong> 0,58 kg (1 kenk\u00e4, koko 42)<br data-start=\"1225\" data-end=\"1228\" \/><strong data-start=\"1228\" data-end=\"1237\">Koot:<\/strong> 40\u201348<\/p>\n<\/div>\n<\/div>\n<\/div>\n<\/div>\n","protected":false},"excerpt":{"rendered":"<p>BRYNJE Athletic on kevyt ja joustava S1P-turvakenk\u00e4 ammattik\u00e4ytt\u00f6\u00f6n. BOA\u00ae Fit System takaa nopean ja tarkan istuvuuden, kun taas hengitt\u00e4v\u00e4 rakenne ja iskuja vaimentava PU\/kumipohja lis\u00e4\u00e4v\u00e4t k\u00e4ytt\u00f6mukavuutta koko ty\u00f6p\u00e4iv\u00e4n ajan. ESD-hyv\u00e4ksytty ja PVC-vapaa malli soveltuu rakennusalalle ja kevyeen teollisuuteen, tarjoten erinomaisen pidon ja suojan.<\/p>\n","protected":false},"featured_media":111685,"comment_status":"closed","ping_status":"closed","template":"","meta":[],"product_brand":[],"product_cat":[1014],"product_tag":[1011],"class_list":{"0":"post-111626","1":"product","2":"type-product","3":"status-publish","4":"has-post-thumbnail","6":"product_cat-brynje","7":"product_tag-sikaff","8":"pa_brand-brynje","9":"pa_color-svart","10":"pa_size-697","11":"pa_size-1022","12":"pa_size-698","13":"pa_size-1023","14":"pa_size-699","15":"pa_size-1024","16":"pa_size-700","17":"pa_size-1025","18":"pa_size-945","20":"first","21":"instock","22":"shipping-taxable","23":"purchasable","24":"product-type-variable"},"_links":{"self":[{"href":"https:\/\/arcticas.fi\/fi\/wp-json\/wp\/v2\/product\/111626","targetHints":{"allow":["GET"]}}],"collection":[{"href":"https:\/\/arcticas.fi\/fi\/wp-json\/wp\/v2\/product"}],"about":[{"href":"https:\/\/arcticas.fi\/fi\/wp-json\/wp\/v2\/types\/product"}],"replies":[{"embeddable":true,"href":"https:\/\/arcticas.fi\/fi\/wp-json\/wp\/v2\/comments?post=111626"}],"wp:featuredmedia":[{"embeddable":true,"href":"https:\/\/arcticas.fi\/fi\/wp-json\/wp\/v2\/media\/111685"}],"wp:attachment":[{"href":"https:\/\/arcticas.fi\/fi\/wp-json\/wp\/v2\/media?parent=111626"}],"wp:term":[{"taxonomy":"product_brand","embeddable":true,"href":"https:\/\/arcticas.fi\/fi\/wp-json\/wp\/v2\/product_brand?post=111626"},{"taxonomy":"product_cat","embeddable":true,"href":"https:\/\/arcticas.fi\/fi\/wp-json\/wp\/v2\/product_cat?post=111626"},{"taxonomy":"product_tag","embeddable":true,"href":"https:\/\/arcticas.fi\/fi\/wp-json\/wp\/v2\/product_tag?post=111626"}],"curies":[{"name":"wp","href":"https:\/\/api.w.org\/{rel}","templated":true}]}}