{"id":111625,"date":"2026-02-26T17:28:43","date_gmt":"2026-02-26T17:28:43","guid":{"rendered":"https:\/\/arcticas.fi\/fi\/?post_type=product&#038;p=111625"},"modified":"2026-03-08T09:03:26","modified_gmt":"2026-03-08T09:03:26","slug":"brynje-green-sprinter-turvajalkineet-s1p-esd","status":"publish","type":"product","link":"https:\/\/arcticas.fi\/fi\/product\/brynje-green-sprinter-turvajalkineet-s1p-esd\/","title":{"rendered":"BRYNJE Green Sprinter Turvajalkineet S1P ESD"},"content":{"rendered":"<div class=\"e-product-text-container\">\n<div class=\"e-product-text\">\n<p>Joustavat, kevyet ja kest\u00e4v\u00e4t turvajalkineet nopealla ja helppok\u00e4ytt\u00f6isell\u00e4 kiristysny\u00f6rij\u00e4rjestelm\u00e4ll\u00e4. Valmistettu kest\u00e4v\u00e4st\u00e4, nopeasti kuivuvasta ja hengitt\u00e4v\u00e4st\u00e4 tekstiilimateriaalista. Eritt\u00e4in liukumaton ja iskuja vaimentava PU\/kumi-ulkopohja takaa erinomaisen pidon<a href=\"https:\/\/arcticas.fi\/fi\/product\/brynje-green-sprinter-s1p-src-309\/\" target=\"_blank\" rel=\"noopener\">.<\/a> Pehme\u00e4, hengitt\u00e4v\u00e4 ja iskuja vaimentava sis\u00e4pohja lis\u00e4\u00e4 k\u00e4ytt\u00f6mukavuutta ja v\u00e4hent\u00e4\u00e4 rasitusta niveliss\u00e4, jaloissa ja sel\u00e4ss\u00e4. Hengitt\u00e4v\u00e4 vuori on vahvistettu kantap\u00e4\u00e4st\u00e4. ESD-hyv\u00e4ksytty ja PVC-vapaa.<\/p>\n<hr \/>\n<p><img loading=\"lazy\" decoding=\"async\" class=\"mb-2\" title=\"SRC,S1P\" src=\"https:\/\/www.sikafootwear.eu\/Files\/Templates\/designs\/sika\/_assets\/img\/sika-icons\/sika-icon-godkendelse-s1p.png\" alt=\"SRC,S1P\" width=\"45\" height=\"45\" \/>\u00a0<img loading=\"lazy\" decoding=\"async\" class=\"mb-2\" title=\"src\" src=\"https:\/\/www.sikafootwear.eu\/Files\/Templates\/designs\/sika\/_assets\/img\/sika-icons\/sika-icon-skridsikkerhed-src.png\" alt=\"src\" width=\"45\" height=\"45\" \/>\u00a0<img loading=\"lazy\" decoding=\"async\" class=\"mb-2\" title=\"composite\" src=\"https:\/\/www.sikafootwear.eu\/Files\/Templates\/designs\/sika\/_assets\/img\/sika-icons\/sika-icon-toeprotection-composite.png\" alt=\"composite\" width=\"45\" height=\"45\" \/>\u00a0<img loading=\"lazy\" decoding=\"async\" class=\"mb-2\" title=\"fiber\" src=\"https:\/\/www.sikafootwear.eu\/Files\/Templates\/designs\/sika\/_assets\/img\/sika-icons\/sika-icon-nailproctection-fiber.png\" alt=\"fiber\" width=\"45\" height=\"45\" \/>\u00a0<img loading=\"lazy\" decoding=\"async\" class=\"mb-2\" title=\"Oil and Gas Resistant\" src=\"https:\/\/www.sikafootwear.eu\/Files\/Templates\/designs\/sika\/_assets\/img\/sika-icons\/sika-icon-oilandgasresistant.png\" alt=\"Oil and Gas Resistant\" width=\"45\" height=\"45\" \/>\u00a0<img loading=\"lazy\" decoding=\"async\" class=\"mb-2\" title=\"ESD Approved\" src=\"https:\/\/www.sikafootwear.eu\/Files\/Templates\/designs\/sika\/_assets\/img\/sika-icons\/sika-icon-esdapproved.png\" alt=\"ESD Approved\" width=\"45\" height=\"45\" \/><\/p>\n<\/div>\n<div>\n<div class=\"col-12 col-md-10 col-lg-8 col-xl-6 mx-auto\">\n<div class=\"e-product-section-header\" data-toggle=\"collapse\" data-target=\"#collapse-PROD5454-00\" aria-expanded=\"true\">\n<h3>BRYNJE Green Sprinter Ominaisuudet<\/h3>\n<p data-start=\"502\" data-end=\"579\"><strong data-start=\"502\" data-end=\"515\">CE-normi:<\/strong> EN ISO 20345:2011<br data-start=\"533\" data-end=\"536\" \/><strong data-start=\"536\" data-end=\"556\">CE-sertifiointi:<\/strong> S1P<br data-start=\"560\" data-end=\"563\" \/><strong data-start=\"563\" data-end=\"573\">Sarja:<\/strong> 300<br \/>\n<strong data-start=\"581\" data-end=\"595\">Ulkopohja:<\/strong> Joustava ja eritt\u00e4in liukumaton PU\/kumi-ulkopohja. Kevyt, kest\u00e4v\u00e4 ja iskuja vaimentava.<br data-start=\"683\" data-end=\"686\" \/><strong data-start=\"686\" data-end=\"700\">P\u00e4\u00e4llinen:<\/strong> Kest\u00e4v\u00e4, nopeasti kuivuva ja hengitt\u00e4v\u00e4 tekstiili.<br data-start=\"751\" data-end=\"754\" \/><strong data-start=\"754\" data-end=\"764\">Vuori:<\/strong> Kest\u00e4v\u00e4 ja hengitt\u00e4v\u00e4 polyesterivuori, jossa lis\u00e4vahvike kantap\u00e4\u00e4ss\u00e4.<br data-start=\"834\" data-end=\"837\" \/><strong data-start=\"837\" data-end=\"851\">Sis\u00e4pohja:<\/strong> Iskuja vaimentava, hengitt\u00e4v\u00e4, kosteutta siirt\u00e4v\u00e4 ja kest\u00e4v\u00e4 PU-sis\u00e4pohja.<\/p>\n<h3 data-start=\"930\" data-end=\"956\"><strong data-start=\"930\" data-end=\"954\">Erityisominaisuudet:<\/strong><\/h3>\n<ul>\n<li data-start=\"959\" data-end=\"1003\">Nopea ja helppok\u00e4ytt\u00f6inen kiristysny\u00f6ritys<\/li>\n<li data-start=\"1006\" data-end=\"1022\">ESD-hyv\u00e4ksytty<\/li>\n<li data-start=\"1025\" data-end=\"1036\">PVC-vapaa<\/li>\n<\/ul>\n<h3 data-start=\"1038\" data-end=\"1054\"><strong data-start=\"1038\" data-end=\"1052\">Toimialat:<\/strong><\/h3>\n<ul>\n<li data-start=\"1057\" data-end=\"1082\">Rakentaminen ja k\u00e4sity\u00f6<\/li>\n<li data-start=\"1085\" data-end=\"1110\">Kuljetus ja varastointi<\/li>\n<\/ul>\n<p data-start=\"1112\" data-end=\"1197\"><strong data-start=\"1112\" data-end=\"1126\">Sukupuoli:<\/strong> Unisex<br data-start=\"1133\" data-end=\"1136\" \/><strong data-start=\"1136\" data-end=\"1146\">Paino:<\/strong> 0,640 kg (yksi kenk\u00e4, koko 42)<br data-start=\"1177\" data-end=\"1180\" \/><strong data-start=\"1180\" data-end=\"1189\">Koot:<\/strong> 41\u201348<\/p>\n<\/div>\n<\/div>\n<\/div>\n<\/div>\n","protected":false},"excerpt":{"rendered":"<p>BRYNJE Green Sprinter on kevyt ja joustava S1P-turvakenk\u00e4 vaativaan ty\u00f6h\u00f6n. Hengitt\u00e4v\u00e4 ja nopeasti kuivuva tekstiilip\u00e4\u00e4llinen, ESD-hyv\u00e4ksynt\u00e4 sek\u00e4 eritt\u00e4in pit\u00e4v\u00e4 PU\/kumi-ulkopohja takaavat turvallisuuden ja mukavuuden. Iskuja vaimentava sis\u00e4pohja v\u00e4hent\u00e4\u00e4 rasitusta pitkiss\u00e4 ty\u00f6vuoroissa. Erinomainen valinta rakennus-, kuljetus- ja varastoalan ammattilaisille, jotka arvostavat kest\u00e4vyytt\u00e4, pitoa ja k\u00e4ytt\u00f6mukavuutta.<\/p>\n","protected":false},"featured_media":111675,"comment_status":"closed","ping_status":"closed","template":"","meta":[],"product_brand":[],"product_cat":[1014],"product_tag":[1011],"class_list":{"0":"post-111625","1":"product","2":"type-product","3":"status-publish","4":"has-post-thumbnail","6":"product_cat-brynje","7":"product_tag-sikaff","8":"pa_brand-brynje","9":"pa_color-svart","10":"pa_size-1022","11":"pa_size-698","12":"pa_size-1023","13":"pa_size-699","14":"pa_size-1024","15":"pa_size-700","16":"pa_size-1025","17":"pa_size-945","19":"first","20":"instock","21":"shipping-taxable","22":"purchasable","23":"product-type-variable"},"_links":{"self":[{"href":"https:\/\/arcticas.fi\/fi\/wp-json\/wp\/v2\/product\/111625","targetHints":{"allow":["GET"]}}],"collection":[{"href":"https:\/\/arcticas.fi\/fi\/wp-json\/wp\/v2\/product"}],"about":[{"href":"https:\/\/arcticas.fi\/fi\/wp-json\/wp\/v2\/types\/product"}],"replies":[{"embeddable":true,"href":"https:\/\/arcticas.fi\/fi\/wp-json\/wp\/v2\/comments?post=111625"}],"wp:featuredmedia":[{"embeddable":true,"href":"https:\/\/arcticas.fi\/fi\/wp-json\/wp\/v2\/media\/111675"}],"wp:attachment":[{"href":"https:\/\/arcticas.fi\/fi\/wp-json\/wp\/v2\/media?parent=111625"}],"wp:term":[{"taxonomy":"product_brand","embeddable":true,"href":"https:\/\/arcticas.fi\/fi\/wp-json\/wp\/v2\/product_brand?post=111625"},{"taxonomy":"product_cat","embeddable":true,"href":"https:\/\/arcticas.fi\/fi\/wp-json\/wp\/v2\/product_cat?post=111625"},{"taxonomy":"product_tag","embeddable":true,"href":"https:\/\/arcticas.fi\/fi\/wp-json\/wp\/v2\/product_tag?post=111625"}],"curies":[{"name":"wp","href":"https:\/\/api.w.org\/{rel}","templated":true}]}}