{"id":111624,"date":"2026-02-26T17:28:43","date_gmt":"2026-02-26T17:28:43","guid":{"rendered":"https:\/\/arcticas.fi\/fi\/?post_type=product&#038;p=111624"},"modified":"2026-03-08T09:03:03","modified_gmt":"2026-03-08T09:03:03","slug":"brynje-blue-style-turvasandaali-s1p-esd","status":"publish","type":"product","link":"https:\/\/arcticas.fi\/fi\/product\/brynje-blue-style-turvasandaali-s1p-esd\/","title":{"rendered":"BRYNJE Blue Style Turvasandaali S1P ESD"},"content":{"rendered":"<p>Joustava, kevyt ja kest\u00e4v\u00e4 turvasandaali BRYNJE Blue BOA\u00ae Fit System -kiinnityksell\u00e4. Sandaali on valmistettu nopeasti kuivuvasta ja hengitt\u00e4v\u00e4st\u00e4 mikrokuidusta, jossa on eritt\u00e4in v\u00e4h\u00e4n saumoja. Helppo puhdistaa. Eritt\u00e4in pit\u00e4v\u00e4 ja iskuja vaimentava PU\/kumi-ulkopohja takaa erinomaisen pidon. Pehme\u00e4<a href=\"https:\/\/arcticas.fi\/fi\/product\/brynje-blue-style-s1p-302\/\" target=\"_blank\" rel=\"noopener\">,<\/a> hengitt\u00e4v\u00e4 ja iskuja vaimentava sis\u00e4pohja lis\u00e4\u00e4 k\u00e4ytt\u00f6mukavuutta ja v\u00e4hent\u00e4\u00e4 rasitusta niveliss\u00e4, jaloissa ja sel\u00e4ss\u00e4. Vuori on hengitt\u00e4v\u00e4\u00e4 materiaalia ja vahvistettu kantap\u00e4\u00e4st\u00e4. ESD-hyv\u00e4ksytty ja PVC-vapaa.<\/p>\n<hr \/>\n<p><img loading=\"lazy\" decoding=\"async\" class=\"mb-2\" title=\"SRC,S1P\" src=\"https:\/\/www.sikafootwear.eu\/Files\/Templates\/designs\/sika\/_assets\/img\/sika-icons\/sika-icon-godkendelse-s1p.png\" alt=\"SRC,S1P\" width=\"45\" height=\"45\" \/>\u00a0<img loading=\"lazy\" decoding=\"async\" class=\"mb-2\" title=\"src\" src=\"https:\/\/www.sikafootwear.eu\/Files\/Templates\/designs\/sika\/_assets\/img\/sika-icons\/sika-icon-skridsikkerhed-src.png\" alt=\"src\" width=\"45\" height=\"45\" \/>\u00a0<img loading=\"lazy\" decoding=\"async\" class=\"mb-2\" title=\"composite\" src=\"https:\/\/www.sikafootwear.eu\/Files\/Templates\/designs\/sika\/_assets\/img\/sika-icons\/sika-icon-toeprotection-composite.png\" alt=\"composite\" width=\"45\" height=\"45\" \/>\u00a0<img loading=\"lazy\" decoding=\"async\" class=\"mb-2\" title=\"fiber\" src=\"https:\/\/www.sikafootwear.eu\/Files\/Templates\/designs\/sika\/_assets\/img\/sika-icons\/sika-icon-nailproctection-fiber.png\" alt=\"fiber\" width=\"45\" height=\"45\" \/>\u00a0<img loading=\"lazy\" decoding=\"async\" class=\"mb-2\" title=\"Oil and Gas Resistant\" src=\"https:\/\/www.sikafootwear.eu\/Files\/Templates\/designs\/sika\/_assets\/img\/sika-icons\/sika-icon-oilandgasresistant.png\" alt=\"Oil and Gas Resistant\" width=\"45\" height=\"45\" \/>\u00a0<img loading=\"lazy\" decoding=\"async\" class=\"mb-2\" title=\"ESD Approved\" src=\"https:\/\/www.sikafootwear.eu\/Files\/Templates\/designs\/sika\/_assets\/img\/sika-icons\/sika-icon-esdapproved.png\" alt=\"ESD Approved\" width=\"45\" height=\"45\" \/>\u00a0<img loading=\"lazy\" decoding=\"async\" class=\"mb-2\" title=\"Boa\u00ae Fit System\" src=\"https:\/\/www.sikafootwear.eu\/Files\/Templates\/designs\/sika\/_assets\/img\/sika-icons\/sika-icon-boa.png\" alt=\"Boa\u00ae Fit System\" width=\"45\" height=\"45\" \/><\/p>\n<h3>BRYNJE Blue Ominaisuudet<\/h3>\n<p data-start=\"555\" data-end=\"632\"><strong data-start=\"555\" data-end=\"568\">CE-normi:<\/strong> EN ISO 20345:2011<br data-start=\"586\" data-end=\"589\" \/><strong data-start=\"589\" data-end=\"609\">CE-sertifiointi:<\/strong> S1P<br data-start=\"613\" data-end=\"616\" \/><strong data-start=\"616\" data-end=\"626\">Sarja:<\/strong> 300<br \/>\n<strong data-start=\"634\" data-end=\"648\">Ulkopohja:<\/strong> Joustava ja eritt\u00e4in liukastumista est\u00e4v\u00e4 PU\/kumi-ulkopohja. Kevyt, kest\u00e4v\u00e4 ja iskuja vaimentava.<br \/>\n<strong data-start=\"750\" data-end=\"764\">P\u00e4\u00e4llinen:<\/strong> Kest\u00e4v\u00e4, nopeasti kuivuva ja hengitt\u00e4v\u00e4 mikrokuitu, jossa on eritt\u00e4in v\u00e4h\u00e4n saumoja. Helppo puhdistaa.<br \/>\n<strong data-start=\"871\" data-end=\"881\">Vuori:<\/strong> Kest\u00e4v\u00e4 ja hengitt\u00e4v\u00e4 polyesterivuori, jossa lis\u00e4vahvistus kantap\u00e4\u00e4ss\u00e4.<br \/>\n<strong data-start=\"957\" data-end=\"971\">Sis\u00e4pohja:<\/strong> Iskuja vaimentava, hengitt\u00e4v\u00e4, kosteutta siirt\u00e4v\u00e4 ja kest\u00e4v\u00e4 PU-sis\u00e4pohja.<\/p>\n<h3 data-start=\"1050\" data-end=\"1076\"><strong data-start=\"1050\" data-end=\"1074\">Erityisominaisuudet:<\/strong><\/h3>\n<ul>\n<li data-start=\"1079\" data-end=\"1143\">Eritt\u00e4in kevyt ja joustava CoverCoat\u00ae-kuituinen suojav\u00e4lipohja<\/li>\n<li data-start=\"1146\" data-end=\"1185\">BOA\u00ae Fit System -kiinnitysj\u00e4rjestelm\u00e4<\/li>\n<li data-start=\"1188\" data-end=\"1204\">ESD-hyv\u00e4ksytty<\/li>\n<li data-start=\"1207\" data-end=\"1218\">PVC-vapaa<\/li>\n<\/ul>\n<h3 data-start=\"1220\" data-end=\"1236\"><strong data-start=\"1220\" data-end=\"1234\">Toimialat:<\/strong><\/h3>\n<ul>\n<li data-start=\"1239\" data-end=\"1264\">Rakennus ja k\u00e4sity\u00f6alat<\/li>\n<li data-start=\"1267\" data-end=\"1292\">Kuljetus ja varastointi<\/li>\n<\/ul>\n<p data-start=\"1294\" data-end=\"1378\"><strong data-start=\"1294\" data-end=\"1308\">Sukupuoli:<\/strong> Unisex<br data-start=\"1315\" data-end=\"1318\" \/><strong data-start=\"1318\" data-end=\"1328\">Paino:<\/strong> 0,58 kg (koko 42, yksi kenk\u00e4)<br data-start=\"1358\" data-end=\"1361\" \/><strong data-start=\"1361\" data-end=\"1370\">Koot:<\/strong> 35\u201348<\/p>\n","protected":false},"excerpt":{"rendered":"<p>BRYNJE Blue on kevyt ja hengitt\u00e4v\u00e4 S1P-turvasandaali vaativaan ammattik\u00e4ytt\u00f6\u00f6n. BOA\u00ae Fit System takaa nopean ja tarkan istuvuuden, kun taas liukastumista est\u00e4v\u00e4 PU\/kumipohja ja iskuja vaimentava rakenne lis\u00e4\u00e4v\u00e4t turvallisuutta ja mukavuutta. ESD-hyv\u00e4ksytty, PVC-vapaa ja kest\u00e4v\u00e4 valinta rakennus-, kuljetus- ja varastoaloille.<\/p>\n","protected":false},"featured_media":111668,"comment_status":"closed","ping_status":"closed","template":"","meta":[],"product_brand":[],"product_cat":[1014],"product_tag":[1011],"class_list":{"0":"post-111624","1":"product","2":"type-product","3":"status-publish","4":"has-post-thumbnail","6":"product_cat-brynje","7":"product_tag-sikaff","8":"pa_brand-brynje","9":"pa_color-svart","10":"pa_size-1042","11":"pa_size-701","12":"pa_size-1020","13":"pa_size-702","14":"pa_size-1021","15":"pa_size-697","16":"pa_size-1022","17":"pa_size-698","18":"pa_size-1023","19":"pa_size-699","20":"pa_size-1024","21":"pa_size-700","22":"pa_size-1025","23":"pa_size-945","25":"first","26":"instock","27":"shipping-taxable","28":"purchasable","29":"product-type-variable"},"_links":{"self":[{"href":"https:\/\/arcticas.fi\/fi\/wp-json\/wp\/v2\/product\/111624","targetHints":{"allow":["GET"]}}],"collection":[{"href":"https:\/\/arcticas.fi\/fi\/wp-json\/wp\/v2\/product"}],"about":[{"href":"https:\/\/arcticas.fi\/fi\/wp-json\/wp\/v2\/types\/product"}],"replies":[{"embeddable":true,"href":"https:\/\/arcticas.fi\/fi\/wp-json\/wp\/v2\/comments?post=111624"}],"wp:featuredmedia":[{"embeddable":true,"href":"https:\/\/arcticas.fi\/fi\/wp-json\/wp\/v2\/media\/111668"}],"wp:attachment":[{"href":"https:\/\/arcticas.fi\/fi\/wp-json\/wp\/v2\/media?parent=111624"}],"wp:term":[{"taxonomy":"product_brand","embeddable":true,"href":"https:\/\/arcticas.fi\/fi\/wp-json\/wp\/v2\/product_brand?post=111624"},{"taxonomy":"product_cat","embeddable":true,"href":"https:\/\/arcticas.fi\/fi\/wp-json\/wp\/v2\/product_cat?post=111624"},{"taxonomy":"product_tag","embeddable":true,"href":"https:\/\/arcticas.fi\/fi\/wp-json\/wp\/v2\/product_tag?post=111624"}],"curies":[{"name":"wp","href":"https:\/\/api.w.org\/{rel}","templated":true}]}}