{"id":111623,"date":"2026-02-26T17:28:43","date_gmt":"2026-02-26T17:28:43","guid":{"rendered":"https:\/\/arcticas.fi\/fi\/?post_type=product&#038;p=111623"},"modified":"2026-03-08T09:02:47","modified_gmt":"2026-03-08T09:02:47","slug":"brynje-flex-fit-111-pistokas-s3l","status":"publish","type":"product","link":"https:\/\/arcticas.fi\/fi\/product\/brynje-flex-fit-111-pistokas-s3l\/","title":{"rendered":"BRYNJE Flex Fit 111 Pistokas S3L"},"content":{"rendered":"<p>Kevyt ja joustava pistokas hengitt\u00e4v\u00e4st\u00e4 ja kest\u00e4v\u00e4st\u00e4 Permair\u00ae-nahasta. Pehme\u00e4 jalkap\u00f6yd\u00e4n pehmuste lis\u00e4\u00e4 k\u00e4ytt\u00f6mukavuutta. Liukumaton ja iskuja vaimentava ulkopohja takaa turvallisen pidon. Pehme\u00e4, iskuja vaimentava ja vaihdettava sis\u00e4pohja tarjoaa erinomaista holvitukea<a href=\"https:\/\/arcticas.fi\/fi\/product\/brynje-flex-fit-with-heel-cap-111\/\" target=\"_blank\" rel=\"noopener\">.<\/a> ProNose-vahvike parantaa kulutuskest\u00e4vyytt\u00e4.<\/p>\n<hr \/>\n<p><img loading=\"lazy\" decoding=\"async\" class=\"mb-2\" title=\"S3L,SR\" src=\"https:\/\/www.sikafootwear.eu\/Files\/Templates\/designs\/sika\/_assets\/img\/sika-icons\/sika-icon-godkendelse-s3l.png\" alt=\"S3L,SR\" width=\"45\" height=\"45\" \/>\u00a0<img loading=\"lazy\" decoding=\"async\" class=\"mb-2\" title=\"sr\" src=\"https:\/\/www.sikafootwear.eu\/Files\/Templates\/designs\/sika\/_assets\/img\/sika-icons\/sika-icon-skridsikkerhed-sr.png\" alt=\"sr\" width=\"45\" height=\"45\" \/>\u00a0<img loading=\"lazy\" decoding=\"async\" class=\"mb-2\" title=\"alu\" src=\"https:\/\/www.sikafootwear.eu\/Files\/Templates\/designs\/sika\/_assets\/img\/sika-icons\/sika-icon-toeprotection-alu.png\" alt=\"alu\" width=\"45\" height=\"45\" \/>\u00a0<img loading=\"lazy\" decoding=\"async\" class=\"mb-2\" title=\"fiber\" src=\"https:\/\/www.sikafootwear.eu\/Files\/Templates\/designs\/sika\/_assets\/img\/sika-icons\/sika-icon-nailproctection-fiber.png\" alt=\"fiber\" width=\"45\" height=\"45\" \/>\u00a0<img loading=\"lazy\" decoding=\"async\" class=\"mb-2\" title=\"Oil and Gas Resistant\" src=\"https:\/\/www.sikafootwear.eu\/Files\/Templates\/designs\/sika\/_assets\/img\/sika-icons\/sika-icon-oilandgasresistant.png\" alt=\"Oil and Gas Resistant\" width=\"45\" height=\"45\" \/>\u00a0<img loading=\"lazy\" decoding=\"async\" class=\"mb-2\" title=\"Pro Nose\" src=\"https:\/\/www.sikafootwear.eu\/Files\/Templates\/designs\/sika\/_assets\/img\/sika-icons\/sika-icon-pronose.png\" alt=\"Pro Nose\" width=\"45\" height=\"45\" \/>\u00a0<img loading=\"lazy\" decoding=\"async\" class=\"mb-2\" title=\"Ladder Grip\" src=\"https:\/\/www.sikafootwear.eu\/Files\/Templates\/designs\/sika\/_assets\/img\/sika-icons\/sika-icon-laddergrip.png\" alt=\"Ladder Grip\" width=\"45\" height=\"45\" \/><\/p>\n<div class=\"col-12 col-md-10 col-lg-8 col-xl-6 mx-auto\">\n<h3 class=\"e-product-section-header collapsed\" data-toggle=\"collapse\" data-target=\"#collapse-PROD1551-00\" aria-expanded=\"false\">BRYNJE Flex Fit Ominaisuudet<\/h3>\n<p data-start=\"341\" data-end=\"426\"><strong data-start=\"341\" data-end=\"354\">CE-normi:<\/strong> EN ISO 20345:2022<br data-start=\"372\" data-end=\"375\" \/><strong data-start=\"375\" data-end=\"395\">CE-sertifiointi:<\/strong> S3L, FO, SC<br data-start=\"407\" data-end=\"410\" \/><strong data-start=\"410\" data-end=\"420\">Sarja:<\/strong> 100<br \/>\n<strong data-start=\"428\" data-end=\"442\">Ulkopohja:<\/strong> Liukumaton, iskuja vaimentava ja joustava PU-ulkopohja<br data-start=\"497\" data-end=\"500\" \/><strong data-start=\"500\" data-end=\"514\">P\u00e4\u00e4llinen:<\/strong> Kest\u00e4v\u00e4, hengitt\u00e4v\u00e4 ja vett\u00e4 hylkiv\u00e4 Permair\u00ae-nahka<br data-start=\"566\" data-end=\"569\" \/><strong data-start=\"569\" data-end=\"579\">Vuori:<\/strong> Hike\u00e4 imev\u00e4 ja hengitt\u00e4v\u00e4 Politex-vuori, nopeasti kuivuva ja kulutusta kest\u00e4v\u00e4<br data-start=\"658\" data-end=\"661\" \/><strong data-start=\"661\" data-end=\"675\">Sis\u00e4pohja:<\/strong> Pehme\u00e4, iskuja vaimentava ja vaihdettava sis\u00e4pohja erinomaisella holvituella<\/p>\n<h3 data-start=\"756\" data-end=\"829\"><strong data-start=\"756\" data-end=\"780\">Erityisominaisuudet:<\/strong><\/h3>\n<ul>\n<li data-start=\"756\" data-end=\"829\">Pehme\u00e4 jalkap\u00f6yd\u00e4n pehmuste lis\u00e4\u00e4 mukavuutta<\/li>\n<\/ul>\n<h3 data-start=\"831\" data-end=\"971\"><strong data-start=\"831\" data-end=\"845\">Toimialat:<\/strong><\/h3>\n<ul>\n<li data-start=\"831\" data-end=\"971\">Maatalous, mets\u00e4talous ja kalastus<\/li>\n<li data-start=\"831\" data-end=\"971\">Raskas teollisuus<\/li>\n<li data-start=\"831\" data-end=\"971\">Rakennus ja k\u00e4sity\u00f6<\/li>\n<li data-start=\"831\" data-end=\"971\">Kuljetus ja varastointi<\/li>\n<li data-start=\"831\" data-end=\"971\">Kevyt teollisuus<\/li>\n<\/ul>\n<p data-start=\"973\" data-end=\"1057\"><strong data-start=\"973\" data-end=\"987\">Sukpuoli:<\/strong> Unisex<br data-start=\"994\" data-end=\"997\" \/><strong data-start=\"997\" data-end=\"1007\">Paino:<\/strong> 0,55 kg (yksi kenk\u00e4, koko 42)<br data-start=\"1037\" data-end=\"1040\" \/><strong data-start=\"1040\" data-end=\"1049\">Koot:<\/strong> 36\u201348<\/p>\n<\/div>\n","protected":false},"excerpt":{"rendered":"<p>BRYNJE Flex Fit on kevyt ja joustava S3L-turvapistokas vaativaan ammattik\u00e4ytt\u00f6\u00f6n. Hengitt\u00e4v\u00e4 ja vett\u00e4 hylkiv\u00e4 Permair\u00ae-nahka, liukumaton PU-ulkopohja sek\u00e4 iskuja vaimentava rakenne takaavat turvallisuuden ja mukavuuden koko ty\u00f6p\u00e4iv\u00e4ksi. Vaihdettava, holvitukea antava sis\u00e4pohja ja ProNose-kulutussuoja tekev\u00e4t keng\u00e4st\u00e4 erinomaisen valinnan teollisuuteen, rakentamiseen ja logistiikkaan.<\/p>\n","protected":false},"featured_media":111659,"comment_status":"closed","ping_status":"closed","template":"","meta":[],"product_brand":[],"product_cat":[1014],"product_tag":[1011],"class_list":{"0":"post-111623","1":"product","2":"type-product","3":"status-publish","4":"has-post-thumbnail","6":"product_cat-brynje","7":"product_tag-sikaff","8":"pa_brand-brynje","9":"pa_color-svart","10":"pa_size-701","11":"pa_size-1020","12":"pa_size-702","13":"pa_size-1021","14":"pa_size-697","15":"pa_size-1022","16":"pa_size-698","17":"pa_size-1023","18":"pa_size-699","19":"pa_size-1024","20":"pa_size-700","21":"pa_size-1025","22":"pa_size-945","24":"first","25":"instock","26":"shipping-taxable","27":"purchasable","28":"product-type-variable"},"_links":{"self":[{"href":"https:\/\/arcticas.fi\/fi\/wp-json\/wp\/v2\/product\/111623","targetHints":{"allow":["GET"]}}],"collection":[{"href":"https:\/\/arcticas.fi\/fi\/wp-json\/wp\/v2\/product"}],"about":[{"href":"https:\/\/arcticas.fi\/fi\/wp-json\/wp\/v2\/types\/product"}],"replies":[{"embeddable":true,"href":"https:\/\/arcticas.fi\/fi\/wp-json\/wp\/v2\/comments?post=111623"}],"wp:featuredmedia":[{"embeddable":true,"href":"https:\/\/arcticas.fi\/fi\/wp-json\/wp\/v2\/media\/111659"}],"wp:attachment":[{"href":"https:\/\/arcticas.fi\/fi\/wp-json\/wp\/v2\/media?parent=111623"}],"wp:term":[{"taxonomy":"product_brand","embeddable":true,"href":"https:\/\/arcticas.fi\/fi\/wp-json\/wp\/v2\/product_brand?post=111623"},{"taxonomy":"product_cat","embeddable":true,"href":"https:\/\/arcticas.fi\/fi\/wp-json\/wp\/v2\/product_cat?post=111623"},{"taxonomy":"product_tag","embeddable":true,"href":"https:\/\/arcticas.fi\/fi\/wp-json\/wp\/v2\/product_tag?post=111623"}],"curies":[{"name":"wp","href":"https:\/\/api.w.org\/{rel}","templated":true}]}}