{"id":111622,"date":"2026-02-26T17:28:42","date_gmt":"2026-02-26T17:28:42","guid":{"rendered":"https:\/\/arcticas.fi\/fi\/?post_type=product&#038;p=111622"},"modified":"2026-03-08T09:03:48","modified_gmt":"2026-03-08T09:03:48","slug":"brynje-flex-fit-110-pistokas-sb","status":"publish","type":"product","link":"https:\/\/arcticas.fi\/fi\/product\/brynje-flex-fit-110-pistokas-sb\/","title":{"rendered":"BRYNJE Flex Fit 110 Pistokas SB"},"content":{"rendered":"<div class=\"e-product-text-container\">\n<div class=\"e-product-text\">Kevyt ja joustava pistokas hengitt\u00e4v\u00e4st\u00e4 ja kest\u00e4v\u00e4st\u00e4 Permair\u00ae-nahasta. Pehme\u00e4 jalkap\u00f6yd\u00e4n pehmuste lis\u00e4\u00e4 k\u00e4ytt\u00f6mukavuutta. Liukumaton ja iskuja vaimentava ulkopohja. Pehme\u00e4<a href=\"https:\/\/arcticas.fi\/fi\/product\/brynje-flex-fit-soft-cloth-110\/\" target=\"_blank\" rel=\"noopener\">,<\/a> iskuja vaimentava ja vaihdettava sis\u00e4pohjallinen tarjoaa erinomaisen holvituen. Varustettu ProNose-vahvikkeella lis\u00e4kest\u00e4vyytt\u00e4 varten.<\/div>\n<div><\/div>\n<\/div>\n<div>\n<hr \/>\n<\/div>\n<div><img loading=\"lazy\" decoding=\"async\" class=\"mb-2\" title=\"SR,SB\" src=\"https:\/\/www.sikafootwear.eu\/Files\/Templates\/designs\/sika\/_assets\/img\/sika-icons\/sika-icon-godkendelse-sb.png\" alt=\"SR,SB\" width=\"50\" height=\"50\" \/>\u00a0<img loading=\"lazy\" decoding=\"async\" class=\"mb-2\" title=\"sr\" src=\"https:\/\/www.sikafootwear.eu\/Files\/Templates\/designs\/sika\/_assets\/img\/sika-icons\/sika-icon-skridsikkerhed-sr.png\" alt=\"sr\" width=\"50\" height=\"50\" \/>\u00a0<img loading=\"lazy\" decoding=\"async\" class=\"mb-2\" title=\"alu\" src=\"https:\/\/www.sikafootwear.eu\/Files\/Templates\/designs\/sika\/_assets\/img\/sika-icons\/sika-icon-toeprotection-alu.png\" alt=\"alu\" width=\"50\" height=\"50\" \/>\u00a0<img loading=\"lazy\" decoding=\"async\" class=\"mb-2\" title=\"fiber\" src=\"https:\/\/www.sikafootwear.eu\/Files\/Templates\/designs\/sika\/_assets\/img\/sika-icons\/sika-icon-nailproctection-fiber.png\" alt=\"fiber\" width=\"50\" height=\"50\" \/>\u00a0<img loading=\"lazy\" decoding=\"async\" class=\"mb-2\" title=\"Oil and Gas Resistant\" src=\"https:\/\/www.sikafootwear.eu\/Files\/Templates\/designs\/sika\/_assets\/img\/sika-icons\/sika-icon-oilandgasresistant.png\" alt=\"Oil and Gas Resistant\" width=\"50\" height=\"50\" \/>\u00a0<img loading=\"lazy\" decoding=\"async\" class=\"mb-2\" title=\"Pro Nose\" src=\"https:\/\/www.sikafootwear.eu\/Files\/Templates\/designs\/sika\/_assets\/img\/sika-icons\/sika-icon-pronose.png\" alt=\"Pro Nose\" width=\"50\" height=\"50\" \/>\u00a0<img loading=\"lazy\" decoding=\"async\" class=\"mb-2\" title=\"Ladder Grip\" src=\"https:\/\/www.sikafootwear.eu\/Files\/Templates\/designs\/sika\/_assets\/img\/sika-icons\/sika-icon-laddergrip.png\" alt=\"Ladder Grip\" width=\"50\" height=\"50\" \/><\/div>\n<div>\n<h3>BRYNJE Flex Fit Ominaisuudet<\/h3>\n<p data-start=\"313\" data-end=\"343\"><strong>CE-normi<\/strong> EN ISO 20345:2022<br \/>\n<strong>CE-sertifiointi<\/strong> SB, A, E, PL, WPA, FO, SC<br \/>\n<strong>Sarja<\/strong> 100<br \/>\n<strong>Ulkopohja<\/strong> Liukumaton, iskuja vaimentava ja joustava PU-ulkopohja<br \/>\n<strong>P\u00e4\u00e4llinen<\/strong> Kest\u00e4v\u00e4, hengitt\u00e4v\u00e4 ja vett\u00e4hylkiv\u00e4 Permair\u00ae-nahka<br \/>\n<strong>Vuori<\/strong> Hike\u00e4 imev\u00e4 ja hengitt\u00e4v\u00e4 Politex-vuori. Nopeasti kuivuva ja kest\u00e4v\u00e4<br \/>\n<strong>Sis\u00e4pohja<\/strong>\u00a0Pehme\u00e4, iskuja vaimentava ja vaihdettava sis\u00e4pohjallinen, joka tarjoaa poikkeuksellisen hyv\u00e4n holvituen<\/p>\n<h3 data-start=\"742\" data-end=\"855\">Erityisominaisuudet<\/h3>\n<ul>\n<li data-start=\"742\" data-end=\"855\">Sertifiointi: SB+A+E+PL+WPA+FO+SC+SR<\/li>\n<li data-start=\"742\" data-end=\"855\">Pehme\u00e4 jalkap\u00f6yd\u00e4n pehmuste lis\u00e4\u00e4 k\u00e4ytt\u00f6mukavuutta<\/li>\n<\/ul>\n<h3 data-start=\"857\" data-end=\"1000\">Toimialat<\/h3>\n<ul>\n<li data-start=\"857\" data-end=\"1000\">Maatalous, mets\u00e4talous ja kalastus<\/li>\n<li data-start=\"857\" data-end=\"1000\">Raskas teollisuus<\/li>\n<li data-start=\"857\" data-end=\"1000\">Rakentaminen ja k\u00e4sity\u00f6alat<\/li>\n<li data-start=\"857\" data-end=\"1000\">Kuljetus ja varastointi<\/li>\n<li data-start=\"857\" data-end=\"1000\">Kevyt teollisuus<\/li>\n<\/ul>\n<p data-start=\"1002\" data-end=\"1022\"><strong>Sukupuoli<\/strong> Unisex<br \/>\n<strong>Paino<\/strong> 0,5 kg, Paino koskee yht\u00e4 kenk\u00e4\u00e4 koossa 42<br \/>\n<strong>Koot<\/strong> 36\u201348<\/p>\n<\/div>\n","protected":false},"excerpt":{"rendered":"<div class=\"e-product-text-container\">\n<div class=\"e-product-text\">BRYNJE Flex Fit on kevyt ja joustava turvapistokas vaativiin ty\u00f6olosuhteisiin. Hengitt\u00e4v\u00e4 ja vett\u00e4hylkiv\u00e4 Permair\u00ae-nahka, liukumaton PU-ulkopohja sek\u00e4 iskuja vaimentava, vaihdettava sis\u00e4pohja takaavat maksimaalisen mukavuuden ja turvallisuuden. EN ISO 20345:2022 -sertifioitu malli soveltuu teollisuuteen, rakentamiseen ja logistiikkaan. Erinomainen valinta ammattilaisille, jotka arvostavat kest\u00e4vyytt\u00e4, holvitukea ja k\u00e4ytt\u00f6mukavuutta.<\/div>\n<\/div>\n","protected":false},"featured_media":111652,"comment_status":"closed","ping_status":"closed","template":"","meta":[],"product_brand":[],"product_cat":[1014],"product_tag":[1011],"class_list":{"0":"post-111622","1":"product","2":"type-product","3":"status-publish","4":"has-post-thumbnail","6":"product_cat-brynje","7":"product_tag-sikaff","8":"pa_brand-brynje","9":"pa_color-svart","10":"pa_size-701","11":"pa_size-1020","12":"pa_size-702","13":"pa_size-1021","14":"pa_size-697","15":"pa_size-1022","16":"pa_size-698","17":"pa_size-1023","18":"pa_size-699","19":"pa_size-1024","20":"pa_size-700","21":"pa_size-1025","22":"pa_size-945","24":"first","25":"instock","26":"shipping-taxable","27":"purchasable","28":"product-type-variable"},"_links":{"self":[{"href":"https:\/\/arcticas.fi\/fi\/wp-json\/wp\/v2\/product\/111622","targetHints":{"allow":["GET"]}}],"collection":[{"href":"https:\/\/arcticas.fi\/fi\/wp-json\/wp\/v2\/product"}],"about":[{"href":"https:\/\/arcticas.fi\/fi\/wp-json\/wp\/v2\/types\/product"}],"replies":[{"embeddable":true,"href":"https:\/\/arcticas.fi\/fi\/wp-json\/wp\/v2\/comments?post=111622"}],"wp:featuredmedia":[{"embeddable":true,"href":"https:\/\/arcticas.fi\/fi\/wp-json\/wp\/v2\/media\/111652"}],"wp:attachment":[{"href":"https:\/\/arcticas.fi\/fi\/wp-json\/wp\/v2\/media?parent=111622"}],"wp:term":[{"taxonomy":"product_brand","embeddable":true,"href":"https:\/\/arcticas.fi\/fi\/wp-json\/wp\/v2\/product_brand?post=111622"},{"taxonomy":"product_cat","embeddable":true,"href":"https:\/\/arcticas.fi\/fi\/wp-json\/wp\/v2\/product_cat?post=111622"},{"taxonomy":"product_tag","embeddable":true,"href":"https:\/\/arcticas.fi\/fi\/wp-json\/wp\/v2\/product_tag?post=111622"}],"curies":[{"name":"wp","href":"https:\/\/api.w.org\/{rel}","templated":true}]}}