{"id":108485,"date":"2026-02-26T16:15:50","date_gmt":"2026-02-26T16:15:50","guid":{"rendered":"https:\/\/arcticas.fi\/fi\/?post_type=product&#038;p=108485"},"modified":"2026-03-08T09:04:55","modified_gmt":"2026-03-08T09:04:55","slug":"brynje-palonkestavat-kengannauhat-120-cm-68163","status":"publish","type":"product","link":"https:\/\/arcticas.fi\/fi\/product\/brynje-palonkestavat-kengannauhat-120-cm-68163\/","title":{"rendered":"BRYNJE Palonkest\u00e4v\u00e4t keng\u00e4nnauhat, 120 cm 68163"},"content":{"rendered":"<p>Palonkest\u00e4v\u00e4t keng\u00e4nnauhat, valmistettu 71 % polyesterista ja 29 % Vigognesta (80 % puuvillaa ja 20 % polyesteria). Saatavilla kahdessa pituudessa<a href=\"https:\/\/arcticas.fi\/fi\/product\/brynje-fire-resistant-laces-120-cm-68163\/\" target=\"_blank\" rel=\"noopener\">.<\/a> Myyd\u00e4\u00e4n kappaleittain.<\/p>\n","protected":false},"excerpt":{"rendered":"<p>BRYNJE Fire Resistant -palonkest\u00e4v\u00e4t keng\u00e4nnauhat tarjoavat luotettavaa suojaa ja kest\u00e4vyytt\u00e4 vaativiin ty\u00f6olosuhteisiin. Py\u00f6re\u00e4 rakenne takaa hyv\u00e4n istuvuuden ja varman sidonnan turva- ja ty\u00f6jalkineissa. Korkealaatuinen polyesterin ja Vigognen sekoite lis\u00e4\u00e4 k\u00e4ytt\u00f6mukavuutta ja kulutuskest\u00e4vyytt\u00e4. Saatavilla kahdessa pituudessa \u2013 valitse tarpeisiisi sopiva vaihtoehto.<\/p>\n","protected":false},"featured_media":108628,"comment_status":"closed","ping_status":"closed","template":"","meta":[],"product_brand":[],"product_cat":[1014],"product_tag":[],"class_list":{"0":"post-108485","1":"product","2":"type-product","3":"status-publish","4":"has-post-thumbnail","6":"product_cat-brynje","7":"pa_brand-brynje","8":"pa_color-svart","10":"first","11":"instock","12":"shipping-taxable","13":"purchasable","14":"product-type-simple"},"_links":{"self":[{"href":"https:\/\/arcticas.fi\/fi\/wp-json\/wp\/v2\/product\/108485","targetHints":{"allow":["GET"]}}],"collection":[{"href":"https:\/\/arcticas.fi\/fi\/wp-json\/wp\/v2\/product"}],"about":[{"href":"https:\/\/arcticas.fi\/fi\/wp-json\/wp\/v2\/types\/product"}],"replies":[{"embeddable":true,"href":"https:\/\/arcticas.fi\/fi\/wp-json\/wp\/v2\/comments?post=108485"}],"wp:featuredmedia":[{"embeddable":true,"href":"https:\/\/arcticas.fi\/fi\/wp-json\/wp\/v2\/media\/108628"}],"wp:attachment":[{"href":"https:\/\/arcticas.fi\/fi\/wp-json\/wp\/v2\/media?parent=108485"}],"wp:term":[{"taxonomy":"product_brand","embeddable":true,"href":"https:\/\/arcticas.fi\/fi\/wp-json\/wp\/v2\/product_brand?post=108485"},{"taxonomy":"product_cat","embeddable":true,"href":"https:\/\/arcticas.fi\/fi\/wp-json\/wp\/v2\/product_cat?post=108485"},{"taxonomy":"product_tag","embeddable":true,"href":"https:\/\/arcticas.fi\/fi\/wp-json\/wp\/v2\/product_tag?post=108485"}],"curies":[{"name":"wp","href":"https:\/\/api.w.org\/{rel}","templated":true}]}}