{"id":108484,"date":"2026-02-26T16:15:50","date_gmt":"2026-02-26T16:15:50","guid":{"rendered":"https:\/\/arcticas.fi\/fi\/?post_type=product&#038;p=108484"},"modified":"2026-03-08T09:04:32","modified_gmt":"2026-03-08T09:04:32","slug":"brynje-palonkestavat-kengannauhat-100-cm-68162","status":"publish","type":"product","link":"https:\/\/arcticas.fi\/fi\/product\/brynje-palonkestavat-kengannauhat-100-cm-68162\/","title":{"rendered":"BRYNJE Palonkest\u00e4v\u00e4t keng\u00e4nnauhat, 100 cm 68162"},"content":{"rendered":"<p>Palonkest\u00e4v\u00e4t keng\u00e4nnauhat, valmistettu 71 % polyesterist\u00e4 ja 29 % Vigognesta (80 % puuvillaa ja 20 % polyesteri\u00e4). Saatavana kahdessa pituudessa<a href=\"https:\/\/arcticas.fi\/fi\/product\/brynje-fire-resistant-laces-100-cm-68162\/\" target=\"_blank\" rel=\"noopener\">.<\/a> Toimitetaan kappaleittain.<\/p>\n","protected":false},"excerpt":{"rendered":"<p>BRYNJE Fire Resistant -keng\u00e4nnauhat ovat palonkest\u00e4v\u00e4t ja kest\u00e4v\u00e4t py\u00f6re\u00e4t nauhat vaativiin ty\u00f6olosuhteisiin. Materiaaliseos (polyesteri ja Vigogne) yhdist\u00e4\u00e4 lujuuden, k\u00e4ytt\u00f6mukavuuden ja turvallisuuden. Saatavilla kahdessa pituudessa, myyd\u00e4\u00e4n kappaleittain. Erinomainen valinta suojajalkineisiin, kun tarvitset luotettavat ja paloturvalliset BRYNJE Fire Resistant -keng\u00e4nnauhat.<\/p>\n","protected":false},"featured_media":108623,"comment_status":"closed","ping_status":"closed","template":"","meta":[],"product_brand":[],"product_cat":[1014],"product_tag":[],"class_list":{"0":"post-108484","1":"product","2":"type-product","3":"status-publish","4":"has-post-thumbnail","6":"product_cat-brynje","7":"pa_brand-brynje","8":"pa_color-svart","10":"first","11":"instock","12":"shipping-taxable","13":"purchasable","14":"product-type-simple"},"_links":{"self":[{"href":"https:\/\/arcticas.fi\/fi\/wp-json\/wp\/v2\/product\/108484","targetHints":{"allow":["GET"]}}],"collection":[{"href":"https:\/\/arcticas.fi\/fi\/wp-json\/wp\/v2\/product"}],"about":[{"href":"https:\/\/arcticas.fi\/fi\/wp-json\/wp\/v2\/types\/product"}],"replies":[{"embeddable":true,"href":"https:\/\/arcticas.fi\/fi\/wp-json\/wp\/v2\/comments?post=108484"}],"wp:featuredmedia":[{"embeddable":true,"href":"https:\/\/arcticas.fi\/fi\/wp-json\/wp\/v2\/media\/108623"}],"wp:attachment":[{"href":"https:\/\/arcticas.fi\/fi\/wp-json\/wp\/v2\/media?parent=108484"}],"wp:term":[{"taxonomy":"product_brand","embeddable":true,"href":"https:\/\/arcticas.fi\/fi\/wp-json\/wp\/v2\/product_brand?post=108484"},{"taxonomy":"product_cat","embeddable":true,"href":"https:\/\/arcticas.fi\/fi\/wp-json\/wp\/v2\/product_cat?post=108484"},{"taxonomy":"product_tag","embeddable":true,"href":"https:\/\/arcticas.fi\/fi\/wp-json\/wp\/v2\/product_tag?post=108484"}],"curies":[{"name":"wp","href":"https:\/\/api.w.org\/{rel}","templated":true}]}}