{"id":108483,"date":"2026-02-26T16:15:50","date_gmt":"2026-02-26T16:15:50","guid":{"rendered":"https:\/\/arcticas.fi\/fi\/?post_type=product&#038;p=108483"},"modified":"2026-03-08T09:07:08","modified_gmt":"2026-03-08T09:07:08","slug":"brynje-kengannauhat-130-cm-68159","status":"publish","type":"product","link":"https:\/\/arcticas.fi\/fi\/product\/brynje-kengannauhat-130-cm-68159\/","title":{"rendered":"BRYNJE Keng\u00e4nnauhat 130 cm 68159"},"content":{"rendered":"<p>Py\u00f6re\u00e4t keng\u00e4nnauhat, valmistettu 71 % polyesterist\u00e4 ja 29 % Vigognesta (80 % puuvillaa ja 20 % polyesteri\u00e4). Saatavilla useissa eri pituuksissa. Toimitetaan kappaleittain<a href=\"https:\/\/arcticas.fi\/fi\/product\/brynje-laces-130-cm-68159\/\" target=\"_blank\" rel=\"noopener\">.<\/a> V\u00e4ri: musta.<\/p>\n","protected":false},"excerpt":{"rendered":"<p>BRYNJE Laces -py\u00f6re\u00e4t keng\u00e4nnauhat tarjoavat kest\u00e4v\u00e4n ja tyylikk\u00e4\u00e4n ratkaisun ty\u00f6- ja vapaa-ajan kenkiin. Laadukas polyesterin ja Vigognen sekoitus takaa erinomaisen kulutuskest\u00e4vyyden ja napakan istuvuuden. Saatavana useissa pituuksissa, musta v\u00e4ri sopii moniin jalkineisiin. Valitse BRYNJE Laces, kun tarvitset luotettavat ja pitk\u00e4ik\u00e4iset keng\u00e4nnauhat.<\/p>\n","protected":false},"featured_media":108622,"comment_status":"closed","ping_status":"closed","template":"","meta":[],"product_brand":[],"product_cat":[1014],"product_tag":[],"class_list":{"0":"post-108483","1":"product","2":"type-product","3":"status-publish","4":"has-post-thumbnail","6":"product_cat-brynje","7":"pa_brand-brynje","8":"pa_color-svart","10":"first","11":"instock","12":"shipping-taxable","13":"purchasable","14":"product-type-simple"},"_links":{"self":[{"href":"https:\/\/arcticas.fi\/fi\/wp-json\/wp\/v2\/product\/108483","targetHints":{"allow":["GET"]}}],"collection":[{"href":"https:\/\/arcticas.fi\/fi\/wp-json\/wp\/v2\/product"}],"about":[{"href":"https:\/\/arcticas.fi\/fi\/wp-json\/wp\/v2\/types\/product"}],"replies":[{"embeddable":true,"href":"https:\/\/arcticas.fi\/fi\/wp-json\/wp\/v2\/comments?post=108483"}],"wp:featuredmedia":[{"embeddable":true,"href":"https:\/\/arcticas.fi\/fi\/wp-json\/wp\/v2\/media\/108622"}],"wp:attachment":[{"href":"https:\/\/arcticas.fi\/fi\/wp-json\/wp\/v2\/media?parent=108483"}],"wp:term":[{"taxonomy":"product_brand","embeddable":true,"href":"https:\/\/arcticas.fi\/fi\/wp-json\/wp\/v2\/product_brand?post=108483"},{"taxonomy":"product_cat","embeddable":true,"href":"https:\/\/arcticas.fi\/fi\/wp-json\/wp\/v2\/product_cat?post=108483"},{"taxonomy":"product_tag","embeddable":true,"href":"https:\/\/arcticas.fi\/fi\/wp-json\/wp\/v2\/product_tag?post=108483"}],"curies":[{"name":"wp","href":"https:\/\/api.w.org\/{rel}","templated":true}]}}