{"id":108471,"date":"2026-02-26T16:13:28","date_gmt":"2026-02-26T16:13:28","guid":{"rendered":"https:\/\/arcticas.fi\/fi\/?post_type=product&#038;p=108471"},"modified":"2026-03-08T09:05:13","modified_gmt":"2026-03-08T09:05:13","slug":"brynje-pyoreat-kengannauhat-120-cm-68158","status":"publish","type":"product","link":"https:\/\/arcticas.fi\/fi\/product\/brynje-pyoreat-kengannauhat-120-cm-68158\/","title":{"rendered":"BRYNJE Py\u00f6re\u00e4t keng\u00e4nnauhat, 120 cm 68158"},"content":{"rendered":"<p>Py\u00f6re\u00e4t keng\u00e4nnauhat, valmistettu 71 % polyesterista ja 29 % Vigognesta (80 % puuvillaa ja 20 % polyesteria). Saatavilla useissa eri pituuksissa<a href=\"https:\/\/arcticas.fi\/fi\/product\/brynje-laces-120-cm-68158\/\" target=\"_blank\" rel=\"noopener\">.<\/a> Myyd\u00e4\u00e4n kappaleittain. Saatavana mustana.<\/p>\n","protected":false},"excerpt":{"rendered":"<p>BRYNJE Laces -py\u00f6re\u00e4t keng\u00e4nnauhat yhdist\u00e4v\u00e4t kest\u00e4v\u00e4n polyesterin ja miellytt\u00e4v\u00e4n Vigogne-sekoitteen, tarjoten erinomaisen kulutuskest\u00e4vyyden ja napakan istuvuuden. Mustat keng\u00e4nnauhat sopivat ty\u00f6kenkiin, vaelluskenkiin ja vapaa-ajan jalkineisiin. Useat pituusvaihtoehdot takaavat t\u00e4ydellisen istuvuuden. Valitse laadukkaat BRYNJE Laces -keng\u00e4nnauhat, kun tarvitset kest\u00e4v\u00e4t ja tyylikk\u00e4\u00e4t nauhat p\u00e4ivitt\u00e4iseen k\u00e4ytt\u00f6\u00f6n.<\/p>\n","protected":false},"featured_media":108621,"comment_status":"closed","ping_status":"closed","template":"","meta":[],"product_brand":[],"product_cat":[1014],"product_tag":[],"class_list":{"0":"post-108471","1":"product","2":"type-product","3":"status-publish","4":"has-post-thumbnail","6":"product_cat-brynje","7":"pa_brand-brynje","8":"pa_color-svart","10":"first","11":"instock","12":"shipping-taxable","13":"purchasable","14":"product-type-simple"},"_links":{"self":[{"href":"https:\/\/arcticas.fi\/fi\/wp-json\/wp\/v2\/product\/108471","targetHints":{"allow":["GET"]}}],"collection":[{"href":"https:\/\/arcticas.fi\/fi\/wp-json\/wp\/v2\/product"}],"about":[{"href":"https:\/\/arcticas.fi\/fi\/wp-json\/wp\/v2\/types\/product"}],"replies":[{"embeddable":true,"href":"https:\/\/arcticas.fi\/fi\/wp-json\/wp\/v2\/comments?post=108471"}],"wp:featuredmedia":[{"embeddable":true,"href":"https:\/\/arcticas.fi\/fi\/wp-json\/wp\/v2\/media\/108621"}],"wp:attachment":[{"href":"https:\/\/arcticas.fi\/fi\/wp-json\/wp\/v2\/media?parent=108471"}],"wp:term":[{"taxonomy":"product_brand","embeddable":true,"href":"https:\/\/arcticas.fi\/fi\/wp-json\/wp\/v2\/product_brand?post=108471"},{"taxonomy":"product_cat","embeddable":true,"href":"https:\/\/arcticas.fi\/fi\/wp-json\/wp\/v2\/product_cat?post=108471"},{"taxonomy":"product_tag","embeddable":true,"href":"https:\/\/arcticas.fi\/fi\/wp-json\/wp\/v2\/product_tag?post=108471"}],"curies":[{"name":"wp","href":"https:\/\/api.w.org\/{rel}","templated":true}]}}