{"id":108469,"date":"2026-02-26T16:13:27","date_gmt":"2026-02-26T16:13:27","guid":{"rendered":"https:\/\/arcticas.fi\/fi\/?post_type=product&#038;p=108469"},"modified":"2026-03-08T09:06:12","modified_gmt":"2026-03-08T09:06:12","slug":"brynje-laces-90-cm-68154","status":"publish","type":"product","link":"https:\/\/arcticas.fi\/fi\/product\/brynje-laces-90-cm-68154\/","title":{"rendered":"BRYNJE Keng\u00e4nnauhat, 90 cm 68154"},"content":{"rendered":"<p>Py\u00f6re\u00e4t BRYNJE keng\u00e4nnauhat, valmistettu 71 % polyesterista ja 29 % Vigogne-kuidusta (80 % puuvillaa ja 20 % polyesteria). Saatavana useissa pituuksissa. Toimitetaan kappaleittain<a href=\"https:\/\/arcticas.fi\/fi\/product\/brynje-laces-90-cm-68154\/\" target=\"_blank\" rel=\"noopener\">.<\/a> Saatavana mustana.<\/p>\n","protected":false},"excerpt":{"rendered":"<p>BRYNJE Laces -py\u00f6re\u00e4t keng\u00e4nnauhat ovat kest\u00e4v\u00e4 ja tyylik\u00e4s valinta ty\u00f6- ja vapaa-ajan kenkiin. 71 % polyesteri\u00e4 ja 29 % Vigogne-kuitua (80 % puuvillaa) yhdist\u00e4v\u00e4 materiaali tarjoaa hyv\u00e4n kulutuskest\u00e4vyyden ja miellytt\u00e4v\u00e4n tuntuman. Musta v\u00e4ri sopii useimpiin kenk\u00e4malleihin. Nauhat ovat saatavilla eri pituuksissa ja toimitetaan kappaleittain, joten saat juuri tarvitsemasi koon.<\/p>\n","protected":false},"featured_media":108615,"comment_status":"closed","ping_status":"closed","template":"","meta":[],"product_brand":[],"product_cat":[1014],"product_tag":[],"class_list":{"0":"post-108469","1":"product","2":"type-product","3":"status-publish","4":"has-post-thumbnail","6":"product_cat-brynje","7":"pa_brand-brynje","8":"pa_color-svart","10":"first","11":"instock","12":"shipping-taxable","13":"purchasable","14":"product-type-simple"},"_links":{"self":[{"href":"https:\/\/arcticas.fi\/fi\/wp-json\/wp\/v2\/product\/108469","targetHints":{"allow":["GET"]}}],"collection":[{"href":"https:\/\/arcticas.fi\/fi\/wp-json\/wp\/v2\/product"}],"about":[{"href":"https:\/\/arcticas.fi\/fi\/wp-json\/wp\/v2\/types\/product"}],"replies":[{"embeddable":true,"href":"https:\/\/arcticas.fi\/fi\/wp-json\/wp\/v2\/comments?post=108469"}],"wp:featuredmedia":[{"embeddable":true,"href":"https:\/\/arcticas.fi\/fi\/wp-json\/wp\/v2\/media\/108615"}],"wp:attachment":[{"href":"https:\/\/arcticas.fi\/fi\/wp-json\/wp\/v2\/media?parent=108469"}],"wp:term":[{"taxonomy":"product_brand","embeddable":true,"href":"https:\/\/arcticas.fi\/fi\/wp-json\/wp\/v2\/product_brand?post=108469"},{"taxonomy":"product_cat","embeddable":true,"href":"https:\/\/arcticas.fi\/fi\/wp-json\/wp\/v2\/product_cat?post=108469"},{"taxonomy":"product_tag","embeddable":true,"href":"https:\/\/arcticas.fi\/fi\/wp-json\/wp\/v2\/product_tag?post=108469"}],"curies":[{"name":"wp","href":"https:\/\/api.w.org\/{rel}","templated":true}]}}