{"id":108468,"date":"2026-02-26T16:13:27","date_gmt":"2026-02-26T16:13:27","guid":{"rendered":"https:\/\/arcticas.fi\/fi\/?post_type=product&#038;p=108468"},"modified":"2026-03-03T14:34:45","modified_gmt":"2026-03-03T14:34:45","slug":"brynje-impregnation-68118","status":"publish","type":"product","link":"https:\/\/arcticas.fi\/fi\/product\/brynje-impregnation-68118\/","title":{"rendered":"BRYNJE Impregnation 68118"},"content":{"rendered":"<div class=\"e-product-text-container\">\n<div class=\"e-product-text\">Suojaa tekstiili\u00e4, paljasta ihoa ja nahkaa kosteudelta ja pident\u00e4\u00e4 jalkineiden k\u00e4ytt\u00f6ik\u00e4\u00e4. Helppo levitt\u00e4\u00e4 ja taloudellinen k\u00e4ytt\u00e4\u00e4. Vesipohjainen, luonnollinen tuote ilman orgaanisia liuottimia tai silikonia<a href=\"https:\/\/arcticas.fi\/fi\/product\/brynje-impregnation-68118\/\" target=\"_blank\" rel=\"noopener\">.<\/a> 200 ml<\/div>\n<\/div>\n","protected":false},"excerpt":{"rendered":"<div class=\"e-product-text-container\">\n<div class=\"e-product-text\">BRYNJE Impregnation suojaa tehokkaasti tekstiili\u00e4, nahkaa ja paljasta ihoa kosteudelta, pident\u00e4en jalkineiden k\u00e4ytt\u00f6ik\u00e4\u00e4. Vesipohjainen ja luonnollinen koostumus ilman orgaanisia liuottimia tai silikonia tekee tuotteesta ymp\u00e4rist\u00f6yst\u00e4v\u00e4llisen ja turvallisen k\u00e4ytt\u00e4\u00e4. Helppo levitt\u00e4\u00e4 ja taloudellinen, 200 ml pakkaus riitt\u00e4\u00e4 moniin k\u00e4ytt\u00f6kertoihin. T\u00e4ydellinen ratkaisu ulkoilu- ja ty\u00f6kengille, jotka tarvitsevat pitk\u00e4kestoista suojaa.<\/div>\n<\/div>\n","protected":false},"featured_media":108614,"comment_status":"closed","ping_status":"closed","template":"","meta":[],"product_brand":[],"product_cat":[1014],"product_tag":[],"class_list":{"0":"post-108468","1":"product","2":"type-product","3":"status-publish","4":"has-post-thumbnail","6":"product_cat-brynje","7":"pa_brand-brynje","8":"pa_color-svart","9":"pa_size-1033","11":"first","12":"instock","13":"shipping-taxable","14":"purchasable","15":"product-type-simple"},"_links":{"self":[{"href":"https:\/\/arcticas.fi\/fi\/wp-json\/wp\/v2\/product\/108468","targetHints":{"allow":["GET"]}}],"collection":[{"href":"https:\/\/arcticas.fi\/fi\/wp-json\/wp\/v2\/product"}],"about":[{"href":"https:\/\/arcticas.fi\/fi\/wp-json\/wp\/v2\/types\/product"}],"replies":[{"embeddable":true,"href":"https:\/\/arcticas.fi\/fi\/wp-json\/wp\/v2\/comments?post=108468"}],"wp:featuredmedia":[{"embeddable":true,"href":"https:\/\/arcticas.fi\/fi\/wp-json\/wp\/v2\/media\/108614"}],"wp:attachment":[{"href":"https:\/\/arcticas.fi\/fi\/wp-json\/wp\/v2\/media?parent=108468"}],"wp:term":[{"taxonomy":"product_brand","embeddable":true,"href":"https:\/\/arcticas.fi\/fi\/wp-json\/wp\/v2\/product_brand?post=108468"},{"taxonomy":"product_cat","embeddable":true,"href":"https:\/\/arcticas.fi\/fi\/wp-json\/wp\/v2\/product_cat?post=108468"},{"taxonomy":"product_tag","embeddable":true,"href":"https:\/\/arcticas.fi\/fi\/wp-json\/wp\/v2\/product_tag?post=108468"}],"curies":[{"name":"wp","href":"https:\/\/api.w.org\/{rel}","templated":true}]}}