{"id":108467,"date":"2026-02-26T16:13:27","date_gmt":"2026-02-26T16:13:27","guid":{"rendered":"https:\/\/arcticas.fi\/fi\/?post_type=product&#038;p=108467"},"modified":"2026-03-08T09:05:43","modified_gmt":"2026-03-08T09:05:43","slug":"brynje-nahanhoitoaine-68117","status":"publish","type":"product","link":"https:\/\/arcticas.fi\/fi\/product\/brynje-nahanhoitoaine-68117\/","title":{"rendered":"BRYNJE Nahanhoitoaine 68117"},"content":{"rendered":"<p>Puhdistaa ja hoitaa tavallista nahkaa ja nahkatuotteita. Helppo levitt\u00e4\u00e4 ja taloudellinen k\u00e4ytt\u00e4\u00e4<a href=\"https:\/\/arcticas.fi\/fi\/product\/brynje-leather-conditioner-68117\/\" target=\"_blank\" rel=\"noopener\">.<\/a> Vesipohjainen, luonnollinen tuote ilman orgaanisia liuottimia. 200 grammaa.<\/p>\n","protected":false},"excerpt":{"rendered":"<p>BRYNJE Leather -nahanhoitoaine puhdistaa ja suojaa nahkatuotteita hell\u00e4varaisesti. Vesipohjainen ja luonnollinen koostumus ilman orgaanisia liuottimia tekee siit\u00e4 turvallisen ja ymp\u00e4rist\u00f6yst\u00e4v\u00e4llisen. Helppo levitt\u00e4\u00e4 ja riittoisa k\u00e4yt\u00f6ss\u00e4, sopii arkeen ja erikoistuotteisiin. 200 gramman pakkaus tarjoaa tehokkaan hoidon pitk\u00e4ksi aikaa. T\u00e4ydellinen valinta kaikille, jotka arvostavat laadukasta nahkahoitoa.<\/p>\n","protected":false},"featured_media":108613,"comment_status":"closed","ping_status":"closed","template":"","meta":[],"product_brand":[],"product_cat":[1014],"product_tag":[],"class_list":{"0":"post-108467","1":"product","2":"type-product","3":"status-publish","4":"has-post-thumbnail","6":"product_cat-brynje","7":"pa_brand-brynje","8":"pa_color-svart","9":"pa_size-1033","11":"first","12":"instock","13":"shipping-taxable","14":"purchasable","15":"product-type-simple"},"_links":{"self":[{"href":"https:\/\/arcticas.fi\/fi\/wp-json\/wp\/v2\/product\/108467","targetHints":{"allow":["GET"]}}],"collection":[{"href":"https:\/\/arcticas.fi\/fi\/wp-json\/wp\/v2\/product"}],"about":[{"href":"https:\/\/arcticas.fi\/fi\/wp-json\/wp\/v2\/types\/product"}],"replies":[{"embeddable":true,"href":"https:\/\/arcticas.fi\/fi\/wp-json\/wp\/v2\/comments?post=108467"}],"wp:featuredmedia":[{"embeddable":true,"href":"https:\/\/arcticas.fi\/fi\/wp-json\/wp\/v2\/media\/108613"}],"wp:attachment":[{"href":"https:\/\/arcticas.fi\/fi\/wp-json\/wp\/v2\/media?parent=108467"}],"wp:term":[{"taxonomy":"product_brand","embeddable":true,"href":"https:\/\/arcticas.fi\/fi\/wp-json\/wp\/v2\/product_brand?post=108467"},{"taxonomy":"product_cat","embeddable":true,"href":"https:\/\/arcticas.fi\/fi\/wp-json\/wp\/v2\/product_cat?post=108467"},{"taxonomy":"product_tag","embeddable":true,"href":"https:\/\/arcticas.fi\/fi\/wp-json\/wp\/v2\/product_tag?post=108467"}],"curies":[{"name":"wp","href":"https:\/\/api.w.org\/{rel}","templated":true}]}}